{"id":696,"date":"2023-11-29T23:37:12","date_gmt":"2023-11-29T22:37:12","guid":{"rendered":"https:\/\/www.adamek-edu.sk\/?post_type=product&#038;p=696"},"modified":"2026-02-23T09:54:55","modified_gmt":"2026-02-23T08:54:55","slug":"program-pretvor-svoj-vztah","status":"publish","type":"product","link":"https:\/\/www.adamek-edu.sk\/?product=program-pretvor-svoj-vztah","title":{"rendered":"Program Pretvor svoj vz\u0165ah"},"content":{"rendered":"<p><strong>Pretvorte svoj vz\u0165ah behom 10 stretnut\u00ed za 70 dn\u00ed.<\/strong><\/p>\n<p>Absolventi Programu <strong>Pretvor svoj vz\u0165ah<\/strong>:<br \/>\n<img decoding=\"async\" class=\"alignnone\" src=\"https:\/\/encrypted-tbn0.gstatic.com\/images?q=tbn:ANd9GcQz5n3DwfXw2Ph44Du9GXB-7asj3YSxLJvxrQ&amp;s\" alt=\"Download Checkbox, Check, Tick. Royalty-Free Vector Graphic - Pixabay\" width=\"30\" height=\"30\" \/><strong>Z\u00e1sadne zlep\u0161ili komunik\u00e1ciu<\/strong><br \/>\n<img decoding=\"async\" class=\"alignnone\" src=\"https:\/\/encrypted-tbn0.gstatic.com\/images?q=tbn:ANd9GcQz5n3DwfXw2Ph44Du9GXB-7asj3YSxLJvxrQ&amp;s\" alt=\"Download Checkbox, Check, Tick. Royalty-Free Vector Graphic - Pixabay\" width=\"30\" height=\"30\" \/><strong>V\u00fdrazne skvalitnili vz\u0165ah<br \/>\n<img decoding=\"async\" class=\"alignnone\" src=\"https:\/\/encrypted-tbn0.gstatic.com\/images?q=tbn:ANd9GcQz5n3DwfXw2Ph44Du9GXB-7asj3YSxLJvxrQ&amp;s\" alt=\"Download Checkbox, Check, Tick. Royalty-Free Vector Graphic - Pixabay\" width=\"30\" height=\"30\" \/>Nau\u010dili sa pracova\u0165 s rozdielnos\u0165ami vo vz\u0165ahu<br \/>\n<img decoding=\"async\" class=\"alignnone\" src=\"https:\/\/encrypted-tbn0.gstatic.com\/images?q=tbn:ANd9GcQz5n3DwfXw2Ph44Du9GXB-7asj3YSxLJvxrQ&amp;s\" alt=\"Download Checkbox, Check, Tick. Royalty-Free Vector Graphic - Pixabay\" width=\"30\" height=\"30\" \/>Preh\u013abili intimitu<br \/>\n<img decoding=\"async\" class=\"alignnone\" src=\"https:\/\/encrypted-tbn0.gstatic.com\/images?q=tbn:ANd9GcQz5n3DwfXw2Ph44Du9GXB-7asj3YSxLJvxrQ&amp;s\" alt=\"Download Checkbox, Check, Tick. Royalty-Free Vector Graphic - Pixabay\" width=\"30\" height=\"30\" \/>Obnovili straten\u00fa d\u00f4veru<br \/>\n<\/strong><\/p>\n<p><strong>Program obsahuje 10 p\u00e1rov\u00fdch seden\u00ed v trvan\u00ed 50 min\u00fat.<\/strong><\/p>\n","protected":false},"excerpt":{"rendered":"<p><strong>Program obsahuje 10 p\u00e1rov\u00fdch seden\u00ed v trvan\u00ed 50 min\u00fat kde sa nau\u010d\u00edte lep\u0161ie komunikova\u0165, pracova\u0165 s rozdielnos\u0165ami, preh\u013abite intimitu a d\u00f4veru a nau\u010d\u00edte sa ako budova\u0165 svoj vz\u0165ah.<\/strong><\/p>\n","protected":false},"featured_media":420,"comment_status":"open","ping_status":"closed","template":"","meta":{"_glsr_average":0,"_glsr_ranking":0,"_glsr_reviews":0},"product_brand":[],"product_cat":[21],"product_tag":[],"class_list":{"0":"post-696","1":"product","2":"type-product","3":"status-publish","4":"has-post-thumbnail","6":"product_cat-manzelske-poradenstvo","8":"first","9":"instock","10":"sale","11":"virtual","12":"purchasable","13":"product-type-simple"},"yoast_head":"<!-- This site is optimized with the Yoast SEO plugin v26.7 - https:\/\/yoast.com\/wordpress\/plugins\/seo\/ -->\n<title>Program Pretvor svoj vz\u0165ah - Mgr. Ivan Ad\u00e1mek<\/title>\n<meta name=\"robots\" content=\"index, follow, max-snippet:-1, max-image-preview:large, max-video-preview:-1\" \/>\n<link rel=\"canonical\" href=\"https:\/\/www.adamek-edu.sk\/?product=program-pretvor-svoj-vztah\" \/>\n<meta property=\"og:locale\" content=\"sk_SK\" \/>\n<meta property=\"og:type\" content=\"article\" \/>\n<meta property=\"og:title\" content=\"Program Pretvor svoj vz\u0165ah - Mgr. Ivan Ad\u00e1mek\" \/>\n<meta property=\"og:description\" content=\"Program obsahuje 10 p\u00e1rov\u00fdch seden\u00ed v trvan\u00ed 50 min\u00fat kde sa nau\u010d\u00edte lep\u0161ie komunikova\u0165, pracova\u0165 s rozdielnos\u0165ami, preh\u013abite intimitu a d\u00f4veru a nau\u010d\u00edte sa ako budova\u0165 svoj vz\u0165ah.\" \/>\n<meta property=\"og:url\" content=\"https:\/\/www.adamek-edu.sk\/?product=program-pretvor-svoj-vztah\" \/>\n<meta property=\"og:site_name\" content=\"Mgr. Ivan Ad\u00e1mek\" \/>\n<meta property=\"article:publisher\" content=\"https:\/\/www.facebook.com\/Man%c5%beelsk%c3%bd-poradca-Mgr-Ivan-Ad%c3%a1mek-245208902698654\" \/>\n<meta property=\"article:modified_time\" content=\"2026-02-23T08:54:55+00:00\" \/>\n<meta property=\"og:image\" content=\"https:\/\/www.adamek-edu.sk\/wp-content\/uploads\/2023\/03\/cropped-Shutterstock_1183094221-scaled-1.jpg\" \/>\n\t<meta property=\"og:image:width\" content=\"1920\" \/>\n\t<meta property=\"og:image:height\" content=\"1280\" \/>\n\t<meta property=\"og:image:type\" content=\"image\/jpeg\" \/>\n<meta name=\"twitter:card\" content=\"summary_large_image\" \/>\n<meta name=\"twitter:label1\" content=\"Predpokladan\u00fd \u010das \u010d\u00edtania\" \/>\n\t<meta name=\"twitter:data1\" content=\"2 min\u00faty\" \/>\n<script type=\"application\/ld+json\" class=\"yoast-schema-graph\">{\"@context\":\"https:\/\/schema.org\",\"@graph\":[{\"@type\":\"WebPage\",\"@id\":\"https:\/\/www.adamek-edu.sk\/?product=program-pretvor-svoj-vztah\",\"url\":\"https:\/\/www.adamek-edu.sk\/?product=program-pretvor-svoj-vztah\",\"name\":\"Program Pretvor svoj vz\u0165ah - Mgr. Ivan Ad\u00e1mek\",\"isPartOf\":{\"@id\":\"https:\/\/www.adamek-edu.sk\/#website\"},\"primaryImageOfPage\":{\"@id\":\"https:\/\/www.adamek-edu.sk\/?product=program-pretvor-svoj-vztah#primaryimage\"},\"image\":{\"@id\":\"https:\/\/www.adamek-edu.sk\/?product=program-pretvor-svoj-vztah#primaryimage\"},\"thumbnailUrl\":\"https:\/\/www.adamek-edu.sk\/wp-content\/uploads\/2023\/03\/cropped-Shutterstock_1183094221-scaled-1.jpg\",\"datePublished\":\"2023-11-29T22:37:12+00:00\",\"dateModified\":\"2026-02-23T08:54:55+00:00\",\"breadcrumb\":{\"@id\":\"https:\/\/www.adamek-edu.sk\/?product=program-pretvor-svoj-vztah#breadcrumb\"},\"inLanguage\":\"sk-SK\",\"potentialAction\":[{\"@type\":\"ReadAction\",\"target\":[\"https:\/\/www.adamek-edu.sk\/?product=program-pretvor-svoj-vztah\"]}]},{\"@type\":\"ImageObject\",\"inLanguage\":\"sk-SK\",\"@id\":\"https:\/\/www.adamek-edu.sk\/?product=program-pretvor-svoj-vztah#primaryimage\",\"url\":\"https:\/\/www.adamek-edu.sk\/wp-content\/uploads\/2023\/03\/cropped-Shutterstock_1183094221-scaled-1.jpg\",\"contentUrl\":\"https:\/\/www.adamek-edu.sk\/wp-content\/uploads\/2023\/03\/cropped-Shutterstock_1183094221-scaled-1.jpg\",\"width\":1920,\"height\":1280},{\"@type\":\"BreadcrumbList\",\"@id\":\"https:\/\/www.adamek-edu.sk\/?product=program-pretvor-svoj-vztah#breadcrumb\",\"itemListElement\":[{\"@type\":\"ListItem\",\"position\":1,\"name\":\"Home\",\"item\":\"https:\/\/www.adamek-edu.sk\/\"},{\"@type\":\"ListItem\",\"position\":2,\"name\":\"Obchod\",\"item\":\"https:\/\/www.adamek-edu.sk\/?page_id=510\"},{\"@type\":\"ListItem\",\"position\":3,\"name\":\"Program Pretvor svoj vz\u0165ah\"}]},{\"@type\":\"WebSite\",\"@id\":\"https:\/\/www.adamek-edu.sk\/#website\",\"url\":\"https:\/\/www.adamek-edu.sk\/\",\"name\":\"Mgr. Ivan Ad\u00e1mek\",\"description\":\"Man\u017eelsk\u00e1, p\u00e1rov\u00e1 a individu\u00e1lna porad\u0148a\",\"publisher\":{\"@id\":\"https:\/\/www.adamek-edu.sk\/#organization\"},\"potentialAction\":[{\"@type\":\"SearchAction\",\"target\":{\"@type\":\"EntryPoint\",\"urlTemplate\":\"https:\/\/www.adamek-edu.sk\/?s={search_term_string}\"},\"query-input\":{\"@type\":\"PropertyValueSpecification\",\"valueRequired\":true,\"valueName\":\"search_term_string\"}}],\"inLanguage\":\"sk-SK\"},{\"@type\":\"Organization\",\"@id\":\"https:\/\/www.adamek-edu.sk\/#organization\",\"name\":\"Mgr. Ivan Ad\u00e1mek\",\"url\":\"https:\/\/www.adamek-edu.sk\/\",\"logo\":{\"@type\":\"ImageObject\",\"inLanguage\":\"sk-SK\",\"@id\":\"https:\/\/www.adamek-edu.sk\/#\/schema\/logo\/image\/\",\"url\":\"https:\/\/www.adamek-edu.sk\/wp-content\/uploads\/2026\/02\/cropped-logo1.png\",\"contentUrl\":\"https:\/\/www.adamek-edu.sk\/wp-content\/uploads\/2026\/02\/cropped-logo1.png\",\"width\":290,\"height\":248,\"caption\":\"Mgr. Ivan Ad\u00e1mek\"},\"image\":{\"@id\":\"https:\/\/www.adamek-edu.sk\/#\/schema\/logo\/image\/\"},\"sameAs\":[\"https:\/\/www.facebook.com\/Man\u017eelsk\u00fd-poradca-Mgr-Ivan-Ad\u00e1mek-245208902698654\"]}]}<\/script>\n<!-- \/ Yoast SEO plugin. -->","yoast_head_json":{"title":"Program Pretvor svoj vz\u0165ah - Mgr. Ivan Ad\u00e1mek","robots":{"index":"index","follow":"follow","max-snippet":"max-snippet:-1","max-image-preview":"max-image-preview:large","max-video-preview":"max-video-preview:-1"},"canonical":"https:\/\/www.adamek-edu.sk\/?product=program-pretvor-svoj-vztah","og_locale":"sk_SK","og_type":"article","og_title":"Program Pretvor svoj vz\u0165ah - Mgr. Ivan Ad\u00e1mek","og_description":"Program obsahuje 10 p\u00e1rov\u00fdch seden\u00ed v trvan\u00ed 50 min\u00fat kde sa nau\u010d\u00edte lep\u0161ie komunikova\u0165, pracova\u0165 s rozdielnos\u0165ami, preh\u013abite intimitu a d\u00f4veru a nau\u010d\u00edte sa ako budova\u0165 svoj vz\u0165ah.","og_url":"https:\/\/www.adamek-edu.sk\/?product=program-pretvor-svoj-vztah","og_site_name":"Mgr. Ivan Ad\u00e1mek","article_publisher":"https:\/\/www.facebook.com\/Man%c5%beelsk%c3%bd-poradca-Mgr-Ivan-Ad%c3%a1mek-245208902698654","article_modified_time":"2026-02-23T08:54:55+00:00","og_image":[{"width":1920,"height":1280,"url":"https:\/\/www.adamek-edu.sk\/wp-content\/uploads\/2023\/03\/cropped-Shutterstock_1183094221-scaled-1.jpg","type":"image\/jpeg"}],"twitter_card":"summary_large_image","twitter_misc":{"Predpokladan\u00fd \u010das \u010d\u00edtania":"2 min\u00faty"},"schema":{"@context":"https:\/\/schema.org","@graph":[{"@type":"WebPage","@id":"https:\/\/www.adamek-edu.sk\/?product=program-pretvor-svoj-vztah","url":"https:\/\/www.adamek-edu.sk\/?product=program-pretvor-svoj-vztah","name":"Program Pretvor svoj vz\u0165ah - Mgr. Ivan Ad\u00e1mek","isPartOf":{"@id":"https:\/\/www.adamek-edu.sk\/#website"},"primaryImageOfPage":{"@id":"https:\/\/www.adamek-edu.sk\/?product=program-pretvor-svoj-vztah#primaryimage"},"image":{"@id":"https:\/\/www.adamek-edu.sk\/?product=program-pretvor-svoj-vztah#primaryimage"},"thumbnailUrl":"https:\/\/www.adamek-edu.sk\/wp-content\/uploads\/2023\/03\/cropped-Shutterstock_1183094221-scaled-1.jpg","datePublished":"2023-11-29T22:37:12+00:00","dateModified":"2026-02-23T08:54:55+00:00","breadcrumb":{"@id":"https:\/\/www.adamek-edu.sk\/?product=program-pretvor-svoj-vztah#breadcrumb"},"inLanguage":"sk-SK","potentialAction":[{"@type":"ReadAction","target":["https:\/\/www.adamek-edu.sk\/?product=program-pretvor-svoj-vztah"]}]},{"@type":"ImageObject","inLanguage":"sk-SK","@id":"https:\/\/www.adamek-edu.sk\/?product=program-pretvor-svoj-vztah#primaryimage","url":"https:\/\/www.adamek-edu.sk\/wp-content\/uploads\/2023\/03\/cropped-Shutterstock_1183094221-scaled-1.jpg","contentUrl":"https:\/\/www.adamek-edu.sk\/wp-content\/uploads\/2023\/03\/cropped-Shutterstock_1183094221-scaled-1.jpg","width":1920,"height":1280},{"@type":"BreadcrumbList","@id":"https:\/\/www.adamek-edu.sk\/?product=program-pretvor-svoj-vztah#breadcrumb","itemListElement":[{"@type":"ListItem","position":1,"name":"Home","item":"https:\/\/www.adamek-edu.sk\/"},{"@type":"ListItem","position":2,"name":"Obchod","item":"https:\/\/www.adamek-edu.sk\/?page_id=510"},{"@type":"ListItem","position":3,"name":"Program Pretvor svoj vz\u0165ah"}]},{"@type":"WebSite","@id":"https:\/\/www.adamek-edu.sk\/#website","url":"https:\/\/www.adamek-edu.sk\/","name":"Mgr. Ivan Ad\u00e1mek","description":"Man\u017eelsk\u00e1, p\u00e1rov\u00e1 a individu\u00e1lna porad\u0148a","publisher":{"@id":"https:\/\/www.adamek-edu.sk\/#organization"},"potentialAction":[{"@type":"SearchAction","target":{"@type":"EntryPoint","urlTemplate":"https:\/\/www.adamek-edu.sk\/?s={search_term_string}"},"query-input":{"@type":"PropertyValueSpecification","valueRequired":true,"valueName":"search_term_string"}}],"inLanguage":"sk-SK"},{"@type":"Organization","@id":"https:\/\/www.adamek-edu.sk\/#organization","name":"Mgr. Ivan Ad\u00e1mek","url":"https:\/\/www.adamek-edu.sk\/","logo":{"@type":"ImageObject","inLanguage":"sk-SK","@id":"https:\/\/www.adamek-edu.sk\/#\/schema\/logo\/image\/","url":"https:\/\/www.adamek-edu.sk\/wp-content\/uploads\/2026\/02\/cropped-logo1.png","contentUrl":"https:\/\/www.adamek-edu.sk\/wp-content\/uploads\/2026\/02\/cropped-logo1.png","width":290,"height":248,"caption":"Mgr. Ivan Ad\u00e1mek"},"image":{"@id":"https:\/\/www.adamek-edu.sk\/#\/schema\/logo\/image\/"},"sameAs":["https:\/\/www.facebook.com\/Man\u017eelsk\u00fd-poradca-Mgr-Ivan-Ad\u00e1mek-245208902698654"]}]}},"jetpack_sharing_enabled":true,"_links":{"self":[{"href":"https:\/\/www.adamek-edu.sk\/index.php?rest_route=\/wp\/v2\/product\/696","targetHints":{"allow":["GET"]}}],"collection":[{"href":"https:\/\/www.adamek-edu.sk\/index.php?rest_route=\/wp\/v2\/product"}],"about":[{"href":"https:\/\/www.adamek-edu.sk\/index.php?rest_route=\/wp\/v2\/types\/product"}],"replies":[{"embeddable":true,"href":"https:\/\/www.adamek-edu.sk\/index.php?rest_route=%2Fwp%2Fv2%2Fcomments&post=696"}],"wp:featuredmedia":[{"embeddable":true,"href":"https:\/\/www.adamek-edu.sk\/index.php?rest_route=\/wp\/v2\/media\/420"}],"wp:attachment":[{"href":"https:\/\/www.adamek-edu.sk\/index.php?rest_route=%2Fwp%2Fv2%2Fmedia&parent=696"}],"wp:term":[{"taxonomy":"product_brand","embeddable":true,"href":"https:\/\/www.adamek-edu.sk\/index.php?rest_route=%2Fwp%2Fv2%2Fproduct_brand&post=696"},{"taxonomy":"product_cat","embeddable":true,"href":"https:\/\/www.adamek-edu.sk\/index.php?rest_route=%2Fwp%2Fv2%2Fproduct_cat&post=696"},{"taxonomy":"product_tag","embeddable":true,"href":"https:\/\/www.adamek-edu.sk\/index.php?rest_route=%2Fwp%2Fv2%2Fproduct_tag&post=696"}],"curies":[{"name":"wp","href":"https:\/\/api.w.org\/{rel}","templated":true}]}}