{"id":695,"date":"2023-11-29T23:35:31","date_gmt":"2023-11-29T22:35:31","guid":{"rendered":"https:\/\/www.adamek-edu.sk\/?post_type=product&#038;p=695"},"modified":"2026-02-23T09:56:06","modified_gmt":"2026-02-23T08:56:06","slug":"individualne-poradenstvo-50-min-online-2-2","status":"publish","type":"product","link":"https:\/\/www.adamek-edu.sk\/?product=individualne-poradenstvo-50-min-online-2-2","title":{"rendered":"10x Individu\u00e1lne poradenstvo (50 min)"},"content":{"rendered":"","protected":false},"excerpt":{"rendered":"<p><strong>Individu\u00e1lne poradenstvo<\/strong><\/p>\n<ul>\n<li>Ur\u010den\u00e9 pre ka\u017ed\u00e9ho, kto potrebuje vypo\u010du\u0165, poradi\u0165, vylie\u010di\u0165 traumu alebo sa len vyrozpr\u00e1va\u0165 na uvo\u013enenie nap\u00e4tia.<\/li>\n<li>Obsah: z\u00e1vis\u00ed od potrieb klienta.<\/li>\n<li>Cie\u013e : z\u00e1vis\u00ed od potrieb klienta.<\/li>\n<li>Pre viac inform\u00e1ci\u00ed kliknite\u00a0<a href=\"https:\/\/www.adamek-edu.sk\/?page_id=309\">TU<\/a>.<\/li>\n<\/ul>\n","protected":false},"featured_media":525,"comment_status":"open","ping_status":"closed","template":"","meta":{"_glsr_average":0,"_glsr_ranking":0,"_glsr_reviews":0},"product_brand":[],"product_cat":[22],"product_tag":[],"class_list":{"0":"post-695","1":"product","2":"type-product","3":"status-publish","4":"has-post-thumbnail","6":"product_cat-individualne-poradenstvo","8":"first","9":"instock","10":"sale","11":"virtual","12":"purchasable","13":"product-type-simple"},"yoast_head":"<!-- This site is optimized with the Yoast SEO plugin v26.7 - https:\/\/yoast.com\/wordpress\/plugins\/seo\/ -->\n<title>10x Individu\u00e1lne poradenstvo (50 min) - Mgr. Ivan Ad\u00e1mek<\/title>\n<meta name=\"robots\" content=\"index, follow, max-snippet:-1, max-image-preview:large, max-video-preview:-1\" \/>\n<link rel=\"canonical\" href=\"https:\/\/www.adamek-edu.sk\/?product=individualne-poradenstvo-50-min-online-2-2\" \/>\n<meta property=\"og:locale\" content=\"sk_SK\" \/>\n<meta property=\"og:type\" content=\"article\" \/>\n<meta property=\"og:title\" content=\"10x Individu\u00e1lne poradenstvo (50 min) - Mgr. Ivan Ad\u00e1mek\" \/>\n<meta property=\"og:description\" content=\"Individu\u00e1lne poradenstvo   Ur\u010den\u00e9 pre ka\u017ed\u00e9ho, kto potrebuje vypo\u010du\u0165, poradi\u0165, vylie\u010di\u0165 traumu alebo sa len vyrozpr\u00e1va\u0165 na uvo\u013enenie nap\u00e4tia.  Obsah: z\u00e1vis\u00ed od potrieb klienta.  Cie\u013e : z\u00e1vis\u00ed od potrieb klienta.  Pre viac inform\u00e1ci\u00ed kliknite\u00a0TU.\" \/>\n<meta property=\"og:url\" content=\"https:\/\/www.adamek-edu.sk\/?product=individualne-poradenstvo-50-min-online-2-2\" \/>\n<meta property=\"og:site_name\" content=\"Mgr. Ivan Ad\u00e1mek\" \/>\n<meta property=\"article:publisher\" content=\"https:\/\/www.facebook.com\/Man%c5%beelsk%c3%bd-poradca-Mgr-Ivan-Ad%c3%a1mek-245208902698654\" \/>\n<meta property=\"article:modified_time\" content=\"2026-02-23T08:56:06+00:00\" \/>\n<meta property=\"og:image\" content=\"https:\/\/www.adamek-edu.sk\/wp-content\/uploads\/2023\/05\/Shutterstock_1059449492-1.png\" \/>\n\t<meta property=\"og:image:width\" content=\"1024\" \/>\n\t<meta property=\"og:image:height\" content=\"576\" \/>\n\t<meta property=\"og:image:type\" content=\"image\/png\" \/>\n<meta name=\"twitter:card\" content=\"summary_large_image\" \/>\n<meta name=\"twitter:label1\" content=\"Predpokladan\u00fd \u010das \u010d\u00edtania\" \/>\n\t<meta name=\"twitter:data1\" content=\"1 min\u00fata\" \/>\n<script type=\"application\/ld+json\" class=\"yoast-schema-graph\">{\"@context\":\"https:\/\/schema.org\",\"@graph\":[{\"@type\":\"WebPage\",\"@id\":\"https:\/\/www.adamek-edu.sk\/?product=individualne-poradenstvo-50-min-online-2-2\",\"url\":\"https:\/\/www.adamek-edu.sk\/?product=individualne-poradenstvo-50-min-online-2-2\",\"name\":\"10x Individu\u00e1lne poradenstvo (50 min) - Mgr. Ivan Ad\u00e1mek\",\"isPartOf\":{\"@id\":\"https:\/\/www.adamek-edu.sk\/#website\"},\"primaryImageOfPage\":{\"@id\":\"https:\/\/www.adamek-edu.sk\/?product=individualne-poradenstvo-50-min-online-2-2#primaryimage\"},\"image\":{\"@id\":\"https:\/\/www.adamek-edu.sk\/?product=individualne-poradenstvo-50-min-online-2-2#primaryimage\"},\"thumbnailUrl\":\"https:\/\/www.adamek-edu.sk\/wp-content\/uploads\/2023\/05\/Shutterstock_1059449492-1.png\",\"datePublished\":\"2023-11-29T22:35:31+00:00\",\"dateModified\":\"2026-02-23T08:56:06+00:00\",\"breadcrumb\":{\"@id\":\"https:\/\/www.adamek-edu.sk\/?product=individualne-poradenstvo-50-min-online-2-2#breadcrumb\"},\"inLanguage\":\"sk-SK\",\"potentialAction\":[{\"@type\":\"ReadAction\",\"target\":[\"https:\/\/www.adamek-edu.sk\/?product=individualne-poradenstvo-50-min-online-2-2\"]}]},{\"@type\":\"ImageObject\",\"inLanguage\":\"sk-SK\",\"@id\":\"https:\/\/www.adamek-edu.sk\/?product=individualne-poradenstvo-50-min-online-2-2#primaryimage\",\"url\":\"https:\/\/www.adamek-edu.sk\/wp-content\/uploads\/2023\/05\/Shutterstock_1059449492-1.png\",\"contentUrl\":\"https:\/\/www.adamek-edu.sk\/wp-content\/uploads\/2023\/05\/Shutterstock_1059449492-1.png\",\"width\":1024,\"height\":576},{\"@type\":\"BreadcrumbList\",\"@id\":\"https:\/\/www.adamek-edu.sk\/?product=individualne-poradenstvo-50-min-online-2-2#breadcrumb\",\"itemListElement\":[{\"@type\":\"ListItem\",\"position\":1,\"name\":\"Home\",\"item\":\"https:\/\/www.adamek-edu.sk\/\"},{\"@type\":\"ListItem\",\"position\":2,\"name\":\"Obchod\",\"item\":\"https:\/\/www.adamek-edu.sk\/?page_id=510\"},{\"@type\":\"ListItem\",\"position\":3,\"name\":\"10x Individu\u00e1lne poradenstvo (50 min)\"}]},{\"@type\":\"WebSite\",\"@id\":\"https:\/\/www.adamek-edu.sk\/#website\",\"url\":\"https:\/\/www.adamek-edu.sk\/\",\"name\":\"Mgr. Ivan Ad\u00e1mek\",\"description\":\"Man\u017eelsk\u00e1, p\u00e1rov\u00e1 a individu\u00e1lna porad\u0148a\",\"publisher\":{\"@id\":\"https:\/\/www.adamek-edu.sk\/#organization\"},\"potentialAction\":[{\"@type\":\"SearchAction\",\"target\":{\"@type\":\"EntryPoint\",\"urlTemplate\":\"https:\/\/www.adamek-edu.sk\/?s={search_term_string}\"},\"query-input\":{\"@type\":\"PropertyValueSpecification\",\"valueRequired\":true,\"valueName\":\"search_term_string\"}}],\"inLanguage\":\"sk-SK\"},{\"@type\":\"Organization\",\"@id\":\"https:\/\/www.adamek-edu.sk\/#organization\",\"name\":\"Mgr. Ivan Ad\u00e1mek\",\"url\":\"https:\/\/www.adamek-edu.sk\/\",\"logo\":{\"@type\":\"ImageObject\",\"inLanguage\":\"sk-SK\",\"@id\":\"https:\/\/www.adamek-edu.sk\/#\/schema\/logo\/image\/\",\"url\":\"https:\/\/www.adamek-edu.sk\/wp-content\/uploads\/2026\/02\/cropped-logo1.png\",\"contentUrl\":\"https:\/\/www.adamek-edu.sk\/wp-content\/uploads\/2026\/02\/cropped-logo1.png\",\"width\":290,\"height\":248,\"caption\":\"Mgr. Ivan Ad\u00e1mek\"},\"image\":{\"@id\":\"https:\/\/www.adamek-edu.sk\/#\/schema\/logo\/image\/\"},\"sameAs\":[\"https:\/\/www.facebook.com\/Man\u017eelsk\u00fd-poradca-Mgr-Ivan-Ad\u00e1mek-245208902698654\"]}]}<\/script>\n<!-- \/ Yoast SEO plugin. -->","yoast_head_json":{"title":"10x Individu\u00e1lne poradenstvo (50 min) - Mgr. Ivan Ad\u00e1mek","robots":{"index":"index","follow":"follow","max-snippet":"max-snippet:-1","max-image-preview":"max-image-preview:large","max-video-preview":"max-video-preview:-1"},"canonical":"https:\/\/www.adamek-edu.sk\/?product=individualne-poradenstvo-50-min-online-2-2","og_locale":"sk_SK","og_type":"article","og_title":"10x Individu\u00e1lne poradenstvo (50 min) - Mgr. Ivan Ad\u00e1mek","og_description":"Individu\u00e1lne poradenstvo   Ur\u010den\u00e9 pre ka\u017ed\u00e9ho, kto potrebuje vypo\u010du\u0165, poradi\u0165, vylie\u010di\u0165 traumu alebo sa len vyrozpr\u00e1va\u0165 na uvo\u013enenie nap\u00e4tia.  Obsah: z\u00e1vis\u00ed od potrieb klienta.  Cie\u013e : z\u00e1vis\u00ed od potrieb klienta.  Pre viac inform\u00e1ci\u00ed kliknite\u00a0TU.","og_url":"https:\/\/www.adamek-edu.sk\/?product=individualne-poradenstvo-50-min-online-2-2","og_site_name":"Mgr. Ivan Ad\u00e1mek","article_publisher":"https:\/\/www.facebook.com\/Man%c5%beelsk%c3%bd-poradca-Mgr-Ivan-Ad%c3%a1mek-245208902698654","article_modified_time":"2026-02-23T08:56:06+00:00","og_image":[{"width":1024,"height":576,"url":"https:\/\/www.adamek-edu.sk\/wp-content\/uploads\/2023\/05\/Shutterstock_1059449492-1.png","type":"image\/png"}],"twitter_card":"summary_large_image","twitter_misc":{"Predpokladan\u00fd \u010das \u010d\u00edtania":"1 min\u00fata"},"schema":{"@context":"https:\/\/schema.org","@graph":[{"@type":"WebPage","@id":"https:\/\/www.adamek-edu.sk\/?product=individualne-poradenstvo-50-min-online-2-2","url":"https:\/\/www.adamek-edu.sk\/?product=individualne-poradenstvo-50-min-online-2-2","name":"10x Individu\u00e1lne poradenstvo (50 min) - Mgr. Ivan Ad\u00e1mek","isPartOf":{"@id":"https:\/\/www.adamek-edu.sk\/#website"},"primaryImageOfPage":{"@id":"https:\/\/www.adamek-edu.sk\/?product=individualne-poradenstvo-50-min-online-2-2#primaryimage"},"image":{"@id":"https:\/\/www.adamek-edu.sk\/?product=individualne-poradenstvo-50-min-online-2-2#primaryimage"},"thumbnailUrl":"https:\/\/www.adamek-edu.sk\/wp-content\/uploads\/2023\/05\/Shutterstock_1059449492-1.png","datePublished":"2023-11-29T22:35:31+00:00","dateModified":"2026-02-23T08:56:06+00:00","breadcrumb":{"@id":"https:\/\/www.adamek-edu.sk\/?product=individualne-poradenstvo-50-min-online-2-2#breadcrumb"},"inLanguage":"sk-SK","potentialAction":[{"@type":"ReadAction","target":["https:\/\/www.adamek-edu.sk\/?product=individualne-poradenstvo-50-min-online-2-2"]}]},{"@type":"ImageObject","inLanguage":"sk-SK","@id":"https:\/\/www.adamek-edu.sk\/?product=individualne-poradenstvo-50-min-online-2-2#primaryimage","url":"https:\/\/www.adamek-edu.sk\/wp-content\/uploads\/2023\/05\/Shutterstock_1059449492-1.png","contentUrl":"https:\/\/www.adamek-edu.sk\/wp-content\/uploads\/2023\/05\/Shutterstock_1059449492-1.png","width":1024,"height":576},{"@type":"BreadcrumbList","@id":"https:\/\/www.adamek-edu.sk\/?product=individualne-poradenstvo-50-min-online-2-2#breadcrumb","itemListElement":[{"@type":"ListItem","position":1,"name":"Home","item":"https:\/\/www.adamek-edu.sk\/"},{"@type":"ListItem","position":2,"name":"Obchod","item":"https:\/\/www.adamek-edu.sk\/?page_id=510"},{"@type":"ListItem","position":3,"name":"10x Individu\u00e1lne poradenstvo (50 min)"}]},{"@type":"WebSite","@id":"https:\/\/www.adamek-edu.sk\/#website","url":"https:\/\/www.adamek-edu.sk\/","name":"Mgr. Ivan Ad\u00e1mek","description":"Man\u017eelsk\u00e1, p\u00e1rov\u00e1 a individu\u00e1lna porad\u0148a","publisher":{"@id":"https:\/\/www.adamek-edu.sk\/#organization"},"potentialAction":[{"@type":"SearchAction","target":{"@type":"EntryPoint","urlTemplate":"https:\/\/www.adamek-edu.sk\/?s={search_term_string}"},"query-input":{"@type":"PropertyValueSpecification","valueRequired":true,"valueName":"search_term_string"}}],"inLanguage":"sk-SK"},{"@type":"Organization","@id":"https:\/\/www.adamek-edu.sk\/#organization","name":"Mgr. Ivan Ad\u00e1mek","url":"https:\/\/www.adamek-edu.sk\/","logo":{"@type":"ImageObject","inLanguage":"sk-SK","@id":"https:\/\/www.adamek-edu.sk\/#\/schema\/logo\/image\/","url":"https:\/\/www.adamek-edu.sk\/wp-content\/uploads\/2026\/02\/cropped-logo1.png","contentUrl":"https:\/\/www.adamek-edu.sk\/wp-content\/uploads\/2026\/02\/cropped-logo1.png","width":290,"height":248,"caption":"Mgr. Ivan Ad\u00e1mek"},"image":{"@id":"https:\/\/www.adamek-edu.sk\/#\/schema\/logo\/image\/"},"sameAs":["https:\/\/www.facebook.com\/Man\u017eelsk\u00fd-poradca-Mgr-Ivan-Ad\u00e1mek-245208902698654"]}]}},"jetpack_sharing_enabled":true,"_links":{"self":[{"href":"https:\/\/www.adamek-edu.sk\/index.php?rest_route=\/wp\/v2\/product\/695","targetHints":{"allow":["GET"]}}],"collection":[{"href":"https:\/\/www.adamek-edu.sk\/index.php?rest_route=\/wp\/v2\/product"}],"about":[{"href":"https:\/\/www.adamek-edu.sk\/index.php?rest_route=\/wp\/v2\/types\/product"}],"replies":[{"embeddable":true,"href":"https:\/\/www.adamek-edu.sk\/index.php?rest_route=%2Fwp%2Fv2%2Fcomments&post=695"}],"wp:featuredmedia":[{"embeddable":true,"href":"https:\/\/www.adamek-edu.sk\/index.php?rest_route=\/wp\/v2\/media\/525"}],"wp:attachment":[{"href":"https:\/\/www.adamek-edu.sk\/index.php?rest_route=%2Fwp%2Fv2%2Fmedia&parent=695"}],"wp:term":[{"taxonomy":"product_brand","embeddable":true,"href":"https:\/\/www.adamek-edu.sk\/index.php?rest_route=%2Fwp%2Fv2%2Fproduct_brand&post=695"},{"taxonomy":"product_cat","embeddable":true,"href":"https:\/\/www.adamek-edu.sk\/index.php?rest_route=%2Fwp%2Fv2%2Fproduct_cat&post=695"},{"taxonomy":"product_tag","embeddable":true,"href":"https:\/\/www.adamek-edu.sk\/index.php?rest_route=%2Fwp%2Fv2%2Fproduct_tag&post=695"}],"curies":[{"name":"wp","href":"https:\/\/api.w.org\/{rel}","templated":true}]}}