{"id":694,"date":"2023-11-29T23:30:42","date_gmt":"2023-11-29T22:30:42","guid":{"rendered":"https:\/\/www.adamek-edu.sk\/?post_type=product&#038;p=694"},"modified":"2026-04-29T17:58:20","modified_gmt":"2026-04-29T16:58:20","slug":"manzelske-poradenstvo-50-min-online-2","status":"publish","type":"product","link":"https:\/\/www.adamek-edu.sk\/?product=manzelske-poradenstvo-50-min-online-2","title":{"rendered":"5x Man\u017eelsk\u00e9 poradenstvo (50 min)"},"content":{"rendered":"","protected":false},"excerpt":{"rendered":"<p>Man\u017eelsk\u00e9 resp. vz\u0165ahov\u00e9 poradenstvo, zameran\u00e9 na:<\/p>\n<ul>\n<li>kr\u00edzy vo vz\u0165ahu,<\/li>\n<li>komunika\u010dn\u00e9 probl\u00e9my,<\/li>\n<li>osobnostn\u00e9 rozdiely,<\/li>\n<li>rozvoj intimity a d\u00f4very vo vz\u0165ahu,<\/li>\n<li>probl\u00e9my v sexu\u00e1lnej oblasti,<\/li>\n<li>v oblasti dom\u00e1ceho rozpo\u010dtu.<\/li>\n<\/ul>\n","protected":false},"featured_media":420,"comment_status":"open","ping_status":"closed","template":"","meta":{"_glsr_average":0,"_glsr_ranking":0,"_glsr_reviews":0},"product_brand":[],"product_cat":[21],"product_tag":[],"class_list":{"0":"post-694","1":"product","2":"type-product","3":"status-publish","4":"has-post-thumbnail","6":"product_cat-manzelske-poradenstvo","8":"first","9":"instock","10":"sale","11":"virtual","12":"purchasable","13":"product-type-simple"},"yoast_head":"<!-- This site is optimized with the Yoast SEO plugin v26.7 - https:\/\/yoast.com\/wordpress\/plugins\/seo\/ -->\n<title>5x Man\u017eelsk\u00e9 poradenstvo (50 min) - Mgr. Ivan Ad\u00e1mek<\/title>\n<meta name=\"robots\" content=\"index, follow, max-snippet:-1, max-image-preview:large, max-video-preview:-1\" \/>\n<link rel=\"canonical\" href=\"https:\/\/www.adamek-edu.sk\/?product=manzelske-poradenstvo-50-min-online-2\" \/>\n<meta property=\"og:locale\" content=\"sk_SK\" \/>\n<meta property=\"og:type\" content=\"article\" \/>\n<meta property=\"og:title\" content=\"5x Man\u017eelsk\u00e9 poradenstvo (50 min) - Mgr. Ivan Ad\u00e1mek\" \/>\n<meta property=\"og:description\" content=\"Man\u017eelsk\u00e9 resp. vz\u0165ahov\u00e9 poradenstvo, zameran\u00e9 na:   kr\u00edzy vo vz\u0165ahu,  komunika\u010dn\u00e9 probl\u00e9my,  osobnostn\u00e9 rozdiely,  rozvoj intimity a d\u00f4very vo vz\u0165ahu,  probl\u00e9my v sexu\u00e1lnej oblasti,  v oblasti dom\u00e1ceho rozpo\u010dtu.\" \/>\n<meta property=\"og:url\" content=\"https:\/\/www.adamek-edu.sk\/?product=manzelske-poradenstvo-50-min-online-2\" \/>\n<meta property=\"og:site_name\" content=\"Mgr. Ivan Ad\u00e1mek\" \/>\n<meta property=\"article:publisher\" content=\"https:\/\/www.facebook.com\/Man%c5%beelsk%c3%bd-poradca-Mgr-Ivan-Ad%c3%a1mek-245208902698654\" \/>\n<meta property=\"article:modified_time\" content=\"2026-04-29T16:58:20+00:00\" \/>\n<meta property=\"og:image\" content=\"https:\/\/www.adamek-edu.sk\/wp-content\/uploads\/2023\/03\/cropped-Shutterstock_1183094221-scaled-1.jpg\" \/>\n\t<meta property=\"og:image:width\" content=\"1920\" \/>\n\t<meta property=\"og:image:height\" content=\"1280\" \/>\n\t<meta property=\"og:image:type\" content=\"image\/jpeg\" \/>\n<meta name=\"twitter:card\" content=\"summary_large_image\" \/>\n<meta name=\"twitter:label1\" content=\"Predpokladan\u00fd \u010das \u010d\u00edtania\" \/>\n\t<meta name=\"twitter:data1\" content=\"1 min\u00fata\" \/>\n<script type=\"application\/ld+json\" class=\"yoast-schema-graph\">{\"@context\":\"https:\/\/schema.org\",\"@graph\":[{\"@type\":\"WebPage\",\"@id\":\"https:\/\/www.adamek-edu.sk\/?product=manzelske-poradenstvo-50-min-online-2\",\"url\":\"https:\/\/www.adamek-edu.sk\/?product=manzelske-poradenstvo-50-min-online-2\",\"name\":\"5x Man\u017eelsk\u00e9 poradenstvo (50 min) - Mgr. Ivan Ad\u00e1mek\",\"isPartOf\":{\"@id\":\"https:\/\/www.adamek-edu.sk\/#website\"},\"primaryImageOfPage\":{\"@id\":\"https:\/\/www.adamek-edu.sk\/?product=manzelske-poradenstvo-50-min-online-2#primaryimage\"},\"image\":{\"@id\":\"https:\/\/www.adamek-edu.sk\/?product=manzelske-poradenstvo-50-min-online-2#primaryimage\"},\"thumbnailUrl\":\"https:\/\/www.adamek-edu.sk\/wp-content\/uploads\/2023\/03\/cropped-Shutterstock_1183094221-scaled-1.jpg\",\"datePublished\":\"2023-11-29T22:30:42+00:00\",\"dateModified\":\"2026-04-29T16:58:20+00:00\",\"breadcrumb\":{\"@id\":\"https:\/\/www.adamek-edu.sk\/?product=manzelske-poradenstvo-50-min-online-2#breadcrumb\"},\"inLanguage\":\"sk-SK\",\"potentialAction\":[{\"@type\":\"ReadAction\",\"target\":[\"https:\/\/www.adamek-edu.sk\/?product=manzelske-poradenstvo-50-min-online-2\"]}]},{\"@type\":\"ImageObject\",\"inLanguage\":\"sk-SK\",\"@id\":\"https:\/\/www.adamek-edu.sk\/?product=manzelske-poradenstvo-50-min-online-2#primaryimage\",\"url\":\"https:\/\/www.adamek-edu.sk\/wp-content\/uploads\/2023\/03\/cropped-Shutterstock_1183094221-scaled-1.jpg\",\"contentUrl\":\"https:\/\/www.adamek-edu.sk\/wp-content\/uploads\/2023\/03\/cropped-Shutterstock_1183094221-scaled-1.jpg\",\"width\":1920,\"height\":1280},{\"@type\":\"BreadcrumbList\",\"@id\":\"https:\/\/www.adamek-edu.sk\/?product=manzelske-poradenstvo-50-min-online-2#breadcrumb\",\"itemListElement\":[{\"@type\":\"ListItem\",\"position\":1,\"name\":\"Home\",\"item\":\"https:\/\/www.adamek-edu.sk\/\"},{\"@type\":\"ListItem\",\"position\":2,\"name\":\"Obchod\",\"item\":\"https:\/\/www.adamek-edu.sk\/?page_id=510\"},{\"@type\":\"ListItem\",\"position\":3,\"name\":\"5x Man\u017eelsk\u00e9 poradenstvo (50 min)\"}]},{\"@type\":\"WebSite\",\"@id\":\"https:\/\/www.adamek-edu.sk\/#website\",\"url\":\"https:\/\/www.adamek-edu.sk\/\",\"name\":\"Mgr. Ivan Ad\u00e1mek\",\"description\":\"Man\u017eelsk\u00e1, p\u00e1rov\u00e1 a individu\u00e1lna porad\u0148a\",\"publisher\":{\"@id\":\"https:\/\/www.adamek-edu.sk\/#organization\"},\"potentialAction\":[{\"@type\":\"SearchAction\",\"target\":{\"@type\":\"EntryPoint\",\"urlTemplate\":\"https:\/\/www.adamek-edu.sk\/?s={search_term_string}\"},\"query-input\":{\"@type\":\"PropertyValueSpecification\",\"valueRequired\":true,\"valueName\":\"search_term_string\"}}],\"inLanguage\":\"sk-SK\"},{\"@type\":\"Organization\",\"@id\":\"https:\/\/www.adamek-edu.sk\/#organization\",\"name\":\"Mgr. Ivan Ad\u00e1mek\",\"url\":\"https:\/\/www.adamek-edu.sk\/\",\"logo\":{\"@type\":\"ImageObject\",\"inLanguage\":\"sk-SK\",\"@id\":\"https:\/\/www.adamek-edu.sk\/#\/schema\/logo\/image\/\",\"url\":\"https:\/\/www.adamek-edu.sk\/wp-content\/uploads\/2026\/02\/cropped-logo1.png\",\"contentUrl\":\"https:\/\/www.adamek-edu.sk\/wp-content\/uploads\/2026\/02\/cropped-logo1.png\",\"width\":290,\"height\":248,\"caption\":\"Mgr. Ivan Ad\u00e1mek\"},\"image\":{\"@id\":\"https:\/\/www.adamek-edu.sk\/#\/schema\/logo\/image\/\"},\"sameAs\":[\"https:\/\/www.facebook.com\/Man\u017eelsk\u00fd-poradca-Mgr-Ivan-Ad\u00e1mek-245208902698654\"]}]}<\/script>\n<!-- \/ Yoast SEO plugin. -->","yoast_head_json":{"title":"5x Man\u017eelsk\u00e9 poradenstvo (50 min) - Mgr. Ivan Ad\u00e1mek","robots":{"index":"index","follow":"follow","max-snippet":"max-snippet:-1","max-image-preview":"max-image-preview:large","max-video-preview":"max-video-preview:-1"},"canonical":"https:\/\/www.adamek-edu.sk\/?product=manzelske-poradenstvo-50-min-online-2","og_locale":"sk_SK","og_type":"article","og_title":"5x Man\u017eelsk\u00e9 poradenstvo (50 min) - Mgr. Ivan Ad\u00e1mek","og_description":"Man\u017eelsk\u00e9 resp. vz\u0165ahov\u00e9 poradenstvo, zameran\u00e9 na:   kr\u00edzy vo vz\u0165ahu,  komunika\u010dn\u00e9 probl\u00e9my,  osobnostn\u00e9 rozdiely,  rozvoj intimity a d\u00f4very vo vz\u0165ahu,  probl\u00e9my v sexu\u00e1lnej oblasti,  v oblasti dom\u00e1ceho rozpo\u010dtu.","og_url":"https:\/\/www.adamek-edu.sk\/?product=manzelske-poradenstvo-50-min-online-2","og_site_name":"Mgr. Ivan Ad\u00e1mek","article_publisher":"https:\/\/www.facebook.com\/Man%c5%beelsk%c3%bd-poradca-Mgr-Ivan-Ad%c3%a1mek-245208902698654","article_modified_time":"2026-04-29T16:58:20+00:00","og_image":[{"width":1920,"height":1280,"url":"https:\/\/www.adamek-edu.sk\/wp-content\/uploads\/2023\/03\/cropped-Shutterstock_1183094221-scaled-1.jpg","type":"image\/jpeg"}],"twitter_card":"summary_large_image","twitter_misc":{"Predpokladan\u00fd \u010das \u010d\u00edtania":"1 min\u00fata"},"schema":{"@context":"https:\/\/schema.org","@graph":[{"@type":"WebPage","@id":"https:\/\/www.adamek-edu.sk\/?product=manzelske-poradenstvo-50-min-online-2","url":"https:\/\/www.adamek-edu.sk\/?product=manzelske-poradenstvo-50-min-online-2","name":"5x Man\u017eelsk\u00e9 poradenstvo (50 min) - Mgr. Ivan Ad\u00e1mek","isPartOf":{"@id":"https:\/\/www.adamek-edu.sk\/#website"},"primaryImageOfPage":{"@id":"https:\/\/www.adamek-edu.sk\/?product=manzelske-poradenstvo-50-min-online-2#primaryimage"},"image":{"@id":"https:\/\/www.adamek-edu.sk\/?product=manzelske-poradenstvo-50-min-online-2#primaryimage"},"thumbnailUrl":"https:\/\/www.adamek-edu.sk\/wp-content\/uploads\/2023\/03\/cropped-Shutterstock_1183094221-scaled-1.jpg","datePublished":"2023-11-29T22:30:42+00:00","dateModified":"2026-04-29T16:58:20+00:00","breadcrumb":{"@id":"https:\/\/www.adamek-edu.sk\/?product=manzelske-poradenstvo-50-min-online-2#breadcrumb"},"inLanguage":"sk-SK","potentialAction":[{"@type":"ReadAction","target":["https:\/\/www.adamek-edu.sk\/?product=manzelske-poradenstvo-50-min-online-2"]}]},{"@type":"ImageObject","inLanguage":"sk-SK","@id":"https:\/\/www.adamek-edu.sk\/?product=manzelske-poradenstvo-50-min-online-2#primaryimage","url":"https:\/\/www.adamek-edu.sk\/wp-content\/uploads\/2023\/03\/cropped-Shutterstock_1183094221-scaled-1.jpg","contentUrl":"https:\/\/www.adamek-edu.sk\/wp-content\/uploads\/2023\/03\/cropped-Shutterstock_1183094221-scaled-1.jpg","width":1920,"height":1280},{"@type":"BreadcrumbList","@id":"https:\/\/www.adamek-edu.sk\/?product=manzelske-poradenstvo-50-min-online-2#breadcrumb","itemListElement":[{"@type":"ListItem","position":1,"name":"Home","item":"https:\/\/www.adamek-edu.sk\/"},{"@type":"ListItem","position":2,"name":"Obchod","item":"https:\/\/www.adamek-edu.sk\/?page_id=510"},{"@type":"ListItem","position":3,"name":"5x Man\u017eelsk\u00e9 poradenstvo (50 min)"}]},{"@type":"WebSite","@id":"https:\/\/www.adamek-edu.sk\/#website","url":"https:\/\/www.adamek-edu.sk\/","name":"Mgr. Ivan Ad\u00e1mek","description":"Man\u017eelsk\u00e1, p\u00e1rov\u00e1 a individu\u00e1lna porad\u0148a","publisher":{"@id":"https:\/\/www.adamek-edu.sk\/#organization"},"potentialAction":[{"@type":"SearchAction","target":{"@type":"EntryPoint","urlTemplate":"https:\/\/www.adamek-edu.sk\/?s={search_term_string}"},"query-input":{"@type":"PropertyValueSpecification","valueRequired":true,"valueName":"search_term_string"}}],"inLanguage":"sk-SK"},{"@type":"Organization","@id":"https:\/\/www.adamek-edu.sk\/#organization","name":"Mgr. Ivan Ad\u00e1mek","url":"https:\/\/www.adamek-edu.sk\/","logo":{"@type":"ImageObject","inLanguage":"sk-SK","@id":"https:\/\/www.adamek-edu.sk\/#\/schema\/logo\/image\/","url":"https:\/\/www.adamek-edu.sk\/wp-content\/uploads\/2026\/02\/cropped-logo1.png","contentUrl":"https:\/\/www.adamek-edu.sk\/wp-content\/uploads\/2026\/02\/cropped-logo1.png","width":290,"height":248,"caption":"Mgr. Ivan Ad\u00e1mek"},"image":{"@id":"https:\/\/www.adamek-edu.sk\/#\/schema\/logo\/image\/"},"sameAs":["https:\/\/www.facebook.com\/Man\u017eelsk\u00fd-poradca-Mgr-Ivan-Ad\u00e1mek-245208902698654"]}]}},"jetpack_sharing_enabled":true,"_links":{"self":[{"href":"https:\/\/www.adamek-edu.sk\/index.php?rest_route=\/wp\/v2\/product\/694","targetHints":{"allow":["GET"]}}],"collection":[{"href":"https:\/\/www.adamek-edu.sk\/index.php?rest_route=\/wp\/v2\/product"}],"about":[{"href":"https:\/\/www.adamek-edu.sk\/index.php?rest_route=\/wp\/v2\/types\/product"}],"replies":[{"embeddable":true,"href":"https:\/\/www.adamek-edu.sk\/index.php?rest_route=%2Fwp%2Fv2%2Fcomments&post=694"}],"wp:featuredmedia":[{"embeddable":true,"href":"https:\/\/www.adamek-edu.sk\/index.php?rest_route=\/wp\/v2\/media\/420"}],"wp:attachment":[{"href":"https:\/\/www.adamek-edu.sk\/index.php?rest_route=%2Fwp%2Fv2%2Fmedia&parent=694"}],"wp:term":[{"taxonomy":"product_brand","embeddable":true,"href":"https:\/\/www.adamek-edu.sk\/index.php?rest_route=%2Fwp%2Fv2%2Fproduct_brand&post=694"},{"taxonomy":"product_cat","embeddable":true,"href":"https:\/\/www.adamek-edu.sk\/index.php?rest_route=%2Fwp%2Fv2%2Fproduct_cat&post=694"},{"taxonomy":"product_tag","embeddable":true,"href":"https:\/\/www.adamek-edu.sk\/index.php?rest_route=%2Fwp%2Fv2%2Fproduct_tag&post=694"}],"curies":[{"name":"wp","href":"https:\/\/api.w.org\/{rel}","templated":true}]}}