{"id":584,"date":"2023-06-05T10:03:32","date_gmt":"2023-06-05T09:03:32","guid":{"rendered":"https:\/\/www.adamek-edu.sk\/?post_type=product&#038;p=584"},"modified":"2026-01-21T17:44:17","modified_gmt":"2026-01-21T16:44:17","slug":"priplatok-za-sedenie-mimo-pracovnej-doby","status":"publish","type":"product","link":"https:\/\/www.adamek-edu.sk\/?product=priplatok-za-sedenie-mimo-pracovnej-doby","title":{"rendered":"Pr\u00edplatok za sedenie mimo pracovnej doby"},"content":{"rendered":"","protected":false},"excerpt":{"rendered":"<p>Pr\u00edplatok za sedenie, ktor\u00e9 prebieha mimo be\u017enej pracovnej doby:<\/p>\n<ul>\n<li>V \u010dase od 17:30-18:30 resp. od 18:00-19:00 Po-Pia, (pri 60 min sedeniach)<\/li>\n<li>V \u010dase od 17:30-19:00 resp. od 18:00-19:30 Po-Pia, (pri 90 min sedeniach)<\/li>\n<li>v sobotu medzi 8:00-12:00<\/li>\n<\/ul>\n<p>K tejto slu\u017ebe je potrebn\u00e9 ma\u0165 zak\u00fapen\u00e9 aj individu\u00e1lne alebo man\u017eelsk\u00e9 poradenstvo.<\/p>\n","protected":false},"featured_media":592,"comment_status":"open","ping_status":"closed","template":"","meta":{"_glsr_average":0,"_glsr_ranking":0,"_glsr_reviews":0},"product_brand":[],"product_cat":[22,21],"product_tag":[],"class_list":{"0":"post-584","1":"product","2":"type-product","3":"status-publish","4":"has-post-thumbnail","6":"product_cat-individualne-poradenstvo","7":"product_cat-manzelske-poradenstvo","9":"first","10":"instock","11":"virtual","12":"purchasable","13":"product-type-simple"},"yoast_head":"<!-- This site is optimized with the Yoast SEO plugin v26.7 - https:\/\/yoast.com\/wordpress\/plugins\/seo\/ -->\n<title>Pr\u00edplatok za sedenie mimo pracovnej doby - Mgr. Ivan Ad\u00e1mek<\/title>\n<meta name=\"robots\" content=\"index, follow, max-snippet:-1, max-image-preview:large, max-video-preview:-1\" \/>\n<link rel=\"canonical\" href=\"https:\/\/www.adamek-edu.sk\/?product=priplatok-za-sedenie-mimo-pracovnej-doby\" \/>\n<meta property=\"og:locale\" content=\"sk_SK\" \/>\n<meta property=\"og:type\" content=\"article\" \/>\n<meta property=\"og:title\" content=\"Pr\u00edplatok za sedenie mimo pracovnej doby - Mgr. Ivan Ad\u00e1mek\" \/>\n<meta property=\"og:description\" content=\"Pr\u00edplatok za sedenie, ktor\u00e9 prebieha mimo be\u017enej pracovnej doby:   V \u010dase od 17:30-18:30 resp. od 18:00-19:00 Po-Pia, (pri 60 min sedeniach)  V \u010dase od 17:30-19:00 resp. od 18:00-19:30 Po-Pia, (pri 90 min sedeniach)  v sobotu medzi 8:00-12:00  K tejto slu\u017ebe je potrebn\u00e9 ma\u0165 zak\u00fapen\u00e9 aj individu\u00e1lne alebo man\u017eelsk\u00e9 poradenstvo.\" \/>\n<meta property=\"og:url\" content=\"https:\/\/www.adamek-edu.sk\/?product=priplatok-za-sedenie-mimo-pracovnej-doby\" \/>\n<meta property=\"og:site_name\" content=\"Mgr. Ivan Ad\u00e1mek\" \/>\n<meta property=\"article:publisher\" content=\"https:\/\/www.facebook.com\/Man%c5%beelsk%c3%bd-poradca-Mgr-Ivan-Ad%c3%a1mek-245208902698654\" \/>\n<meta property=\"article:modified_time\" content=\"2026-01-21T16:44:17+00:00\" \/>\n<meta property=\"og:image\" content=\"https:\/\/www.adamek-edu.sk\/wp-content\/uploads\/2023\/06\/Cas-mimo-prac-doby.png\" \/>\n\t<meta property=\"og:image:width\" content=\"784\" \/>\n\t<meta property=\"og:image:height\" content=\"720\" \/>\n\t<meta property=\"og:image:type\" content=\"image\/png\" \/>\n<meta name=\"twitter:card\" content=\"summary_large_image\" \/>\n<script type=\"application\/ld+json\" class=\"yoast-schema-graph\">{\"@context\":\"https:\/\/schema.org\",\"@graph\":[{\"@type\":\"WebPage\",\"@id\":\"https:\/\/www.adamek-edu.sk\/?product=priplatok-za-sedenie-mimo-pracovnej-doby\",\"url\":\"https:\/\/www.adamek-edu.sk\/?product=priplatok-za-sedenie-mimo-pracovnej-doby\",\"name\":\"Pr\u00edplatok za sedenie mimo pracovnej doby - Mgr. Ivan Ad\u00e1mek\",\"isPartOf\":{\"@id\":\"https:\/\/www.adamek-edu.sk\/#website\"},\"primaryImageOfPage\":{\"@id\":\"https:\/\/www.adamek-edu.sk\/?product=priplatok-za-sedenie-mimo-pracovnej-doby#primaryimage\"},\"image\":{\"@id\":\"https:\/\/www.adamek-edu.sk\/?product=priplatok-za-sedenie-mimo-pracovnej-doby#primaryimage\"},\"thumbnailUrl\":\"https:\/\/www.adamek-edu.sk\/wp-content\/uploads\/2023\/06\/Cas-mimo-prac-doby.png\",\"datePublished\":\"2023-06-05T09:03:32+00:00\",\"dateModified\":\"2026-01-21T16:44:17+00:00\",\"breadcrumb\":{\"@id\":\"https:\/\/www.adamek-edu.sk\/?product=priplatok-za-sedenie-mimo-pracovnej-doby#breadcrumb\"},\"inLanguage\":\"sk-SK\",\"potentialAction\":[{\"@type\":\"ReadAction\",\"target\":[\"https:\/\/www.adamek-edu.sk\/?product=priplatok-za-sedenie-mimo-pracovnej-doby\"]}]},{\"@type\":\"ImageObject\",\"inLanguage\":\"sk-SK\",\"@id\":\"https:\/\/www.adamek-edu.sk\/?product=priplatok-za-sedenie-mimo-pracovnej-doby#primaryimage\",\"url\":\"https:\/\/www.adamek-edu.sk\/wp-content\/uploads\/2023\/06\/Cas-mimo-prac-doby.png\",\"contentUrl\":\"https:\/\/www.adamek-edu.sk\/wp-content\/uploads\/2023\/06\/Cas-mimo-prac-doby.png\",\"width\":784,\"height\":720},{\"@type\":\"BreadcrumbList\",\"@id\":\"https:\/\/www.adamek-edu.sk\/?product=priplatok-za-sedenie-mimo-pracovnej-doby#breadcrumb\",\"itemListElement\":[{\"@type\":\"ListItem\",\"position\":1,\"name\":\"Home\",\"item\":\"https:\/\/www.adamek-edu.sk\/\"},{\"@type\":\"ListItem\",\"position\":2,\"name\":\"Obchod\",\"item\":\"https:\/\/www.adamek-edu.sk\/?page_id=510\"},{\"@type\":\"ListItem\",\"position\":3,\"name\":\"Pr\u00edplatok za sedenie mimo pracovnej doby\"}]},{\"@type\":\"WebSite\",\"@id\":\"https:\/\/www.adamek-edu.sk\/#website\",\"url\":\"https:\/\/www.adamek-edu.sk\/\",\"name\":\"Mgr. Ivan Ad\u00e1mek\",\"description\":\"Man\u017eelsk\u00e1, p\u00e1rov\u00e1 a individu\u00e1lna porad\u0148a\",\"publisher\":{\"@id\":\"https:\/\/www.adamek-edu.sk\/#organization\"},\"potentialAction\":[{\"@type\":\"SearchAction\",\"target\":{\"@type\":\"EntryPoint\",\"urlTemplate\":\"https:\/\/www.adamek-edu.sk\/?s={search_term_string}\"},\"query-input\":{\"@type\":\"PropertyValueSpecification\",\"valueRequired\":true,\"valueName\":\"search_term_string\"}}],\"inLanguage\":\"sk-SK\"},{\"@type\":\"Organization\",\"@id\":\"https:\/\/www.adamek-edu.sk\/#organization\",\"name\":\"Mgr. Ivan Ad\u00e1mek\",\"url\":\"https:\/\/www.adamek-edu.sk\/\",\"logo\":{\"@type\":\"ImageObject\",\"inLanguage\":\"sk-SK\",\"@id\":\"https:\/\/www.adamek-edu.sk\/#\/schema\/logo\/image\/\",\"url\":\"https:\/\/www.adamek-edu.sk\/wp-content\/uploads\/2026\/02\/cropped-logo1.png\",\"contentUrl\":\"https:\/\/www.adamek-edu.sk\/wp-content\/uploads\/2026\/02\/cropped-logo1.png\",\"width\":290,\"height\":248,\"caption\":\"Mgr. Ivan Ad\u00e1mek\"},\"image\":{\"@id\":\"https:\/\/www.adamek-edu.sk\/#\/schema\/logo\/image\/\"},\"sameAs\":[\"https:\/\/www.facebook.com\/Man\u017eelsk\u00fd-poradca-Mgr-Ivan-Ad\u00e1mek-245208902698654\"]}]}<\/script>\n<!-- \/ Yoast SEO plugin. -->","yoast_head_json":{"title":"Pr\u00edplatok za sedenie mimo pracovnej doby - Mgr. Ivan Ad\u00e1mek","robots":{"index":"index","follow":"follow","max-snippet":"max-snippet:-1","max-image-preview":"max-image-preview:large","max-video-preview":"max-video-preview:-1"},"canonical":"https:\/\/www.adamek-edu.sk\/?product=priplatok-za-sedenie-mimo-pracovnej-doby","og_locale":"sk_SK","og_type":"article","og_title":"Pr\u00edplatok za sedenie mimo pracovnej doby - Mgr. Ivan Ad\u00e1mek","og_description":"Pr\u00edplatok za sedenie, ktor\u00e9 prebieha mimo be\u017enej pracovnej doby:   V \u010dase od 17:30-18:30 resp. od 18:00-19:00 Po-Pia, (pri 60 min sedeniach)  V \u010dase od 17:30-19:00 resp. od 18:00-19:30 Po-Pia, (pri 90 min sedeniach)  v sobotu medzi 8:00-12:00  K tejto slu\u017ebe je potrebn\u00e9 ma\u0165 zak\u00fapen\u00e9 aj individu\u00e1lne alebo man\u017eelsk\u00e9 poradenstvo.","og_url":"https:\/\/www.adamek-edu.sk\/?product=priplatok-za-sedenie-mimo-pracovnej-doby","og_site_name":"Mgr. Ivan Ad\u00e1mek","article_publisher":"https:\/\/www.facebook.com\/Man%c5%beelsk%c3%bd-poradca-Mgr-Ivan-Ad%c3%a1mek-245208902698654","article_modified_time":"2026-01-21T16:44:17+00:00","og_image":[{"width":784,"height":720,"url":"https:\/\/www.adamek-edu.sk\/wp-content\/uploads\/2023\/06\/Cas-mimo-prac-doby.png","type":"image\/png"}],"twitter_card":"summary_large_image","schema":{"@context":"https:\/\/schema.org","@graph":[{"@type":"WebPage","@id":"https:\/\/www.adamek-edu.sk\/?product=priplatok-za-sedenie-mimo-pracovnej-doby","url":"https:\/\/www.adamek-edu.sk\/?product=priplatok-za-sedenie-mimo-pracovnej-doby","name":"Pr\u00edplatok za sedenie mimo pracovnej doby - Mgr. Ivan Ad\u00e1mek","isPartOf":{"@id":"https:\/\/www.adamek-edu.sk\/#website"},"primaryImageOfPage":{"@id":"https:\/\/www.adamek-edu.sk\/?product=priplatok-za-sedenie-mimo-pracovnej-doby#primaryimage"},"image":{"@id":"https:\/\/www.adamek-edu.sk\/?product=priplatok-za-sedenie-mimo-pracovnej-doby#primaryimage"},"thumbnailUrl":"https:\/\/www.adamek-edu.sk\/wp-content\/uploads\/2023\/06\/Cas-mimo-prac-doby.png","datePublished":"2023-06-05T09:03:32+00:00","dateModified":"2026-01-21T16:44:17+00:00","breadcrumb":{"@id":"https:\/\/www.adamek-edu.sk\/?product=priplatok-za-sedenie-mimo-pracovnej-doby#breadcrumb"},"inLanguage":"sk-SK","potentialAction":[{"@type":"ReadAction","target":["https:\/\/www.adamek-edu.sk\/?product=priplatok-za-sedenie-mimo-pracovnej-doby"]}]},{"@type":"ImageObject","inLanguage":"sk-SK","@id":"https:\/\/www.adamek-edu.sk\/?product=priplatok-za-sedenie-mimo-pracovnej-doby#primaryimage","url":"https:\/\/www.adamek-edu.sk\/wp-content\/uploads\/2023\/06\/Cas-mimo-prac-doby.png","contentUrl":"https:\/\/www.adamek-edu.sk\/wp-content\/uploads\/2023\/06\/Cas-mimo-prac-doby.png","width":784,"height":720},{"@type":"BreadcrumbList","@id":"https:\/\/www.adamek-edu.sk\/?product=priplatok-za-sedenie-mimo-pracovnej-doby#breadcrumb","itemListElement":[{"@type":"ListItem","position":1,"name":"Home","item":"https:\/\/www.adamek-edu.sk\/"},{"@type":"ListItem","position":2,"name":"Obchod","item":"https:\/\/www.adamek-edu.sk\/?page_id=510"},{"@type":"ListItem","position":3,"name":"Pr\u00edplatok za sedenie mimo pracovnej doby"}]},{"@type":"WebSite","@id":"https:\/\/www.adamek-edu.sk\/#website","url":"https:\/\/www.adamek-edu.sk\/","name":"Mgr. Ivan Ad\u00e1mek","description":"Man\u017eelsk\u00e1, p\u00e1rov\u00e1 a individu\u00e1lna porad\u0148a","publisher":{"@id":"https:\/\/www.adamek-edu.sk\/#organization"},"potentialAction":[{"@type":"SearchAction","target":{"@type":"EntryPoint","urlTemplate":"https:\/\/www.adamek-edu.sk\/?s={search_term_string}"},"query-input":{"@type":"PropertyValueSpecification","valueRequired":true,"valueName":"search_term_string"}}],"inLanguage":"sk-SK"},{"@type":"Organization","@id":"https:\/\/www.adamek-edu.sk\/#organization","name":"Mgr. Ivan Ad\u00e1mek","url":"https:\/\/www.adamek-edu.sk\/","logo":{"@type":"ImageObject","inLanguage":"sk-SK","@id":"https:\/\/www.adamek-edu.sk\/#\/schema\/logo\/image\/","url":"https:\/\/www.adamek-edu.sk\/wp-content\/uploads\/2026\/02\/cropped-logo1.png","contentUrl":"https:\/\/www.adamek-edu.sk\/wp-content\/uploads\/2026\/02\/cropped-logo1.png","width":290,"height":248,"caption":"Mgr. Ivan Ad\u00e1mek"},"image":{"@id":"https:\/\/www.adamek-edu.sk\/#\/schema\/logo\/image\/"},"sameAs":["https:\/\/www.facebook.com\/Man\u017eelsk\u00fd-poradca-Mgr-Ivan-Ad\u00e1mek-245208902698654"]}]}},"jetpack_sharing_enabled":true,"_links":{"self":[{"href":"https:\/\/www.adamek-edu.sk\/index.php?rest_route=\/wp\/v2\/product\/584","targetHints":{"allow":["GET"]}}],"collection":[{"href":"https:\/\/www.adamek-edu.sk\/index.php?rest_route=\/wp\/v2\/product"}],"about":[{"href":"https:\/\/www.adamek-edu.sk\/index.php?rest_route=\/wp\/v2\/types\/product"}],"replies":[{"embeddable":true,"href":"https:\/\/www.adamek-edu.sk\/index.php?rest_route=%2Fwp%2Fv2%2Fcomments&post=584"}],"wp:featuredmedia":[{"embeddable":true,"href":"https:\/\/www.adamek-edu.sk\/index.php?rest_route=\/wp\/v2\/media\/592"}],"wp:attachment":[{"href":"https:\/\/www.adamek-edu.sk\/index.php?rest_route=%2Fwp%2Fv2%2Fmedia&parent=584"}],"wp:term":[{"taxonomy":"product_brand","embeddable":true,"href":"https:\/\/www.adamek-edu.sk\/index.php?rest_route=%2Fwp%2Fv2%2Fproduct_brand&post=584"},{"taxonomy":"product_cat","embeddable":true,"href":"https:\/\/www.adamek-edu.sk\/index.php?rest_route=%2Fwp%2Fv2%2Fproduct_cat&post=584"},{"taxonomy":"product_tag","embeddable":true,"href":"https:\/\/www.adamek-edu.sk\/index.php?rest_route=%2Fwp%2Fv2%2Fproduct_tag&post=584"}],"curies":[{"name":"wp","href":"https:\/\/api.w.org\/{rel}","templated":true}]}}