{"id":9,"date":"2018-06-25T15:10:51","date_gmt":"2018-06-25T15:10:51","guid":{"rendered":"http:\/\/www.adamek-edu.sk\/?page_id=9"},"modified":"2024-01-12T08:15:36","modified_gmt":"2024-01-12T07:15:36","slug":"manzelske-a-rodinne-poradenstvo","status":"publish","type":"page","link":"https:\/\/www.adamek-edu.sk\/?page_id=9","title":{"rendered":"Ako prebieha poradensk\u00fd proces?"},"content":{"rendered":"<h3><strong>Ako za\u010da\u0165 poradensk\u00fd proces?<\/strong><\/h3>\n<p>Aktu\u00e1lne sedenia poskytujem iba online formou, tak\u017ee na to budete potrebova\u0165 iba\u00a0pr\u00edstup na internet a mobil, notebook alebo po\u010d\u00edta\u010d s webkamerou.<\/p>\n<p>Krok \u010d. 1: V <a href=\"https:\/\/www.adamek-edu.sk\/?post_type=product\">obchode<\/a> si zak\u00fapite sedenie pod\u013ea v\u00e1\u0161ho v\u00fdberu p\u00e1rov\u00e9, resp. individu\u00e1lne prv\u00e9 sedenie. Sedenie zaplat\u00edte prevodom na \u00fa\u010det v sume pod\u013ea vami zvolenej slu\u017eby.<\/p>\n<p>Krok \u010d. 2: Vypln\u00edte vstupn\u00fd online dotazn\u00edk:<br \/>\npre \u017eeny:\u00a0<span style=\"color: #ff0000;\"><a style=\"color: #ff0000;\" href=\"https:\/\/forms.gle\/c6CmUrkjZhDVJu7y6\">dotazn\u00edk<\/a><\/span><br \/>\npre mu\u017eov:\u00a0<a href=\"https:\/\/forms.gle\/t5qpSjL66aiAcpFV6\"><span style=\"color: #0000ff;\">dotazn\u00edk<\/span><\/a><\/p>\n<p>Krok \u010d.3: Po prijat\u00ed platby a vyplnen\u00ed vstupn\u00fdch dotazn\u00edkov dostanete pr\u00edstup do m\u00f4jho rezerva\u010dn\u00e9ho syst\u00e9mu a vyberiete si dostupn\u00fd term\u00edn, ktor\u00fd v\u00e1m bude vyhovova\u0165. Rezerva\u010dn\u00fd syst\u00e9m v\u00e1m i mne okam\u017eite po\u0161le e-mail o dohodnutom term\u00edne. Tento e-mail si uchovajte pre pripojenie sa na sedenie prostredn\u00edctvom odkazu.<\/p>\n<p>Krok \u010d.4: V \u010dase sedenia sa pripoj\u00edte na sedenie prostredn\u00edctvom odkazu, ktor\u00fd v\u00e1m za\u0161le automatizovan\u00fd rezerva\u010dn\u00fd syst\u00e9m.\u00a0 Sedenia prebiehaj\u00fa prostredn\u00edctvom slu\u017eby Google meets &#8211; nie je nutn\u00e1 \u017eiadna \u0161peci\u00e1lna in\u0161tal\u00e1cia.<\/p>\n<p><span style=\"color: #ff0000;\">Po vytvoren\u00ed rezerv\u00e1cie prostredn\u00edctvom automatizovan\u00e9ho syst\u00e9mu v\u00e1m e-mail mus\u00ed pr\u00eds\u0165! Ak nepri\u0161iel okam\u017eite, zrejme ste v adrese urobili preklep. Ak V\u00e1m tento e-mail s rezerv\u00e1ciou nepri\u0161iel, nap\u00ed\u0161te mi pros\u00edm e-mail, aby som v\u00e1m pripojovacie \u00fadaje preposlal.<\/span><\/p>\n<hr \/>\n<h3><strong>Ako prebieha poradensk\u00fd proces v p\u00e1re?<\/strong><\/h3>\n<p>Krok 0. E\u0161te pred seden\u00edm si pozriem v\u00e1\u0161 dotazn\u00edk z ktor\u00e9ho si urob\u00edm prv\u00fd obraz o v\u00e1s a va\u0161om vz\u0165ahu.<\/p>\n<p>Krok 1. Za\u010d\u00edname predstaven\u00edm v\u00e1\u0161ho vz\u0165ahu:<\/p>\n<p>Krok 2. Diagnostika k\u013e\u00fa\u010dov\u00fdch probl\u00e9mov<br \/>\nSpolo\u010dne n\u00e1jdeme skuto\u010dn\u00fa (objekt\u00edvnu) pr\u00ed\u010dinu va\u0161ich probl\u00e9mov<\/p>\n<p>Krok 3. Uk\u00e1\u017eem v\u00e1m mo\u017enosti, sp\u00f4soby, met\u00f3dy a n\u00e1stroje, ktor\u00e9 v\u00e1m pom\u00f4\u017eu rie\u0161i\u0165 va\u0161e probl\u00e9my komplexne a pom\u00f4\u017eu v\u00e1m v transform\u00e1ci\u00ed a budovan\u00ed v\u00e1\u0161ho vz\u0165ahu.<\/p>\n<p>Krok 4. Z\u00e1ver &#8211; Priestor na ot\u00e1zky, zhrnutie, dohodnutie \u010fal\u0161ieho term\u00ednu, ukon\u010denie sedenia<\/p>\n<hr \/>\n<h3><strong>Ako prebieha individu\u00e1lny poradensk\u00fd proces?<\/strong><\/h3>\n<ul>\n<li>Ak sa jedn\u00e1 iba o <a href=\"https:\/\/www.adamek-edu.sk\/?page_id=309\">individu\u00e1lne poradenstvo<\/a> proces prebieha v z\u00e1vislosti od individu\u00e1lnej potreby klienta<\/li>\n<li>Ak sa t\u00fdka partnersk\u00e9ho probl\u00e9mu, je postup podobn\u00fd s poradensk\u00fdm procesom v p\u00e1re, av\u0161ak to tvor\u00ed iba 30% z m\u00f4jho n\u00e1zoru na v\u00e1\u0161 vz\u0165ah, \u010fal\u0161\u00edch 30% si viem utvori\u0165 z n\u00e1zoru v\u00e1\u0161ho partnera\/partnerky a 40% z interakcie medzi vami (tak\u017ee 100% dosiahneme a\u017e na p\u00e1rovom seden\u00ed) spravidla teda po individu\u00e1lnej konzult\u00e1ci\u00ed je d\u00f4le\u017eit\u00e9:<br \/>\na) aby na nasledovalo individu\u00e1lne sedenie s va\u0161im partnerom a potom p\u00e1rov\u00e9 sedenia alebo,<br \/>\nb) aby nasledovalo p\u00e1rov\u00e9 sedenie.<\/li>\n<\/ul>\n","protected":false},"excerpt":{"rendered":"<p>Ako za\u010da\u0165 poradensk\u00fd proces? Aktu\u00e1lne sedenia poskytujem iba online formou, tak\u017ee na to budete potrebova\u0165 iba\u00a0pr\u00edstup na internet a mobil, notebook alebo po\u010d\u00edta\u010d s webkamerou. Krok \u010d. 1: V obchode si zak\u00fapite sedenie pod\u013ea v\u00e1\u0161ho v\u00fdberu p\u00e1rov\u00e9, resp. individu\u00e1lne prv\u00e9 sedenie. Sedenie zaplat\u00edte prevodom na \u00fa\u010det v sume pod\u013ea vami zvolenej slu\u017eby. Krok \u010d. 2: Vypln\u00edte vstupn\u00fd online dotazn\u00edk: pre \u017eeny:\u00a0dotazn\u00edk pre mu\u017eov:\u00a0dotazn\u00edk Krok \u010d.3: Po prijat\u00ed platby a vyplnen\u00ed&hellip;<\/p>\n","protected":false},"author":2,"featured_media":0,"parent":0,"menu_order":0,"comment_status":"closed","ping_status":"closed","template":"","meta":{"_glsr_average":0,"_glsr_ranking":0,"_glsr_reviews":0,"footnotes":""},"class_list":["post-9","page","type-page","status-publish","hentry"],"yoast_head":"<!-- This site is optimized with the Yoast SEO plugin v26.7 - https:\/\/yoast.com\/wordpress\/plugins\/seo\/ -->\n<title>Ako prebieha poradensk\u00fd proces? - Mgr. Ivan Ad\u00e1mek<\/title>\n<meta name=\"robots\" content=\"index, follow, max-snippet:-1, max-image-preview:large, max-video-preview:-1\" \/>\n<link rel=\"canonical\" href=\"https:\/\/www.adamek-edu.sk\/?page_id=9\" \/>\n<meta property=\"og:locale\" content=\"sk_SK\" \/>\n<meta property=\"og:type\" content=\"article\" \/>\n<meta property=\"og:title\" content=\"Ako prebieha poradensk\u00fd proces? - Mgr. Ivan Ad\u00e1mek\" \/>\n<meta property=\"og:description\" content=\"Ako za\u010da\u0165 poradensk\u00fd proces? Aktu\u00e1lne sedenia poskytujem iba online formou, tak\u017ee na to budete potrebova\u0165 iba\u00a0pr\u00edstup na internet a mobil, notebook alebo po\u010d\u00edta\u010d s webkamerou. Krok \u010d. 1: V obchode si zak\u00fapite sedenie pod\u013ea v\u00e1\u0161ho v\u00fdberu p\u00e1rov\u00e9, resp. individu\u00e1lne prv\u00e9 sedenie. Sedenie zaplat\u00edte prevodom na \u00fa\u010det v sume pod\u013ea vami zvolenej slu\u017eby. Krok \u010d. 2: Vypln\u00edte vstupn\u00fd online dotazn\u00edk: pre \u017eeny:\u00a0dotazn\u00edk pre mu\u017eov:\u00a0dotazn\u00edk Krok \u010d.3: Po prijat\u00ed platby a vyplnen\u00ed&hellip;\" \/>\n<meta property=\"og:url\" content=\"https:\/\/www.adamek-edu.sk\/?page_id=9\" \/>\n<meta property=\"og:site_name\" content=\"Mgr. Ivan Ad\u00e1mek\" \/>\n<meta property=\"article:publisher\" content=\"https:\/\/www.facebook.com\/Man%c5%beelsk%c3%bd-poradca-Mgr-Ivan-Ad%c3%a1mek-245208902698654\" \/>\n<meta property=\"article:modified_time\" content=\"2024-01-12T07:15:36+00:00\" \/>\n<meta name=\"twitter:card\" content=\"summary_large_image\" \/>\n<meta name=\"twitter:label1\" content=\"Predpokladan\u00fd \u010das \u010d\u00edtania\" \/>\n\t<meta name=\"twitter:data1\" content=\"2 min\u00faty\" \/>\n<script type=\"application\/ld+json\" class=\"yoast-schema-graph\">{\"@context\":\"https:\/\/schema.org\",\"@graph\":[{\"@type\":\"WebPage\",\"@id\":\"https:\/\/www.adamek-edu.sk\/?page_id=9\",\"url\":\"https:\/\/www.adamek-edu.sk\/?page_id=9\",\"name\":\"Ako prebieha poradensk\u00fd proces? - Mgr. Ivan Ad\u00e1mek\",\"isPartOf\":{\"@id\":\"https:\/\/www.adamek-edu.sk\/#website\"},\"datePublished\":\"2018-06-25T15:10:51+00:00\",\"dateModified\":\"2024-01-12T07:15:36+00:00\",\"breadcrumb\":{\"@id\":\"https:\/\/www.adamek-edu.sk\/?page_id=9#breadcrumb\"},\"inLanguage\":\"sk-SK\",\"potentialAction\":[{\"@type\":\"ReadAction\",\"target\":[\"https:\/\/www.adamek-edu.sk\/?page_id=9\"]}]},{\"@type\":\"BreadcrumbList\",\"@id\":\"https:\/\/www.adamek-edu.sk\/?page_id=9#breadcrumb\",\"itemListElement\":[{\"@type\":\"ListItem\",\"position\":1,\"name\":\"Home\",\"item\":\"https:\/\/www.adamek-edu.sk\/\"},{\"@type\":\"ListItem\",\"position\":2,\"name\":\"Ako prebieha poradensk\u00fd proces?\"}]},{\"@type\":\"WebSite\",\"@id\":\"https:\/\/www.adamek-edu.sk\/#website\",\"url\":\"https:\/\/www.adamek-edu.sk\/\",\"name\":\"Mgr. Ivan Ad\u00e1mek\",\"description\":\"Man\u017eelsk\u00e1, p\u00e1rov\u00e1 a individu\u00e1lna porad\u0148a\",\"publisher\":{\"@id\":\"https:\/\/www.adamek-edu.sk\/#organization\"},\"potentialAction\":[{\"@type\":\"SearchAction\",\"target\":{\"@type\":\"EntryPoint\",\"urlTemplate\":\"https:\/\/www.adamek-edu.sk\/?s={search_term_string}\"},\"query-input\":{\"@type\":\"PropertyValueSpecification\",\"valueRequired\":true,\"valueName\":\"search_term_string\"}}],\"inLanguage\":\"sk-SK\"},{\"@type\":\"Organization\",\"@id\":\"https:\/\/www.adamek-edu.sk\/#organization\",\"name\":\"Mgr. Ivan Ad\u00e1mek\",\"url\":\"https:\/\/www.adamek-edu.sk\/\",\"logo\":{\"@type\":\"ImageObject\",\"inLanguage\":\"sk-SK\",\"@id\":\"https:\/\/www.adamek-edu.sk\/#\/schema\/logo\/image\/\",\"url\":\"https:\/\/www.adamek-edu.sk\/wp-content\/uploads\/2026\/02\/cropped-logo1.png\",\"contentUrl\":\"https:\/\/www.adamek-edu.sk\/wp-content\/uploads\/2026\/02\/cropped-logo1.png\",\"width\":290,\"height\":248,\"caption\":\"Mgr. Ivan Ad\u00e1mek\"},\"image\":{\"@id\":\"https:\/\/www.adamek-edu.sk\/#\/schema\/logo\/image\/\"},\"sameAs\":[\"https:\/\/www.facebook.com\/Man\u017eelsk\u00fd-poradca-Mgr-Ivan-Ad\u00e1mek-245208902698654\"]}]}<\/script>\n<!-- \/ Yoast SEO plugin. -->","yoast_head_json":{"title":"Ako prebieha poradensk\u00fd proces? - Mgr. Ivan Ad\u00e1mek","robots":{"index":"index","follow":"follow","max-snippet":"max-snippet:-1","max-image-preview":"max-image-preview:large","max-video-preview":"max-video-preview:-1"},"canonical":"https:\/\/www.adamek-edu.sk\/?page_id=9","og_locale":"sk_SK","og_type":"article","og_title":"Ako prebieha poradensk\u00fd proces? - Mgr. Ivan Ad\u00e1mek","og_description":"Ako za\u010da\u0165 poradensk\u00fd proces? Aktu\u00e1lne sedenia poskytujem iba online formou, tak\u017ee na to budete potrebova\u0165 iba\u00a0pr\u00edstup na internet a mobil, notebook alebo po\u010d\u00edta\u010d s webkamerou. Krok \u010d. 1: V obchode si zak\u00fapite sedenie pod\u013ea v\u00e1\u0161ho v\u00fdberu p\u00e1rov\u00e9, resp. individu\u00e1lne prv\u00e9 sedenie. Sedenie zaplat\u00edte prevodom na \u00fa\u010det v sume pod\u013ea vami zvolenej slu\u017eby. Krok \u010d. 2: Vypln\u00edte vstupn\u00fd online dotazn\u00edk: pre \u017eeny:\u00a0dotazn\u00edk pre mu\u017eov:\u00a0dotazn\u00edk Krok \u010d.3: Po prijat\u00ed platby a vyplnen\u00ed&hellip;","og_url":"https:\/\/www.adamek-edu.sk\/?page_id=9","og_site_name":"Mgr. Ivan Ad\u00e1mek","article_publisher":"https:\/\/www.facebook.com\/Man%c5%beelsk%c3%bd-poradca-Mgr-Ivan-Ad%c3%a1mek-245208902698654","article_modified_time":"2024-01-12T07:15:36+00:00","twitter_card":"summary_large_image","twitter_misc":{"Predpokladan\u00fd \u010das \u010d\u00edtania":"2 min\u00faty"},"schema":{"@context":"https:\/\/schema.org","@graph":[{"@type":"WebPage","@id":"https:\/\/www.adamek-edu.sk\/?page_id=9","url":"https:\/\/www.adamek-edu.sk\/?page_id=9","name":"Ako prebieha poradensk\u00fd proces? - Mgr. Ivan Ad\u00e1mek","isPartOf":{"@id":"https:\/\/www.adamek-edu.sk\/#website"},"datePublished":"2018-06-25T15:10:51+00:00","dateModified":"2024-01-12T07:15:36+00:00","breadcrumb":{"@id":"https:\/\/www.adamek-edu.sk\/?page_id=9#breadcrumb"},"inLanguage":"sk-SK","potentialAction":[{"@type":"ReadAction","target":["https:\/\/www.adamek-edu.sk\/?page_id=9"]}]},{"@type":"BreadcrumbList","@id":"https:\/\/www.adamek-edu.sk\/?page_id=9#breadcrumb","itemListElement":[{"@type":"ListItem","position":1,"name":"Home","item":"https:\/\/www.adamek-edu.sk\/"},{"@type":"ListItem","position":2,"name":"Ako prebieha poradensk\u00fd proces?"}]},{"@type":"WebSite","@id":"https:\/\/www.adamek-edu.sk\/#website","url":"https:\/\/www.adamek-edu.sk\/","name":"Mgr. Ivan Ad\u00e1mek","description":"Man\u017eelsk\u00e1, p\u00e1rov\u00e1 a individu\u00e1lna porad\u0148a","publisher":{"@id":"https:\/\/www.adamek-edu.sk\/#organization"},"potentialAction":[{"@type":"SearchAction","target":{"@type":"EntryPoint","urlTemplate":"https:\/\/www.adamek-edu.sk\/?s={search_term_string}"},"query-input":{"@type":"PropertyValueSpecification","valueRequired":true,"valueName":"search_term_string"}}],"inLanguage":"sk-SK"},{"@type":"Organization","@id":"https:\/\/www.adamek-edu.sk\/#organization","name":"Mgr. Ivan Ad\u00e1mek","url":"https:\/\/www.adamek-edu.sk\/","logo":{"@type":"ImageObject","inLanguage":"sk-SK","@id":"https:\/\/www.adamek-edu.sk\/#\/schema\/logo\/image\/","url":"https:\/\/www.adamek-edu.sk\/wp-content\/uploads\/2026\/02\/cropped-logo1.png","contentUrl":"https:\/\/www.adamek-edu.sk\/wp-content\/uploads\/2026\/02\/cropped-logo1.png","width":290,"height":248,"caption":"Mgr. Ivan Ad\u00e1mek"},"image":{"@id":"https:\/\/www.adamek-edu.sk\/#\/schema\/logo\/image\/"},"sameAs":["https:\/\/www.facebook.com\/Man\u017eelsk\u00fd-poradca-Mgr-Ivan-Ad\u00e1mek-245208902698654"]}]}},"jetpack_sharing_enabled":true,"_links":{"self":[{"href":"https:\/\/www.adamek-edu.sk\/index.php?rest_route=\/wp\/v2\/pages\/9","targetHints":{"allow":["GET"]}}],"collection":[{"href":"https:\/\/www.adamek-edu.sk\/index.php?rest_route=\/wp\/v2\/pages"}],"about":[{"href":"https:\/\/www.adamek-edu.sk\/index.php?rest_route=\/wp\/v2\/types\/page"}],"author":[{"embeddable":true,"href":"https:\/\/www.adamek-edu.sk\/index.php?rest_route=\/wp\/v2\/users\/2"}],"replies":[{"embeddable":true,"href":"https:\/\/www.adamek-edu.sk\/index.php?rest_route=%2Fwp%2Fv2%2Fcomments&post=9"}],"version-history":[{"count":39,"href":"https:\/\/www.adamek-edu.sk\/index.php?rest_route=\/wp\/v2\/pages\/9\/revisions"}],"predecessor-version":[{"id":717,"href":"https:\/\/www.adamek-edu.sk\/index.php?rest_route=\/wp\/v2\/pages\/9\/revisions\/717"}],"wp:attachment":[{"href":"https:\/\/www.adamek-edu.sk\/index.php?rest_route=%2Fwp%2Fv2%2Fmedia&parent=9"}],"curies":[{"name":"wp","href":"https:\/\/api.w.org\/{rel}","templated":true}]}}