{"id":888,"date":"2025-08-08T10:08:17","date_gmt":"2025-08-08T09:08:17","guid":{"rendered":"https:\/\/www.adamek-edu.sk\/?page_id=888"},"modified":"2026-03-23T11:22:56","modified_gmt":"2026-03-23T10:22:56","slug":"konzultacia-zdarma","status":"publish","type":"page","link":"https:\/\/www.adamek-edu.sk\/?page_id=888","title":{"rendered":"Konzult\u00e1cia zdarma"},"content":{"rendered":"<p>Ak m\u00e1te z\u00e1ujem o 15 min\u00fatov\u00fa konzult\u00e1ciu zdarma pros\u00edm nap\u00ed\u0161te mi e-mail s predmetom &#8220;Bezplatn\u00e1 konzult\u00e1cia&#8221; na e-mail adamek.edu@gmail.com<br \/>\nalebo vypl\u0148te formul\u00e1r.<\/p>\n<p>Uve\u010fte:<br \/>\n1. Stru\u010dne pop\u00ed\u0161te V\u00e1\u0161 probl\u00e9m, alebo \u010do by ste mali z\u00e1ujem rie\u0161i\u0165.<br \/>\n2. Bezplatn\u00e9 konzult\u00e1cie prebiehaj\u00fa v pondelky. Uve\u010fte pribli\u017en\u00fd \u010das kedy by V\u00e1m to vyhovovalo alebo uve\u010fte \u201edoobeda\u201c resp. \u201epoobede\u201c<\/p>\n<p>Ozvem sa V\u00e1m hne\u010f ako to bude mo\u017en\u00e9<\/p>\n<p><iframe src=\"https:\/\/docs.google.com\/forms\/d\/e\/1FAIpQLScwXL6EdfMJGCj8nwrYgdls1-lciqdaJkK7JzZvfejOSjjcvQ\/viewform?embedded=true\" width=\"640\" height=\"1143\" frameborder=\"0\" marginheight=\"0\" marginwidth=\"0\">Na\u010d\u00edtava sa\u2026<\/iframe><\/p>\n<p>Nezobrazuje sa formul\u00e1r spr\u00e1vne? Kliknite <a href=\"https:\/\/docs.google.com\/forms\/d\/e\/1FAIpQLScwXL6EdfMJGCj8nwrYgdls1-lciqdaJkK7JzZvfejOSjjcvQ\/viewform?usp=dialog\">TU<\/a>!<\/p>\n","protected":false},"excerpt":{"rendered":"<p>Ak m\u00e1te z\u00e1ujem o 15 min\u00fatov\u00fa konzult\u00e1ciu zdarma pros\u00edm nap\u00ed\u0161te mi e-mail s predmetom &#8220;Bezplatn\u00e1 konzult\u00e1cia&#8221; na e-mail adamek.edu@gmail.com alebo vypl\u0148te formul\u00e1r. Uve\u010fte: 1. Stru\u010dne pop\u00ed\u0161te V\u00e1\u0161 probl\u00e9m, alebo \u010do by ste mali z\u00e1ujem rie\u0161i\u0165. 2. Bezplatn\u00e9 konzult\u00e1cie prebiehaj\u00fa v pondelky. Uve\u010fte pribli\u017en\u00fd \u010das kedy by V\u00e1m to vyhovovalo alebo uve\u010fte \u201edoobeda\u201c resp. \u201epoobede\u201c Ozvem sa V\u00e1m hne\u010f ako to bude mo\u017en\u00e9 Na\u010d\u00edtava sa\u2026 Nezobrazuje sa formul\u00e1r spr\u00e1vne? Kliknite TU!<\/p>\n","protected":false},"author":2,"featured_media":0,"parent":0,"menu_order":0,"comment_status":"closed","ping_status":"closed","template":"","meta":{"_glsr_average":0,"_glsr_ranking":0,"_glsr_reviews":0,"footnotes":""},"class_list":["post-888","page","type-page","status-publish","hentry"],"yoast_head":"<!-- This site is optimized with the Yoast SEO plugin v26.7 - https:\/\/yoast.com\/wordpress\/plugins\/seo\/ -->\n<title>Konzult\u00e1cia zdarma - Mgr. Ivan Ad\u00e1mek<\/title>\n<meta name=\"robots\" content=\"index, follow, max-snippet:-1, max-image-preview:large, max-video-preview:-1\" \/>\n<link rel=\"canonical\" href=\"https:\/\/www.adamek-edu.sk\/?page_id=888\" \/>\n<meta property=\"og:locale\" content=\"sk_SK\" \/>\n<meta property=\"og:type\" content=\"article\" \/>\n<meta property=\"og:title\" content=\"Konzult\u00e1cia zdarma - Mgr. Ivan Ad\u00e1mek\" \/>\n<meta property=\"og:description\" content=\"Ak m\u00e1te z\u00e1ujem o 15 min\u00fatov\u00fa konzult\u00e1ciu zdarma pros\u00edm nap\u00ed\u0161te mi e-mail s predmetom &#8220;Bezplatn\u00e1 konzult\u00e1cia&#8221; na e-mail adamek.edu@gmail.com alebo vypl\u0148te formul\u00e1r. Uve\u010fte: 1. Stru\u010dne pop\u00ed\u0161te V\u00e1\u0161 probl\u00e9m, alebo \u010do by ste mali z\u00e1ujem rie\u0161i\u0165. 2. Bezplatn\u00e9 konzult\u00e1cie prebiehaj\u00fa v pondelky. Uve\u010fte pribli\u017en\u00fd \u010das kedy by V\u00e1m to vyhovovalo alebo uve\u010fte \u201edoobeda\u201c resp. \u201epoobede\u201c Ozvem sa V\u00e1m hne\u010f ako to bude mo\u017en\u00e9 Na\u010d\u00edtava sa\u2026 Nezobrazuje sa formul\u00e1r spr\u00e1vne? Kliknite TU!\" \/>\n<meta property=\"og:url\" content=\"https:\/\/www.adamek-edu.sk\/?page_id=888\" \/>\n<meta property=\"og:site_name\" content=\"Mgr. Ivan Ad\u00e1mek\" \/>\n<meta property=\"article:publisher\" content=\"https:\/\/www.facebook.com\/Man%c5%beelsk%c3%bd-poradca-Mgr-Ivan-Ad%c3%a1mek-245208902698654\" \/>\n<meta property=\"article:modified_time\" content=\"2026-03-23T10:22:56+00:00\" \/>\n<meta name=\"twitter:card\" content=\"summary_large_image\" \/>\n<meta name=\"twitter:label1\" content=\"Predpokladan\u00fd \u010das \u010d\u00edtania\" \/>\n\t<meta name=\"twitter:data1\" content=\"1 min\u00fata\" \/>\n<script type=\"application\/ld+json\" class=\"yoast-schema-graph\">{\"@context\":\"https:\/\/schema.org\",\"@graph\":[{\"@type\":\"WebPage\",\"@id\":\"https:\/\/www.adamek-edu.sk\/?page_id=888\",\"url\":\"https:\/\/www.adamek-edu.sk\/?page_id=888\",\"name\":\"Konzult\u00e1cia zdarma - Mgr. Ivan Ad\u00e1mek\",\"isPartOf\":{\"@id\":\"https:\/\/www.adamek-edu.sk\/#website\"},\"datePublished\":\"2025-08-08T09:08:17+00:00\",\"dateModified\":\"2026-03-23T10:22:56+00:00\",\"breadcrumb\":{\"@id\":\"https:\/\/www.adamek-edu.sk\/?page_id=888#breadcrumb\"},\"inLanguage\":\"sk-SK\",\"potentialAction\":[{\"@type\":\"ReadAction\",\"target\":[\"https:\/\/www.adamek-edu.sk\/?page_id=888\"]}]},{\"@type\":\"BreadcrumbList\",\"@id\":\"https:\/\/www.adamek-edu.sk\/?page_id=888#breadcrumb\",\"itemListElement\":[{\"@type\":\"ListItem\",\"position\":1,\"name\":\"Home\",\"item\":\"https:\/\/www.adamek-edu.sk\/\"},{\"@type\":\"ListItem\",\"position\":2,\"name\":\"Konzult\u00e1cia zdarma\"}]},{\"@type\":\"WebSite\",\"@id\":\"https:\/\/www.adamek-edu.sk\/#website\",\"url\":\"https:\/\/www.adamek-edu.sk\/\",\"name\":\"Mgr. Ivan Ad\u00e1mek\",\"description\":\"Man\u017eelsk\u00e1, p\u00e1rov\u00e1 a individu\u00e1lna porad\u0148a\",\"publisher\":{\"@id\":\"https:\/\/www.adamek-edu.sk\/#organization\"},\"potentialAction\":[{\"@type\":\"SearchAction\",\"target\":{\"@type\":\"EntryPoint\",\"urlTemplate\":\"https:\/\/www.adamek-edu.sk\/?s={search_term_string}\"},\"query-input\":{\"@type\":\"PropertyValueSpecification\",\"valueRequired\":true,\"valueName\":\"search_term_string\"}}],\"inLanguage\":\"sk-SK\"},{\"@type\":\"Organization\",\"@id\":\"https:\/\/www.adamek-edu.sk\/#organization\",\"name\":\"Mgr. Ivan Ad\u00e1mek\",\"url\":\"https:\/\/www.adamek-edu.sk\/\",\"logo\":{\"@type\":\"ImageObject\",\"inLanguage\":\"sk-SK\",\"@id\":\"https:\/\/www.adamek-edu.sk\/#\/schema\/logo\/image\/\",\"url\":\"https:\/\/www.adamek-edu.sk\/wp-content\/uploads\/2026\/02\/cropped-logo1.png\",\"contentUrl\":\"https:\/\/www.adamek-edu.sk\/wp-content\/uploads\/2026\/02\/cropped-logo1.png\",\"width\":290,\"height\":248,\"caption\":\"Mgr. Ivan Ad\u00e1mek\"},\"image\":{\"@id\":\"https:\/\/www.adamek-edu.sk\/#\/schema\/logo\/image\/\"},\"sameAs\":[\"https:\/\/www.facebook.com\/Man\u017eelsk\u00fd-poradca-Mgr-Ivan-Ad\u00e1mek-245208902698654\"]}]}<\/script>\n<!-- \/ Yoast SEO plugin. -->","yoast_head_json":{"title":"Konzult\u00e1cia zdarma - Mgr. Ivan Ad\u00e1mek","robots":{"index":"index","follow":"follow","max-snippet":"max-snippet:-1","max-image-preview":"max-image-preview:large","max-video-preview":"max-video-preview:-1"},"canonical":"https:\/\/www.adamek-edu.sk\/?page_id=888","og_locale":"sk_SK","og_type":"article","og_title":"Konzult\u00e1cia zdarma - Mgr. Ivan Ad\u00e1mek","og_description":"Ak m\u00e1te z\u00e1ujem o 15 min\u00fatov\u00fa konzult\u00e1ciu zdarma pros\u00edm nap\u00ed\u0161te mi e-mail s predmetom &#8220;Bezplatn\u00e1 konzult\u00e1cia&#8221; na e-mail adamek.edu@gmail.com alebo vypl\u0148te formul\u00e1r. Uve\u010fte: 1. Stru\u010dne pop\u00ed\u0161te V\u00e1\u0161 probl\u00e9m, alebo \u010do by ste mali z\u00e1ujem rie\u0161i\u0165. 2. Bezplatn\u00e9 konzult\u00e1cie prebiehaj\u00fa v pondelky. Uve\u010fte pribli\u017en\u00fd \u010das kedy by V\u00e1m to vyhovovalo alebo uve\u010fte \u201edoobeda\u201c resp. \u201epoobede\u201c Ozvem sa V\u00e1m hne\u010f ako to bude mo\u017en\u00e9 Na\u010d\u00edtava sa\u2026 Nezobrazuje sa formul\u00e1r spr\u00e1vne? Kliknite TU!","og_url":"https:\/\/www.adamek-edu.sk\/?page_id=888","og_site_name":"Mgr. Ivan Ad\u00e1mek","article_publisher":"https:\/\/www.facebook.com\/Man%c5%beelsk%c3%bd-poradca-Mgr-Ivan-Ad%c3%a1mek-245208902698654","article_modified_time":"2026-03-23T10:22:56+00:00","twitter_card":"summary_large_image","twitter_misc":{"Predpokladan\u00fd \u010das \u010d\u00edtania":"1 min\u00fata"},"schema":{"@context":"https:\/\/schema.org","@graph":[{"@type":"WebPage","@id":"https:\/\/www.adamek-edu.sk\/?page_id=888","url":"https:\/\/www.adamek-edu.sk\/?page_id=888","name":"Konzult\u00e1cia zdarma - Mgr. Ivan Ad\u00e1mek","isPartOf":{"@id":"https:\/\/www.adamek-edu.sk\/#website"},"datePublished":"2025-08-08T09:08:17+00:00","dateModified":"2026-03-23T10:22:56+00:00","breadcrumb":{"@id":"https:\/\/www.adamek-edu.sk\/?page_id=888#breadcrumb"},"inLanguage":"sk-SK","potentialAction":[{"@type":"ReadAction","target":["https:\/\/www.adamek-edu.sk\/?page_id=888"]}]},{"@type":"BreadcrumbList","@id":"https:\/\/www.adamek-edu.sk\/?page_id=888#breadcrumb","itemListElement":[{"@type":"ListItem","position":1,"name":"Home","item":"https:\/\/www.adamek-edu.sk\/"},{"@type":"ListItem","position":2,"name":"Konzult\u00e1cia zdarma"}]},{"@type":"WebSite","@id":"https:\/\/www.adamek-edu.sk\/#website","url":"https:\/\/www.adamek-edu.sk\/","name":"Mgr. Ivan Ad\u00e1mek","description":"Man\u017eelsk\u00e1, p\u00e1rov\u00e1 a individu\u00e1lna porad\u0148a","publisher":{"@id":"https:\/\/www.adamek-edu.sk\/#organization"},"potentialAction":[{"@type":"SearchAction","target":{"@type":"EntryPoint","urlTemplate":"https:\/\/www.adamek-edu.sk\/?s={search_term_string}"},"query-input":{"@type":"PropertyValueSpecification","valueRequired":true,"valueName":"search_term_string"}}],"inLanguage":"sk-SK"},{"@type":"Organization","@id":"https:\/\/www.adamek-edu.sk\/#organization","name":"Mgr. Ivan Ad\u00e1mek","url":"https:\/\/www.adamek-edu.sk\/","logo":{"@type":"ImageObject","inLanguage":"sk-SK","@id":"https:\/\/www.adamek-edu.sk\/#\/schema\/logo\/image\/","url":"https:\/\/www.adamek-edu.sk\/wp-content\/uploads\/2026\/02\/cropped-logo1.png","contentUrl":"https:\/\/www.adamek-edu.sk\/wp-content\/uploads\/2026\/02\/cropped-logo1.png","width":290,"height":248,"caption":"Mgr. Ivan Ad\u00e1mek"},"image":{"@id":"https:\/\/www.adamek-edu.sk\/#\/schema\/logo\/image\/"},"sameAs":["https:\/\/www.facebook.com\/Man\u017eelsk\u00fd-poradca-Mgr-Ivan-Ad\u00e1mek-245208902698654"]}]}},"jetpack_sharing_enabled":true,"_links":{"self":[{"href":"https:\/\/www.adamek-edu.sk\/index.php?rest_route=\/wp\/v2\/pages\/888","targetHints":{"allow":["GET"]}}],"collection":[{"href":"https:\/\/www.adamek-edu.sk\/index.php?rest_route=\/wp\/v2\/pages"}],"about":[{"href":"https:\/\/www.adamek-edu.sk\/index.php?rest_route=\/wp\/v2\/types\/page"}],"author":[{"embeddable":true,"href":"https:\/\/www.adamek-edu.sk\/index.php?rest_route=\/wp\/v2\/users\/2"}],"replies":[{"embeddable":true,"href":"https:\/\/www.adamek-edu.sk\/index.php?rest_route=%2Fwp%2Fv2%2Fcomments&post=888"}],"version-history":[{"count":6,"href":"https:\/\/www.adamek-edu.sk\/index.php?rest_route=\/wp\/v2\/pages\/888\/revisions"}],"predecessor-version":[{"id":1123,"href":"https:\/\/www.adamek-edu.sk\/index.php?rest_route=\/wp\/v2\/pages\/888\/revisions\/1123"}],"wp:attachment":[{"href":"https:\/\/www.adamek-edu.sk\/index.php?rest_route=%2Fwp%2Fv2%2Fmedia&parent=888"}],"curies":[{"name":"wp","href":"https:\/\/api.w.org\/{rel}","templated":true}]}}