{"id":765,"date":"2024-03-02T15:07:06","date_gmt":"2024-03-02T14:07:06","guid":{"rendered":"https:\/\/www.adamek-edu.sk\/?page_id=765"},"modified":"2026-04-29T18:02:21","modified_gmt":"2026-04-29T17:02:21","slug":"o-mne","status":"publish","type":"page","link":"https:\/\/www.adamek-edu.sk\/?page_id=765","title":{"rendered":"O mne"},"content":{"rendered":"<p style=\"text-align: justify;\">Mgr. Ivan Ad\u00e1mek<\/p>\n<p style=\"text-align: justify;\">Som man\u017eelsk\u00fd poradca a lektor, vy\u0161tudoval som andragogiku a pedagogiku a zameriavam sa na poradensk\u00fa \u010dinnos\u0165 v oblasti man\u017eelstva a vz\u0165ahov a probl\u00e9mov t\u00fdkaj\u00facich sa t\u00fdchto oblast\u00ed:\u00a0 partnersk\u00e9 kr\u00edzy, komunik\u00e1cia, sexualita, intimita, financie, a i.<\/p>\n<p>Vzdelanie:<\/p>\n<p>2012-2015 &#8211; Bc. Andragogika PdF UMB v BB<\/p>\n<p>2015-2016 &#8211; Andragogika FF UK v BA<\/p>\n<p>2016-2017 &#8211; Mgr. Pedagogika FF UK v BA<\/p>\n<p>2017 &#8211; s\u00fa\u010dasnos\u0165 &#8211;\u00a0 Kurzy a odborn\u00e1 literat\u00fara v oblasti:<\/p>\n<ul>\n<li>Man\u017eelsk\u00e9ho\/p\u00e1rov\u00e9ho poradenstva<\/li>\n<li>Komunik\u00e1cie<\/li>\n<li>Sexuality a sexu\u00e1lnej v\u00fdchovy<\/li>\n<li>Psychol\u00f3gie<\/li>\n<li>Asertivity<\/li>\n<li>Pr\u00e1ca s em\u00f3ciami a traumami<\/li>\n<\/ul>\n<p>Odborn\u00e1 literat\u00fara, najaktu\u00e1lnej\u0161ie \u010dl\u00e1nky, predn\u00e1\u0161ky a pr\u00edspevky v oblasti:<\/p>\n<ul>\n<li>P\u00e1rov\u00e9 a individu\u00e1lne\u00a0poradenstvo<\/li>\n<li>Osobnostn\u00fd rast<\/li>\n<li>Psychol\u00f3gia<\/li>\n<li>Terapeutick\u00e9 met\u00f3dy pri pr\u00e1ci s klientmi<\/li>\n<li>Lie\u010dba traumy<\/li>\n<li>Sex, sexualita a intimita<\/li>\n<li>Komunik\u00e1cia<\/li>\n<li>Motiva\u010dn\u00e1 literat\u00fara<\/li>\n<li>Financie<\/li>\n<\/ul>\n<p>\u010eal\u0161iemu profesijn\u00e9mu vzdel\u00e1vaniu priklad\u00e1m obrovsk\u00fd v\u00fdznam, a preto mu venujem priemerne 40-60 hod\u00edn ro\u010dne. Roz\u0161irujem svoje kompetencie a aktualizujem met\u00f3dy ka\u017edoro\u010dne pod\u013ea najmodernej\u0161\u00edch a najefekt\u00edvnej\u0161\u00edch trendov v man\u017eelskom poradenstve vo svete.<\/p>\n<blockquote><p><strong><em>,,S pomocou kn\u00edh<\/em><\/strong><strong><em> sa mnoh\u00ed st\u00e1vaj\u00fa u\u010den\u00fdmi i mimo \u0161koly<\/em><\/strong><strong><em>. Bez kn\u00edh neb\u00fdva <\/em><\/strong><strong><em>u\u010den\u00fd nikto ani <\/em><\/strong><strong><em>v \u0161kole.&#8221; J\u00e1n Amos Komensk\u00fd<\/em><\/strong><\/p><\/blockquote>\n<p>Prax:<\/p>\n<p>2012-2017 &#8211; Dobrovo\u013en\u00edcke anonymn\u00e9 poradenstvo v online priestore<\/p>\n<p>2018 &#8211; s\u00fa\u010dasnos\u0165 &#8211; Profesion\u00e1lne sa venujem man\u017eelsk\u00e9mu a individu\u00e1lnemu poradenstvu<\/p>\n<blockquote><p><strong>\u201e<em>Ak mi nie\u010do vysvetl\u00ed\u0161 &#8211;\u00a0zabudnem, ak mi to uk\u00e1\u017ee\u0161 &#8211;\u00a0zapam\u00e4t\u00e1m si, ale ak to\u00a0<\/em><em>urob\u00edm &#8211; <\/em><em>pochop\u00edm.&#8221; J\u00e1n Amos Komensk\u00fd<\/em><\/strong><\/p><\/blockquote>\n<p><img fetchpriority=\"high\" decoding=\"async\" class=\"alignnone size-medium wp-image-1126\" src=\"https:\/\/www.adamek-edu.sk\/wp-content\/uploads\/2026\/04\/IMG_20260203_120751-225x300.jpg\" alt=\"\" width=\"225\" height=\"300\" srcset=\"https:\/\/www.adamek-edu.sk\/wp-content\/uploads\/2026\/04\/IMG_20260203_120751-225x300.jpg 225w, https:\/\/www.adamek-edu.sk\/wp-content\/uploads\/2026\/04\/IMG_20260203_120751-768x1024.jpg 768w, https:\/\/www.adamek-edu.sk\/wp-content\/uploads\/2026\/04\/IMG_20260203_120751-1152x1536.jpg 1152w, https:\/\/www.adamek-edu.sk\/wp-content\/uploads\/2026\/04\/IMG_20260203_120751-1536x2048.jpg 1536w, https:\/\/www.adamek-edu.sk\/wp-content\/uploads\/2026\/04\/IMG_20260203_120751-600x800.jpg 600w, https:\/\/www.adamek-edu.sk\/wp-content\/uploads\/2026\/04\/IMG_20260203_120751-scaled.jpg 1920w\" sizes=\"(max-width: 225px) 100vw, 225px\" \/><\/p>\n<p>Mgr. Ivan Ad\u00e1mek<\/p>\n","protected":false},"excerpt":{"rendered":"<p>Mgr. Ivan Ad\u00e1mek Som man\u017eelsk\u00fd poradca a lektor, vy\u0161tudoval som andragogiku a pedagogiku a zameriavam sa na poradensk\u00fa \u010dinnos\u0165 v oblasti man\u017eelstva a vz\u0165ahov a probl\u00e9mov t\u00fdkaj\u00facich sa t\u00fdchto oblast\u00ed:\u00a0 partnersk\u00e9 kr\u00edzy, komunik\u00e1cia, sexualita, intimita, financie, a i. Vzdelanie: 2012-2015 &#8211; Bc. Andragogika PdF UMB v BB 2015-2016 &#8211; Andragogika FF UK v BA 2016-2017 &#8211; Mgr. Pedagogika FF UK v BA 2017 &#8211; s\u00fa\u010dasnos\u0165 &#8211;\u00a0 Kurzy a odborn\u00e1 literat\u00fara&hellip;<\/p>\n","protected":false},"author":2,"featured_media":0,"parent":0,"menu_order":0,"comment_status":"closed","ping_status":"closed","template":"","meta":{"_glsr_average":0,"_glsr_ranking":0,"_glsr_reviews":0,"footnotes":""},"class_list":["post-765","page","type-page","status-publish","hentry"],"yoast_head":"<!-- This site is optimized with the Yoast SEO plugin v26.7 - https:\/\/yoast.com\/wordpress\/plugins\/seo\/ -->\n<title>O mne - Mgr. Ivan Ad\u00e1mek<\/title>\n<meta name=\"robots\" content=\"index, follow, max-snippet:-1, max-image-preview:large, max-video-preview:-1\" \/>\n<link rel=\"canonical\" href=\"https:\/\/www.adamek-edu.sk\/?page_id=765\" \/>\n<meta property=\"og:locale\" content=\"sk_SK\" \/>\n<meta property=\"og:type\" content=\"article\" \/>\n<meta property=\"og:title\" content=\"O mne - Mgr. Ivan Ad\u00e1mek\" \/>\n<meta property=\"og:description\" content=\"Mgr. Ivan Ad\u00e1mek Som man\u017eelsk\u00fd poradca a lektor, vy\u0161tudoval som andragogiku a pedagogiku a zameriavam sa na poradensk\u00fa \u010dinnos\u0165 v oblasti man\u017eelstva a vz\u0165ahov a probl\u00e9mov t\u00fdkaj\u00facich sa t\u00fdchto oblast\u00ed:\u00a0 partnersk\u00e9 kr\u00edzy, komunik\u00e1cia, sexualita, intimita, financie, a i. Vzdelanie: 2012-2015 &#8211; Bc. Andragogika PdF UMB v BB 2015-2016 &#8211; Andragogika FF UK v BA 2016-2017 &#8211; Mgr. Pedagogika FF UK v BA 2017 &#8211; s\u00fa\u010dasnos\u0165 &#8211;\u00a0 Kurzy a odborn\u00e1 literat\u00fara&hellip;\" \/>\n<meta property=\"og:url\" content=\"https:\/\/www.adamek-edu.sk\/?page_id=765\" \/>\n<meta property=\"og:site_name\" content=\"Mgr. Ivan Ad\u00e1mek\" \/>\n<meta property=\"article:publisher\" content=\"https:\/\/www.facebook.com\/Man%c5%beelsk%c3%bd-poradca-Mgr-Ivan-Ad%c3%a1mek-245208902698654\" \/>\n<meta property=\"article:modified_time\" content=\"2026-04-29T17:02:21+00:00\" \/>\n<meta property=\"og:image\" content=\"https:\/\/www.adamek-edu.sk\/wp-content\/uploads\/2026\/04\/IMG_20260203_120751-225x300.jpg\" \/>\n<meta name=\"twitter:card\" content=\"summary_large_image\" \/>\n<meta name=\"twitter:label1\" content=\"Predpokladan\u00fd \u010das \u010d\u00edtania\" \/>\n\t<meta name=\"twitter:data1\" content=\"2 min\u00faty\" \/>\n<script type=\"application\/ld+json\" class=\"yoast-schema-graph\">{\"@context\":\"https:\/\/schema.org\",\"@graph\":[{\"@type\":\"WebPage\",\"@id\":\"https:\/\/www.adamek-edu.sk\/?page_id=765\",\"url\":\"https:\/\/www.adamek-edu.sk\/?page_id=765\",\"name\":\"O mne - Mgr. Ivan Ad\u00e1mek\",\"isPartOf\":{\"@id\":\"https:\/\/www.adamek-edu.sk\/#website\"},\"primaryImageOfPage\":{\"@id\":\"https:\/\/www.adamek-edu.sk\/?page_id=765#primaryimage\"},\"image\":{\"@id\":\"https:\/\/www.adamek-edu.sk\/?page_id=765#primaryimage\"},\"thumbnailUrl\":\"https:\/\/www.adamek-edu.sk\/wp-content\/uploads\/2026\/04\/IMG_20260203_120751-225x300.jpg\",\"datePublished\":\"2024-03-02T14:07:06+00:00\",\"dateModified\":\"2026-04-29T17:02:21+00:00\",\"breadcrumb\":{\"@id\":\"https:\/\/www.adamek-edu.sk\/?page_id=765#breadcrumb\"},\"inLanguage\":\"sk-SK\",\"potentialAction\":[{\"@type\":\"ReadAction\",\"target\":[\"https:\/\/www.adamek-edu.sk\/?page_id=765\"]}]},{\"@type\":\"ImageObject\",\"inLanguage\":\"sk-SK\",\"@id\":\"https:\/\/www.adamek-edu.sk\/?page_id=765#primaryimage\",\"url\":\"https:\/\/www.adamek-edu.sk\/wp-content\/uploads\/2026\/04\/IMG_20260203_120751-scaled.jpg\",\"contentUrl\":\"https:\/\/www.adamek-edu.sk\/wp-content\/uploads\/2026\/04\/IMG_20260203_120751-scaled.jpg\",\"width\":1920,\"height\":2560},{\"@type\":\"BreadcrumbList\",\"@id\":\"https:\/\/www.adamek-edu.sk\/?page_id=765#breadcrumb\",\"itemListElement\":[{\"@type\":\"ListItem\",\"position\":1,\"name\":\"Home\",\"item\":\"https:\/\/www.adamek-edu.sk\/\"},{\"@type\":\"ListItem\",\"position\":2,\"name\":\"O mne\"}]},{\"@type\":\"WebSite\",\"@id\":\"https:\/\/www.adamek-edu.sk\/#website\",\"url\":\"https:\/\/www.adamek-edu.sk\/\",\"name\":\"Mgr. Ivan Ad\u00e1mek\",\"description\":\"Man\u017eelsk\u00e1, p\u00e1rov\u00e1 a individu\u00e1lna porad\u0148a\",\"publisher\":{\"@id\":\"https:\/\/www.adamek-edu.sk\/#organization\"},\"potentialAction\":[{\"@type\":\"SearchAction\",\"target\":{\"@type\":\"EntryPoint\",\"urlTemplate\":\"https:\/\/www.adamek-edu.sk\/?s={search_term_string}\"},\"query-input\":{\"@type\":\"PropertyValueSpecification\",\"valueRequired\":true,\"valueName\":\"search_term_string\"}}],\"inLanguage\":\"sk-SK\"},{\"@type\":\"Organization\",\"@id\":\"https:\/\/www.adamek-edu.sk\/#organization\",\"name\":\"Mgr. Ivan Ad\u00e1mek\",\"url\":\"https:\/\/www.adamek-edu.sk\/\",\"logo\":{\"@type\":\"ImageObject\",\"inLanguage\":\"sk-SK\",\"@id\":\"https:\/\/www.adamek-edu.sk\/#\/schema\/logo\/image\/\",\"url\":\"https:\/\/www.adamek-edu.sk\/wp-content\/uploads\/2026\/02\/cropped-logo1.png\",\"contentUrl\":\"https:\/\/www.adamek-edu.sk\/wp-content\/uploads\/2026\/02\/cropped-logo1.png\",\"width\":290,\"height\":248,\"caption\":\"Mgr. Ivan Ad\u00e1mek\"},\"image\":{\"@id\":\"https:\/\/www.adamek-edu.sk\/#\/schema\/logo\/image\/\"},\"sameAs\":[\"https:\/\/www.facebook.com\/Man\u017eelsk\u00fd-poradca-Mgr-Ivan-Ad\u00e1mek-245208902698654\"]}]}<\/script>\n<!-- \/ Yoast SEO plugin. -->","yoast_head_json":{"title":"O mne - Mgr. Ivan Ad\u00e1mek","robots":{"index":"index","follow":"follow","max-snippet":"max-snippet:-1","max-image-preview":"max-image-preview:large","max-video-preview":"max-video-preview:-1"},"canonical":"https:\/\/www.adamek-edu.sk\/?page_id=765","og_locale":"sk_SK","og_type":"article","og_title":"O mne - Mgr. Ivan Ad\u00e1mek","og_description":"Mgr. Ivan Ad\u00e1mek Som man\u017eelsk\u00fd poradca a lektor, vy\u0161tudoval som andragogiku a pedagogiku a zameriavam sa na poradensk\u00fa \u010dinnos\u0165 v oblasti man\u017eelstva a vz\u0165ahov a probl\u00e9mov t\u00fdkaj\u00facich sa t\u00fdchto oblast\u00ed:\u00a0 partnersk\u00e9 kr\u00edzy, komunik\u00e1cia, sexualita, intimita, financie, a i. Vzdelanie: 2012-2015 &#8211; Bc. Andragogika PdF UMB v BB 2015-2016 &#8211; Andragogika FF UK v BA 2016-2017 &#8211; Mgr. Pedagogika FF UK v BA 2017 &#8211; s\u00fa\u010dasnos\u0165 &#8211;\u00a0 Kurzy a odborn\u00e1 literat\u00fara&hellip;","og_url":"https:\/\/www.adamek-edu.sk\/?page_id=765","og_site_name":"Mgr. Ivan Ad\u00e1mek","article_publisher":"https:\/\/www.facebook.com\/Man%c5%beelsk%c3%bd-poradca-Mgr-Ivan-Ad%c3%a1mek-245208902698654","article_modified_time":"2026-04-29T17:02:21+00:00","og_image":[{"url":"https:\/\/www.adamek-edu.sk\/wp-content\/uploads\/2026\/04\/IMG_20260203_120751-225x300.jpg","type":"","width":"","height":""}],"twitter_card":"summary_large_image","twitter_misc":{"Predpokladan\u00fd \u010das \u010d\u00edtania":"2 min\u00faty"},"schema":{"@context":"https:\/\/schema.org","@graph":[{"@type":"WebPage","@id":"https:\/\/www.adamek-edu.sk\/?page_id=765","url":"https:\/\/www.adamek-edu.sk\/?page_id=765","name":"O mne - Mgr. Ivan Ad\u00e1mek","isPartOf":{"@id":"https:\/\/www.adamek-edu.sk\/#website"},"primaryImageOfPage":{"@id":"https:\/\/www.adamek-edu.sk\/?page_id=765#primaryimage"},"image":{"@id":"https:\/\/www.adamek-edu.sk\/?page_id=765#primaryimage"},"thumbnailUrl":"https:\/\/www.adamek-edu.sk\/wp-content\/uploads\/2026\/04\/IMG_20260203_120751-225x300.jpg","datePublished":"2024-03-02T14:07:06+00:00","dateModified":"2026-04-29T17:02:21+00:00","breadcrumb":{"@id":"https:\/\/www.adamek-edu.sk\/?page_id=765#breadcrumb"},"inLanguage":"sk-SK","potentialAction":[{"@type":"ReadAction","target":["https:\/\/www.adamek-edu.sk\/?page_id=765"]}]},{"@type":"ImageObject","inLanguage":"sk-SK","@id":"https:\/\/www.adamek-edu.sk\/?page_id=765#primaryimage","url":"https:\/\/www.adamek-edu.sk\/wp-content\/uploads\/2026\/04\/IMG_20260203_120751-scaled.jpg","contentUrl":"https:\/\/www.adamek-edu.sk\/wp-content\/uploads\/2026\/04\/IMG_20260203_120751-scaled.jpg","width":1920,"height":2560},{"@type":"BreadcrumbList","@id":"https:\/\/www.adamek-edu.sk\/?page_id=765#breadcrumb","itemListElement":[{"@type":"ListItem","position":1,"name":"Home","item":"https:\/\/www.adamek-edu.sk\/"},{"@type":"ListItem","position":2,"name":"O mne"}]},{"@type":"WebSite","@id":"https:\/\/www.adamek-edu.sk\/#website","url":"https:\/\/www.adamek-edu.sk\/","name":"Mgr. Ivan Ad\u00e1mek","description":"Man\u017eelsk\u00e1, p\u00e1rov\u00e1 a individu\u00e1lna porad\u0148a","publisher":{"@id":"https:\/\/www.adamek-edu.sk\/#organization"},"potentialAction":[{"@type":"SearchAction","target":{"@type":"EntryPoint","urlTemplate":"https:\/\/www.adamek-edu.sk\/?s={search_term_string}"},"query-input":{"@type":"PropertyValueSpecification","valueRequired":true,"valueName":"search_term_string"}}],"inLanguage":"sk-SK"},{"@type":"Organization","@id":"https:\/\/www.adamek-edu.sk\/#organization","name":"Mgr. Ivan Ad\u00e1mek","url":"https:\/\/www.adamek-edu.sk\/","logo":{"@type":"ImageObject","inLanguage":"sk-SK","@id":"https:\/\/www.adamek-edu.sk\/#\/schema\/logo\/image\/","url":"https:\/\/www.adamek-edu.sk\/wp-content\/uploads\/2026\/02\/cropped-logo1.png","contentUrl":"https:\/\/www.adamek-edu.sk\/wp-content\/uploads\/2026\/02\/cropped-logo1.png","width":290,"height":248,"caption":"Mgr. Ivan Ad\u00e1mek"},"image":{"@id":"https:\/\/www.adamek-edu.sk\/#\/schema\/logo\/image\/"},"sameAs":["https:\/\/www.facebook.com\/Man\u017eelsk\u00fd-poradca-Mgr-Ivan-Ad\u00e1mek-245208902698654"]}]}},"jetpack_sharing_enabled":true,"_links":{"self":[{"href":"https:\/\/www.adamek-edu.sk\/index.php?rest_route=\/wp\/v2\/pages\/765","targetHints":{"allow":["GET"]}}],"collection":[{"href":"https:\/\/www.adamek-edu.sk\/index.php?rest_route=\/wp\/v2\/pages"}],"about":[{"href":"https:\/\/www.adamek-edu.sk\/index.php?rest_route=\/wp\/v2\/types\/page"}],"author":[{"embeddable":true,"href":"https:\/\/www.adamek-edu.sk\/index.php?rest_route=\/wp\/v2\/users\/2"}],"replies":[{"embeddable":true,"href":"https:\/\/www.adamek-edu.sk\/index.php?rest_route=%2Fwp%2Fv2%2Fcomments&post=765"}],"version-history":[{"count":10,"href":"https:\/\/www.adamek-edu.sk\/index.php?rest_route=\/wp\/v2\/pages\/765\/revisions"}],"predecessor-version":[{"id":1129,"href":"https:\/\/www.adamek-edu.sk\/index.php?rest_route=\/wp\/v2\/pages\/765\/revisions\/1129"}],"wp:attachment":[{"href":"https:\/\/www.adamek-edu.sk\/index.php?rest_route=%2Fwp%2Fv2%2Fmedia&parent=765"}],"curies":[{"name":"wp","href":"https:\/\/api.w.org\/{rel}","templated":true}]}}