{"id":72,"date":"2018-08-22T08:54:27","date_gmt":"2018-08-22T08:54:27","guid":{"rendered":"http:\/\/www.adamek-edu.sk\/?page_id=72"},"modified":"2018-11-08T14:17:01","modified_gmt":"2018-11-08T14:17:01","slug":"ostatne-sluzby","status":"publish","type":"page","link":"https:\/\/www.adamek-edu.sk\/?page_id=72","title":{"rendered":"Ostatn\u00e9 slu\u017eby"},"content":{"rendered":"<ol>\n<li style=\"text-align: left;\">Komplexn\u00e1 anal\u00fdza vzedl\u00e1vac\u00edch potrieb &#8211; firemn\u00e1 aj osobn\u00e1, v \u010dom je potrebn\u00e9 sa \u010falej vzdel\u00e1va\u0165, pre zv\u00fd\u0161enie kvality pr\u00e1ce?<\/li>\n<li>Anal\u00fdza kvality vzdel\u00e1vania &#8211; je eduka\u010dn\u00fd proces efekt\u00edvny\/aktu\u00e1lny?<\/li>\n<li>Pedagogick\u00e1 diagnostika a pedagogick\u00e9 poradenstvo- V\u00fdchovn\u00e9 probl\u00e9my, probl\u00e9my dospievaj\u00facich a probl\u00e9my s dospievaj\u00facimi<\/li>\n<li>Andragogick\u00e1 diagnostika &#8211; probl\u00e9my t\u00fdkaj\u00face sa v\u00fdchovy a vzdel\u00e1vania u dospel\u00fdch, vz\u0165ahov\u00e9 probl\u00e9my, osobnostn\u00e9 probl\u00e9my, z\u00e1\u0165a\u017e a stresov\u00e9 pre\u0165a\u017eenie,<\/li>\n<li>Predn\u00e1\u0161ky &#8211; V\u00fdchova k man\u017eelstvu a rodi\u010dovstvu (Mo\u017enos\u0165 v\u00fdberu t\u00e9m)<\/li>\n<li>Predn\u00e1\u0161ky &#8211; Osobnostn\u00fd rast (Mo\u017enos\u0165 v\u00fdberu t\u00e9m)<\/li>\n<li>Kurzy pre man\u017eelov (v ur\u010dit\u00fdch intervaloch a pod\u013ea z\u00e1ujmu)<\/li>\n<li><strong>Dou\u010dovanie<\/strong> &#8211; klasick\u00e9 mimo\u0161kolsk\u00e9 vzdel\u00e1vanie v oblastiach: matematika, informatika, anglick\u00fd jazyk, ob\u010dianska n\u00e1uka resp. n\u00e1uka o spolo\u010dnosti. (10\u20ac\/ 50 min) al. (15\u20ac \/ 1h 30min)- <strong>Z\u013eava &#8211; ka\u017ed\u00e1 desiata hodina zdarma<\/strong><\/li>\n<\/ol>\n<p>Ceny jednotliv\u00fdch slu\u017eieb s\u00fa pod\u013ea dohody.<\/p>\n","protected":false},"excerpt":{"rendered":"<p>Komplexn\u00e1 anal\u00fdza vzedl\u00e1vac\u00edch potrieb &#8211; firemn\u00e1 aj osobn\u00e1, v \u010dom je potrebn\u00e9 sa \u010falej vzdel\u00e1va\u0165, pre zv\u00fd\u0161enie kvality pr\u00e1ce? Anal\u00fdza kvality vzdel\u00e1vania &#8211; je eduka\u010dn\u00fd proces efekt\u00edvny\/aktu\u00e1lny? Pedagogick\u00e1 diagnostika a pedagogick\u00e9 poradenstvo- V\u00fdchovn\u00e9 probl\u00e9my, probl\u00e9my dospievaj\u00facich a probl\u00e9my s dospievaj\u00facimi Andragogick\u00e1 diagnostika &#8211; probl\u00e9my t\u00fdkaj\u00face sa v\u00fdchovy a vzdel\u00e1vania u dospel\u00fdch, vz\u0165ahov\u00e9 probl\u00e9my, osobnostn\u00e9 probl\u00e9my, z\u00e1\u0165a\u017e a stresov\u00e9 pre\u0165a\u017eenie, Predn\u00e1\u0161ky &#8211; V\u00fdchova k man\u017eelstvu a rodi\u010dovstvu (Mo\u017enos\u0165 v\u00fdberu t\u00e9m) Predn\u00e1\u0161ky&hellip;<\/p>\n","protected":false},"author":2,"featured_media":0,"parent":0,"menu_order":0,"comment_status":"closed","ping_status":"closed","template":"","meta":{"_glsr_average":0,"_glsr_ranking":0,"_glsr_reviews":0,"footnotes":""},"class_list":["post-72","page","type-page","status-publish","hentry"],"yoast_head":"<!-- This site is optimized with the Yoast SEO plugin v26.7 - https:\/\/yoast.com\/wordpress\/plugins\/seo\/ -->\n<title>Ostatn\u00e9 slu\u017eby - Mgr. Ivan Ad\u00e1mek<\/title>\n<meta name=\"robots\" content=\"index, follow, max-snippet:-1, max-image-preview:large, max-video-preview:-1\" \/>\n<link rel=\"canonical\" href=\"https:\/\/www.adamek-edu.sk\/?page_id=72\" \/>\n<meta property=\"og:locale\" content=\"sk_SK\" \/>\n<meta property=\"og:type\" content=\"article\" \/>\n<meta property=\"og:title\" content=\"Ostatn\u00e9 slu\u017eby - Mgr. Ivan Ad\u00e1mek\" \/>\n<meta property=\"og:description\" content=\"Komplexn\u00e1 anal\u00fdza vzedl\u00e1vac\u00edch potrieb &#8211; firemn\u00e1 aj osobn\u00e1, v \u010dom je potrebn\u00e9 sa \u010falej vzdel\u00e1va\u0165, pre zv\u00fd\u0161enie kvality pr\u00e1ce? Anal\u00fdza kvality vzdel\u00e1vania &#8211; je eduka\u010dn\u00fd proces efekt\u00edvny\/aktu\u00e1lny? Pedagogick\u00e1 diagnostika a pedagogick\u00e9 poradenstvo- V\u00fdchovn\u00e9 probl\u00e9my, probl\u00e9my dospievaj\u00facich a probl\u00e9my s dospievaj\u00facimi Andragogick\u00e1 diagnostika &#8211; probl\u00e9my t\u00fdkaj\u00face sa v\u00fdchovy a vzdel\u00e1vania u dospel\u00fdch, vz\u0165ahov\u00e9 probl\u00e9my, osobnostn\u00e9 probl\u00e9my, z\u00e1\u0165a\u017e a stresov\u00e9 pre\u0165a\u017eenie, Predn\u00e1\u0161ky &#8211; V\u00fdchova k man\u017eelstvu a rodi\u010dovstvu (Mo\u017enos\u0165 v\u00fdberu t\u00e9m) Predn\u00e1\u0161ky&hellip;\" \/>\n<meta property=\"og:url\" content=\"https:\/\/www.adamek-edu.sk\/?page_id=72\" \/>\n<meta property=\"og:site_name\" content=\"Mgr. Ivan Ad\u00e1mek\" \/>\n<meta property=\"article:publisher\" content=\"https:\/\/www.facebook.com\/Man%c5%beelsk%c3%bd-poradca-Mgr-Ivan-Ad%c3%a1mek-245208902698654\" \/>\n<meta property=\"article:modified_time\" content=\"2018-11-08T14:17:01+00:00\" \/>\n<meta name=\"twitter:card\" content=\"summary_large_image\" \/>\n<meta name=\"twitter:label1\" content=\"Predpokladan\u00fd \u010das \u010d\u00edtania\" \/>\n\t<meta name=\"twitter:data1\" content=\"1 min\u00fata\" \/>\n<script type=\"application\/ld+json\" class=\"yoast-schema-graph\">{\"@context\":\"https:\/\/schema.org\",\"@graph\":[{\"@type\":\"WebPage\",\"@id\":\"https:\/\/www.adamek-edu.sk\/?page_id=72\",\"url\":\"https:\/\/www.adamek-edu.sk\/?page_id=72\",\"name\":\"Ostatn\u00e9 slu\u017eby - Mgr. Ivan Ad\u00e1mek\",\"isPartOf\":{\"@id\":\"https:\/\/www.adamek-edu.sk\/#website\"},\"datePublished\":\"2018-08-22T08:54:27+00:00\",\"dateModified\":\"2018-11-08T14:17:01+00:00\",\"breadcrumb\":{\"@id\":\"https:\/\/www.adamek-edu.sk\/?page_id=72#breadcrumb\"},\"inLanguage\":\"sk-SK\",\"potentialAction\":[{\"@type\":\"ReadAction\",\"target\":[\"https:\/\/www.adamek-edu.sk\/?page_id=72\"]}]},{\"@type\":\"BreadcrumbList\",\"@id\":\"https:\/\/www.adamek-edu.sk\/?page_id=72#breadcrumb\",\"itemListElement\":[{\"@type\":\"ListItem\",\"position\":1,\"name\":\"Home\",\"item\":\"https:\/\/www.adamek-edu.sk\/\"},{\"@type\":\"ListItem\",\"position\":2,\"name\":\"Ostatn\u00e9 slu\u017eby\"}]},{\"@type\":\"WebSite\",\"@id\":\"https:\/\/www.adamek-edu.sk\/#website\",\"url\":\"https:\/\/www.adamek-edu.sk\/\",\"name\":\"Mgr. Ivan Ad\u00e1mek\",\"description\":\"Man\u017eelsk\u00e1, p\u00e1rov\u00e1 a individu\u00e1lna porad\u0148a\",\"publisher\":{\"@id\":\"https:\/\/www.adamek-edu.sk\/#organization\"},\"potentialAction\":[{\"@type\":\"SearchAction\",\"target\":{\"@type\":\"EntryPoint\",\"urlTemplate\":\"https:\/\/www.adamek-edu.sk\/?s={search_term_string}\"},\"query-input\":{\"@type\":\"PropertyValueSpecification\",\"valueRequired\":true,\"valueName\":\"search_term_string\"}}],\"inLanguage\":\"sk-SK\"},{\"@type\":\"Organization\",\"@id\":\"https:\/\/www.adamek-edu.sk\/#organization\",\"name\":\"Mgr. Ivan Ad\u00e1mek\",\"url\":\"https:\/\/www.adamek-edu.sk\/\",\"logo\":{\"@type\":\"ImageObject\",\"inLanguage\":\"sk-SK\",\"@id\":\"https:\/\/www.adamek-edu.sk\/#\/schema\/logo\/image\/\",\"url\":\"https:\/\/www.adamek-edu.sk\/wp-content\/uploads\/2026\/02\/cropped-logo1.png\",\"contentUrl\":\"https:\/\/www.adamek-edu.sk\/wp-content\/uploads\/2026\/02\/cropped-logo1.png\",\"width\":290,\"height\":248,\"caption\":\"Mgr. Ivan Ad\u00e1mek\"},\"image\":{\"@id\":\"https:\/\/www.adamek-edu.sk\/#\/schema\/logo\/image\/\"},\"sameAs\":[\"https:\/\/www.facebook.com\/Man\u017eelsk\u00fd-poradca-Mgr-Ivan-Ad\u00e1mek-245208902698654\"]}]}<\/script>\n<!-- \/ Yoast SEO plugin. -->","yoast_head_json":{"title":"Ostatn\u00e9 slu\u017eby - Mgr. Ivan Ad\u00e1mek","robots":{"index":"index","follow":"follow","max-snippet":"max-snippet:-1","max-image-preview":"max-image-preview:large","max-video-preview":"max-video-preview:-1"},"canonical":"https:\/\/www.adamek-edu.sk\/?page_id=72","og_locale":"sk_SK","og_type":"article","og_title":"Ostatn\u00e9 slu\u017eby - Mgr. Ivan Ad\u00e1mek","og_description":"Komplexn\u00e1 anal\u00fdza vzedl\u00e1vac\u00edch potrieb &#8211; firemn\u00e1 aj osobn\u00e1, v \u010dom je potrebn\u00e9 sa \u010falej vzdel\u00e1va\u0165, pre zv\u00fd\u0161enie kvality pr\u00e1ce? Anal\u00fdza kvality vzdel\u00e1vania &#8211; je eduka\u010dn\u00fd proces efekt\u00edvny\/aktu\u00e1lny? Pedagogick\u00e1 diagnostika a pedagogick\u00e9 poradenstvo- V\u00fdchovn\u00e9 probl\u00e9my, probl\u00e9my dospievaj\u00facich a probl\u00e9my s dospievaj\u00facimi Andragogick\u00e1 diagnostika &#8211; probl\u00e9my t\u00fdkaj\u00face sa v\u00fdchovy a vzdel\u00e1vania u dospel\u00fdch, vz\u0165ahov\u00e9 probl\u00e9my, osobnostn\u00e9 probl\u00e9my, z\u00e1\u0165a\u017e a stresov\u00e9 pre\u0165a\u017eenie, Predn\u00e1\u0161ky &#8211; V\u00fdchova k man\u017eelstvu a rodi\u010dovstvu (Mo\u017enos\u0165 v\u00fdberu t\u00e9m) Predn\u00e1\u0161ky&hellip;","og_url":"https:\/\/www.adamek-edu.sk\/?page_id=72","og_site_name":"Mgr. Ivan Ad\u00e1mek","article_publisher":"https:\/\/www.facebook.com\/Man%c5%beelsk%c3%bd-poradca-Mgr-Ivan-Ad%c3%a1mek-245208902698654","article_modified_time":"2018-11-08T14:17:01+00:00","twitter_card":"summary_large_image","twitter_misc":{"Predpokladan\u00fd \u010das \u010d\u00edtania":"1 min\u00fata"},"schema":{"@context":"https:\/\/schema.org","@graph":[{"@type":"WebPage","@id":"https:\/\/www.adamek-edu.sk\/?page_id=72","url":"https:\/\/www.adamek-edu.sk\/?page_id=72","name":"Ostatn\u00e9 slu\u017eby - Mgr. Ivan Ad\u00e1mek","isPartOf":{"@id":"https:\/\/www.adamek-edu.sk\/#website"},"datePublished":"2018-08-22T08:54:27+00:00","dateModified":"2018-11-08T14:17:01+00:00","breadcrumb":{"@id":"https:\/\/www.adamek-edu.sk\/?page_id=72#breadcrumb"},"inLanguage":"sk-SK","potentialAction":[{"@type":"ReadAction","target":["https:\/\/www.adamek-edu.sk\/?page_id=72"]}]},{"@type":"BreadcrumbList","@id":"https:\/\/www.adamek-edu.sk\/?page_id=72#breadcrumb","itemListElement":[{"@type":"ListItem","position":1,"name":"Home","item":"https:\/\/www.adamek-edu.sk\/"},{"@type":"ListItem","position":2,"name":"Ostatn\u00e9 slu\u017eby"}]},{"@type":"WebSite","@id":"https:\/\/www.adamek-edu.sk\/#website","url":"https:\/\/www.adamek-edu.sk\/","name":"Mgr. Ivan Ad\u00e1mek","description":"Man\u017eelsk\u00e1, p\u00e1rov\u00e1 a individu\u00e1lna porad\u0148a","publisher":{"@id":"https:\/\/www.adamek-edu.sk\/#organization"},"potentialAction":[{"@type":"SearchAction","target":{"@type":"EntryPoint","urlTemplate":"https:\/\/www.adamek-edu.sk\/?s={search_term_string}"},"query-input":{"@type":"PropertyValueSpecification","valueRequired":true,"valueName":"search_term_string"}}],"inLanguage":"sk-SK"},{"@type":"Organization","@id":"https:\/\/www.adamek-edu.sk\/#organization","name":"Mgr. Ivan Ad\u00e1mek","url":"https:\/\/www.adamek-edu.sk\/","logo":{"@type":"ImageObject","inLanguage":"sk-SK","@id":"https:\/\/www.adamek-edu.sk\/#\/schema\/logo\/image\/","url":"https:\/\/www.adamek-edu.sk\/wp-content\/uploads\/2026\/02\/cropped-logo1.png","contentUrl":"https:\/\/www.adamek-edu.sk\/wp-content\/uploads\/2026\/02\/cropped-logo1.png","width":290,"height":248,"caption":"Mgr. Ivan Ad\u00e1mek"},"image":{"@id":"https:\/\/www.adamek-edu.sk\/#\/schema\/logo\/image\/"},"sameAs":["https:\/\/www.facebook.com\/Man\u017eelsk\u00fd-poradca-Mgr-Ivan-Ad\u00e1mek-245208902698654"]}]}},"jetpack_sharing_enabled":true,"_links":{"self":[{"href":"https:\/\/www.adamek-edu.sk\/index.php?rest_route=\/wp\/v2\/pages\/72","targetHints":{"allow":["GET"]}}],"collection":[{"href":"https:\/\/www.adamek-edu.sk\/index.php?rest_route=\/wp\/v2\/pages"}],"about":[{"href":"https:\/\/www.adamek-edu.sk\/index.php?rest_route=\/wp\/v2\/types\/page"}],"author":[{"embeddable":true,"href":"https:\/\/www.adamek-edu.sk\/index.php?rest_route=\/wp\/v2\/users\/2"}],"replies":[{"embeddable":true,"href":"https:\/\/www.adamek-edu.sk\/index.php?rest_route=%2Fwp%2Fv2%2Fcomments&post=72"}],"version-history":[{"count":6,"href":"https:\/\/www.adamek-edu.sk\/index.php?rest_route=\/wp\/v2\/pages\/72\/revisions"}],"predecessor-version":[{"id":99,"href":"https:\/\/www.adamek-edu.sk\/index.php?rest_route=\/wp\/v2\/pages\/72\/revisions\/99"}],"wp:attachment":[{"href":"https:\/\/www.adamek-edu.sk\/index.php?rest_route=%2Fwp%2Fv2%2Fmedia&parent=72"}],"curies":[{"name":"wp","href":"https:\/\/api.w.org\/{rel}","templated":true}]}}