{"id":566,"date":"2023-06-03T16:25:54","date_gmt":"2023-06-03T15:25:54","guid":{"rendered":"https:\/\/www.adamek-edu.sk\/?page_id=566"},"modified":"2023-06-03T16:26:07","modified_gmt":"2023-06-03T15:26:07","slug":"566-2","status":"publish","type":"page","link":"https:\/\/www.adamek-edu.sk\/?page_id=566","title":{"rendered":"GDPR"},"content":{"rendered":"<p><strong>PODMIENKY OCHRANY OSOBN\u00ddCH \u00daDAJOV<\/strong><\/p>\n<p>&nbsp;<\/p>\n<p><strong>\u010cl\u00e1nok I.<\/strong><\/p>\n<p><strong>\u00davodn\u00e9 ustanovenia<\/strong><\/p>\n<p>Prev\u00e1dzkovate\u013eom je spolo\u010dnos\u0165<strong>: Mgr. Ivan Ad\u00e1mek Education &amp; Counseling<\/strong><\/p>\n<p>Tulip\u00e1nov\u00e1 3591\/5, 071 01 Michalovce<\/p>\n<p>I\u010cO: 51455293<\/p>\n<p>Kontaktn\u00e9 \u00fadaje prev\u00e1dzkovate\u013ea s\u00fa adamek.edu@gmail.com<\/p>\n<p>Prev\u00e1dzkovate\u013e zodpovedn\u00e1 za sprac\u00favania osobn\u00fdch \u00fadajov pod\u013ea\u00a0nariadenia eur\u00f3pskeho parlamentu a rady (E\u00da) 2016\/679, z 27. apr\u00edla 2016 o ochrane fyzick\u00fdch os\u00f4b pri sprac\u00favan\u00ed osobn\u00fdch \u00fadajov a o vo\u013enom pohybe tak\u00fdchto \u00fadajov, (\u010falej len GDPR)<\/p>\n<p>Prev\u00e1dzkovate\u013e prijal v\u0161etky vhodn\u00e9 technick\u00e9 a organiza\u010dn\u00e9 opatrenia k zabezpe\u010deniu ochrany osobn\u00fdch \u00fadajov.<\/p>\n<p>Prev\u00e1dzkovate\u013e\u00a0<strong>ur\u010duje\u00a0<\/strong>zodpovedn\u00fa osobu Mgr. Ivan Ad\u00e1mek adamek.edu@gmail.com<\/p>\n<p>Prev\u00e1dzkovate\u013e nezam\u00fd\u0161\u013ea prenies\u0165 osobn\u00e9 \u00fadaje do tretej krajiny alebo medzin\u00e1rodnej organiz\u00e1cii.<\/p>\n<p>\u201eOsobn\u00e9 \u00fadaje\u201c s\u00fa ak\u00e9ko\u013evek inform\u00e1cie t\u00fdkaj\u00face sa identifikovanej alebo identifikovate\u013enej fyzickej osoby (\u010falej len \u201edotknut\u00e1 osoba\u201c); identifikovate\u013en\u00e1 fyzick\u00e1 osoba je osoba, ktor\u00fa mo\u017eno identifikova\u0165 priamo alebo nepriamo, najm\u00e4 odkazom na identifik\u00e1tor, ako je meno, identifika\u010dn\u00e9 \u010d\u00edslo, lokaliza\u010dn\u00e9 \u00fadaje, online identifik\u00e1tor, alebo odkazom na jeden \u010di viacer\u00e9 prvky, ktor\u00e9 s\u00fa \u0161pecifick\u00e9 pre fyzick\u00fa, fyziologick\u00fa, genetick\u00fa, ment\u00e1lnu, ekonomick\u00fa, kult\u00farnu alebo soci\u00e1lnu identitu tejto fyzickej osoby<\/p>\n<p>&nbsp;<\/p>\n<p><strong>\u010cl\u00e1nok II.<\/strong><\/p>\n<p><strong>\u00da\u010dely sprac\u00favania,\u00a0pr\u00e1vne z\u00e1klady sprac\u00favania, kateg\u00f3rie dotknut\u00fdch os\u00f4b, doba uchov\u00e1vania O\u00da, pr\u00edjemcovia O\u00da<\/strong><\/p>\n<p>&nbsp;<\/p>\n<p>&nbsp;<\/p>\n<table width=\"1140\">\n<tbody>\n<tr>\n<td width=\"109\"><strong>\u00da\u010del sprac\u00favania O\u00da<\/strong><\/td>\n<td width=\"171\"><strong>Pr\u00e1vny z\u00e1klad na spracovanie<br \/>\n\u010dl\u00e1nok 6 ods. 1 GDPR<br \/>\n<\/strong>z\u00e1kony v znen\u00ed neskor\u0161\u00edch predpisov<\/td>\n<td width=\"84\"><strong>Kateg\u00f3rie dotknut\u00fdch os\u00f4b<\/strong><\/td>\n<td width=\"76\"><strong>Kateg\u00f3ria O\u00da<\/strong><\/td>\n<td width=\"87\"><strong>Doba uchov\u00e1vania O\u00da<\/strong><\/td>\n<td width=\"92\"><strong>Katog\u00f3ria pr\u00edjemcov O\u00da<\/strong><\/td>\n<\/tr>\n<tr>\n<td width=\"109\">vystavenie da\u0148ov\u00e9ho dokladu<\/td>\n<td width=\"171\">\u010dl\u00e1nok 6 ods. 1 p\u00edsmeno c) GDPR<br \/>\nz\u00e1kon \u010d. 222\/2004 Z. z. o dani z pridanej hodnoty<\/td>\n<td width=\"84\">z\u00e1kazn\u00edci<\/td>\n<td width=\"76\">be\u017en\u00e9 osobn\u00e9 \u00fadaje<\/td>\n<td width=\"87\">pod\u013ea z\u00e1kona uveden\u00e9ho v pr\u00e1vnom z\u00e1klade<\/td>\n<td width=\"92\">napr. \u00fa\u010dtovn\u00edcka spolo\u010dnos\u0165, po\u0161ta,<\/td>\n<\/tr>\n<tr>\n<td width=\"109\">zmluvn\u00e9 a predzmluvn\u00e9 vz\u0165ahy<\/td>\n<td width=\"171\">\u010dl\u00e1nok 6 ods. 1 p\u00edsmeno b) GDPR<br \/>\nsprac\u00favanie osobn\u00fdch \u00fadajov je nevyhnutn\u00e9 na plnenie zmluvy<\/td>\n<td width=\"84\">z\u00e1kazn\u00edci<\/td>\n<td width=\"76\">be\u017en\u00e9 osobn\u00e9 \u00fadaje, fotografie<\/td>\n<td width=\"87\">lehota uveden\u00e1 v zmluve<\/td>\n<td width=\"92\">Na\u0161a spolo\u010dnos\u0165<\/td>\n<\/tr>\n<tr>\n<td width=\"109\">n\u00e1sledn\u00e9 marketingov\u00e9 \u00fa\u010dely<\/td>\n<td width=\"171\">\u010dl\u00e1nok 6 ods. 1 p\u00edsmeno b) GDPR<br \/>\nsprac\u00favanie osobn\u00fdch \u00fadajov je nevyhnutn\u00e9 na plnenie zmluvy<\/td>\n<td width=\"84\">z\u00e1kazn\u00edci<\/td>\n<td width=\"76\">fotografie (iba z predn\u00e1\u0161ok na\u017eivo)<\/td>\n<td width=\"87\">lehota uveden\u00e1 v zmluve<\/td>\n<td width=\"92\">FB Man\u017eelsk\u00fd poradca &#8211; Mgr. Ivan Ad\u00e1mek, web Adamek-edu.sk<\/td>\n<\/tr>\n<\/tbody>\n<\/table>\n<p>Pri poskytovan\u00ed osobn\u00fdch \u00fadajov, ktor\u00e9 s\u00fa z\u00e1konnou alebo zmluvnou po\u017eiadavkou je dotknut\u00e1 osoba povinn\u00e1 poskytn\u00fa\u0165 tieto osobn\u00e9 \u00fadaje, aby bola spolo\u010dnos\u0165 schopn\u00e1 plni\u0165 objednan\u00e9 slu\u017eby.<\/p>\n<p>&nbsp;<\/p>\n<p><strong>\u010cl\u00e1nok III<\/strong><\/p>\n<p><strong>Pr\u00e1va dotknutej osoby<\/strong><\/p>\n<p>Pr\u00e1va dotknutej osoby vymedzuje kapitola 3 GDPR.<\/p>\n<p>Ide o pr\u00e1vo po\u017eadova\u0165 od prev\u00e1dzkovate\u013ea pr\u00edstup k osobn\u00fdm \u00fadajom t\u00fdkaj\u00facim sa dotknutej osoby, pr\u00e1va na ich opravu alebo vymazanie alebo obmedzenie sprac\u00favania alebo pr\u00e1va namieta\u0165 proti sprac\u00favaniu, ako aj pr\u00e1va na prenosnos\u0165 \u00fadajov.<\/p>\n<p>M\u00e1te tie\u017e pr\u00e1vo poda\u0165 s\u0165a\u017enos\u0165 dozorn\u00e9mu org\u00e1nu (\u00darad na ochranu osobn\u00fdch \u00fadajov Slovenskej republiky, Hrani\u010dn\u00e1 12, 820 07 Bratislava 27, Tel: 02\/ 32 31 3214, E-mail: statny.dozor@pdp.gov.sk)<\/p>\n<p>Ak sa osobn\u00e9 \u00fadaje sprac\u00favaj\u00fa na z\u00e1klade p\u00edsomn\u00e9ho s\u00fahlasu, dotknut\u00e1 osoba m\u00e1 pr\u00e1vo kedyko\u013evek odvola\u0165 svoj s\u00fahlas. Odvolanie s\u00fahlasu nem\u00e1 vplyv na z\u00e1konnos\u0165 sprac\u00favania vych\u00e1dzaj\u00faceho zo s\u00fahlasu pred jeho odvolan\u00edm.<\/p>\n<p>Inform\u00e1cie oh\u013eadom ochrany osobn\u00fdch \u00fadajov, ako aj kv\u00f4li uplatneniu va\u0161ich pr\u00e1v ako dotknutej osoby ma pros\u00edm kontaktujte:<\/p>\n<p>Mgr. Ivan Ad\u00e1mek<\/p>\n<p>adamek.edu@gmail.com<\/p>\n<p>&nbsp;<\/p>\n<p>1.6.2023<\/p>\n<p>&nbsp;<\/p>\n<p>V skratke k Va\u0161im osobn\u00fdm \u00fadajom:<\/p>\n<p>Va\u0161e osobn\u00e9 \u00fadaje budem potrebova\u0165 na to, aby som:<\/p>\n<ol>\n<li>mohol vystavi\u0165 fakt\u00faru<\/li>\n<li>komunikova\u0165 s vami po\u010das d\u013a\u017eky poradenstva \u2013 Telefonicky, Google meets, E-mailom.<\/li>\n<\/ol>\n<p>Pros\u00edm obozn\u00e1mte sa s pravidlami spracovania Va\u0161ich osobn\u00fdch \u00fadajov v pr\u00edpade, \u017ee sa rozhodnete vyu\u017ei\u0165 moje slu\u017eby.<\/p>\n<p>&nbsp;<\/p>\n","protected":false},"excerpt":{"rendered":"<p>PODMIENKY OCHRANY OSOBN\u00ddCH \u00daDAJOV &nbsp; \u010cl\u00e1nok I. \u00davodn\u00e9 ustanovenia Prev\u00e1dzkovate\u013eom je spolo\u010dnos\u0165: Mgr. Ivan Ad\u00e1mek Education &amp; Counseling Tulip\u00e1nov\u00e1 3591\/5, 071 01 Michalovce I\u010cO: 51455293 Kontaktn\u00e9 \u00fadaje prev\u00e1dzkovate\u013ea s\u00fa adamek.edu@gmail.com Prev\u00e1dzkovate\u013e zodpovedn\u00e1 za sprac\u00favania osobn\u00fdch \u00fadajov pod\u013ea\u00a0nariadenia eur\u00f3pskeho parlamentu a rady (E\u00da) 2016\/679, z 27. apr\u00edla 2016 o ochrane fyzick\u00fdch os\u00f4b pri sprac\u00favan\u00ed osobn\u00fdch \u00fadajov a o vo\u013enom pohybe tak\u00fdchto \u00fadajov, (\u010falej len GDPR) Prev\u00e1dzkovate\u013e prijal v\u0161etky vhodn\u00e9 technick\u00e9 a&hellip;<\/p>\n","protected":false},"author":2,"featured_media":0,"parent":0,"menu_order":0,"comment_status":"closed","ping_status":"closed","template":"","meta":{"_glsr_average":0,"_glsr_ranking":0,"_glsr_reviews":0,"footnotes":""},"class_list":["post-566","page","type-page","status-publish","hentry"],"yoast_head":"<!-- This site is optimized with the Yoast SEO plugin v26.7 - https:\/\/yoast.com\/wordpress\/plugins\/seo\/ -->\n<title>GDPR - Mgr. Ivan Ad\u00e1mek<\/title>\n<meta name=\"robots\" content=\"index, follow, max-snippet:-1, max-image-preview:large, max-video-preview:-1\" \/>\n<link rel=\"canonical\" href=\"https:\/\/www.adamek-edu.sk\/?page_id=566\" \/>\n<meta property=\"og:locale\" content=\"sk_SK\" \/>\n<meta property=\"og:type\" content=\"article\" \/>\n<meta property=\"og:title\" content=\"GDPR - Mgr. Ivan Ad\u00e1mek\" \/>\n<meta property=\"og:description\" content=\"PODMIENKY OCHRANY OSOBN\u00ddCH \u00daDAJOV &nbsp; \u010cl\u00e1nok I. \u00davodn\u00e9 ustanovenia Prev\u00e1dzkovate\u013eom je spolo\u010dnos\u0165: Mgr. Ivan Ad\u00e1mek Education &amp; Counseling Tulip\u00e1nov\u00e1 3591\/5, 071 01 Michalovce I\u010cO: 51455293 Kontaktn\u00e9 \u00fadaje prev\u00e1dzkovate\u013ea s\u00fa adamek.edu@gmail.com Prev\u00e1dzkovate\u013e zodpovedn\u00e1 za sprac\u00favania osobn\u00fdch \u00fadajov pod\u013ea\u00a0nariadenia eur\u00f3pskeho parlamentu a rady (E\u00da) 2016\/679, z 27. apr\u00edla 2016 o ochrane fyzick\u00fdch os\u00f4b pri sprac\u00favan\u00ed osobn\u00fdch \u00fadajov a o vo\u013enom pohybe tak\u00fdchto \u00fadajov, (\u010falej len GDPR) Prev\u00e1dzkovate\u013e prijal v\u0161etky vhodn\u00e9 technick\u00e9 a&hellip;\" \/>\n<meta property=\"og:url\" content=\"https:\/\/www.adamek-edu.sk\/?page_id=566\" \/>\n<meta property=\"og:site_name\" content=\"Mgr. Ivan Ad\u00e1mek\" \/>\n<meta property=\"article:publisher\" content=\"https:\/\/www.facebook.com\/Man%c5%beelsk%c3%bd-poradca-Mgr-Ivan-Ad%c3%a1mek-245208902698654\" \/>\n<meta property=\"article:modified_time\" content=\"2023-06-03T15:26:07+00:00\" \/>\n<meta name=\"twitter:card\" content=\"summary_large_image\" \/>\n<meta name=\"twitter:label1\" content=\"Predpokladan\u00fd \u010das \u010d\u00edtania\" \/>\n\t<meta name=\"twitter:data1\" content=\"3 min\u00faty\" \/>\n<script type=\"application\/ld+json\" class=\"yoast-schema-graph\">{\"@context\":\"https:\/\/schema.org\",\"@graph\":[{\"@type\":\"WebPage\",\"@id\":\"https:\/\/www.adamek-edu.sk\/?page_id=566\",\"url\":\"https:\/\/www.adamek-edu.sk\/?page_id=566\",\"name\":\"GDPR - Mgr. Ivan Ad\u00e1mek\",\"isPartOf\":{\"@id\":\"https:\/\/www.adamek-edu.sk\/#website\"},\"datePublished\":\"2023-06-03T15:25:54+00:00\",\"dateModified\":\"2023-06-03T15:26:07+00:00\",\"breadcrumb\":{\"@id\":\"https:\/\/www.adamek-edu.sk\/?page_id=566#breadcrumb\"},\"inLanguage\":\"sk-SK\",\"potentialAction\":[{\"@type\":\"ReadAction\",\"target\":[\"https:\/\/www.adamek-edu.sk\/?page_id=566\"]}]},{\"@type\":\"BreadcrumbList\",\"@id\":\"https:\/\/www.adamek-edu.sk\/?page_id=566#breadcrumb\",\"itemListElement\":[{\"@type\":\"ListItem\",\"position\":1,\"name\":\"Home\",\"item\":\"https:\/\/www.adamek-edu.sk\/\"},{\"@type\":\"ListItem\",\"position\":2,\"name\":\"GDPR\"}]},{\"@type\":\"WebSite\",\"@id\":\"https:\/\/www.adamek-edu.sk\/#website\",\"url\":\"https:\/\/www.adamek-edu.sk\/\",\"name\":\"Mgr. Ivan Ad\u00e1mek\",\"description\":\"Man\u017eelsk\u00e1, p\u00e1rov\u00e1 a individu\u00e1lna porad\u0148a\",\"publisher\":{\"@id\":\"https:\/\/www.adamek-edu.sk\/#organization\"},\"potentialAction\":[{\"@type\":\"SearchAction\",\"target\":{\"@type\":\"EntryPoint\",\"urlTemplate\":\"https:\/\/www.adamek-edu.sk\/?s={search_term_string}\"},\"query-input\":{\"@type\":\"PropertyValueSpecification\",\"valueRequired\":true,\"valueName\":\"search_term_string\"}}],\"inLanguage\":\"sk-SK\"},{\"@type\":\"Organization\",\"@id\":\"https:\/\/www.adamek-edu.sk\/#organization\",\"name\":\"Mgr. Ivan Ad\u00e1mek\",\"url\":\"https:\/\/www.adamek-edu.sk\/\",\"logo\":{\"@type\":\"ImageObject\",\"inLanguage\":\"sk-SK\",\"@id\":\"https:\/\/www.adamek-edu.sk\/#\/schema\/logo\/image\/\",\"url\":\"https:\/\/www.adamek-edu.sk\/wp-content\/uploads\/2026\/02\/cropped-logo1.png\",\"contentUrl\":\"https:\/\/www.adamek-edu.sk\/wp-content\/uploads\/2026\/02\/cropped-logo1.png\",\"width\":290,\"height\":248,\"caption\":\"Mgr. Ivan Ad\u00e1mek\"},\"image\":{\"@id\":\"https:\/\/www.adamek-edu.sk\/#\/schema\/logo\/image\/\"},\"sameAs\":[\"https:\/\/www.facebook.com\/Man\u017eelsk\u00fd-poradca-Mgr-Ivan-Ad\u00e1mek-245208902698654\"]}]}<\/script>\n<!-- \/ Yoast SEO plugin. -->","yoast_head_json":{"title":"GDPR - Mgr. Ivan Ad\u00e1mek","robots":{"index":"index","follow":"follow","max-snippet":"max-snippet:-1","max-image-preview":"max-image-preview:large","max-video-preview":"max-video-preview:-1"},"canonical":"https:\/\/www.adamek-edu.sk\/?page_id=566","og_locale":"sk_SK","og_type":"article","og_title":"GDPR - Mgr. Ivan Ad\u00e1mek","og_description":"PODMIENKY OCHRANY OSOBN\u00ddCH \u00daDAJOV &nbsp; \u010cl\u00e1nok I. \u00davodn\u00e9 ustanovenia Prev\u00e1dzkovate\u013eom je spolo\u010dnos\u0165: Mgr. Ivan Ad\u00e1mek Education &amp; Counseling Tulip\u00e1nov\u00e1 3591\/5, 071 01 Michalovce I\u010cO: 51455293 Kontaktn\u00e9 \u00fadaje prev\u00e1dzkovate\u013ea s\u00fa adamek.edu@gmail.com Prev\u00e1dzkovate\u013e zodpovedn\u00e1 za sprac\u00favania osobn\u00fdch \u00fadajov pod\u013ea\u00a0nariadenia eur\u00f3pskeho parlamentu a rady (E\u00da) 2016\/679, z 27. apr\u00edla 2016 o ochrane fyzick\u00fdch os\u00f4b pri sprac\u00favan\u00ed osobn\u00fdch \u00fadajov a o vo\u013enom pohybe tak\u00fdchto \u00fadajov, (\u010falej len GDPR) Prev\u00e1dzkovate\u013e prijal v\u0161etky vhodn\u00e9 technick\u00e9 a&hellip;","og_url":"https:\/\/www.adamek-edu.sk\/?page_id=566","og_site_name":"Mgr. Ivan Ad\u00e1mek","article_publisher":"https:\/\/www.facebook.com\/Man%c5%beelsk%c3%bd-poradca-Mgr-Ivan-Ad%c3%a1mek-245208902698654","article_modified_time":"2023-06-03T15:26:07+00:00","twitter_card":"summary_large_image","twitter_misc":{"Predpokladan\u00fd \u010das \u010d\u00edtania":"3 min\u00faty"},"schema":{"@context":"https:\/\/schema.org","@graph":[{"@type":"WebPage","@id":"https:\/\/www.adamek-edu.sk\/?page_id=566","url":"https:\/\/www.adamek-edu.sk\/?page_id=566","name":"GDPR - Mgr. Ivan Ad\u00e1mek","isPartOf":{"@id":"https:\/\/www.adamek-edu.sk\/#website"},"datePublished":"2023-06-03T15:25:54+00:00","dateModified":"2023-06-03T15:26:07+00:00","breadcrumb":{"@id":"https:\/\/www.adamek-edu.sk\/?page_id=566#breadcrumb"},"inLanguage":"sk-SK","potentialAction":[{"@type":"ReadAction","target":["https:\/\/www.adamek-edu.sk\/?page_id=566"]}]},{"@type":"BreadcrumbList","@id":"https:\/\/www.adamek-edu.sk\/?page_id=566#breadcrumb","itemListElement":[{"@type":"ListItem","position":1,"name":"Home","item":"https:\/\/www.adamek-edu.sk\/"},{"@type":"ListItem","position":2,"name":"GDPR"}]},{"@type":"WebSite","@id":"https:\/\/www.adamek-edu.sk\/#website","url":"https:\/\/www.adamek-edu.sk\/","name":"Mgr. Ivan Ad\u00e1mek","description":"Man\u017eelsk\u00e1, p\u00e1rov\u00e1 a individu\u00e1lna porad\u0148a","publisher":{"@id":"https:\/\/www.adamek-edu.sk\/#organization"},"potentialAction":[{"@type":"SearchAction","target":{"@type":"EntryPoint","urlTemplate":"https:\/\/www.adamek-edu.sk\/?s={search_term_string}"},"query-input":{"@type":"PropertyValueSpecification","valueRequired":true,"valueName":"search_term_string"}}],"inLanguage":"sk-SK"},{"@type":"Organization","@id":"https:\/\/www.adamek-edu.sk\/#organization","name":"Mgr. Ivan Ad\u00e1mek","url":"https:\/\/www.adamek-edu.sk\/","logo":{"@type":"ImageObject","inLanguage":"sk-SK","@id":"https:\/\/www.adamek-edu.sk\/#\/schema\/logo\/image\/","url":"https:\/\/www.adamek-edu.sk\/wp-content\/uploads\/2026\/02\/cropped-logo1.png","contentUrl":"https:\/\/www.adamek-edu.sk\/wp-content\/uploads\/2026\/02\/cropped-logo1.png","width":290,"height":248,"caption":"Mgr. Ivan Ad\u00e1mek"},"image":{"@id":"https:\/\/www.adamek-edu.sk\/#\/schema\/logo\/image\/"},"sameAs":["https:\/\/www.facebook.com\/Man\u017eelsk\u00fd-poradca-Mgr-Ivan-Ad\u00e1mek-245208902698654"]}]}},"jetpack_sharing_enabled":true,"_links":{"self":[{"href":"https:\/\/www.adamek-edu.sk\/index.php?rest_route=\/wp\/v2\/pages\/566","targetHints":{"allow":["GET"]}}],"collection":[{"href":"https:\/\/www.adamek-edu.sk\/index.php?rest_route=\/wp\/v2\/pages"}],"about":[{"href":"https:\/\/www.adamek-edu.sk\/index.php?rest_route=\/wp\/v2\/types\/page"}],"author":[{"embeddable":true,"href":"https:\/\/www.adamek-edu.sk\/index.php?rest_route=\/wp\/v2\/users\/2"}],"replies":[{"embeddable":true,"href":"https:\/\/www.adamek-edu.sk\/index.php?rest_route=%2Fwp%2Fv2%2Fcomments&post=566"}],"version-history":[{"count":2,"href":"https:\/\/www.adamek-edu.sk\/index.php?rest_route=\/wp\/v2\/pages\/566\/revisions"}],"predecessor-version":[{"id":568,"href":"https:\/\/www.adamek-edu.sk\/index.php?rest_route=\/wp\/v2\/pages\/566\/revisions\/568"}],"wp:attachment":[{"href":"https:\/\/www.adamek-edu.sk\/index.php?rest_route=%2Fwp%2Fv2%2Fmedia&parent=566"}],"curies":[{"name":"wp","href":"https:\/\/api.w.org\/{rel}","templated":true}]}}