{"id":499,"date":"2023-03-23T12:20:56","date_gmt":"2023-03-23T11:20:56","guid":{"rendered":"https:\/\/www.adamek-edu.sk\/?page_id=499"},"modified":"2023-03-23T12:20:56","modified_gmt":"2023-03-23T11:20:56","slug":"7-dovodov-preco-som-manzelskym-poradcom","status":"publish","type":"page","link":"https:\/\/www.adamek-edu.sk\/?page_id=499","title":{"rendered":"7 d\u00f4vodov pre\u010do som man\u017eelsk\u00fdm poradcom"},"content":{"rendered":"<ol>\n<li>Te\u0161\u00edm sa do pr\u00e1ce.<\/li>\n<\/ol>\n<p>Ka\u017ed\u00e9 r\u00e1no ke\u010f sa zobud\u00edm a\u00a0\u010dak\u00e1 ma nieko\u013eko seden\u00ed, te\u0161\u00edm sa, \u017ee m\u00f4\u017eem robi\u0165 pr\u00e1cu, ktor\u00e1 ma bav\u00ed, ktorej rozumiem a\u00a0ktorou pom\u00e1ham \u013eu\u010fom zvy\u0161ova\u0165 kvalitu ich \u017eivotov, man\u017eelstiev a\u00a0dopom\u00e1ham k\u00a0celkovej spokojnosti rod\u00edn.<\/p>\n<ol start=\"2\">\n<li>Je to moje poslanie.<\/li>\n<\/ol>\n<p>Od \u00fatleho detstva ma v\u017edy zauj\u00edmali dve veci: Ako funguj\u00fa stroje a\u00a0ako funguj\u00fa \u013eudia. Sk\u00famal som a\u00a0pozoroval oboje. U\u00a0\u013eud\u00ed som sa v\u0161ak postupne zameral na vz\u0165ahy a\u00a0na to ako (ne)funguj\u00fa. St\u00e1le ma bavilo rie\u0161i\u0165 n\u00e1ro\u010dn\u00e9 \u00falohy. matematick\u00e9 aj \u013eudsk\u00e9 probl\u00e9my. Pri\u0161iel v\u0161ak moment, kedy som si musel vybra\u0165, \u010di p\u00f4jdem \u0161tudova\u0165 programovanie na technick\u00fa, alebo sa zamera\u0165 humanitn\u00fdm smerom a\u00a0pokra\u010dova\u0165 v\u00a0\u0161tudovan\u00ed \u013eudskej psychiky do h\u013abky. Aj ke\u010f ma l\u00e1kali obe mo\u017enosti, c\u00edtil som vn\u00fatorn\u00e9 volanie pr\u00e1ve k\u00a0hlb\u0161iemu poznaniu \u013eud\u00ed a\u00a0vyu\u017eitiu t\u00fdchto poznatkov vo forme man\u017eelsk\u00e9ho poradenstva. Aj preto rad\u0161ej moju pr\u00e1cu naz\u00fdvam povolan\u00edm.<\/p>\n<ol start=\"3\">\n<li>Nekone\u010dn\u00e9 mo\u017enosti rozvoja.<\/li>\n<\/ol>\n<p>Ka\u017ed\u00fd \u010dlovek je jedine\u010dn\u00fd a\u00a0neopakovate\u013en\u00fd. V\u017edy ke\u010f sa stretn\u00fa dvaja r\u00f4zny \u013eudia, vznik\u00e1 \u00faplne jedine\u010dn\u00e1 forma interakcie, ktor\u00e1 je v\u00fdsledkom pr\u00edstupu dvoch \u013eud\u00ed k\u00a0sebe navz\u00e1jom. Osobnostn\u00e9 typy s\u00fa ovplyv\u0148ovan\u00e9 prostred\u00edm v\u00a0ktorom vyrastali, v\u00a0ktorom \u017eij\u00fa, \u0161pecifick\u00fdmi vlastnos\u0165ami a\u00a0schopnos\u0165ami. Aj ke\u010f sa v\u00a0niektor\u00fdch veciach podob\u00e1me na in\u00fdch, ka\u017ed\u00fd m\u00e1 svoj pr\u00edbeh a\u00a0svoje sk\u00fasenosti, ktor\u00e9 do ve\u013ekej miery ovplyv\u0148uj\u00fa aj ich spr\u00e1vanie vo vz\u0165ahoch. Ja sa u\u010d\u00edm o\u00a0r\u00f4znorodosti \u013eud\u00ed a\u00a0ich sk\u00fasenost\u00ed a\u00a0klienti sa u\u010dia met\u00f3dy a\u00a0techniky, ktor\u00e9 im pom\u00e1haj\u00fa pri budovan\u00ed a\u00a0zlep\u0161ovan\u00ed vz\u0165ahu. No predov\u0161etk\u00fdm menia sp\u00f4sob, ak\u00fdm sa na svoj vz\u0165ah d\u00edvaj\u00fa.<\/p>\n<ol start=\"4\">\n<li>Moja pr\u00e1ca mi pom\u00e1ha st\u00e1va\u0165 sa st\u00e1le lep\u0161\u00edm man\u017eelom pre moju man\u017eelku.<\/li>\n<\/ol>\n<p>Ka\u017ed\u00fdm rokom praxe, ktor\u00fd mi prib\u00fada pri tejto pr\u00e1ci, st\u00e1vam sa lep\u0161\u00edm man\u017eelom pre moju man\u017eelku. Na jednej strane je sebarozvoj a\u00a0\u010fal\u0161ie profesijn\u00e9 vzdel\u00e1vanie v\u00a0oblasti man\u017eelsk\u00e9ho poradenstva, ktor\u00e9 neust\u00e1le dop\u013a\u0148am a\u00a0aktualizujem prostredn\u00edctvom odborn\u00fdch \u010dl\u00e1nkov, publik\u00e1ci\u00ed, predn\u00e1\u0161ok \u010di kurzov od svetov\u00fdch kapac\u00edt v\u00a0oblasti man\u017eelsk\u00e9ho poradenstva. Na druhej strane je to moja prax a\u00a0klienti, ktor\u00ed mi d\u00e1vaj\u00fa sp\u00e4tn\u00fa v\u00e4zbu \u010di u\u017e priamo alebo nepriamo, ktor\u00ed mi d\u00e1vaj\u00fa st\u00e1le nov\u00e9 podnety na rozv\u00edjanie seba sam\u00e9ho. Obe tieto zlo\u017eky \u2013 te\u00f3ria aj prax \u2013 pom\u00e1haj\u00fa aj mne osobne v\u00a0mojom vlastnom man\u017eelstve a\u00a0ka\u017ed\u00fdm rokom na\u0161a l\u00e1ska spolo\u010dne zreje.<\/p>\n<ol start=\"5\">\n<li>Je to stimuluj\u00face pre moju myse\u013e<\/li>\n<\/ol>\n<p>Osobnostn\u00fdm typom patr\u00edm do kateg\u00f3rie analytikov. Jednou z\u00a0typick\u00fdch vlastnost\u00ed analytikov je, \u017ee potrebujeme neust\u00e1le rie\u0161i\u0165 probl\u00e9my. Ka\u017ed\u00fd pod\u013ea svojho zamerania. \u013dudsk\u00e9 vz\u0165ahy s\u00fa tou najkomplikovanej\u0161ou vecou na svete na pochopenie. Nie je to ako \u201eexaktn\u00e9\u201c pr\u00edrodn\u00e9 vedy, kde skokan zelen\u00fd bude st\u00e1le skokanom zelen\u00fdm, mitochondria sa bude st\u00e1le sklada\u0165 z\u00a0toho ist\u00e9ho \u010do in\u00e1 mitochondria, min\u00fata bude ma\u0165 v\u017edy presne 60 sek\u00fand a\u00a02+2 v\u00a0desiatkovej s\u00fastave bude v\u017edy 4. Jedin\u00e9 \u010do je ist\u00e9, \u017ee ka\u017ed\u00fd \u010dlovek je in\u00fd, a preto rie\u0161enie medzi\u013eudsk\u00fdch probl\u00e9mov je jednou z\u00a0naj\u0165a\u017e\u0161\u00edch vec\u00ed na svete.<\/p>\n<ol start=\"6\">\n<li>Moja pr\u00e1ca ma nap\u013a\u0148a.<\/li>\n<\/ol>\n<p>Ke\u010f rob\u00edm pr\u00e1cu man\u017eelsk\u00e9ho poradcu, c\u00edtim vo svojom \u017eivote naplnenie. Rob\u00edm to \u010do ma bav\u00ed a\u00a0z\u00e1rove\u0148 t\u00fdm pom\u00e1ham mojim klientom. Je to jeden zo sp\u00f4sobov, ktor\u00fdm sa usilujem o\u00a0to, robi\u0165 svet lep\u0161\u00edm a\u00a0kraj\u0161\u00edm miestom pre \u017eivot.<\/p>\n<ol start=\"7\">\n<li>Pr\u00e1ca mi prin\u00e1\u0161a neop\u00edsate\u013en\u00e9 pocity radosti.<\/li>\n<\/ol>\n<p>S\u00fa to jedine\u010dn\u00e9 momenty ako napr\u00edklad ke\u010f p\u00e1r prich\u00e1dza na prv\u00e9 sedenie \u010dasto smutn\u00fd, nahnevan\u00fd a\u00a0hlavne nerv\u00f3zny z\u00a0toho \u010do ich \u010dak\u00e1. No na za\u010diatku druh\u00e9ho (a \u010fal\u0161\u00edch) seden\u00ed vid\u00edm dve usmiate tv\u00e1re, ktor\u00e9 sa ve\u013emi te\u0161ia na to, \u010do ich \u010dak\u00e1 a\u00a0niekedy aj na m\u0148a. &#x1f60a;<\/p>\n<p>S\u00fa to tie\u017e momenty, ke\u010f klient \u010di klientka mi spont\u00e1nne poskytn\u00fa sp\u00e4tn\u00fa v\u00e4zbu v\u00a0tom, \u017ee im na\u0161e sedenia \u00faplne zmenili ich vz\u0165ah aj \u017eivot a\u00a0e\u0161te nikdy sa nec\u00edtili vo vz\u0165ahu i\u00a0\u017eivote \u0161\u0165astnej\u0161\u00ed. Presne to s\u00fa tie momenty, kedy si poviem, \u017ee som presne tam kde m\u00e1m by\u0165, rob\u00edm presne to, \u010do m\u0148a bav\u00ed a\u00a0druh\u00fdm pom\u00e1ha. A\u00a0ke\u010f som schopn\u00fd u\u017eivi\u0165 t\u00fdm svoju rodinu, som \u0161\u0165astn\u00fd, \u017ee nemus\u00edm chodi\u0165 do pr\u00e1ce, ktor\u00e1 ma nebav\u00ed, nenap\u013a\u0148a a\u00a0kde moje vedomosti a\u00a0schopnosti nevyjd\u00fa nazmar.<\/p>\n","protected":false},"excerpt":{"rendered":"<p>Te\u0161\u00edm sa do pr\u00e1ce. Ka\u017ed\u00e9 r\u00e1no ke\u010f sa zobud\u00edm a\u00a0\u010dak\u00e1 ma nieko\u013eko seden\u00ed, te\u0161\u00edm sa, \u017ee m\u00f4\u017eem robi\u0165 pr\u00e1cu, ktor\u00e1 ma bav\u00ed, ktorej rozumiem a\u00a0ktorou pom\u00e1ham \u013eu\u010fom zvy\u0161ova\u0165 kvalitu ich \u017eivotov, man\u017eelstiev a\u00a0dopom\u00e1ham k\u00a0celkovej spokojnosti rod\u00edn. Je to moje poslanie. Od \u00fatleho detstva ma v\u017edy zauj\u00edmali dve veci: Ako funguj\u00fa stroje a\u00a0ako funguj\u00fa \u013eudia. Sk\u00famal som a\u00a0pozoroval oboje. U\u00a0\u013eud\u00ed som sa v\u0161ak postupne zameral na vz\u0165ahy a\u00a0na to ako (ne)funguj\u00fa.&hellip;<\/p>\n","protected":false},"author":2,"featured_media":0,"parent":0,"menu_order":0,"comment_status":"closed","ping_status":"closed","template":"","meta":{"_glsr_average":0,"_glsr_ranking":0,"_glsr_reviews":0,"footnotes":""},"class_list":["post-499","page","type-page","status-publish","hentry"],"yoast_head":"<!-- This site is optimized with the Yoast SEO plugin v26.7 - https:\/\/yoast.com\/wordpress\/plugins\/seo\/ -->\n<title>7 d\u00f4vodov pre\u010do som man\u017eelsk\u00fdm poradcom - Mgr. Ivan Ad\u00e1mek<\/title>\n<meta name=\"robots\" content=\"index, follow, max-snippet:-1, max-image-preview:large, max-video-preview:-1\" \/>\n<link rel=\"canonical\" href=\"https:\/\/www.adamek-edu.sk\/?page_id=499\" \/>\n<meta property=\"og:locale\" content=\"sk_SK\" \/>\n<meta property=\"og:type\" content=\"article\" \/>\n<meta property=\"og:title\" content=\"7 d\u00f4vodov pre\u010do som man\u017eelsk\u00fdm poradcom - Mgr. Ivan Ad\u00e1mek\" \/>\n<meta property=\"og:description\" content=\"Te\u0161\u00edm sa do pr\u00e1ce. Ka\u017ed\u00e9 r\u00e1no ke\u010f sa zobud\u00edm a\u00a0\u010dak\u00e1 ma nieko\u013eko seden\u00ed, te\u0161\u00edm sa, \u017ee m\u00f4\u017eem robi\u0165 pr\u00e1cu, ktor\u00e1 ma bav\u00ed, ktorej rozumiem a\u00a0ktorou pom\u00e1ham \u013eu\u010fom zvy\u0161ova\u0165 kvalitu ich \u017eivotov, man\u017eelstiev a\u00a0dopom\u00e1ham k\u00a0celkovej spokojnosti rod\u00edn. Je to moje poslanie. Od \u00fatleho detstva ma v\u017edy zauj\u00edmali dve veci: Ako funguj\u00fa stroje a\u00a0ako funguj\u00fa \u013eudia. Sk\u00famal som a\u00a0pozoroval oboje. U\u00a0\u013eud\u00ed som sa v\u0161ak postupne zameral na vz\u0165ahy a\u00a0na to ako (ne)funguj\u00fa.&hellip;\" \/>\n<meta property=\"og:url\" content=\"https:\/\/www.adamek-edu.sk\/?page_id=499\" \/>\n<meta property=\"og:site_name\" content=\"Mgr. Ivan Ad\u00e1mek\" \/>\n<meta property=\"article:publisher\" content=\"https:\/\/www.facebook.com\/Man%c5%beelsk%c3%bd-poradca-Mgr-Ivan-Ad%c3%a1mek-245208902698654\" \/>\n<meta name=\"twitter:card\" content=\"summary_large_image\" \/>\n<meta name=\"twitter:label1\" content=\"Predpokladan\u00fd \u010das \u010d\u00edtania\" \/>\n\t<meta name=\"twitter:data1\" content=\"4 min\u00faty\" \/>\n<script type=\"application\/ld+json\" class=\"yoast-schema-graph\">{\"@context\":\"https:\/\/schema.org\",\"@graph\":[{\"@type\":\"WebPage\",\"@id\":\"https:\/\/www.adamek-edu.sk\/?page_id=499\",\"url\":\"https:\/\/www.adamek-edu.sk\/?page_id=499\",\"name\":\"7 d\u00f4vodov pre\u010do som man\u017eelsk\u00fdm poradcom - Mgr. Ivan Ad\u00e1mek\",\"isPartOf\":{\"@id\":\"https:\/\/www.adamek-edu.sk\/#website\"},\"datePublished\":\"2023-03-23T11:20:56+00:00\",\"breadcrumb\":{\"@id\":\"https:\/\/www.adamek-edu.sk\/?page_id=499#breadcrumb\"},\"inLanguage\":\"sk-SK\",\"potentialAction\":[{\"@type\":\"ReadAction\",\"target\":[\"https:\/\/www.adamek-edu.sk\/?page_id=499\"]}]},{\"@type\":\"BreadcrumbList\",\"@id\":\"https:\/\/www.adamek-edu.sk\/?page_id=499#breadcrumb\",\"itemListElement\":[{\"@type\":\"ListItem\",\"position\":1,\"name\":\"Home\",\"item\":\"https:\/\/www.adamek-edu.sk\/\"},{\"@type\":\"ListItem\",\"position\":2,\"name\":\"7 d\u00f4vodov pre\u010do som man\u017eelsk\u00fdm poradcom\"}]},{\"@type\":\"WebSite\",\"@id\":\"https:\/\/www.adamek-edu.sk\/#website\",\"url\":\"https:\/\/www.adamek-edu.sk\/\",\"name\":\"Mgr. Ivan Ad\u00e1mek\",\"description\":\"Man\u017eelsk\u00e1, p\u00e1rov\u00e1 a individu\u00e1lna porad\u0148a\",\"publisher\":{\"@id\":\"https:\/\/www.adamek-edu.sk\/#organization\"},\"potentialAction\":[{\"@type\":\"SearchAction\",\"target\":{\"@type\":\"EntryPoint\",\"urlTemplate\":\"https:\/\/www.adamek-edu.sk\/?s={search_term_string}\"},\"query-input\":{\"@type\":\"PropertyValueSpecification\",\"valueRequired\":true,\"valueName\":\"search_term_string\"}}],\"inLanguage\":\"sk-SK\"},{\"@type\":\"Organization\",\"@id\":\"https:\/\/www.adamek-edu.sk\/#organization\",\"name\":\"Mgr. Ivan Ad\u00e1mek\",\"url\":\"https:\/\/www.adamek-edu.sk\/\",\"logo\":{\"@type\":\"ImageObject\",\"inLanguage\":\"sk-SK\",\"@id\":\"https:\/\/www.adamek-edu.sk\/#\/schema\/logo\/image\/\",\"url\":\"https:\/\/www.adamek-edu.sk\/wp-content\/uploads\/2026\/02\/cropped-logo1.png\",\"contentUrl\":\"https:\/\/www.adamek-edu.sk\/wp-content\/uploads\/2026\/02\/cropped-logo1.png\",\"width\":290,\"height\":248,\"caption\":\"Mgr. Ivan Ad\u00e1mek\"},\"image\":{\"@id\":\"https:\/\/www.adamek-edu.sk\/#\/schema\/logo\/image\/\"},\"sameAs\":[\"https:\/\/www.facebook.com\/Man\u017eelsk\u00fd-poradca-Mgr-Ivan-Ad\u00e1mek-245208902698654\"]}]}<\/script>\n<!-- \/ Yoast SEO plugin. -->","yoast_head_json":{"title":"7 d\u00f4vodov pre\u010do som man\u017eelsk\u00fdm poradcom - Mgr. Ivan Ad\u00e1mek","robots":{"index":"index","follow":"follow","max-snippet":"max-snippet:-1","max-image-preview":"max-image-preview:large","max-video-preview":"max-video-preview:-1"},"canonical":"https:\/\/www.adamek-edu.sk\/?page_id=499","og_locale":"sk_SK","og_type":"article","og_title":"7 d\u00f4vodov pre\u010do som man\u017eelsk\u00fdm poradcom - Mgr. Ivan Ad\u00e1mek","og_description":"Te\u0161\u00edm sa do pr\u00e1ce. Ka\u017ed\u00e9 r\u00e1no ke\u010f sa zobud\u00edm a\u00a0\u010dak\u00e1 ma nieko\u013eko seden\u00ed, te\u0161\u00edm sa, \u017ee m\u00f4\u017eem robi\u0165 pr\u00e1cu, ktor\u00e1 ma bav\u00ed, ktorej rozumiem a\u00a0ktorou pom\u00e1ham \u013eu\u010fom zvy\u0161ova\u0165 kvalitu ich \u017eivotov, man\u017eelstiev a\u00a0dopom\u00e1ham k\u00a0celkovej spokojnosti rod\u00edn. Je to moje poslanie. Od \u00fatleho detstva ma v\u017edy zauj\u00edmali dve veci: Ako funguj\u00fa stroje a\u00a0ako funguj\u00fa \u013eudia. Sk\u00famal som a\u00a0pozoroval oboje. U\u00a0\u013eud\u00ed som sa v\u0161ak postupne zameral na vz\u0165ahy a\u00a0na to ako (ne)funguj\u00fa.&hellip;","og_url":"https:\/\/www.adamek-edu.sk\/?page_id=499","og_site_name":"Mgr. Ivan Ad\u00e1mek","article_publisher":"https:\/\/www.facebook.com\/Man%c5%beelsk%c3%bd-poradca-Mgr-Ivan-Ad%c3%a1mek-245208902698654","twitter_card":"summary_large_image","twitter_misc":{"Predpokladan\u00fd \u010das \u010d\u00edtania":"4 min\u00faty"},"schema":{"@context":"https:\/\/schema.org","@graph":[{"@type":"WebPage","@id":"https:\/\/www.adamek-edu.sk\/?page_id=499","url":"https:\/\/www.adamek-edu.sk\/?page_id=499","name":"7 d\u00f4vodov pre\u010do som man\u017eelsk\u00fdm poradcom - Mgr. Ivan Ad\u00e1mek","isPartOf":{"@id":"https:\/\/www.adamek-edu.sk\/#website"},"datePublished":"2023-03-23T11:20:56+00:00","breadcrumb":{"@id":"https:\/\/www.adamek-edu.sk\/?page_id=499#breadcrumb"},"inLanguage":"sk-SK","potentialAction":[{"@type":"ReadAction","target":["https:\/\/www.adamek-edu.sk\/?page_id=499"]}]},{"@type":"BreadcrumbList","@id":"https:\/\/www.adamek-edu.sk\/?page_id=499#breadcrumb","itemListElement":[{"@type":"ListItem","position":1,"name":"Home","item":"https:\/\/www.adamek-edu.sk\/"},{"@type":"ListItem","position":2,"name":"7 d\u00f4vodov pre\u010do som man\u017eelsk\u00fdm poradcom"}]},{"@type":"WebSite","@id":"https:\/\/www.adamek-edu.sk\/#website","url":"https:\/\/www.adamek-edu.sk\/","name":"Mgr. Ivan Ad\u00e1mek","description":"Man\u017eelsk\u00e1, p\u00e1rov\u00e1 a individu\u00e1lna porad\u0148a","publisher":{"@id":"https:\/\/www.adamek-edu.sk\/#organization"},"potentialAction":[{"@type":"SearchAction","target":{"@type":"EntryPoint","urlTemplate":"https:\/\/www.adamek-edu.sk\/?s={search_term_string}"},"query-input":{"@type":"PropertyValueSpecification","valueRequired":true,"valueName":"search_term_string"}}],"inLanguage":"sk-SK"},{"@type":"Organization","@id":"https:\/\/www.adamek-edu.sk\/#organization","name":"Mgr. Ivan Ad\u00e1mek","url":"https:\/\/www.adamek-edu.sk\/","logo":{"@type":"ImageObject","inLanguage":"sk-SK","@id":"https:\/\/www.adamek-edu.sk\/#\/schema\/logo\/image\/","url":"https:\/\/www.adamek-edu.sk\/wp-content\/uploads\/2026\/02\/cropped-logo1.png","contentUrl":"https:\/\/www.adamek-edu.sk\/wp-content\/uploads\/2026\/02\/cropped-logo1.png","width":290,"height":248,"caption":"Mgr. Ivan Ad\u00e1mek"},"image":{"@id":"https:\/\/www.adamek-edu.sk\/#\/schema\/logo\/image\/"},"sameAs":["https:\/\/www.facebook.com\/Man\u017eelsk\u00fd-poradca-Mgr-Ivan-Ad\u00e1mek-245208902698654"]}]}},"jetpack_sharing_enabled":true,"_links":{"self":[{"href":"https:\/\/www.adamek-edu.sk\/index.php?rest_route=\/wp\/v2\/pages\/499","targetHints":{"allow":["GET"]}}],"collection":[{"href":"https:\/\/www.adamek-edu.sk\/index.php?rest_route=\/wp\/v2\/pages"}],"about":[{"href":"https:\/\/www.adamek-edu.sk\/index.php?rest_route=\/wp\/v2\/types\/page"}],"author":[{"embeddable":true,"href":"https:\/\/www.adamek-edu.sk\/index.php?rest_route=\/wp\/v2\/users\/2"}],"replies":[{"embeddable":true,"href":"https:\/\/www.adamek-edu.sk\/index.php?rest_route=%2Fwp%2Fv2%2Fcomments&post=499"}],"version-history":[{"count":1,"href":"https:\/\/www.adamek-edu.sk\/index.php?rest_route=\/wp\/v2\/pages\/499\/revisions"}],"predecessor-version":[{"id":500,"href":"https:\/\/www.adamek-edu.sk\/index.php?rest_route=\/wp\/v2\/pages\/499\/revisions\/500"}],"wp:attachment":[{"href":"https:\/\/www.adamek-edu.sk\/index.php?rest_route=%2Fwp%2Fv2%2Fmedia&parent=499"}],"curies":[{"name":"wp","href":"https:\/\/api.w.org\/{rel}","templated":true}]}}