{"id":408,"date":"2023-03-13T17:59:32","date_gmt":"2023-03-13T16:59:32","guid":{"rendered":"https:\/\/www.adamek-edu.sk\/?page_id=408"},"modified":"2024-03-18T14:09:09","modified_gmt":"2024-03-18T13:09:09","slug":"manzelska-preventivka","status":"publish","type":"page","link":"https:\/\/www.adamek-edu.sk\/?page_id=408","title":{"rendered":"Man\u017eelsk\u00e1 prevent\u00edvka"},"content":{"rendered":"\t\t<div data-elementor-type=\"wp-page\" data-elementor-id=\"408\" class=\"elementor elementor-408\">\n\t\t\t\t\t\t<section class=\"elementor-section elementor-top-section elementor-element elementor-element-4f77e75e elementor-section-boxed elementor-section-height-default elementor-section-height-default\" data-id=\"4f77e75e\" data-element_type=\"section\">\n\t\t\t\t\t\t<div class=\"elementor-container elementor-column-gap-default\">\n\t\t\t\t\t<div class=\"elementor-column elementor-col-100 elementor-top-column elementor-element elementor-element-16b27b68\" data-id=\"16b27b68\" data-element_type=\"column\">\n\t\t\t<div class=\"elementor-widget-wrap elementor-element-populated\">\n\t\t\t\t\t\t<div class=\"elementor-element elementor-element-72904010 elementor-widget elementor-widget-text-editor\" data-id=\"72904010\" data-element_type=\"widget\" data-widget_type=\"text-editor.default\">\n\t\t\t\t<div class=\"elementor-widget-container\">\n\t\t\t<style>\/*! elementor - v3.19.0 - 28-02-2024 *\/\n.elementor-widget-text-editor.elementor-drop-cap-view-stacked .elementor-drop-cap{background-color:#69727d;color:#fff}.elementor-widget-text-editor.elementor-drop-cap-view-framed .elementor-drop-cap{color:#69727d;border:3px solid;background-color:transparent}.elementor-widget-text-editor:not(.elementor-drop-cap-view-default) .elementor-drop-cap{margin-top:8px}.elementor-widget-text-editor:not(.elementor-drop-cap-view-default) .elementor-drop-cap-letter{width:1em;height:1em}.elementor-widget-text-editor .elementor-drop-cap{float:left;text-align:center;line-height:1;font-size:50px}.elementor-widget-text-editor .elementor-drop-cap-letter{display:inline-block}<\/style>\t\t\t\t<p>Man\u017eelsk\u00e1 prevent\u00edvka je konzult\u00e1cia, ktor\u00e1 v\u00e1m pom\u00f4\u017ee objekt\u00edvnej\u0161ie zhodnoti\u0165 v\u00e1\u0161 vz\u0165ah a probl\u00e9my vo va\u0161om vz\u0165ahu. P\u00e1ry \u017eia\u013e a\u017e pr\u00edli\u0161 \u010dasto podce\u0148uj\u00fa sympt\u00f3my vz\u0165ahovej patol\u00f3gie, ktor\u00e9 sa v ich vz\u0165ahu neust\u00e1le objavuj\u00fa. Tieto probl\u00e9my je nutn\u00e9 rie\u0161i\u0165, no p\u00e1ry \u010dasto nevedia ak\u00fdm sp\u00f4sobom ich probl\u00e9my spr\u00e1vne rie\u0161i\u0165 a n\u00e1sledne dlh\u00fa dobu zotrv\u00e1vaj\u00fa vo vz\u0165ahovej patol\u00f3gi\u00ed, ktor\u00e1 neust\u00e1le nar\u00fa\u0161a a ni\u010d\u00ed ich vz\u0165ah.<\/p>\t\t\t\t\t\t<\/div>\n\t\t\t\t<\/div>\n\t\t\t\t\t<\/div>\n\t\t<\/div>\n\t\t\t\t\t<\/div>\n\t\t<\/section>\n\t\t\t\t<section class=\"elementor-section elementor-top-section elementor-element elementor-element-b7483b9 elementor-section-boxed elementor-section-height-default elementor-section-height-default\" data-id=\"b7483b9\" data-element_type=\"section\">\n\t\t\t\t\t\t<div class=\"elementor-container elementor-column-gap-default\">\n\t\t\t\t\t<div class=\"elementor-column elementor-col-100 elementor-top-column elementor-element elementor-element-ef286df\" data-id=\"ef286df\" data-element_type=\"column\">\n\t\t\t<div class=\"elementor-widget-wrap elementor-element-populated\">\n\t\t\t\t\t\t<div class=\"elementor-element elementor-element-c5949e9 elementor-widget elementor-widget-text-editor\" data-id=\"c5949e9\" data-element_type=\"widget\" data-widget_type=\"text-editor.default\">\n\t\t\t\t<div class=\"elementor-widget-container\">\n\t\t\t\t\t\t\t<p>Nav\u0161t\u00edvi\u0165 man\u017eelsk\u00fa\/vz\u0165ahov\u00fa porad\u0148u by ste mali vtedy, ke\u010f:<\/p><ol><li>\u2026 aspo\u0148 jeden z p\u00e1ru indikuje, \u017ee je vo vz\u0165ahu probl\u00e9m a v priebehu jedn\u00e9ho mesiaca tento probl\u00e9m sami nevyrie\u0161ite.<\/li><li>\u2026 sa probl\u00e9m opakuje znova aj po tom \u010do ste ho ,,vyrie\u0161ili\u201c.<\/li><li>\u2026 je probl\u00e9m urgentn\u00fd a v\u00e1\u017eny.<\/li><li>\u2026 si nie ste ist\u00ed, \u010di idete spr\u00e1vnym smerom.<\/li><li>\u2026 sa viac h\u00e1date ako spolu komunikujete pekne.<\/li><li>\u2026 c\u00edtite vo vz\u0165ahu nepohodlie, ktor\u00e9 vypl\u00fdva zo vz\u0165ahu a z pr\u00edstupu partnera\/partnerky k V\u00e1m.<\/li><li>\u2026 si prest\u00e1vate rozumie\u0165.<\/li><\/ol>\t\t\t\t\t\t<\/div>\n\t\t\t\t<\/div>\n\t\t\t\t\t<\/div>\n\t\t<\/div>\n\t\t\t\t\t<\/div>\n\t\t<\/section>\n\t\t\t\t<section class=\"elementor-section elementor-top-section elementor-element elementor-element-8a2e618 elementor-section-boxed elementor-section-height-default elementor-section-height-default\" data-id=\"8a2e618\" data-element_type=\"section\">\n\t\t\t\t\t\t<div class=\"elementor-container elementor-column-gap-default\">\n\t\t\t\t\t<div class=\"elementor-column elementor-col-100 elementor-top-column elementor-element elementor-element-ce59470\" data-id=\"ce59470\" data-element_type=\"column\">\n\t\t\t<div class=\"elementor-widget-wrap elementor-element-populated\">\n\t\t\t\t\t\t<div class=\"elementor-element elementor-element-5f6497d elementor-widget elementor-widget-text-editor\" data-id=\"5f6497d\" data-element_type=\"widget\" data-widget_type=\"text-editor.default\">\n\t\t\t\t<div class=\"elementor-widget-container\">\n\t\t\t\t\t\t\t<p>Ak ste sa v tom na\u0161li aspo\u0148 v jednom bode:<\/p>\t\t\t\t\t\t<\/div>\n\t\t\t\t<\/div>\n\t\t\t\t\t<\/div>\n\t\t<\/div>\n\t\t\t\t\t<\/div>\n\t\t<\/section>\n\t\t\t\t<section class=\"elementor-section elementor-top-section elementor-element elementor-element-bf334c9 elementor-section-boxed elementor-section-height-default elementor-section-height-default\" data-id=\"bf334c9\" data-element_type=\"section\">\n\t\t\t\t\t\t<div class=\"elementor-container elementor-column-gap-default\">\n\t\t\t\t\t<div class=\"elementor-column elementor-col-100 elementor-top-column elementor-element elementor-element-02c15c5\" data-id=\"02c15c5\" data-element_type=\"column\">\n\t\t\t<div class=\"elementor-widget-wrap elementor-element-populated\">\n\t\t\t\t\t\t<div class=\"elementor-element elementor-element-c5b4b5c elementor-align-center elementor-widget elementor-widget-button\" data-id=\"c5b4b5c\" data-element_type=\"widget\" data-widget_type=\"button.default\">\n\t\t\t\t<div class=\"elementor-widget-container\">\n\t\t\t\t\t<div class=\"elementor-button-wrapper\">\n\t\t\t<a class=\"elementor-button elementor-button-link elementor-size-sm\" href=\"https:\/\/koalendar.com\/e\/online-rezervacia\">\n\t\t\t\t\t\t<span class=\"elementor-button-content-wrapper\">\n\t\t\t\t\t\t<span class=\"elementor-button-text\">Rezervujte si term\u00edn teraz!<\/span>\n\t\t<\/span>\n\t\t\t\t\t<\/a>\n\t\t<\/div>\n\t\t\t\t<\/div>\n\t\t\t\t<\/div>\n\t\t\t\t\t<\/div>\n\t\t<\/div>\n\t\t\t\t\t<\/div>\n\t\t<\/section>\n\t\t\t\t<\/div>\n\t\t","protected":false},"excerpt":{"rendered":"<p>Man\u017eelsk\u00e1 prevent\u00edvka je konzult\u00e1cia, ktor\u00e1 v\u00e1m pom\u00f4\u017ee objekt\u00edvnej\u0161ie zhodnoti\u0165 v\u00e1\u0161 vz\u0165ah a probl\u00e9my vo va\u0161om vz\u0165ahu. P\u00e1ry \u017eia\u013e a\u017e pr\u00edli\u0161 \u010dasto podce\u0148uj\u00fa sympt\u00f3my vz\u0165ahovej patol\u00f3gie, ktor\u00e9 sa v ich vz\u0165ahu neust\u00e1le objavuj\u00fa. Tieto probl\u00e9my je nutn\u00e9 rie\u0161i\u0165, no p\u00e1ry \u010dasto nevedia ak\u00fdm sp\u00f4sobom ich probl\u00e9my spr\u00e1vne rie\u0161i\u0165 a n\u00e1sledne dlh\u00fa dobu zotrv\u00e1vaj\u00fa vo vz\u0165ahovej patol\u00f3gi\u00ed, ktor\u00e1 neust\u00e1le nar\u00fa\u0161a a ni\u010d\u00ed ich vz\u0165ah. Nav\u0161t\u00edvi\u0165 man\u017eelsk\u00fa\/vz\u0165ahov\u00fa porad\u0148u by ste mali vtedy, ke\u010f:&hellip;<\/p>\n","protected":false},"author":2,"featured_media":0,"parent":0,"menu_order":0,"comment_status":"closed","ping_status":"closed","template":"","meta":{"_glsr_average":0,"_glsr_ranking":0,"_glsr_reviews":0,"footnotes":""},"class_list":["post-408","page","type-page","status-publish","hentry"],"yoast_head":"<!-- This site is optimized with the Yoast SEO plugin v26.7 - https:\/\/yoast.com\/wordpress\/plugins\/seo\/ -->\n<title>Man\u017eelsk\u00e1 prevent\u00edvka - Mgr. Ivan Ad\u00e1mek<\/title>\n<meta name=\"robots\" content=\"index, follow, max-snippet:-1, max-image-preview:large, max-video-preview:-1\" \/>\n<link rel=\"canonical\" href=\"https:\/\/www.adamek-edu.sk\/?page_id=408\" \/>\n<meta property=\"og:locale\" content=\"sk_SK\" \/>\n<meta property=\"og:type\" content=\"article\" \/>\n<meta property=\"og:title\" content=\"Man\u017eelsk\u00e1 prevent\u00edvka - Mgr. Ivan Ad\u00e1mek\" \/>\n<meta property=\"og:description\" content=\"Man\u017eelsk\u00e1 prevent\u00edvka je konzult\u00e1cia, ktor\u00e1 v\u00e1m pom\u00f4\u017ee objekt\u00edvnej\u0161ie zhodnoti\u0165 v\u00e1\u0161 vz\u0165ah a probl\u00e9my vo va\u0161om vz\u0165ahu. P\u00e1ry \u017eia\u013e a\u017e pr\u00edli\u0161 \u010dasto podce\u0148uj\u00fa sympt\u00f3my vz\u0165ahovej patol\u00f3gie, ktor\u00e9 sa v ich vz\u0165ahu neust\u00e1le objavuj\u00fa. Tieto probl\u00e9my je nutn\u00e9 rie\u0161i\u0165, no p\u00e1ry \u010dasto nevedia ak\u00fdm sp\u00f4sobom ich probl\u00e9my spr\u00e1vne rie\u0161i\u0165 a n\u00e1sledne dlh\u00fa dobu zotrv\u00e1vaj\u00fa vo vz\u0165ahovej patol\u00f3gi\u00ed, ktor\u00e1 neust\u00e1le nar\u00fa\u0161a a ni\u010d\u00ed ich vz\u0165ah. Nav\u0161t\u00edvi\u0165 man\u017eelsk\u00fa\/vz\u0165ahov\u00fa porad\u0148u by ste mali vtedy, ke\u010f:&hellip;\" \/>\n<meta property=\"og:url\" content=\"https:\/\/www.adamek-edu.sk\/?page_id=408\" \/>\n<meta property=\"og:site_name\" content=\"Mgr. Ivan Ad\u00e1mek\" \/>\n<meta property=\"article:publisher\" content=\"https:\/\/www.facebook.com\/Man%c5%beelsk%c3%bd-poradca-Mgr-Ivan-Ad%c3%a1mek-245208902698654\" \/>\n<meta property=\"article:modified_time\" content=\"2024-03-18T13:09:09+00:00\" \/>\n<meta name=\"twitter:card\" content=\"summary_large_image\" \/>\n<meta name=\"twitter:label1\" content=\"Predpokladan\u00fd \u010das \u010d\u00edtania\" \/>\n\t<meta name=\"twitter:data1\" content=\"1 min\u00fata\" \/>\n<script type=\"application\/ld+json\" class=\"yoast-schema-graph\">{\"@context\":\"https:\/\/schema.org\",\"@graph\":[{\"@type\":\"WebPage\",\"@id\":\"https:\/\/www.adamek-edu.sk\/?page_id=408\",\"url\":\"https:\/\/www.adamek-edu.sk\/?page_id=408\",\"name\":\"Man\u017eelsk\u00e1 prevent\u00edvka - Mgr. Ivan Ad\u00e1mek\",\"isPartOf\":{\"@id\":\"https:\/\/www.adamek-edu.sk\/#website\"},\"datePublished\":\"2023-03-13T16:59:32+00:00\",\"dateModified\":\"2024-03-18T13:09:09+00:00\",\"breadcrumb\":{\"@id\":\"https:\/\/www.adamek-edu.sk\/?page_id=408#breadcrumb\"},\"inLanguage\":\"sk-SK\",\"potentialAction\":[{\"@type\":\"ReadAction\",\"target\":[\"https:\/\/www.adamek-edu.sk\/?page_id=408\"]}]},{\"@type\":\"BreadcrumbList\",\"@id\":\"https:\/\/www.adamek-edu.sk\/?page_id=408#breadcrumb\",\"itemListElement\":[{\"@type\":\"ListItem\",\"position\":1,\"name\":\"Home\",\"item\":\"https:\/\/www.adamek-edu.sk\/\"},{\"@type\":\"ListItem\",\"position\":2,\"name\":\"Man\u017eelsk\u00e1 prevent\u00edvka\"}]},{\"@type\":\"WebSite\",\"@id\":\"https:\/\/www.adamek-edu.sk\/#website\",\"url\":\"https:\/\/www.adamek-edu.sk\/\",\"name\":\"Mgr. Ivan Ad\u00e1mek\",\"description\":\"Man\u017eelsk\u00e1, p\u00e1rov\u00e1 a individu\u00e1lna porad\u0148a\",\"publisher\":{\"@id\":\"https:\/\/www.adamek-edu.sk\/#organization\"},\"potentialAction\":[{\"@type\":\"SearchAction\",\"target\":{\"@type\":\"EntryPoint\",\"urlTemplate\":\"https:\/\/www.adamek-edu.sk\/?s={search_term_string}\"},\"query-input\":{\"@type\":\"PropertyValueSpecification\",\"valueRequired\":true,\"valueName\":\"search_term_string\"}}],\"inLanguage\":\"sk-SK\"},{\"@type\":\"Organization\",\"@id\":\"https:\/\/www.adamek-edu.sk\/#organization\",\"name\":\"Mgr. Ivan Ad\u00e1mek\",\"url\":\"https:\/\/www.adamek-edu.sk\/\",\"logo\":{\"@type\":\"ImageObject\",\"inLanguage\":\"sk-SK\",\"@id\":\"https:\/\/www.adamek-edu.sk\/#\/schema\/logo\/image\/\",\"url\":\"https:\/\/www.adamek-edu.sk\/wp-content\/uploads\/2026\/02\/cropped-logo1.png\",\"contentUrl\":\"https:\/\/www.adamek-edu.sk\/wp-content\/uploads\/2026\/02\/cropped-logo1.png\",\"width\":290,\"height\":248,\"caption\":\"Mgr. Ivan Ad\u00e1mek\"},\"image\":{\"@id\":\"https:\/\/www.adamek-edu.sk\/#\/schema\/logo\/image\/\"},\"sameAs\":[\"https:\/\/www.facebook.com\/Man\u017eelsk\u00fd-poradca-Mgr-Ivan-Ad\u00e1mek-245208902698654\"]}]}<\/script>\n<!-- \/ Yoast SEO plugin. -->","yoast_head_json":{"title":"Man\u017eelsk\u00e1 prevent\u00edvka - Mgr. Ivan Ad\u00e1mek","robots":{"index":"index","follow":"follow","max-snippet":"max-snippet:-1","max-image-preview":"max-image-preview:large","max-video-preview":"max-video-preview:-1"},"canonical":"https:\/\/www.adamek-edu.sk\/?page_id=408","og_locale":"sk_SK","og_type":"article","og_title":"Man\u017eelsk\u00e1 prevent\u00edvka - Mgr. Ivan Ad\u00e1mek","og_description":"Man\u017eelsk\u00e1 prevent\u00edvka je konzult\u00e1cia, ktor\u00e1 v\u00e1m pom\u00f4\u017ee objekt\u00edvnej\u0161ie zhodnoti\u0165 v\u00e1\u0161 vz\u0165ah a probl\u00e9my vo va\u0161om vz\u0165ahu. P\u00e1ry \u017eia\u013e a\u017e pr\u00edli\u0161 \u010dasto podce\u0148uj\u00fa sympt\u00f3my vz\u0165ahovej patol\u00f3gie, ktor\u00e9 sa v ich vz\u0165ahu neust\u00e1le objavuj\u00fa. Tieto probl\u00e9my je nutn\u00e9 rie\u0161i\u0165, no p\u00e1ry \u010dasto nevedia ak\u00fdm sp\u00f4sobom ich probl\u00e9my spr\u00e1vne rie\u0161i\u0165 a n\u00e1sledne dlh\u00fa dobu zotrv\u00e1vaj\u00fa vo vz\u0165ahovej patol\u00f3gi\u00ed, ktor\u00e1 neust\u00e1le nar\u00fa\u0161a a ni\u010d\u00ed ich vz\u0165ah. Nav\u0161t\u00edvi\u0165 man\u017eelsk\u00fa\/vz\u0165ahov\u00fa porad\u0148u by ste mali vtedy, ke\u010f:&hellip;","og_url":"https:\/\/www.adamek-edu.sk\/?page_id=408","og_site_name":"Mgr. Ivan Ad\u00e1mek","article_publisher":"https:\/\/www.facebook.com\/Man%c5%beelsk%c3%bd-poradca-Mgr-Ivan-Ad%c3%a1mek-245208902698654","article_modified_time":"2024-03-18T13:09:09+00:00","twitter_card":"summary_large_image","twitter_misc":{"Predpokladan\u00fd \u010das \u010d\u00edtania":"1 min\u00fata"},"schema":{"@context":"https:\/\/schema.org","@graph":[{"@type":"WebPage","@id":"https:\/\/www.adamek-edu.sk\/?page_id=408","url":"https:\/\/www.adamek-edu.sk\/?page_id=408","name":"Man\u017eelsk\u00e1 prevent\u00edvka - Mgr. Ivan Ad\u00e1mek","isPartOf":{"@id":"https:\/\/www.adamek-edu.sk\/#website"},"datePublished":"2023-03-13T16:59:32+00:00","dateModified":"2024-03-18T13:09:09+00:00","breadcrumb":{"@id":"https:\/\/www.adamek-edu.sk\/?page_id=408#breadcrumb"},"inLanguage":"sk-SK","potentialAction":[{"@type":"ReadAction","target":["https:\/\/www.adamek-edu.sk\/?page_id=408"]}]},{"@type":"BreadcrumbList","@id":"https:\/\/www.adamek-edu.sk\/?page_id=408#breadcrumb","itemListElement":[{"@type":"ListItem","position":1,"name":"Home","item":"https:\/\/www.adamek-edu.sk\/"},{"@type":"ListItem","position":2,"name":"Man\u017eelsk\u00e1 prevent\u00edvka"}]},{"@type":"WebSite","@id":"https:\/\/www.adamek-edu.sk\/#website","url":"https:\/\/www.adamek-edu.sk\/","name":"Mgr. Ivan Ad\u00e1mek","description":"Man\u017eelsk\u00e1, p\u00e1rov\u00e1 a individu\u00e1lna porad\u0148a","publisher":{"@id":"https:\/\/www.adamek-edu.sk\/#organization"},"potentialAction":[{"@type":"SearchAction","target":{"@type":"EntryPoint","urlTemplate":"https:\/\/www.adamek-edu.sk\/?s={search_term_string}"},"query-input":{"@type":"PropertyValueSpecification","valueRequired":true,"valueName":"search_term_string"}}],"inLanguage":"sk-SK"},{"@type":"Organization","@id":"https:\/\/www.adamek-edu.sk\/#organization","name":"Mgr. Ivan Ad\u00e1mek","url":"https:\/\/www.adamek-edu.sk\/","logo":{"@type":"ImageObject","inLanguage":"sk-SK","@id":"https:\/\/www.adamek-edu.sk\/#\/schema\/logo\/image\/","url":"https:\/\/www.adamek-edu.sk\/wp-content\/uploads\/2026\/02\/cropped-logo1.png","contentUrl":"https:\/\/www.adamek-edu.sk\/wp-content\/uploads\/2026\/02\/cropped-logo1.png","width":290,"height":248,"caption":"Mgr. Ivan Ad\u00e1mek"},"image":{"@id":"https:\/\/www.adamek-edu.sk\/#\/schema\/logo\/image\/"},"sameAs":["https:\/\/www.facebook.com\/Man\u017eelsk\u00fd-poradca-Mgr-Ivan-Ad\u00e1mek-245208902698654"]}]}},"jetpack_sharing_enabled":true,"_links":{"self":[{"href":"https:\/\/www.adamek-edu.sk\/index.php?rest_route=\/wp\/v2\/pages\/408","targetHints":{"allow":["GET"]}}],"collection":[{"href":"https:\/\/www.adamek-edu.sk\/index.php?rest_route=\/wp\/v2\/pages"}],"about":[{"href":"https:\/\/www.adamek-edu.sk\/index.php?rest_route=\/wp\/v2\/types\/page"}],"author":[{"embeddable":true,"href":"https:\/\/www.adamek-edu.sk\/index.php?rest_route=\/wp\/v2\/users\/2"}],"replies":[{"embeddable":true,"href":"https:\/\/www.adamek-edu.sk\/index.php?rest_route=%2Fwp%2Fv2%2Fcomments&post=408"}],"version-history":[{"count":14,"href":"https:\/\/www.adamek-edu.sk\/index.php?rest_route=\/wp\/v2\/pages\/408\/revisions"}],"predecessor-version":[{"id":817,"href":"https:\/\/www.adamek-edu.sk\/index.php?rest_route=\/wp\/v2\/pages\/408\/revisions\/817"}],"wp:attachment":[{"href":"https:\/\/www.adamek-edu.sk\/index.php?rest_route=%2Fwp%2Fv2%2Fmedia&parent=408"}],"curies":[{"name":"wp","href":"https:\/\/api.w.org\/{rel}","templated":true}]}}