{"id":368,"date":"2023-03-11T18:29:31","date_gmt":"2023-03-11T17:29:31","guid":{"rendered":"https:\/\/www.adamek-edu.sk\/?page_id=368"},"modified":"2023-03-11T18:29:31","modified_gmt":"2023-03-11T17:29:31","slug":"kedy-je-najlepsi-cas-vyskusat-manzelsku-poradnu","status":"publish","type":"page","link":"https:\/\/www.adamek-edu.sk\/?page_id=368","title":{"rendered":"Kedy je najlep\u0161\u00ed \u010das vysk\u00fa\u0161a\u0165 man\u017eelsk\u00fa porad\u0148u?"},"content":{"rendered":"<p><em>\u010casto dost\u00e1vam ot\u00e1zku, kedy je ten spr\u00e1vny \u010das nav\u0161t\u00edvi\u0165 man\u017eelsk\u00fa porad\u0148u. Ke\u010f m\u00e1me kr\u00edzu a trv\u00e1 mesiac, alebo rok?<\/em><\/p>\n<p>Za\u010dnem od konca. Kedy vyh\u013ead\u00e1vaj\u00fa p\u00e1ry moju pomoc?<\/p>\n<p>P\u00e1ry, ktor\u00e9 ma oslovia sa vyjadruj\u00fa v zmysle, vy ste na\u0161a posledn\u00e1 \u0161anca na z\u00e1chranu. A tu sa p\u00e1ry delia do dvoch skup\u00edn:<\/p>\n<ol>\n<li>Jeden z p\u00e1ru u\u017e nieko\u013eko rokov vid\u00ed vo vz\u0165ahu v\u00e1\u017eny probl\u00e9m. Druh\u00fd z p\u00e1ru to v\u00f4bec nevid\u00ed ako probl\u00e9m a probl\u00e9m popiera. ,,\u010co zas rie\u0161i\u0161?&#8221; Nejak\u00fd \u010das sa to d\u00e1 vydr\u017ea\u0165 a potom pr\u00edde zo strany toho \u010do vid\u00ed probl\u00e9m prv\u00e1 zmienka o tom, \u017ee by mali vyh\u013eada\u0165 porad\u0148u. Druh\u00e1 strana to na\u010falej potl\u00e1\u010da a ignoruje tento probl\u00e9m. Potom znova prejde nejak\u00fd \u010das a city toho prv\u00e9ho \u00faplne ochladn\u00fa, zo vz\u0165ahu je pr\u00edli\u0161 vy\u010derpan\u00fd a za\u010dn\u00fa hovori\u0165 o rozvode. Vtedy ma kontaktuje druh\u00e1 strana, ktor\u00e1 sa nechce rozv\u00e1dza\u0165 a chce za\u010da\u0165 rie\u0161i\u0165 probl\u00e9m. Tu je v\u0161ak jedna strana, ktor\u00e1 u\u017e odmieta o vz\u0165ah bojova\u0165.<\/li>\n<li>Druh\u00e1 skupina je presne tak\u00e1 ist\u00e1 s t\u00fdm rozdielom, \u017ee na sedenie pr\u00eddu dvaja \u013eudia, ktor\u00ed s\u00fa e\u0161te st\u00e1le ochotn\u00ed na vz\u0165ahu pracova\u0165.<\/li>\n<\/ol>\n<p>Kr\u00e1tke zamyslenie: Ktor\u00e9 p\u00e1ry pod\u013ea v\u00e1s maj\u00fa vy\u0161\u0161iu \u0161ancu vz\u0165ah zachr\u00e1ni\u0165?<\/p>\n<p>&#8230; Ak ste tipovali, \u017ee t\u00e1 druh\u00e1 skupina, potom m\u00e1te pravdu. P\u00e1ry, ktor\u00e9 spadaj\u00fa do prvej skupiny pr\u00eddu na jedno sedenie a ke\u010f zistia, \u017ee oprava ich vz\u0165ahu bude nie\u010do st\u00e1\u0165, predov\u0161etk\u00fdm t\u00fdm mysl\u00edm n\u00e1mahu, tak s poradenstvom skon\u010dia ne\u017e s n\u00edm za\u010dali.<\/p>\n<p>P\u00e1ry v druhej skupine to \u010dasto ber\u00fa naozaj zodpovedne a z t\u00fd\u017ed\u0148a na t\u00fd\u017ede\u0148 pracuj\u00fa na svojom vz\u0165ahu a prekon\u00e1vaj\u00fa sami seba, svoje zl\u00e9 n\u00e1vyky, zlep\u0161uj\u00fa sp\u00f4sob komunik\u00e1cie a zodpovedne si zo sedenia na sedenie plnia \u00falohy vidia u\u017e po prv\u00fdch sedeniach obrovsk\u00e9 zmeny k lep\u0161iemu v ich vz\u0165ahu, no je pred nimi e\u0161te ve\u013emi dlh\u00e1 cesta k \u0161\u0165astn\u00e9mu man\u017eelstvu.<\/p>\n<p>Uvediem kr\u00e1tky pr\u00edbeh:<\/p>\n<p>Predstavte si, \u017ee ste v Michalovciach a chcete sa dosta\u0165 do man\u017eelsk\u00e9ho raja ktor\u00fd sa bude nach\u00e1dza\u0165 povedzme v Par\u00ed\u017ei. M\u00f4\u017eete \u00eds\u0165 iba pe\u0161o a m\u00e1te k dispoz\u00edci\u00ed mapu (Na ktorej je zn\u00e1zornen\u00fd iba povrch zeme a dva body Michalovce a Par\u00ed\u017e). Z po\u010diatku ide cesta skvele a\u017e do Svitu a po ceste cez les sa trochu strat\u00edte a zabl\u00fadite. Pozer\u00e1te na mapu a sna\u017e\u00edte sa ur\u010di\u0165 spr\u00e1vny smer. Nejak\u00fd smer vyberiete a po mesiaci sa dostanete do Krakova. Nie je to s\u00edce najoptim\u00e1lnej\u0161ia cesta, ale e\u0161te st\u00e1le ste nezi\u0161li z cesty pr\u00edli\u0161. Znova pr\u00eddete na \u010fal\u0161iu kri\u017eovatku a sna\u017e\u00edte sa odhadn\u00fa\u0165 smer a po p\u00e1r mesiacoch cesty zist\u00edte \u017ee ste pri Var\u0161ave. U\u017e ste zi\u0161li z cesty celkom dos\u0165, bolo by dobr\u00e9 op\u00fdta\u0165 sa niekoho na cestu, ale ve\u010f dvaja rozumn\u00ed dospel\u00ed \u013eudia predsa tak\u00fa cestu musia zvl\u00e1dnu\u0165 aj bez pomoci. O X rokov nesk\u00f4r natraf\u00edte na ve\u013ek\u00fd \u010d\u00ednsky m\u00far a vtedy v\u00e1m d\u00f4jde, \u017ee ste niekde spravili chybu a \u017ee potrebujete pomoc lebo takto to \u010falej nejde.<\/p>\n<p>Vtedy mi zavol\u00e1te o pomoc a pop\u00ed\u0161ete kde sa nach\u00e1dzate. Ja v\u00e1s n\u00e1jdem a uk\u00e1\u017eem na mape kde sa pr\u00e1ve nach\u00e1dzate a smer ak\u00fdm sa dostanete do Par\u00ed\u017ea. Vy vysvetl\u00edte, \u017ee nem\u00e1te X rokov \u010dasu, aby ste sa dostali na za\u010diatok do Michaloviec a \u010fal\u0161ie 4 roky, aby ste pri\u0161li do Par\u00ed\u017ea. Tak v\u00e1m pon\u00faknem, \u017ee si odo m\u0148a m\u00f4\u017eete k\u00fapi\u0165 podrobn\u00fa a kvalitn\u00fa mapu, kompas, lietadlo a v 3-mesa\u010dnom kurze v\u00e1s nau\u010d\u00edm ako sa to lietadlo pilotuje a m\u00f4\u017eete potom s n\u00edm lieta\u0165 kamko\u013evek budete chcie\u0165. Budete ma\u0165 po siedmich rokoch chodenia pe\u0161o dostatok s\u00edl a odhodlania nau\u010di\u0165 sa s man\u017eelom\/man\u017eelkou pilotova\u0165 lietadlo, alebo poviete, \u017ee je to pr\u00edli\u0161 komplikovan\u00e9 a rad\u0161ej vymen\u00edte spolucestuj\u00faceho? Budete spolupracova\u0165 a dostanete sa spolo\u010dne tam kam chcete?<\/p>\n<p>Z tohto pr\u00edbehu, \u010do mysl\u00edte, kedy bol najlep\u0161\u00ed \u010das zavola\u0165 do poradne a objedna\u0165 si term\u00edn? V Michalovciach, pri Svite, v Krakove, Var\u0161ave \u010di a\u017e pri ve\u013ekom \u010d\u00ednskom m\u00fare?<\/p>\n<p>Ak si mysl\u00edte, \u017ee v Michalovciach, teda na \u0161tartovacej \u010diare, m\u00f4\u017ee by\u0165 pre v\u00e1s pr\u00ednosn\u00e1 h\u013abkov\u00e1 anal\u00fdza osobnost\u00ed v p\u00e1re. T\u00e1 v\u00e1m pom\u00f4\u017ee objekt\u00edvnej\u0161ie pos\u00fadi\u0165, \u010di z dlhodob\u00e9ho h\u013eadiska m\u00e1 v\u00e1\u0161 vz\u0165ah lep\u0161iu alebo hor\u0161iu perspekt\u00edvu vzh\u013eadom k tomu, k\u00fdm ste, a aby va\u0161e potreby neboli st\u00e1le potl\u00e1\u010dan\u00e9.<\/p>\n<p>Ak si mysl\u00edte, \u017ee v lese pri Svite, neurob\u00edte chybu ak si sprav\u00edte man\u017eelsk\u00fa ,,prevent\u00edvku&#8221;. Jednoducho sa op\u00fdtate na cestu, \u010di idete dobre.<\/p>\n<p>Ak si mysl\u00edte, \u017ee pri Krakove, kus cesty ste u\u017e pre\u0161li a trochu ste u\u017e z cesty zi\u0161li. Ur\u010dite neza\u0161kod\u00ed, ke\u010f sa porad\u00edte a sp\u00fdtate sa ako sa dosta\u0165 na spr\u00e1vnu cestu. Neza\u0161li ste pr\u00edli\u0161 \u010faleko z va\u0161ej cesty a m\u00e1te e\u0161te dostatok energie \u00eds\u0165 spr\u00e1vnou cestou a d\u00f4js\u0165 tam kam chcete.<\/p>\n<p>Ak si mysl\u00edte, \u017ee pri Var\u0161ave, z cesty ste zi\u0161li u\u017e celkom dos\u0165 a minim\u00e1lne jeden z v\u00e1s si nechce prizna\u0165, \u017ee zabl\u00fadil a ide nespr\u00e1vnym smerom. Ak ste doteraz pomoc nevyh\u013eadali, je najvy\u0161\u0161\u00ed \u010das, aby ste tak u\u010dinili teraz, e\u0161te st\u00e1le je \u010das necha\u0165 si poradi\u0165 a \u00eds\u0165 spr\u00e1vnym smerom.<\/p>\n<p>Ak si mysl\u00edte, \u017ee najlep\u0161ie je necha\u0165 si t\u00fato mo\u017enos\u0165 a\u017e pri ve\u013ekom \u010d\u00ednskom m\u00fare, ke\u010f u\u017e netu\u0161\u00edte \u010di budete ma\u0165 to odhodlanie a dostatok s\u00edl absolvova\u0165 3-mesa\u010dn\u00fd kurz pre pilotov lietadla, aby ste sa dopravili kam treba, potom si vyberte, do ktorej z dvoch hore uveden\u00fdch skup\u00edn chcete patri\u0165.<\/p>\n<p>Pre \u013eud\u00ed, ktor\u00ed sa neradi zam\u00fd\u0161\u013eaj\u00fa nad vecami a d\u00f4vodmi d\u00e1m jednoduch\u00fa a stru\u010dn\u00fa odpove\u010f na ot\u00e1zku v nadpise:<\/p>\n<p>Nav\u0161t\u00edvi\u0165 man\u017eelsk\u00fa\/vz\u0165ahov\u00fa porad\u0148u by ste mali vtedy, ke\u010f:<\/p>\n<ol>\n<li>&#8230; aspo\u0148 jeden z p\u00e1ru indikuje, \u017ee je vo vz\u0165ahu probl\u00e9m a v priebehu jedn\u00e9ho mesiaca tento probl\u00e9m sami nevyrie\u0161ite.<\/li>\n<li>&#8230; sa probl\u00e9m opakuje znova aj po tom \u010do ste ho ,,vyrie\u0161ili&#8221;.<\/li>\n<li>&#8230; je probl\u00e9m urgentn\u00fd a v\u00e1\u017eny.<\/li>\n<li>&#8230; si nie ste ist\u00ed, \u010di idete spr\u00e1vnym smerom.<\/li>\n<li>&#8230; sa viac h\u00e1date ako spolu komunikujete pekne.<\/li>\n<li>&#8230; c\u00edtite vo vz\u0165ahu nepohodlie, ktor\u00e9 vypl\u00fdva zo vz\u0165ahu a z pr\u00edstupu partnera\/partnerky k V\u00e1m.<\/li>\n<li>&#8230; si prest\u00e1vate rozumie\u0165.<\/li>\n<\/ol>\n","protected":false},"excerpt":{"rendered":"<p>\u010casto dost\u00e1vam ot\u00e1zku, kedy je ten spr\u00e1vny \u010das nav\u0161t\u00edvi\u0165 man\u017eelsk\u00fa porad\u0148u. Ke\u010f m\u00e1me kr\u00edzu a trv\u00e1 mesiac, alebo rok? Za\u010dnem od konca. Kedy vyh\u013ead\u00e1vaj\u00fa p\u00e1ry moju pomoc? P\u00e1ry, ktor\u00e9 ma oslovia sa vyjadruj\u00fa v zmysle, vy ste na\u0161a posledn\u00e1 \u0161anca na z\u00e1chranu. A tu sa p\u00e1ry delia do dvoch skup\u00edn: Jeden z p\u00e1ru u\u017e nieko\u013eko rokov vid\u00ed vo vz\u0165ahu v\u00e1\u017eny probl\u00e9m. Druh\u00fd z p\u00e1ru to v\u00f4bec nevid\u00ed ako probl\u00e9m a&hellip;<\/p>\n","protected":false},"author":2,"featured_media":0,"parent":0,"menu_order":0,"comment_status":"closed","ping_status":"closed","template":"","meta":{"_glsr_average":0,"_glsr_ranking":0,"_glsr_reviews":0,"footnotes":""},"class_list":["post-368","page","type-page","status-publish","hentry"],"yoast_head":"<!-- This site is optimized with the Yoast SEO plugin v26.7 - https:\/\/yoast.com\/wordpress\/plugins\/seo\/ -->\n<title>Kedy je najlep\u0161\u00ed \u010das vysk\u00fa\u0161a\u0165 man\u017eelsk\u00fa porad\u0148u? - Mgr. Ivan Ad\u00e1mek<\/title>\n<meta name=\"robots\" content=\"index, follow, max-snippet:-1, max-image-preview:large, max-video-preview:-1\" \/>\n<link rel=\"canonical\" href=\"https:\/\/www.adamek-edu.sk\/?page_id=368\" \/>\n<meta property=\"og:locale\" content=\"sk_SK\" \/>\n<meta property=\"og:type\" content=\"article\" \/>\n<meta property=\"og:title\" content=\"Kedy je najlep\u0161\u00ed \u010das vysk\u00fa\u0161a\u0165 man\u017eelsk\u00fa porad\u0148u? - Mgr. Ivan Ad\u00e1mek\" \/>\n<meta property=\"og:description\" content=\"\u010casto dost\u00e1vam ot\u00e1zku, kedy je ten spr\u00e1vny \u010das nav\u0161t\u00edvi\u0165 man\u017eelsk\u00fa porad\u0148u. Ke\u010f m\u00e1me kr\u00edzu a trv\u00e1 mesiac, alebo rok? Za\u010dnem od konca. Kedy vyh\u013ead\u00e1vaj\u00fa p\u00e1ry moju pomoc? P\u00e1ry, ktor\u00e9 ma oslovia sa vyjadruj\u00fa v zmysle, vy ste na\u0161a posledn\u00e1 \u0161anca na z\u00e1chranu. A tu sa p\u00e1ry delia do dvoch skup\u00edn: Jeden z p\u00e1ru u\u017e nieko\u013eko rokov vid\u00ed vo vz\u0165ahu v\u00e1\u017eny probl\u00e9m. Druh\u00fd z p\u00e1ru to v\u00f4bec nevid\u00ed ako probl\u00e9m a&hellip;\" \/>\n<meta property=\"og:url\" content=\"https:\/\/www.adamek-edu.sk\/?page_id=368\" \/>\n<meta property=\"og:site_name\" content=\"Mgr. Ivan Ad\u00e1mek\" \/>\n<meta property=\"article:publisher\" content=\"https:\/\/www.facebook.com\/Man%c5%beelsk%c3%bd-poradca-Mgr-Ivan-Ad%c3%a1mek-245208902698654\" \/>\n<meta name=\"twitter:card\" content=\"summary_large_image\" \/>\n<meta name=\"twitter:label1\" content=\"Predpokladan\u00fd \u010das \u010d\u00edtania\" \/>\n\t<meta name=\"twitter:data1\" content=\"6 min\u00fat\" \/>\n<script type=\"application\/ld+json\" class=\"yoast-schema-graph\">{\"@context\":\"https:\/\/schema.org\",\"@graph\":[{\"@type\":\"WebPage\",\"@id\":\"https:\/\/www.adamek-edu.sk\/?page_id=368\",\"url\":\"https:\/\/www.adamek-edu.sk\/?page_id=368\",\"name\":\"Kedy je najlep\u0161\u00ed \u010das vysk\u00fa\u0161a\u0165 man\u017eelsk\u00fa porad\u0148u? - Mgr. Ivan Ad\u00e1mek\",\"isPartOf\":{\"@id\":\"https:\/\/www.adamek-edu.sk\/#website\"},\"datePublished\":\"2023-03-11T17:29:31+00:00\",\"breadcrumb\":{\"@id\":\"https:\/\/www.adamek-edu.sk\/?page_id=368#breadcrumb\"},\"inLanguage\":\"sk-SK\",\"potentialAction\":[{\"@type\":\"ReadAction\",\"target\":[\"https:\/\/www.adamek-edu.sk\/?page_id=368\"]}]},{\"@type\":\"BreadcrumbList\",\"@id\":\"https:\/\/www.adamek-edu.sk\/?page_id=368#breadcrumb\",\"itemListElement\":[{\"@type\":\"ListItem\",\"position\":1,\"name\":\"Home\",\"item\":\"https:\/\/www.adamek-edu.sk\/\"},{\"@type\":\"ListItem\",\"position\":2,\"name\":\"Kedy je najlep\u0161\u00ed \u010das vysk\u00fa\u0161a\u0165 man\u017eelsk\u00fa porad\u0148u?\"}]},{\"@type\":\"WebSite\",\"@id\":\"https:\/\/www.adamek-edu.sk\/#website\",\"url\":\"https:\/\/www.adamek-edu.sk\/\",\"name\":\"Mgr. Ivan Ad\u00e1mek\",\"description\":\"Man\u017eelsk\u00e1, p\u00e1rov\u00e1 a individu\u00e1lna porad\u0148a\",\"publisher\":{\"@id\":\"https:\/\/www.adamek-edu.sk\/#organization\"},\"potentialAction\":[{\"@type\":\"SearchAction\",\"target\":{\"@type\":\"EntryPoint\",\"urlTemplate\":\"https:\/\/www.adamek-edu.sk\/?s={search_term_string}\"},\"query-input\":{\"@type\":\"PropertyValueSpecification\",\"valueRequired\":true,\"valueName\":\"search_term_string\"}}],\"inLanguage\":\"sk-SK\"},{\"@type\":\"Organization\",\"@id\":\"https:\/\/www.adamek-edu.sk\/#organization\",\"name\":\"Mgr. Ivan Ad\u00e1mek\",\"url\":\"https:\/\/www.adamek-edu.sk\/\",\"logo\":{\"@type\":\"ImageObject\",\"inLanguage\":\"sk-SK\",\"@id\":\"https:\/\/www.adamek-edu.sk\/#\/schema\/logo\/image\/\",\"url\":\"https:\/\/www.adamek-edu.sk\/wp-content\/uploads\/2026\/02\/cropped-logo1.png\",\"contentUrl\":\"https:\/\/www.adamek-edu.sk\/wp-content\/uploads\/2026\/02\/cropped-logo1.png\",\"width\":290,\"height\":248,\"caption\":\"Mgr. Ivan Ad\u00e1mek\"},\"image\":{\"@id\":\"https:\/\/www.adamek-edu.sk\/#\/schema\/logo\/image\/\"},\"sameAs\":[\"https:\/\/www.facebook.com\/Man\u017eelsk\u00fd-poradca-Mgr-Ivan-Ad\u00e1mek-245208902698654\"]}]}<\/script>\n<!-- \/ Yoast SEO plugin. -->","yoast_head_json":{"title":"Kedy je najlep\u0161\u00ed \u010das vysk\u00fa\u0161a\u0165 man\u017eelsk\u00fa porad\u0148u? - Mgr. Ivan Ad\u00e1mek","robots":{"index":"index","follow":"follow","max-snippet":"max-snippet:-1","max-image-preview":"max-image-preview:large","max-video-preview":"max-video-preview:-1"},"canonical":"https:\/\/www.adamek-edu.sk\/?page_id=368","og_locale":"sk_SK","og_type":"article","og_title":"Kedy je najlep\u0161\u00ed \u010das vysk\u00fa\u0161a\u0165 man\u017eelsk\u00fa porad\u0148u? - Mgr. Ivan Ad\u00e1mek","og_description":"\u010casto dost\u00e1vam ot\u00e1zku, kedy je ten spr\u00e1vny \u010das nav\u0161t\u00edvi\u0165 man\u017eelsk\u00fa porad\u0148u. Ke\u010f m\u00e1me kr\u00edzu a trv\u00e1 mesiac, alebo rok? Za\u010dnem od konca. Kedy vyh\u013ead\u00e1vaj\u00fa p\u00e1ry moju pomoc? P\u00e1ry, ktor\u00e9 ma oslovia sa vyjadruj\u00fa v zmysle, vy ste na\u0161a posledn\u00e1 \u0161anca na z\u00e1chranu. A tu sa p\u00e1ry delia do dvoch skup\u00edn: Jeden z p\u00e1ru u\u017e nieko\u013eko rokov vid\u00ed vo vz\u0165ahu v\u00e1\u017eny probl\u00e9m. Druh\u00fd z p\u00e1ru to v\u00f4bec nevid\u00ed ako probl\u00e9m a&hellip;","og_url":"https:\/\/www.adamek-edu.sk\/?page_id=368","og_site_name":"Mgr. Ivan Ad\u00e1mek","article_publisher":"https:\/\/www.facebook.com\/Man%c5%beelsk%c3%bd-poradca-Mgr-Ivan-Ad%c3%a1mek-245208902698654","twitter_card":"summary_large_image","twitter_misc":{"Predpokladan\u00fd \u010das \u010d\u00edtania":"6 min\u00fat"},"schema":{"@context":"https:\/\/schema.org","@graph":[{"@type":"WebPage","@id":"https:\/\/www.adamek-edu.sk\/?page_id=368","url":"https:\/\/www.adamek-edu.sk\/?page_id=368","name":"Kedy je najlep\u0161\u00ed \u010das vysk\u00fa\u0161a\u0165 man\u017eelsk\u00fa porad\u0148u? - Mgr. Ivan Ad\u00e1mek","isPartOf":{"@id":"https:\/\/www.adamek-edu.sk\/#website"},"datePublished":"2023-03-11T17:29:31+00:00","breadcrumb":{"@id":"https:\/\/www.adamek-edu.sk\/?page_id=368#breadcrumb"},"inLanguage":"sk-SK","potentialAction":[{"@type":"ReadAction","target":["https:\/\/www.adamek-edu.sk\/?page_id=368"]}]},{"@type":"BreadcrumbList","@id":"https:\/\/www.adamek-edu.sk\/?page_id=368#breadcrumb","itemListElement":[{"@type":"ListItem","position":1,"name":"Home","item":"https:\/\/www.adamek-edu.sk\/"},{"@type":"ListItem","position":2,"name":"Kedy je najlep\u0161\u00ed \u010das vysk\u00fa\u0161a\u0165 man\u017eelsk\u00fa porad\u0148u?"}]},{"@type":"WebSite","@id":"https:\/\/www.adamek-edu.sk\/#website","url":"https:\/\/www.adamek-edu.sk\/","name":"Mgr. Ivan Ad\u00e1mek","description":"Man\u017eelsk\u00e1, p\u00e1rov\u00e1 a individu\u00e1lna porad\u0148a","publisher":{"@id":"https:\/\/www.adamek-edu.sk\/#organization"},"potentialAction":[{"@type":"SearchAction","target":{"@type":"EntryPoint","urlTemplate":"https:\/\/www.adamek-edu.sk\/?s={search_term_string}"},"query-input":{"@type":"PropertyValueSpecification","valueRequired":true,"valueName":"search_term_string"}}],"inLanguage":"sk-SK"},{"@type":"Organization","@id":"https:\/\/www.adamek-edu.sk\/#organization","name":"Mgr. Ivan Ad\u00e1mek","url":"https:\/\/www.adamek-edu.sk\/","logo":{"@type":"ImageObject","inLanguage":"sk-SK","@id":"https:\/\/www.adamek-edu.sk\/#\/schema\/logo\/image\/","url":"https:\/\/www.adamek-edu.sk\/wp-content\/uploads\/2026\/02\/cropped-logo1.png","contentUrl":"https:\/\/www.adamek-edu.sk\/wp-content\/uploads\/2026\/02\/cropped-logo1.png","width":290,"height":248,"caption":"Mgr. Ivan Ad\u00e1mek"},"image":{"@id":"https:\/\/www.adamek-edu.sk\/#\/schema\/logo\/image\/"},"sameAs":["https:\/\/www.facebook.com\/Man\u017eelsk\u00fd-poradca-Mgr-Ivan-Ad\u00e1mek-245208902698654"]}]}},"jetpack_sharing_enabled":true,"_links":{"self":[{"href":"https:\/\/www.adamek-edu.sk\/index.php?rest_route=\/wp\/v2\/pages\/368","targetHints":{"allow":["GET"]}}],"collection":[{"href":"https:\/\/www.adamek-edu.sk\/index.php?rest_route=\/wp\/v2\/pages"}],"about":[{"href":"https:\/\/www.adamek-edu.sk\/index.php?rest_route=\/wp\/v2\/types\/page"}],"author":[{"embeddable":true,"href":"https:\/\/www.adamek-edu.sk\/index.php?rest_route=\/wp\/v2\/users\/2"}],"replies":[{"embeddable":true,"href":"https:\/\/www.adamek-edu.sk\/index.php?rest_route=%2Fwp%2Fv2%2Fcomments&post=368"}],"version-history":[{"count":1,"href":"https:\/\/www.adamek-edu.sk\/index.php?rest_route=\/wp\/v2\/pages\/368\/revisions"}],"predecessor-version":[{"id":369,"href":"https:\/\/www.adamek-edu.sk\/index.php?rest_route=\/wp\/v2\/pages\/368\/revisions\/369"}],"wp:attachment":[{"href":"https:\/\/www.adamek-edu.sk\/index.php?rest_route=%2Fwp%2Fv2%2Fmedia&parent=368"}],"curies":[{"name":"wp","href":"https:\/\/api.w.org\/{rel}","templated":true}]}}