{"id":366,"date":"2023-03-11T18:27:51","date_gmt":"2023-03-11T17:27:51","guid":{"rendered":"https:\/\/www.adamek-edu.sk\/?page_id=366"},"modified":"2023-03-13T19:25:49","modified_gmt":"2023-03-13T18:25:49","slug":"10-tipov-ako-presvedcit-partnera-partnerku-aby-skusili-manzelske-poradenstvo","status":"publish","type":"page","link":"https:\/\/www.adamek-edu.sk\/?page_id=366","title":{"rendered":"10 tipov ako presved\u010di\u0165 partnera\/partnerku, aby sk\u00fasili man\u017eelsk\u00e9 poradenstvo"},"content":{"rendered":"<p><em>Vo svojej praxi sa \u010dasto stret\u00e1vam s probl\u00e9mom, \u017ee iba jeden z partnerov je ochotn\u00fd rie\u0161i\u0165 man\u017eelsk\u00e9 probl\u00e9my v man\u017eelskej poradni. Pre\u010d\u00edtajte si zop\u00e1r tipov ako presved\u010di\u0165 partnera, aby to sk\u00fasil.<\/em><\/p>\n<p>Nikoho nem\u00f4\u017eete don\u00fati\u0165, aby nie\u010do urobil. Mali by ste v\u0161ak sk\u00fasi\u0165 pochopi\u0165 partnerov strach a obavy, ktor\u00e9 sa t\u00fdkaj\u00fa\u00a0man\u017eelsk\u00e9ho poradenstva a potom sk\u00fasi\u0165 objasni\u0165 tieto obavy a poda\u0165 ich v \u0161t\u00fdle ,,v\u00fdhra-v\u00fdhra&#8221;.<\/p>\n<p><em>Zvy\u010dajne to nie je nedostatok l\u00e1sky alebo starostlivosti, kv\u00f4li ktor\u00fdm partner odmieta man\u017eelsk\u00e9 poradenstvo. Zvy\u010dajne s\u00fa to od\u00f4vodnen\u00e9 strachy a obavy.<\/em><\/p>\n<p>Aj ke\u010f je mnoho d\u00f4vodov pre\u010do niekto nechce pr\u00eds\u0165 do poradne, tu je nieko\u013eko naj\u010dastej\u0161\u00edch:<\/p>\n<ul>\n<li>Nechcem by\u0165 obvi\u0148ovan\u00fd za v\u0161etko zl\u00e9 v man\u017eelstve alebo vo vz\u0165ahu.<\/li>\n<li>Nechcem by\u0165 zahanben\u00fd pred poradcom.<\/li>\n<li>Ver\u00edm, \u017ee p\u00e1ry by mali by\u0165 schopn\u00e9 vyrie\u0161i\u0165 si ich vlastn\u00e9 probl\u00e9my.<\/li>\n<li>Stoj\u00ed to prive\u013ea.<\/li>\n<li>Aj tak sa to nijako nezlep\u0161\u00ed.<\/li>\n<li>Nechcem bojova\u0165 v poradcovej kancel\u00e1rii.<\/li>\n<li>Nemysl\u00edm si, \u017ee man\u017eelstvo respekt\u00edve\u00a0vz\u0165ah je na tam tak zle, tak\u017ee ty mus\u00ed\u0161 by\u0165 ten\/t\u00e1 kto potrebuje pomoc.<\/li>\n<li>U\u017e ste boli na man\u017eelskom alebo partnerskom poradenstve predt\u00fdm a nefungovalo to alebo partnerovi sa to nep\u00e1\u010dilo.<\/li>\n<\/ul>\n<p>Dnes sa zameriam iba na to, ,,ako privies\u0165 neochotn\u00e9ho partnera do poradne?&#8221;<\/p>\n<div>\n<div id=\"article_body_top_position-original-5919\">\n<div id=\"js-jwoutstream-video\" tabindex=\"0\" role=\"application\" aria-label=\"Video Player\" aria-describedby=\"jw-js-jwoutstream-video-shortcuts-tooltip-explanation\">\n<div>\n<div>Jedn\u00fdm z hlavn\u00fdch k\u013e\u00fa\u010dov, ke\u010f sa o tom rozpr\u00e1vate je po\u010d\u00fava\u0165, po\u010d\u00fava\u0165, po\u010d\u00fava\u0165 &#8211; bez preru\u0161ovania alebo h\u00e1dania sa. Po\u010d\u00favajte srdcom, nie iba u\u0161ami. Predt\u00fdm ne\u017e odpoviete, sk\u00faste sa vc\u00edti\u0165 do jeho ko\u017ee &#8211; pre\u010do d\u00e1va zmysel, \u017ee on alebo ona by mala ma\u0165 obavy a potom vyjadri\u0165 pochopenie pre\u010do to d\u00e1va z ich poh\u013eadu zmysel (bez oh\u013eadu \u010di s t\u00fdm s\u00fahlas\u00edte alebo nie).<\/div>\n<\/div>\n<\/div>\n<\/div>\n<\/div>\n<p>\u010co t\u00fdm mysl\u00edm?<\/p>\n<p>N\u00e1mietka partnera: ,,My si m\u00f4\u017eeme vyrie\u0161i\u0165 na\u0161e probl\u00e9my sami. Nechcem\u00a0prepiera\u0165 na\u0161e \u0161pinav\u00e9 pr\u00e1dlo\u00a0pred niekym in\u00fdm.&#8221;<\/p>\n<blockquote><p>,,Rozumiem tvojim obav\u00e1m &#8211; si hrd\u00fd\/a na seba, \u017ee sa dok\u00e1\u017ee\u0161 vysporiad\u00e1va\u0165 s probl\u00e9mami s\u00e1m\/a &#8211;\u00a0a urobil\/a si to mnoh\u00fdmi sp\u00f4sobmi\u00a0v na\u0161ej rodine. Tie\u017e viem, \u017ee si svoje s\u00fakromie str\u00e1\u017ei\u0161 a ner\u00e1d (nerada)\u00a0sa zveruje\u0161 in\u00fdm &#8211; obzvl\u00e1\u0161\u0165 vo veciach ktor\u00e9 s\u00fa osobn\u00e9.\u00a0Dokonca niekedy sa nezver\u00ed\u0161 ani mne alebo priate\u013eom, viem si predstavi\u0165, \u017ee my\u0161lienka zveri\u0165 sa niekomu cudziemu nie je pre teba ve\u013emi pr\u00ed\u0165a\u017eliv\u00e1! Zrejme si sa usiloval\/a pracova\u0165 na na\u0161om man\u017eelstve po svojom &#8211; a ja tak isto. Ale nepribli\u017eujeme sa k sebe\u00a0&#8211; pr\u00e1ve naopak, sk\u00f4r sa vz\u010fa\u013eujeme a to nechcem.<br \/>\n\u010co chcem v poradenstve je, aby n\u00e1s niekto nau\u010dil zru\u010dnostiam a n\u00e1strojom, ktor\u00e9 n\u00e1m pom\u00f4\u017eu by\u0165 efekt\u00edvnej\u0161\u00ed pri zvl\u00e1dan\u00ed na\u0161ich vlastn\u00fdch probl\u00e9mov. Nikto to nem\u00f4\u017ee urobi\u0165 za n\u00e1s, ale m\u00f4\u017eeme sa nau\u010di\u0165 lep\u0161\u00edm sp\u00f4sobom napr\u00e1va\u0165 veci. Chcel\/a by som, aby si s\u00fahlasil s jedn\u00fdm seden\u00edm &#8211; a potom sa m\u00f4\u017eeme rozhodn\u00fa\u0165 \u010di v tom chceme pokra\u010dova\u0165.&#8221;<\/p><\/blockquote>\n<ol start=\"1\">\n<li><strong>Prv\u00e1 vec je, poveda\u0165 partnerovi, \u017ee chcete hovori\u0165 o nie\u010dom d\u00f4le\u017eitom spojen\u00fdm s va\u0161im man\u017eelstvom alebo vz\u0165ahom &#8211; a nie, neobvi\u0148ujte jeho alebo ju za ni\u010d.\u00a0<\/strong>Potom sa op\u00fdtajte \u010di si n\u00e1jde 5-10 min\u00fat na rozhovor. Ak nie je vhodn\u00fd \u010das, sk\u00faste navrhn\u00fa\u0165 konkr\u00e9tny \u010das v najbli\u017e\u0161\u00edch 24 hodin\u00e1ch. Napr\u00edklad, ,,\u010do tak dnes ve\u010der potom ako ulo\u017e\u00edme deti spa\u0165?&#8221;, a pod. To pom\u00f4\u017ee, aby sa nec\u00edtili prepadnut\u00ed.Nesk\u00f4r d\u00e1m \u010fal\u0161\u00ed pr\u00edklad, ale najsk\u00f4r mi dovo\u013ete da\u0165 v\u00e1m zop\u00e1r \u010fal\u0161\u00edch tipov.<\/li>\n<li><strong>Ke\u010f si sadnete k rozhovoru, povedzte partnerovi, \u017ee chcete, aby v\u00e1s vypo\u010dul bez toho, aby v\u00e1m sk\u00e1kal do re\u010di a potom nech sa vyjadr\u00ed on a nebudete mu do re\u010di sk\u00e1ka\u0165 vy.\u00a0<\/strong>Povedzte partnerovi, \u017ee on\/ona a va\u0161e man\u017eelstvo alebo vz\u0165ah je pre v\u00e1s ve\u013emi d\u00f4le\u017eit\u00fd, \u017ee niektor\u00e9\/mnoho vec\u00ed ide v\u00fdborne.\u00a0Av\u0161ak,\u00a0je tie\u017e nieko\u013eko vec\u00ed, ktor\u00e9 v\u00e1m prek\u00e1\u017eaj\u00fa a chceli by ste ich napravi\u0165, aby ste vy, aj v\u00e1\u0161 partner, mohli by\u0165 \u0161\u0165astnej\u0161\u00ed a viac naplnen\u00ed v man\u017eelstve resp. vo vz\u0165ahu.<\/li>\n<li><strong>Povedzte mu\/jej, \u017ee nem\u00e1te z\u00e1ujem o ,,ukazovanie prstom&#8221;, a \u017ee obaja tvor\u00edte kvalitu v\u00e1\u0161ho vz\u0165ahu v\u0161etk\u00fdm \u010do rob\u00edte, poviete, alebo t\u00fdm \u010do neurob\u00edte a\u00a0nepoviete &#8211; bez oh\u013eadu na to, \u010di to rob\u00edte \u00famyselne alebo nie.\u00a0<\/strong>Nikdy to nie je iba jedna osoba. (Verte mi, toto je pravda, aj ke\u010f\u00a0si mysl\u00edte, \u017ee je na chybe iba ten druh\u00fd!) Ak viete nie\u010do \u010do rob\u00edte a pravdepodobne to vz\u0165ahu nepom\u00e1ha priznajte to. Napr\u00edklad: ,,Ja viem, \u017ee jedna z vec\u00ed ktor\u00e9 rob\u00edm je _______ (negujem, kritizujem, ned\u00e1vam najavo st\u00e1le ako si v\u00e1\u017eim \u010do rob\u00ed\u0161, som vystresovan\u00fd\/\u00e1 z pr\u00e1ce a nos\u00edm to domov, at\u010f.) Niekedy veci, ktor\u00e9 rob\u00edme skon\u010dia tak, \u017ee sa navz\u00e1jom negat\u00edvne ovplyv\u0148ujeme a pritom sme to v\u00f4bec nechceli.<\/li>\n<li><strong>Povedzte (ak je to pravda), \u017ee ste sk\u00fa\u0161ali veci napravi\u0165 a mo\u017eno on tie\u017e, jemu vlastn\u00fdm sp\u00f4sobom, ale chcete aby va\u0161e man\u017eelstvo\/vz\u0165ah bolo najpl\u0148aj\u00facej\u0161ie, z\u00e1bavnej\u0161ie, \u017eiv\u00e9 a sp\u00e1jaj\u00face pre v\u00e1s oboch.\u00a0<\/strong>Chceli by ste, aby ste obaja i\u0161li ku man\u017eelsk\u00e9mu poradcovi, nau\u010di\u0165 sa zru\u010dnostiam v\u010faka ktor\u00fdm sa va\u0161e man\u017eelstvo zlep\u0161\u00ed. Nechcete sa c\u00edti\u0165 viac a viac vzdialen\u00fd alebo sa c\u00edti\u0165, \u017ee obaja mus\u00edte chodi\u0165 po \u0161pi\u010dk\u00e1ch (alebo \u010doko\u013evek je pre v\u00e1s pravdou.)<\/li>\n<li><strong>Uistite ich, \u017ee toto nie je o obvi\u0148ovan\u00ed alebo hanbe, alebo kto m\u00e1 pravdu a kto nie a poradenstvo by o tomto ani by\u0165 nemalo.\u00a0<\/strong>Je to o spolo\u010dnom budovan\u00ed \u0161\u0165astn\u00e9ho, \u017eiv\u00e9ho a siln\u00e9ho man\u017eelstva, ktor\u00e9 si obaja u\u017e\u00edvate. (Aspo\u0148 v mojej kancel\u00e1ri\u00ed je to\u00a0o tom. Nem\u00f4\u017eem hovori\u0165 za ostatn\u00fdch poradcov!)<br \/>\n\u010casto partner zist\u00ed, \u017ee poradenstvo nie je o obvi\u0148ovan\u00ed alebo zahanbovan\u00ed ich, a chc\u00fa v poradenstve pokra\u010dova\u0165. Tie\u017e sa sk\u00f4r z\u00fa\u010dastnia, ke\u010f zistia, \u017ee chcete man\u017eelstvu alebo vz\u0165ahu pom\u00f4c\u0165 preto\u017ee si ich v\u00e1\u017eite a v\u00e1\u0161 spolo\u010dn\u00fd \u017eivot, a to by malo by\u0165 viac o tom, \u010do chcete vy OBAJA &#8211; aj vtedy, ke\u010f chcete rozli\u010dn\u00e9 veci.<\/li>\n<li><strong>Povedzte v\u00e1\u0161mu partnerovi, ak\u00e9ho poradcu h\u013ead\u00e1te, \u017ee ste si urobili prieskum (ak ste ho urobili) a \u017ee chcete, aby pri\u0161iel aspo\u0148 na jedno sedenie, aby pomohol poradcovi vypo\u010du\u0165 si obe va\u0161e perspekt\u00edvy.\u00a0<\/strong>Je to ve\u013emi d\u00f4le\u017eit\u00e9 pre poradcu po\u010du\u0165 o obav\u00e1ch a sk\u00fasenostiach oboch partnerov, nie iba jedn\u00e9ho. Perspekt\u00edva v\u00e1\u0161ho partnera je tak\u00e1 d\u00f4le\u017eit\u00e1 ako t\u00e1 va\u0161a. Po prvom seden\u00ed, obaja sa m\u00f4\u017eete rozhodn\u00fa\u0165 \u010di chcete alebo nechcete pokra\u010dova\u0165, alebo \u010di chcete n\u00e1js\u0165 in\u00e9ho poradcu, ak tento v\u00e1m nevyhovuje.<strong>Po\u010d\u00favajte, po\u010d\u00favajte, po\u010d\u00favajte ich obavy:<\/strong><\/li>\n<li><strong>Ak partner namieta, alebo hovor\u00ed, \u017ee nechce \u00eds\u0165 nepreru\u0161ujte ho a neobra\u0148ujte.\u00a0<\/strong>Namiesto toho bu\u010fte zvedav\u00fd.<\/li>\n<li>Ak odvrkn\u00fa nie\u010do ako ,,Nebudem m\u00ed\u0148a\u0165 \u010das a peniaze na toto&#8221; (alebo akoko\u013evek namietaj\u00fa),\u00a0<strong>nad\u00fdchnite sa, neh\u00e1dajte sa a sk\u00faste sa vc\u00edti\u0165 do ich ko\u017ee.\u00a0<\/strong>Sk\u00faste si predstavi\u0165 pre\u010do to d\u00e1va zmysel, \u017ee si to myslia alebo to tak c\u00edtia.<\/li>\n<li><strong>K\u013e\u00fa\u010dom je da\u0165 zmysel tomu \u010do hovoria, bez oh\u013eadu na to, \u010di s n\u00edm\/\u0148ou s\u00fahlas\u00edte.\u00a0<\/strong>Jeho\/jej obavy d\u00e1vaj\u00fa zmysel, v ich ko\u017ei. Potom \u010do vyjadr\u00edte pochopenie s ich obavami, povedzte pre\u010do je to pre v\u00e1s a v\u00e1\u0161 vz\u0165ah d\u00f4le\u017eit\u00e9 &#8211; a ak m\u00e1te nejak\u00e9 n\u00e1pady ako zl\u00fa\u010di\u0165 va\u0161e a ich obavy, navrhnite to.<strong>Tu je pr\u00edklad.\u00a0<\/strong>Ak odpoviete po vyjadren\u00ed pochopenia, nemus\u00ed to by\u0165 tak\u00e9 dlh\u00e9 ako to uv\u00e1dzam tu, Ale pozrite si body, ktor\u00e9\u00a0si mysl\u00edte, \u017ee by pomohli v\u00e1\u0161mu partnerovi zv\u00e1\u017ei\u0165 n\u00e1v\u0161tevu sedenia s poradcom. Potom pou\u017eite podobn\u00e9 body ke\u010f odpoviete v\u00e1\u0161mu partnerovi.\n<p><strong>\u00a0N\u00e1mietka:\u00a0<\/strong>,,Nebudem m\u00ed\u0148a\u0165 \u010das a peniaze na toto&#8221;<\/li>\n<\/ol>\n<blockquote><p><strong>Vyjadrenie pochopenia:\u00a0<\/strong>,,To d\u00e1va zmysel, \u017ee nechce\u0161 m\u00ed\u0148a\u0165 \u010das a peniaze &#8211; obaja \u0165a\u017eko pracujeme a v s\u00fa\u010dasnej situ\u00e1ci\u00ed peniaze r\u00fdchlej\u0161ie odch\u00e1dzaj\u00fa ako prich\u00e1dzaj\u00fa. Rozumiem tomu, \u017ee nechce\u0161 ich vyhodi\u0165 na nie\u010do, \u010do ani nevieme \u010di v\u00f4bec pom\u00f4\u017ee. Je to spr\u00e1vne?&#8221;<\/p>\n<p><strong>Pr\u00edklad odpovedi:\u00a0<\/strong>,,Re\u0161pektujem tvoje obavy a viem, \u017ee finan\u010dne to m\u00e1me teraz \u0165a\u017ek\u00e9. Tie\u017e nechcem mrha\u0165 peniazmi. Z\u00e1rove\u0148 v\u0161ak, chcem aby sme si boli bli\u017e\u0161\u00ed a \u0161\u0165astnej\u0161\u00ed. A s\u00fahlas\u00edm, \u017ee by sme nemali vyhadzova\u0165 peniaze na nie\u010do \u010do mo\u017eno fungova\u0165 nebude. Mysl\u00edm, \u017ee by sme to mohli prebra\u0165 po prvom seden\u00ed, aby sme sa rozhodli, \u010di si mysl\u00edme, \u017ee poradenstvo n\u00e1m m\u00f4\u017ee pom\u00f4c\u0165, prediskutova\u0165 s poradcom ko\u013eko seden\u00ed budeme asi potrebova\u0165 &#8211; a potom sa m\u00f4\u017eeme sami rozhodn\u00fa\u0165. Chcem dosta\u0165 to \u010do potrebujeme a potom pokra\u010dova\u0165 sami vo veciach, ktor\u00e9 sa nau\u010d\u00edme. Nechcem ni\u010d zd\u013ahav\u00e9 a vy\u010derp\u00e1vaj\u00face. Ale na\u0161e man\u017eelstvo\/vz\u0165ah, \u0161\u0165astie a pokoj\u00a0je pr\u00edli\u0161 d\u00f4le\u017eit\u00fd pre n\u00e1s oboch, aby sme sa nepok\u00fasili nau\u010di\u0165 sa veci, ktor\u00e9 n\u00e1m v man\u017eelstve m\u00f4\u017eu pom\u00f4c\u0165. Je to ako po\u010d\u00favanie \u010dudn\u00e9ho zvuku v aute. M\u00f4\u017ee\u0161 to chv\u00ed\u013eu ignorova\u0165, ale ak to bude pokra\u010dova\u0165, zhor\u0161\u00ed sa to a zaplat\u00edme, aby sme to opravili. Ak to budeme ignorova\u0165, probl\u00e9m sa zhor\u0161\u00ed viac a oprava m\u00f4\u017ee st\u00e1\u0165 e\u0161te viac. Mysl\u00edm, \u017ee na\u0161a tich\u00e1 dom\u00e1cnos\u0165 (alebo h\u00e1dky, nedostatok z\u00e1bavy\/radosti, kritizovanie, at\u010f. &#8211; ale vyberte si len 1-2, aby to nebolo vy\u010d\u00edtanie) robia tie \u010dudn\u00e9 zvuky, ktor\u00e9 n\u00e1m hovoria, \u017ee nie\u010do potrebuje pozornos\u0165 &#8211; a my potrebujeme vidie\u0165 \u010do mus\u00edme urobi\u0165, aby sme to opravili. Bude\u0161 s\u00fahlasi\u0165 na z\u00fa\u010dastnen\u00ed sa aspo\u0148 jedn\u00e9ho sedenia predt\u00fdm ne\u017e sa rozhodne\u0161? Ak sa potom nebude\u0161 chcie\u0165 vr\u00e1ti\u0165, aspo\u0148 poradca bude vedie\u0165 ak\u00e9 s\u00fa tvoje obavy a nie iba m\u00f4j poh\u013ead na vec.&#8221;<strong>\u00a0<\/strong>\u200b<\/p><\/blockquote>\n<p><strong>\u00a010. Ak maj\u00fa ak\u00e9ko\u013evek ot\u00e1zky alebo obavy, nech mi\u00a0nap\u00ed\u0161u.<\/strong><\/p>\n<p>Tento \u010dl\u00e1nok je vo\u013ene prelo\u017een\u00fd a parafr\u00e1zovan\u00fd od autorky Dawn Lipthrott, LCSW, pre p\u00f4vodn\u00fd zdroj\u00a0<a href=\"http:\/\/www.relationshipjourney.com\/Blog\/tips-to-get-your-partner-to-marriage-counseling\/\" target=\"_blank\" rel=\"nofollow noopener\">kliknite tu<\/a><\/p>\n<p>Rozhodol som sa prelo\u017ei\u0165 tento \u010dl\u00e1nok pr\u00e1ve preto, \u017ee ako odborn\u00edk sa s uveden\u00fdmi n\u00e1zormi plne stoto\u017e\u0148ujem, a tie\u017e preto, aby som pomohol s\u00fa\u010dasn\u00fdm a potenci\u00e1lne aj bud\u00facim klientom pomohol prizva\u0165 partnera \u010di partnerku do man\u017eelskej poradne a tie\u017e v\u0161etk\u00fdm \u013eu\u010fom, ktor\u00ed zva\u017euj\u00fa tento krok.<\/p>\n","protected":false},"excerpt":{"rendered":"<p>Vo svojej praxi sa \u010dasto stret\u00e1vam s probl\u00e9mom, \u017ee iba jeden z partnerov je ochotn\u00fd rie\u0161i\u0165 man\u017eelsk\u00e9 probl\u00e9my v man\u017eelskej poradni. Pre\u010d\u00edtajte si zop\u00e1r tipov ako presved\u010di\u0165 partnera, aby to sk\u00fasil. Nikoho nem\u00f4\u017eete don\u00fati\u0165, aby nie\u010do urobil. Mali by ste v\u0161ak sk\u00fasi\u0165 pochopi\u0165 partnerov strach a obavy, ktor\u00e9 sa t\u00fdkaj\u00fa\u00a0man\u017eelsk\u00e9ho poradenstva a potom sk\u00fasi\u0165 objasni\u0165 tieto obavy a poda\u0165 ich v \u0161t\u00fdle ,,v\u00fdhra-v\u00fdhra&#8221;. Zvy\u010dajne to nie je nedostatok l\u00e1sky alebo&hellip;<\/p>\n","protected":false},"author":2,"featured_media":0,"parent":0,"menu_order":0,"comment_status":"closed","ping_status":"closed","template":"","meta":{"_glsr_average":0,"_glsr_ranking":0,"_glsr_reviews":0,"footnotes":""},"class_list":["post-366","page","type-page","status-publish","hentry"],"yoast_head":"<!-- This site is optimized with the Yoast SEO plugin v26.7 - https:\/\/yoast.com\/wordpress\/plugins\/seo\/ -->\n<title>10 tipov ako presved\u010di\u0165 partnera\/partnerku, aby sk\u00fasili man\u017eelsk\u00e9 poradenstvo - Mgr. Ivan Ad\u00e1mek<\/title>\n<meta name=\"robots\" content=\"index, follow, max-snippet:-1, max-image-preview:large, max-video-preview:-1\" \/>\n<link rel=\"canonical\" href=\"https:\/\/www.adamek-edu.sk\/?page_id=366\" \/>\n<meta property=\"og:locale\" content=\"sk_SK\" \/>\n<meta property=\"og:type\" content=\"article\" \/>\n<meta property=\"og:title\" content=\"10 tipov ako presved\u010di\u0165 partnera\/partnerku, aby sk\u00fasili man\u017eelsk\u00e9 poradenstvo - Mgr. Ivan Ad\u00e1mek\" \/>\n<meta property=\"og:description\" content=\"Vo svojej praxi sa \u010dasto stret\u00e1vam s probl\u00e9mom, \u017ee iba jeden z partnerov je ochotn\u00fd rie\u0161i\u0165 man\u017eelsk\u00e9 probl\u00e9my v man\u017eelskej poradni. Pre\u010d\u00edtajte si zop\u00e1r tipov ako presved\u010di\u0165 partnera, aby to sk\u00fasil. Nikoho nem\u00f4\u017eete don\u00fati\u0165, aby nie\u010do urobil. Mali by ste v\u0161ak sk\u00fasi\u0165 pochopi\u0165 partnerov strach a obavy, ktor\u00e9 sa t\u00fdkaj\u00fa\u00a0man\u017eelsk\u00e9ho poradenstva a potom sk\u00fasi\u0165 objasni\u0165 tieto obavy a poda\u0165 ich v \u0161t\u00fdle ,,v\u00fdhra-v\u00fdhra&#8221;. Zvy\u010dajne to nie je nedostatok l\u00e1sky alebo&hellip;\" \/>\n<meta property=\"og:url\" content=\"https:\/\/www.adamek-edu.sk\/?page_id=366\" \/>\n<meta property=\"og:site_name\" content=\"Mgr. Ivan Ad\u00e1mek\" \/>\n<meta property=\"article:publisher\" content=\"https:\/\/www.facebook.com\/Man%c5%beelsk%c3%bd-poradca-Mgr-Ivan-Ad%c3%a1mek-245208902698654\" \/>\n<meta property=\"article:modified_time\" content=\"2023-03-13T18:25:49+00:00\" \/>\n<meta name=\"twitter:card\" content=\"summary_large_image\" \/>\n<meta name=\"twitter:label1\" content=\"Predpokladan\u00fd \u010das \u010d\u00edtania\" \/>\n\t<meta name=\"twitter:data1\" content=\"8 min\u00fat\" \/>\n<script type=\"application\/ld+json\" class=\"yoast-schema-graph\">{\"@context\":\"https:\/\/schema.org\",\"@graph\":[{\"@type\":\"WebPage\",\"@id\":\"https:\/\/www.adamek-edu.sk\/?page_id=366\",\"url\":\"https:\/\/www.adamek-edu.sk\/?page_id=366\",\"name\":\"10 tipov ako presved\u010di\u0165 partnera\/partnerku, aby sk\u00fasili man\u017eelsk\u00e9 poradenstvo - Mgr. Ivan Ad\u00e1mek\",\"isPartOf\":{\"@id\":\"https:\/\/www.adamek-edu.sk\/#website\"},\"datePublished\":\"2023-03-11T17:27:51+00:00\",\"dateModified\":\"2023-03-13T18:25:49+00:00\",\"breadcrumb\":{\"@id\":\"https:\/\/www.adamek-edu.sk\/?page_id=366#breadcrumb\"},\"inLanguage\":\"sk-SK\",\"potentialAction\":[{\"@type\":\"ReadAction\",\"target\":[\"https:\/\/www.adamek-edu.sk\/?page_id=366\"]}]},{\"@type\":\"BreadcrumbList\",\"@id\":\"https:\/\/www.adamek-edu.sk\/?page_id=366#breadcrumb\",\"itemListElement\":[{\"@type\":\"ListItem\",\"position\":1,\"name\":\"Home\",\"item\":\"https:\/\/www.adamek-edu.sk\/\"},{\"@type\":\"ListItem\",\"position\":2,\"name\":\"10 tipov ako presved\u010di\u0165 partnera\/partnerku, aby sk\u00fasili man\u017eelsk\u00e9 poradenstvo\"}]},{\"@type\":\"WebSite\",\"@id\":\"https:\/\/www.adamek-edu.sk\/#website\",\"url\":\"https:\/\/www.adamek-edu.sk\/\",\"name\":\"Mgr. Ivan Ad\u00e1mek\",\"description\":\"Man\u017eelsk\u00e1, p\u00e1rov\u00e1 a individu\u00e1lna porad\u0148a\",\"publisher\":{\"@id\":\"https:\/\/www.adamek-edu.sk\/#organization\"},\"potentialAction\":[{\"@type\":\"SearchAction\",\"target\":{\"@type\":\"EntryPoint\",\"urlTemplate\":\"https:\/\/www.adamek-edu.sk\/?s={search_term_string}\"},\"query-input\":{\"@type\":\"PropertyValueSpecification\",\"valueRequired\":true,\"valueName\":\"search_term_string\"}}],\"inLanguage\":\"sk-SK\"},{\"@type\":\"Organization\",\"@id\":\"https:\/\/www.adamek-edu.sk\/#organization\",\"name\":\"Mgr. Ivan Ad\u00e1mek\",\"url\":\"https:\/\/www.adamek-edu.sk\/\",\"logo\":{\"@type\":\"ImageObject\",\"inLanguage\":\"sk-SK\",\"@id\":\"https:\/\/www.adamek-edu.sk\/#\/schema\/logo\/image\/\",\"url\":\"https:\/\/www.adamek-edu.sk\/wp-content\/uploads\/2026\/02\/cropped-logo1.png\",\"contentUrl\":\"https:\/\/www.adamek-edu.sk\/wp-content\/uploads\/2026\/02\/cropped-logo1.png\",\"width\":290,\"height\":248,\"caption\":\"Mgr. Ivan Ad\u00e1mek\"},\"image\":{\"@id\":\"https:\/\/www.adamek-edu.sk\/#\/schema\/logo\/image\/\"},\"sameAs\":[\"https:\/\/www.facebook.com\/Man\u017eelsk\u00fd-poradca-Mgr-Ivan-Ad\u00e1mek-245208902698654\"]}]}<\/script>\n<!-- \/ Yoast SEO plugin. -->","yoast_head_json":{"title":"10 tipov ako presved\u010di\u0165 partnera\/partnerku, aby sk\u00fasili man\u017eelsk\u00e9 poradenstvo - Mgr. Ivan Ad\u00e1mek","robots":{"index":"index","follow":"follow","max-snippet":"max-snippet:-1","max-image-preview":"max-image-preview:large","max-video-preview":"max-video-preview:-1"},"canonical":"https:\/\/www.adamek-edu.sk\/?page_id=366","og_locale":"sk_SK","og_type":"article","og_title":"10 tipov ako presved\u010di\u0165 partnera\/partnerku, aby sk\u00fasili man\u017eelsk\u00e9 poradenstvo - Mgr. Ivan Ad\u00e1mek","og_description":"Vo svojej praxi sa \u010dasto stret\u00e1vam s probl\u00e9mom, \u017ee iba jeden z partnerov je ochotn\u00fd rie\u0161i\u0165 man\u017eelsk\u00e9 probl\u00e9my v man\u017eelskej poradni. Pre\u010d\u00edtajte si zop\u00e1r tipov ako presved\u010di\u0165 partnera, aby to sk\u00fasil. Nikoho nem\u00f4\u017eete don\u00fati\u0165, aby nie\u010do urobil. Mali by ste v\u0161ak sk\u00fasi\u0165 pochopi\u0165 partnerov strach a obavy, ktor\u00e9 sa t\u00fdkaj\u00fa\u00a0man\u017eelsk\u00e9ho poradenstva a potom sk\u00fasi\u0165 objasni\u0165 tieto obavy a poda\u0165 ich v \u0161t\u00fdle ,,v\u00fdhra-v\u00fdhra&#8221;. Zvy\u010dajne to nie je nedostatok l\u00e1sky alebo&hellip;","og_url":"https:\/\/www.adamek-edu.sk\/?page_id=366","og_site_name":"Mgr. Ivan Ad\u00e1mek","article_publisher":"https:\/\/www.facebook.com\/Man%c5%beelsk%c3%bd-poradca-Mgr-Ivan-Ad%c3%a1mek-245208902698654","article_modified_time":"2023-03-13T18:25:49+00:00","twitter_card":"summary_large_image","twitter_misc":{"Predpokladan\u00fd \u010das \u010d\u00edtania":"8 min\u00fat"},"schema":{"@context":"https:\/\/schema.org","@graph":[{"@type":"WebPage","@id":"https:\/\/www.adamek-edu.sk\/?page_id=366","url":"https:\/\/www.adamek-edu.sk\/?page_id=366","name":"10 tipov ako presved\u010di\u0165 partnera\/partnerku, aby sk\u00fasili man\u017eelsk\u00e9 poradenstvo - Mgr. Ivan Ad\u00e1mek","isPartOf":{"@id":"https:\/\/www.adamek-edu.sk\/#website"},"datePublished":"2023-03-11T17:27:51+00:00","dateModified":"2023-03-13T18:25:49+00:00","breadcrumb":{"@id":"https:\/\/www.adamek-edu.sk\/?page_id=366#breadcrumb"},"inLanguage":"sk-SK","potentialAction":[{"@type":"ReadAction","target":["https:\/\/www.adamek-edu.sk\/?page_id=366"]}]},{"@type":"BreadcrumbList","@id":"https:\/\/www.adamek-edu.sk\/?page_id=366#breadcrumb","itemListElement":[{"@type":"ListItem","position":1,"name":"Home","item":"https:\/\/www.adamek-edu.sk\/"},{"@type":"ListItem","position":2,"name":"10 tipov ako presved\u010di\u0165 partnera\/partnerku, aby sk\u00fasili man\u017eelsk\u00e9 poradenstvo"}]},{"@type":"WebSite","@id":"https:\/\/www.adamek-edu.sk\/#website","url":"https:\/\/www.adamek-edu.sk\/","name":"Mgr. Ivan Ad\u00e1mek","description":"Man\u017eelsk\u00e1, p\u00e1rov\u00e1 a individu\u00e1lna porad\u0148a","publisher":{"@id":"https:\/\/www.adamek-edu.sk\/#organization"},"potentialAction":[{"@type":"SearchAction","target":{"@type":"EntryPoint","urlTemplate":"https:\/\/www.adamek-edu.sk\/?s={search_term_string}"},"query-input":{"@type":"PropertyValueSpecification","valueRequired":true,"valueName":"search_term_string"}}],"inLanguage":"sk-SK"},{"@type":"Organization","@id":"https:\/\/www.adamek-edu.sk\/#organization","name":"Mgr. Ivan Ad\u00e1mek","url":"https:\/\/www.adamek-edu.sk\/","logo":{"@type":"ImageObject","inLanguage":"sk-SK","@id":"https:\/\/www.adamek-edu.sk\/#\/schema\/logo\/image\/","url":"https:\/\/www.adamek-edu.sk\/wp-content\/uploads\/2026\/02\/cropped-logo1.png","contentUrl":"https:\/\/www.adamek-edu.sk\/wp-content\/uploads\/2026\/02\/cropped-logo1.png","width":290,"height":248,"caption":"Mgr. Ivan Ad\u00e1mek"},"image":{"@id":"https:\/\/www.adamek-edu.sk\/#\/schema\/logo\/image\/"},"sameAs":["https:\/\/www.facebook.com\/Man\u017eelsk\u00fd-poradca-Mgr-Ivan-Ad\u00e1mek-245208902698654"]}]}},"jetpack_sharing_enabled":true,"_links":{"self":[{"href":"https:\/\/www.adamek-edu.sk\/index.php?rest_route=\/wp\/v2\/pages\/366","targetHints":{"allow":["GET"]}}],"collection":[{"href":"https:\/\/www.adamek-edu.sk\/index.php?rest_route=\/wp\/v2\/pages"}],"about":[{"href":"https:\/\/www.adamek-edu.sk\/index.php?rest_route=\/wp\/v2\/types\/page"}],"author":[{"embeddable":true,"href":"https:\/\/www.adamek-edu.sk\/index.php?rest_route=\/wp\/v2\/users\/2"}],"replies":[{"embeddable":true,"href":"https:\/\/www.adamek-edu.sk\/index.php?rest_route=%2Fwp%2Fv2%2Fcomments&post=366"}],"version-history":[{"count":3,"href":"https:\/\/www.adamek-edu.sk\/index.php?rest_route=\/wp\/v2\/pages\/366\/revisions"}],"predecessor-version":[{"id":463,"href":"https:\/\/www.adamek-edu.sk\/index.php?rest_route=\/wp\/v2\/pages\/366\/revisions\/463"}],"wp:attachment":[{"href":"https:\/\/www.adamek-edu.sk\/index.php?rest_route=%2Fwp%2Fv2%2Fmedia&parent=366"}],"curies":[{"name":"wp","href":"https:\/\/api.w.org\/{rel}","templated":true}]}}