{"id":364,"date":"2023-03-11T18:25:36","date_gmt":"2023-03-11T17:25:36","guid":{"rendered":"https:\/\/www.adamek-edu.sk\/?page_id=364"},"modified":"2023-03-13T19:27:40","modified_gmt":"2023-03-13T18:27:40","slug":"k-comu-by-som-prirovnal-manzelstvo-2-cast","status":"publish","type":"page","link":"https:\/\/www.adamek-edu.sk\/?page_id=364","title":{"rendered":"K \u010domu by som prirovnal man\u017eelstvo? (2. \u010das\u0165)"},"content":{"rendered":"<p><em>Pokra\u010dovanie \u010dl\u00e1nku K \u010domu by som prirovnal man\u017eelstvo. Uh\u00e1dli ste odpove\u010f na ot\u00e1zku z prvej \u010dasti \u010dl\u00e1nku? \u010co je naj\u010dastej\u0161ou pr\u00ed\u010dinou rozchodov a rozvodov? Odpove\u010f n\u00e1jdete v \u010dl\u00e1nku.<\/em><\/p>\n<p>Man\u017eelstvo je zv\u00e4zok dvoch \u013eud\u00ed, ktor\u00ed sa dobrovo\u013ene a slobodne rozhodli, \u017ee bud\u00fa spolu zdie\u013ea\u0165 \u017eivotn\u00fa cestu, n\u00e1zory a hodnoty. Cie\u013eom man\u017eelov by teda malo by\u0165 dosahova\u0165 man\u017eelsk\u00fa jednotu na \u00farovni fyzickej, du\u0161evnej i duchovnej. Man\u017eelsk\u00e1 jednota je rovnako nevyhnutn\u00e1 pre man\u017eelov, ako aj pre v\u00fdchovu det\u00ed. Jednotn\u00fd pr\u00edstup je z\u00e1rove\u0148 jedn\u00fdm z najd\u00f4le\u017eitej\u0161\u00edch pedagogick\u00fdch princ\u00edpov v\u00f4bec. Man\u017eelia v\u0161ak \u017eia\u013e omnoho \u010dastej\u0161ie bojuj\u00fa ka\u017ed\u00fd s\u00e1m za seba, miesto toho aby spolupracovali na budovan\u00ed man\u017eelskej jednoty.<\/p>\n<div>\n<div id=\"article_body_top_position-original-5919-fallback-video\">Aby sme to nemali tak\u00e9 jednoduch\u00e9, ka\u017ed\u00fd \u010dlovek m\u00e1 \u00faplne \u0161pecifick\u00fa povahu a ka\u017ed\u00fd za roky dospievania naberie r\u00f4zne druhy patologick\u00e9ho spr\u00e1vania. Man\u017eelia, ktor\u00ed sa usiluj\u00fa o \u00faprimn\u00e9, otvoren\u00e9 a \u0161\u0165astn\u00e9 man\u017eelstvo sa dr\u017eia nieko\u013ek\u00fdch hlavn\u00fdch princ\u00edpov:<\/div>\n<\/div>\n<p>1. Milova\u0165<br \/>\n2. Odp\u00fa\u0161\u0165a\u0165<br \/>\n3. Vyzna\u0165 svoje previnenia a \u017eiada\u0165 o odpustenie<br \/>\n4. Neklama\u0165<br \/>\n5. Nezatajova\u0165 v\u00e1\u017ene veci, probl\u00e9my a prehre\u0161ky<\/p>\n<p>Ak sa t\u00fdchto bodov nedr\u017e\u00edte, sk\u00f4r \u010di nesk\u00f4r sa dostanete do v\u00e1\u017enej kr\u00edzy, kde zrazu v\u0161etko vypl\u00e1va na povrch. M\u00f4\u017ee to &#8220;praskn\u00fa\u0165&#8221; kedyko\u013evek &#8211; dnes, zajtra, o t\u00fd\u017ede\u0148, o mesiac, o rok, dva, p\u00e4\u0165, desa\u0165 \u010di tridsa\u0165.<\/p>\n<p>\u010co n\u00e1m br\u00e1ni prizna\u0165 sa k prehre\u0161ku, ktor\u00fd sme sp\u00e1chali? Pocity hanby, prirodzen\u00e9 obrann\u00e9 mechanizmy na\u0161ej psychiky alebo p\u00fdcha. Boj\u00edme sa prizna\u0165 si vlastn\u00fa slabos\u0165 a zlyhanie. Boj\u00edme sa prebra\u0165 zodpovednos\u0165 za sp\u00e1chan\u00fd \u010din. Boj\u00edme sa n\u00e1sledkov, \u010do sa stane ak sa man\u017eel\/man\u017eelka dozvie, \u017ee som urobil\/a &#8230; ? Nezrel\u00ed jednoducho v\u0161etko zat\u013akaj\u00fa, probl\u00e9m obch\u00e1dzaj\u00fa ako sa len d\u00e1 a probl\u00e9m jednoducho ignoruj\u00fa. Zrel\u00fd \u010dlovek naopak preberie zodpovednos\u0165 za to \u010do urobil a v\u0161etko hne\u010f prizn\u00e1, \u010din o\u013eutuje, ospravedln\u00ed sa, po\u017eiada o odpustenie a usiluje sa o zmenu, aby sa to u\u017e viackr\u00e1t neopakovalo.<\/p>\n<p>Ak sa \u010dlovek vn\u00fatri zo\u017eiera t\u00fdm \u010do urobil a \u00faprimne to \u013eutuje, a t\u00fa\u017ei po zmene, je to dostato\u010dn\u00fd trest za \u010din, ktor\u00fd urobil, a preto potrebuje u\u017e len jedno: odpustenie. Ke\u010f \u010dlovek za\u017eije tak\u00fdto prejav hlbok\u00e9ho milosrdenstva, je mu svojho prehre\u0161ku \u013e\u00fato e\u0161te viac a t\u00fa\u017eba po zmene je e\u0161te silnej\u0161ia. Ka\u017ed\u00fa pozit\u00edvnu zmenu osobnosti m\u00f4\u017eeme vn\u00edma\u0165 ako proces zrenia. Tento proces je \u010dasto n\u00e1ro\u010dn\u00fd a b\u00fdva aj bolestiv\u00fd, preto\u017ee sa n\u00edm odkrajuje k\u00fasok n\u00e1\u0161ho ega. Je to \u010dasto pr\u00e1ve boles\u0165, ktor\u00e1 n\u00e1m br\u00e1ni v tom, aby sme zreli \u010falej, a preto so zren\u00edm prest\u00e1vame u\u017e vo ve\u013emi skorom veku a na\u0161a ment\u00e1lna zrelos\u0165 sa zasekne. Pokia\u013e s \u0148ou neza\u010dneme znova pracova\u0165, m\u00f4\u017eeme ma\u0165 zrelos\u0165 puber\u0165\u00e1ka\/puber\u0165\u00e1\u010dky aj v 70-tke. Kto v\u0161ak na svojej zrelosti pracuje odmali\u010dka m\u00f4\u017ee svojou zrelos\u0165ou zatieni\u0165 mnoh\u00fdch 50, 60 a viacro\u010dn\u00fdch.<\/p>\n<p>Zrelos\u0165 a vek spolu nes\u00favisia. Vek je \u010das, ktor\u00fd sme na svete. Zrelos\u0165 je atrib\u00fat, ktor\u00fd zah\u0155\u0148a celkov\u00fa schopnos\u0165 rozli\u0161ova\u0165 medzi dobrom a zlom, schopnos\u0165 primerane reagova\u0165 v konkr\u00e9tnych situ\u00e1ci\u00e1ch, schopnos\u0165 reagova\u0165 primerane na jednotliv\u00e9 podnety i na cel\u00e9 okolie, schopnos\u0165 prebra\u0165 zodpovednos\u0165 za svoje konanie, spr\u00e1vanie, pocity a t\u00fa\u017eby. Zrelos\u0165 tie\u017e vy\u017eaduje vlastn\u00fd sveton\u00e1zor, schopnos\u0165 rie\u0161i\u0165 konfliktn\u00e9 situ\u00e1cie racion\u00e1lne z oh\u013eadom na v\u0161etk\u00fdch z\u00fa\u010dastnen\u00fdch, vy\u017eaduje tie\u017e soci\u00e1lnu a emocion\u00e1lnu vyzretos\u0165, schopnos\u0165 rozumie\u0165 sebe, svojim kladn\u00fdm a z\u00e1porn\u00fdm str\u00e1nkam a svojim limitom a optimalizova\u0165 ich vyu\u017eitie pre seba, rodinu, i pre spolo\u010dnos\u0165 a tie\u017e schopnos\u0165 milova\u0165. Ur\u010dite toho zrelos\u0165 vy\u017eaduje e\u0161te omnoho viac, ale vymenoval som aspo\u0148 niektor\u00e9 zo z\u00e1kladn\u00fdch oblast\u00ed, ktor\u00e9 definuj\u00fa zrelos\u0165. Zrelos\u0165 sa z\u00edskava vtedy, ke\u010f uva\u017eujeme nad r\u00f4znymi situ\u00e1ciami, ktor\u00e9 n\u00e1m do \u017eivotov prich\u00e1dzaj\u00fa a sna\u017e\u00edme sa n\u00e1js\u0165 \u010do najoptim\u00e1lnej\u0161ie rie\u0161enie na dan\u00fa situ\u00e1ciu. Ak sa nad ni\u010d\u00edm nezam\u00fd\u0161\u013eate a rob\u00edte v\u017edy to prv\u00e9 \u010do v\u00e1s napadne, to je ide\u00e1lny sp\u00f4sob ako neprebra\u0165 zodpovednos\u0165 s\u00e1m za seba a ako nikdy nevyzrie\u0165. Prv\u00e1 vec, ktor\u00e1 \u010dloveka napadne ke\u010f urob\u00ed nie\u010do zl\u00e9 je toti\u017e \u00fatek alebo lo\u017e, alebo zataji\u0165 nie\u010do, \u010do je in\u00fdmi slovami povedan\u00e9: ,,nie som dos\u0165 zrel\u00fd na to, aby som \u010delil n\u00e1sledkom svojich \u010dinov&#8221;. Treba v\u0161ak d\u00e1va\u0165 pozor na to, \u017ee schopnos\u0165 prebra\u0165 zodpovednos\u0165 za svoje \u010diny, nie je jedin\u00fdm, ale iba jedn\u00fdm z atrib\u00fatov zrelosti. Ak teda viete prebra\u0165 zodpovednos\u0165 za svoje \u010diny, gratulujem, m\u00e1te za sebou prv\u00fd a tie\u017e ve\u013emi d\u00f4le\u017eit\u00fd krok na ceste k zrelosti.<\/p>\n<p>Naj\u010dastej\u0161ou pr\u00ed\u010dinou rozchodov a rozvodov je teda nezrelos\u0165. \u010ci u\u017e nezrelos\u0165 v tom, \u017ee ubli\u017eujeme na\u0161im spr\u00e1van\u00edm n\u00e1\u0161mu man\u017eelstvu a odmietame t\u00fato na\u0161u patol\u00f3giu zmeni\u0165, alebo nezrelos\u0165 v tom, \u017ee nevieme odpusti\u0165, ke\u010f n\u00e1s niekto \u017eiada o odpustenie, \u013eutuje svoj \u010din a chce sa zmeni\u0165.<\/p>\n","protected":false},"excerpt":{"rendered":"<p>Pokra\u010dovanie \u010dl\u00e1nku K \u010domu by som prirovnal man\u017eelstvo. Uh\u00e1dli ste odpove\u010f na ot\u00e1zku z prvej \u010dasti \u010dl\u00e1nku? \u010co je naj\u010dastej\u0161ou pr\u00ed\u010dinou rozchodov a rozvodov? Odpove\u010f n\u00e1jdete v \u010dl\u00e1nku. Man\u017eelstvo je zv\u00e4zok dvoch \u013eud\u00ed, ktor\u00ed sa dobrovo\u013ene a slobodne rozhodli, \u017ee bud\u00fa spolu zdie\u013ea\u0165 \u017eivotn\u00fa cestu, n\u00e1zory a hodnoty. Cie\u013eom man\u017eelov by teda malo by\u0165 dosahova\u0165 man\u017eelsk\u00fa jednotu na \u00farovni fyzickej, du\u0161evnej i duchovnej. Man\u017eelsk\u00e1 jednota je rovnako nevyhnutn\u00e1 pre man\u017eelov,&hellip;<\/p>\n","protected":false},"author":2,"featured_media":0,"parent":0,"menu_order":0,"comment_status":"closed","ping_status":"closed","template":"","meta":{"_glsr_average":0,"_glsr_ranking":0,"_glsr_reviews":0,"footnotes":""},"class_list":["post-364","page","type-page","status-publish","hentry"],"yoast_head":"<!-- This site is optimized with the Yoast SEO plugin v26.7 - https:\/\/yoast.com\/wordpress\/plugins\/seo\/ -->\n<title>K \u010domu by som prirovnal man\u017eelstvo? (2. \u010das\u0165) - Mgr. Ivan Ad\u00e1mek<\/title>\n<meta name=\"robots\" content=\"index, follow, max-snippet:-1, max-image-preview:large, max-video-preview:-1\" \/>\n<link rel=\"canonical\" href=\"https:\/\/www.adamek-edu.sk\/?page_id=364\" \/>\n<meta property=\"og:locale\" content=\"sk_SK\" \/>\n<meta property=\"og:type\" content=\"article\" \/>\n<meta property=\"og:title\" content=\"K \u010domu by som prirovnal man\u017eelstvo? (2. \u010das\u0165) - Mgr. Ivan Ad\u00e1mek\" \/>\n<meta property=\"og:description\" content=\"Pokra\u010dovanie \u010dl\u00e1nku K \u010domu by som prirovnal man\u017eelstvo. Uh\u00e1dli ste odpove\u010f na ot\u00e1zku z prvej \u010dasti \u010dl\u00e1nku? \u010co je naj\u010dastej\u0161ou pr\u00ed\u010dinou rozchodov a rozvodov? Odpove\u010f n\u00e1jdete v \u010dl\u00e1nku. Man\u017eelstvo je zv\u00e4zok dvoch \u013eud\u00ed, ktor\u00ed sa dobrovo\u013ene a slobodne rozhodli, \u017ee bud\u00fa spolu zdie\u013ea\u0165 \u017eivotn\u00fa cestu, n\u00e1zory a hodnoty. Cie\u013eom man\u017eelov by teda malo by\u0165 dosahova\u0165 man\u017eelsk\u00fa jednotu na \u00farovni fyzickej, du\u0161evnej i duchovnej. Man\u017eelsk\u00e1 jednota je rovnako nevyhnutn\u00e1 pre man\u017eelov,&hellip;\" \/>\n<meta property=\"og:url\" content=\"https:\/\/www.adamek-edu.sk\/?page_id=364\" \/>\n<meta property=\"og:site_name\" content=\"Mgr. Ivan Ad\u00e1mek\" \/>\n<meta property=\"article:publisher\" content=\"https:\/\/www.facebook.com\/Man%c5%beelsk%c3%bd-poradca-Mgr-Ivan-Ad%c3%a1mek-245208902698654\" \/>\n<meta property=\"article:modified_time\" content=\"2023-03-13T18:27:40+00:00\" \/>\n<meta name=\"twitter:card\" content=\"summary_large_image\" \/>\n<meta name=\"twitter:label1\" content=\"Predpokladan\u00fd \u010das \u010d\u00edtania\" \/>\n\t<meta name=\"twitter:data1\" content=\"4 min\u00faty\" \/>\n<script type=\"application\/ld+json\" class=\"yoast-schema-graph\">{\"@context\":\"https:\/\/schema.org\",\"@graph\":[{\"@type\":\"WebPage\",\"@id\":\"https:\/\/www.adamek-edu.sk\/?page_id=364\",\"url\":\"https:\/\/www.adamek-edu.sk\/?page_id=364\",\"name\":\"K \u010domu by som prirovnal man\u017eelstvo? (2. \u010das\u0165) - Mgr. Ivan Ad\u00e1mek\",\"isPartOf\":{\"@id\":\"https:\/\/www.adamek-edu.sk\/#website\"},\"datePublished\":\"2023-03-11T17:25:36+00:00\",\"dateModified\":\"2023-03-13T18:27:40+00:00\",\"breadcrumb\":{\"@id\":\"https:\/\/www.adamek-edu.sk\/?page_id=364#breadcrumb\"},\"inLanguage\":\"sk-SK\",\"potentialAction\":[{\"@type\":\"ReadAction\",\"target\":[\"https:\/\/www.adamek-edu.sk\/?page_id=364\"]}]},{\"@type\":\"BreadcrumbList\",\"@id\":\"https:\/\/www.adamek-edu.sk\/?page_id=364#breadcrumb\",\"itemListElement\":[{\"@type\":\"ListItem\",\"position\":1,\"name\":\"Home\",\"item\":\"https:\/\/www.adamek-edu.sk\/\"},{\"@type\":\"ListItem\",\"position\":2,\"name\":\"K \u010domu by som prirovnal man\u017eelstvo? (2. \u010das\u0165)\"}]},{\"@type\":\"WebSite\",\"@id\":\"https:\/\/www.adamek-edu.sk\/#website\",\"url\":\"https:\/\/www.adamek-edu.sk\/\",\"name\":\"Mgr. Ivan Ad\u00e1mek\",\"description\":\"Man\u017eelsk\u00e1, p\u00e1rov\u00e1 a individu\u00e1lna porad\u0148a\",\"publisher\":{\"@id\":\"https:\/\/www.adamek-edu.sk\/#organization\"},\"potentialAction\":[{\"@type\":\"SearchAction\",\"target\":{\"@type\":\"EntryPoint\",\"urlTemplate\":\"https:\/\/www.adamek-edu.sk\/?s={search_term_string}\"},\"query-input\":{\"@type\":\"PropertyValueSpecification\",\"valueRequired\":true,\"valueName\":\"search_term_string\"}}],\"inLanguage\":\"sk-SK\"},{\"@type\":\"Organization\",\"@id\":\"https:\/\/www.adamek-edu.sk\/#organization\",\"name\":\"Mgr. Ivan Ad\u00e1mek\",\"url\":\"https:\/\/www.adamek-edu.sk\/\",\"logo\":{\"@type\":\"ImageObject\",\"inLanguage\":\"sk-SK\",\"@id\":\"https:\/\/www.adamek-edu.sk\/#\/schema\/logo\/image\/\",\"url\":\"https:\/\/www.adamek-edu.sk\/wp-content\/uploads\/2026\/02\/cropped-logo1.png\",\"contentUrl\":\"https:\/\/www.adamek-edu.sk\/wp-content\/uploads\/2026\/02\/cropped-logo1.png\",\"width\":290,\"height\":248,\"caption\":\"Mgr. Ivan Ad\u00e1mek\"},\"image\":{\"@id\":\"https:\/\/www.adamek-edu.sk\/#\/schema\/logo\/image\/\"},\"sameAs\":[\"https:\/\/www.facebook.com\/Man\u017eelsk\u00fd-poradca-Mgr-Ivan-Ad\u00e1mek-245208902698654\"]}]}<\/script>\n<!-- \/ Yoast SEO plugin. -->","yoast_head_json":{"title":"K \u010domu by som prirovnal man\u017eelstvo? (2. \u010das\u0165) - Mgr. Ivan Ad\u00e1mek","robots":{"index":"index","follow":"follow","max-snippet":"max-snippet:-1","max-image-preview":"max-image-preview:large","max-video-preview":"max-video-preview:-1"},"canonical":"https:\/\/www.adamek-edu.sk\/?page_id=364","og_locale":"sk_SK","og_type":"article","og_title":"K \u010domu by som prirovnal man\u017eelstvo? (2. \u010das\u0165) - Mgr. Ivan Ad\u00e1mek","og_description":"Pokra\u010dovanie \u010dl\u00e1nku K \u010domu by som prirovnal man\u017eelstvo. Uh\u00e1dli ste odpove\u010f na ot\u00e1zku z prvej \u010dasti \u010dl\u00e1nku? \u010co je naj\u010dastej\u0161ou pr\u00ed\u010dinou rozchodov a rozvodov? Odpove\u010f n\u00e1jdete v \u010dl\u00e1nku. Man\u017eelstvo je zv\u00e4zok dvoch \u013eud\u00ed, ktor\u00ed sa dobrovo\u013ene a slobodne rozhodli, \u017ee bud\u00fa spolu zdie\u013ea\u0165 \u017eivotn\u00fa cestu, n\u00e1zory a hodnoty. Cie\u013eom man\u017eelov by teda malo by\u0165 dosahova\u0165 man\u017eelsk\u00fa jednotu na \u00farovni fyzickej, du\u0161evnej i duchovnej. Man\u017eelsk\u00e1 jednota je rovnako nevyhnutn\u00e1 pre man\u017eelov,&hellip;","og_url":"https:\/\/www.adamek-edu.sk\/?page_id=364","og_site_name":"Mgr. Ivan Ad\u00e1mek","article_publisher":"https:\/\/www.facebook.com\/Man%c5%beelsk%c3%bd-poradca-Mgr-Ivan-Ad%c3%a1mek-245208902698654","article_modified_time":"2023-03-13T18:27:40+00:00","twitter_card":"summary_large_image","twitter_misc":{"Predpokladan\u00fd \u010das \u010d\u00edtania":"4 min\u00faty"},"schema":{"@context":"https:\/\/schema.org","@graph":[{"@type":"WebPage","@id":"https:\/\/www.adamek-edu.sk\/?page_id=364","url":"https:\/\/www.adamek-edu.sk\/?page_id=364","name":"K \u010domu by som prirovnal man\u017eelstvo? (2. \u010das\u0165) - Mgr. Ivan Ad\u00e1mek","isPartOf":{"@id":"https:\/\/www.adamek-edu.sk\/#website"},"datePublished":"2023-03-11T17:25:36+00:00","dateModified":"2023-03-13T18:27:40+00:00","breadcrumb":{"@id":"https:\/\/www.adamek-edu.sk\/?page_id=364#breadcrumb"},"inLanguage":"sk-SK","potentialAction":[{"@type":"ReadAction","target":["https:\/\/www.adamek-edu.sk\/?page_id=364"]}]},{"@type":"BreadcrumbList","@id":"https:\/\/www.adamek-edu.sk\/?page_id=364#breadcrumb","itemListElement":[{"@type":"ListItem","position":1,"name":"Home","item":"https:\/\/www.adamek-edu.sk\/"},{"@type":"ListItem","position":2,"name":"K \u010domu by som prirovnal man\u017eelstvo? (2. \u010das\u0165)"}]},{"@type":"WebSite","@id":"https:\/\/www.adamek-edu.sk\/#website","url":"https:\/\/www.adamek-edu.sk\/","name":"Mgr. Ivan Ad\u00e1mek","description":"Man\u017eelsk\u00e1, p\u00e1rov\u00e1 a individu\u00e1lna porad\u0148a","publisher":{"@id":"https:\/\/www.adamek-edu.sk\/#organization"},"potentialAction":[{"@type":"SearchAction","target":{"@type":"EntryPoint","urlTemplate":"https:\/\/www.adamek-edu.sk\/?s={search_term_string}"},"query-input":{"@type":"PropertyValueSpecification","valueRequired":true,"valueName":"search_term_string"}}],"inLanguage":"sk-SK"},{"@type":"Organization","@id":"https:\/\/www.adamek-edu.sk\/#organization","name":"Mgr. Ivan Ad\u00e1mek","url":"https:\/\/www.adamek-edu.sk\/","logo":{"@type":"ImageObject","inLanguage":"sk-SK","@id":"https:\/\/www.adamek-edu.sk\/#\/schema\/logo\/image\/","url":"https:\/\/www.adamek-edu.sk\/wp-content\/uploads\/2026\/02\/cropped-logo1.png","contentUrl":"https:\/\/www.adamek-edu.sk\/wp-content\/uploads\/2026\/02\/cropped-logo1.png","width":290,"height":248,"caption":"Mgr. Ivan Ad\u00e1mek"},"image":{"@id":"https:\/\/www.adamek-edu.sk\/#\/schema\/logo\/image\/"},"sameAs":["https:\/\/www.facebook.com\/Man\u017eelsk\u00fd-poradca-Mgr-Ivan-Ad\u00e1mek-245208902698654"]}]}},"jetpack_sharing_enabled":true,"_links":{"self":[{"href":"https:\/\/www.adamek-edu.sk\/index.php?rest_route=\/wp\/v2\/pages\/364","targetHints":{"allow":["GET"]}}],"collection":[{"href":"https:\/\/www.adamek-edu.sk\/index.php?rest_route=\/wp\/v2\/pages"}],"about":[{"href":"https:\/\/www.adamek-edu.sk\/index.php?rest_route=\/wp\/v2\/types\/page"}],"author":[{"embeddable":true,"href":"https:\/\/www.adamek-edu.sk\/index.php?rest_route=\/wp\/v2\/users\/2"}],"replies":[{"embeddable":true,"href":"https:\/\/www.adamek-edu.sk\/index.php?rest_route=%2Fwp%2Fv2%2Fcomments&post=364"}],"version-history":[{"count":2,"href":"https:\/\/www.adamek-edu.sk\/index.php?rest_route=\/wp\/v2\/pages\/364\/revisions"}],"predecessor-version":[{"id":466,"href":"https:\/\/www.adamek-edu.sk\/index.php?rest_route=\/wp\/v2\/pages\/364\/revisions\/466"}],"wp:attachment":[{"href":"https:\/\/www.adamek-edu.sk\/index.php?rest_route=%2Fwp%2Fv2%2Fmedia&parent=364"}],"curies":[{"name":"wp","href":"https:\/\/api.w.org\/{rel}","templated":true}]}}