{"id":337,"date":"2023-03-09T16:01:39","date_gmt":"2023-03-09T15:01:39","guid":{"rendered":"https:\/\/www.adamek-edu.sk\/?page_id=337"},"modified":"2024-03-04T17:50:03","modified_gmt":"2024-03-04T16:50:03","slug":"rezervacia-terminu","status":"publish","type":"page","link":"https:\/\/www.adamek-edu.sk\/?page_id=337","title":{"rendered":"\u010casto kladen\u00e9 ot\u00e1zky (FAQ)"},"content":{"rendered":"<p>&nbsp;<\/p>\n<p><span style=\"color: #000000;\"><strong>\u010casto kladen\u00e9 ot\u00e1zky:<\/strong><\/span><\/p>\n<p>&nbsp;<\/p>\n<p><strong>Ako \u010dasto by sme mali nav\u0161tevova\u0165 porad\u0148u?<\/strong><\/p>\n<p>Najefekt\u00edvnej\u0161\u00ed poradensk\u00fd proces je pri sedeniach <strong>raz za t\u00fd\u017ede\u0148<\/strong>. Po \u00favodnej intenz\u00edvnej \u010dasti to postupne m\u00f4\u017ee prejs\u0165 na raz za dva t\u00fd\u017edne\/1 za mesiac, k\u00fdm sa nenau\u010d\u00edte fungova\u0165 v nov\u00fdch zvykoch a pravidl\u00e1ch sami aj bez mojej podpory.<\/p>\n<p>Ak nie je mo\u017en\u00e9 nav\u0161tevova\u0165 porad\u0148u ka\u017ed\u00fd t\u00fd\u017ede\u0148, (ak jeden z p\u00e1ru pracuje v zahrani\u010d\u00ed) aj menej \u010dasto je lep\u0161ie ako ni\u010d. Ide to s\u00edce pomal\u0161\u00edm tempom, ale hlavn\u00e9 je, \u017ee k lep\u0161iemu a nie hor\u0161iemu. Postupne sa d\u00e1 vybudova\u0165 vz\u0165ah aj takto, proces v\u0161ak trv\u00e1 omnoho dlh\u0161ie.<\/p>\n<p>&nbsp;<\/p>\n<p><strong>Ko\u013eko seden\u00ed je potrebn\u00e9 absolvova\u0165, aby sme dali n\u00e1\u0161 vz\u0165ah do poriadku?<\/strong><\/p>\n<p>To z\u00e1le\u017e\u00ed pr\u00edpad od pr\u00edpadu.<strong> \u0160tandardn\u00e1 d\u013a\u017eka cel\u00e9ho procesu je 10-15 seden\u00ed (3-4 mesiace)<\/strong>. Za tento \u010dasov\u00fd \u00fasek <strong>pri usilovnej pr\u00e1ci na sebe<\/strong> sa dok\u00e1\u017eete nau\u010di\u0165 nov\u00e9 met\u00f3dy a techniky komunik\u00e1cie a spolupr\u00e1ce vo vz\u0165ahu, vyrie\u0161i\u0165 probl\u00e9my v oblasti intimity a napravi\u0165 aj sexu\u00e1lny \u017eivot tak, aby bol k vz\u00e1jomnej spokojnosti.<\/p>\n<p>Niektor\u00e9 pr\u00edpady s\u00fa v\u00e1\u017enej\u0161ie a vy\u017eaduj\u00fa viac \u010dasu. V priebehu prv\u00fdch 10-tich seden\u00ed, dostanete tie najz\u00e1kladnej\u0161ie a najd\u00f4le\u017eitej\u0161ie inform\u00e1cie, ktor\u00e9 V\u00e1m z\u00e1sadn\u00fdm sp\u00f4sobom dok\u00e1\u017eu pom\u00f4c\u0165 pri zmene vn\u00edmania a pr\u00edstupu k V\u00e1\u0161mu vz\u0165ahu a pom\u00f4\u017eu z\u00edska\u0165 z\u00e1kladn\u00e9 n\u00e1stroje a n\u00e1vyky na budovanie a zve\u013ea\u010fovanie v\u00e1\u0161ho vz\u0165ahu. Presn\u00fd po\u010det seden\u00ed z\u00e1vis\u00ed od miery motiv\u00e1cie, snahy, schopnost\u00ed, mo\u017enost\u00ed a \u010dasu klientov na pr\u00e1ci na ich vz\u0165ahu.<\/p>\n<p>\u0160tandardne v\u0161ak plat\u00ed, \u017ee ak chcete dosiahnu\u0165 dlhodob\u00fa zmenu, minimum, ktor\u00e9 \u010dlovek potrebuje na to, aby sa zbavil zlozvyku a z\u00edskal nov\u00fd n\u00e1vyk je 3 mesiace (v ide\u00e1lnom pr\u00edpade 10-15 seden\u00ed). Po t\u00fdchto sedeniach m\u00f4\u017ee nasledova\u0165 e\u0161te zop\u00e1r, v rozostupe 2-4 t\u00fd\u017ed\u0148ov, aby sa p\u00e1r uistil a lep\u0161ie si zvykol na nov\u00e9 fungovanie.<\/p>\n<p>&nbsp;<\/p>\n<p><strong>\u010co je naj\u010dastej\u0161ou pr\u00ed\u010dinou rozvodu\/rozchodu?<\/strong><\/p>\n<p>Pod\u013ea \u0161tatistick\u00fdch \u00fadajov SR (z roku 2022) 66,7% rozvodov na Slovensku je z d\u00f4vodu rozdielnosti pov\u00e1h, nevera sa po &#8220;ostatn\u00fdch&#8221; dostala a\u017e na 3. miesto s 14%. S rozdielnos\u0165ou pov\u00e1h sa stret\u00e1vam v mojej poradni neust\u00e1le. Je to jedna z vec\u00ed, na ktor\u00e9 som sa do ve\u013ekej h\u013abky zameral a vytvoril vlastn\u00fd syst\u00e9m, ktor\u00fdm pom\u00e1ham pochopi\u0165 svet partnera a nau\u010di\u0165 partnerov ako fungova\u0165 s in\u00fdm osobnostn\u00fdm typom.<\/p>\n<p>&nbsp;<\/p>\n<p><strong>Pre\u010do si p\u00e1ry prest\u00e1vaj\u00fa rozumie\u0165 v sexu\u00e1lnej oblasti?<\/strong><\/p>\n<p>Jednou z prv\u00fdch pr\u00ed\u010din je opadnutie po\u010diato\u010dn\u00e9ho \u0161t\u00e1dia za\u013e\u00fabenia a v\u00e1\u0161ne. Ke\u010f vz\u0165ah prestane by\u0165 tak\u00fd intenz\u00edvny a hladiny horm\u00f3nov pri partnerovi sa dostan\u00fa do norm\u00e1lu, sex u\u017e nie je tak intenz\u00edvne stimuluj\u00faci ako na za\u010diatku. Postupne s pr\u00edchodom in\u00fdch povinnost\u00ed (pr\u00e1ca, deti) sexu\u00e1lny \u017eivot partnerov za\u010d\u00edna upada\u0165 a ak p\u00e1r nepracuje na tejto str\u00e1nke neust\u00e1le, tento stav m\u00e1 tendenciu sa \u010dasto zhor\u0161ova\u0165 a to obzvl\u00e1\u0161\u0165 pre minim\u00e1lne jednu stranu. Nastaven\u00edm nov\u00fdch a funk\u010dn\u00fdch procesov a preh\u013aben\u00edm intimity v tejto oblasti sa m\u00f4\u017ee sexu\u00e1lny \u017eivot partnerov o\u017eivi\u0165 a v\u00fdrazne skvalitni\u0165.<\/p>\n<p>&nbsp;<\/p>\n<p><strong>\u010co je najv\u00e4\u010d\u0161\u00ed zabijak intimity?<\/strong><\/p>\n<p>Neust\u00e1le pre\u0165a\u017eovanie jedn\u00e9ho alebo oboch partnerov, l\u017ei, ne\u00facta a nedostatok kvalitn\u00e9ho \u010dasu str\u00e1ven\u00e9ho spolu osamote. Ak netr\u00e1vite spolu \u017eiaden \u010das,\u00a0 za\u010d\u00ednate sa od seba vz\u010fa\u013eova\u0165 a v\u00e1\u0161 vz\u0165ah upad\u00e1 a s n\u00edm aj va\u0161a intimita. S odbornou pomocou je mo\u017en\u00e9 intimitu o\u017eivi\u0165, no vy\u017eaduje to aj obrovsk\u00fa snahu na strane man\u017eelov.<\/p>\n<p>&nbsp;<\/p>\n<p><strong>\u010co ak ochoriem alebo z objekt\u00edvnych pr\u00ed\u010din nebudem nakoniec m\u00f4c\u0165 pr\u00eds\u0165 na sedenie?<\/strong><\/p>\n<p>Sedenie je nutn\u00e9 <span style=\"color: #ff6600;\"><strong>presun\u00fa\u0165 alebo zru\u0161i\u0165 minim\u00e1lne de\u0148 vopred<\/strong>.<\/span> Ak si zmen\u00edte rezerv\u00e1ciu term\u00ednu aspo\u0148 de\u0148 vopred, potom peniaze, ktor\u00e9 ste zaplatili za star\u00fd term\u00edn, ktor\u00fd bol zmenen\u00fd bud\u00fa pou\u017eit\u00e9 na nov\u00fd term\u00edn. Ak v\u0161ak zmenu nenahl\u00e1site de\u0148 vopred a na sedenie sa nedostav\u00edte, potom sa sedenie bude bra\u0165 ako absolvovan\u00e9.<\/p>\n<p>&nbsp;<\/p>\n<p><strong>Je mo\u017en\u00e9 rezervova\u0165 si term\u00edn aj mimo pracovnej doby ak si za to priplat\u00edm?<\/strong><\/p>\n<p>\u00c1no, av\u0161ak term\u00edn si m\u00f4\u017eete rezervova\u0165 iba osobne po dohode prostredn\u00edctvom telefonick\u00e9ho \u010di e-mailov\u00e9ho kontaktu.<\/p>\n<p>V \u010dasoch mimo pracovnej doby je mo\u017en\u00e9 dohodn\u00fa\u0165 si term\u00edn:<\/p>\n<ul>\n<li>V \u010dase od 17:30-18:30 resp. od 18:00-19:00 Po-Pia,<\/li>\n<li>v sobotu medzi 8:00-12:00<\/li>\n<\/ul>\n<p>Tieto term\u00edny s\u00fa <strong>spoplatnen\u00e9 navy\u0161e o 10\u20ac<\/strong> k z\u00e1kladnej sume sedenia.<\/p>\n<p>&nbsp;<\/p>\n<p><span style=\"color: #000000;\"><strong>Ak mi vyhovuje konkr\u00e9tny de\u0148 a \u010das v t\u00fd\u017edni (napr\u00edklad v piatky o 11:00) m\u00f4\u017eem si tieto term\u00edny rezervova\u0165 vopred?<\/strong><\/span><\/p>\n<p>V pr\u00edpade, \u017ee si zak\u00fapite viac seden\u00ed, m\u00f4\u017eete.<\/p>\n","protected":false},"excerpt":{"rendered":"<p>&nbsp; \u010casto kladen\u00e9 ot\u00e1zky: &nbsp; Ako \u010dasto by sme mali nav\u0161tevova\u0165 porad\u0148u? Najefekt\u00edvnej\u0161\u00ed poradensk\u00fd proces je pri sedeniach raz za t\u00fd\u017ede\u0148. Po \u00favodnej intenz\u00edvnej \u010dasti to postupne m\u00f4\u017ee prejs\u0165 na raz za dva t\u00fd\u017edne\/1 za mesiac, k\u00fdm sa nenau\u010d\u00edte fungova\u0165 v nov\u00fdch zvykoch a pravidl\u00e1ch sami aj bez mojej podpory. Ak nie je mo\u017en\u00e9 nav\u0161tevova\u0165 porad\u0148u ka\u017ed\u00fd t\u00fd\u017ede\u0148, (ak jeden z p\u00e1ru pracuje v zahrani\u010d\u00ed) aj menej \u010dasto je lep\u0161ie&hellip;<\/p>\n","protected":false},"author":2,"featured_media":0,"parent":0,"menu_order":0,"comment_status":"closed","ping_status":"closed","template":"","meta":{"_glsr_average":0,"_glsr_ranking":0,"_glsr_reviews":0,"footnotes":""},"class_list":["post-337","page","type-page","status-publish","hentry"],"yoast_head":"<!-- This site is optimized with the Yoast SEO plugin v26.7 - https:\/\/yoast.com\/wordpress\/plugins\/seo\/ -->\n<title>\u010casto kladen\u00e9 ot\u00e1zky (FAQ) - Mgr. Ivan Ad\u00e1mek<\/title>\n<meta name=\"robots\" content=\"index, follow, max-snippet:-1, max-image-preview:large, max-video-preview:-1\" \/>\n<link rel=\"canonical\" href=\"https:\/\/www.adamek-edu.sk\/?page_id=337\" \/>\n<meta property=\"og:locale\" content=\"sk_SK\" \/>\n<meta property=\"og:type\" content=\"article\" \/>\n<meta property=\"og:title\" content=\"\u010casto kladen\u00e9 ot\u00e1zky (FAQ) - Mgr. Ivan Ad\u00e1mek\" \/>\n<meta property=\"og:description\" content=\"&nbsp; \u010casto kladen\u00e9 ot\u00e1zky: &nbsp; Ako \u010dasto by sme mali nav\u0161tevova\u0165 porad\u0148u? Najefekt\u00edvnej\u0161\u00ed poradensk\u00fd proces je pri sedeniach raz za t\u00fd\u017ede\u0148. Po \u00favodnej intenz\u00edvnej \u010dasti to postupne m\u00f4\u017ee prejs\u0165 na raz za dva t\u00fd\u017edne\/1 za mesiac, k\u00fdm sa nenau\u010d\u00edte fungova\u0165 v nov\u00fdch zvykoch a pravidl\u00e1ch sami aj bez mojej podpory. Ak nie je mo\u017en\u00e9 nav\u0161tevova\u0165 porad\u0148u ka\u017ed\u00fd t\u00fd\u017ede\u0148, (ak jeden z p\u00e1ru pracuje v zahrani\u010d\u00ed) aj menej \u010dasto je lep\u0161ie&hellip;\" \/>\n<meta property=\"og:url\" content=\"https:\/\/www.adamek-edu.sk\/?page_id=337\" \/>\n<meta property=\"og:site_name\" content=\"Mgr. Ivan Ad\u00e1mek\" \/>\n<meta property=\"article:publisher\" content=\"https:\/\/www.facebook.com\/Man%c5%beelsk%c3%bd-poradca-Mgr-Ivan-Ad%c3%a1mek-245208902698654\" \/>\n<meta property=\"article:modified_time\" content=\"2024-03-04T16:50:03+00:00\" \/>\n<meta name=\"twitter:card\" content=\"summary_large_image\" \/>\n<meta name=\"twitter:label1\" content=\"Predpokladan\u00fd \u010das \u010d\u00edtania\" \/>\n\t<meta name=\"twitter:data1\" content=\"4 min\u00faty\" \/>\n<script type=\"application\/ld+json\" class=\"yoast-schema-graph\">{\"@context\":\"https:\/\/schema.org\",\"@graph\":[{\"@type\":\"WebPage\",\"@id\":\"https:\/\/www.adamek-edu.sk\/?page_id=337\",\"url\":\"https:\/\/www.adamek-edu.sk\/?page_id=337\",\"name\":\"\u010casto kladen\u00e9 ot\u00e1zky (FAQ) - Mgr. Ivan Ad\u00e1mek\",\"isPartOf\":{\"@id\":\"https:\/\/www.adamek-edu.sk\/#website\"},\"datePublished\":\"2023-03-09T15:01:39+00:00\",\"dateModified\":\"2024-03-04T16:50:03+00:00\",\"breadcrumb\":{\"@id\":\"https:\/\/www.adamek-edu.sk\/?page_id=337#breadcrumb\"},\"inLanguage\":\"sk-SK\",\"potentialAction\":[{\"@type\":\"ReadAction\",\"target\":[\"https:\/\/www.adamek-edu.sk\/?page_id=337\"]}]},{\"@type\":\"BreadcrumbList\",\"@id\":\"https:\/\/www.adamek-edu.sk\/?page_id=337#breadcrumb\",\"itemListElement\":[{\"@type\":\"ListItem\",\"position\":1,\"name\":\"Home\",\"item\":\"https:\/\/www.adamek-edu.sk\/\"},{\"@type\":\"ListItem\",\"position\":2,\"name\":\"\u010casto kladen\u00e9 ot\u00e1zky (FAQ)\"}]},{\"@type\":\"WebSite\",\"@id\":\"https:\/\/www.adamek-edu.sk\/#website\",\"url\":\"https:\/\/www.adamek-edu.sk\/\",\"name\":\"Mgr. Ivan Ad\u00e1mek\",\"description\":\"Man\u017eelsk\u00e1, p\u00e1rov\u00e1 a individu\u00e1lna porad\u0148a\",\"publisher\":{\"@id\":\"https:\/\/www.adamek-edu.sk\/#organization\"},\"potentialAction\":[{\"@type\":\"SearchAction\",\"target\":{\"@type\":\"EntryPoint\",\"urlTemplate\":\"https:\/\/www.adamek-edu.sk\/?s={search_term_string}\"},\"query-input\":{\"@type\":\"PropertyValueSpecification\",\"valueRequired\":true,\"valueName\":\"search_term_string\"}}],\"inLanguage\":\"sk-SK\"},{\"@type\":\"Organization\",\"@id\":\"https:\/\/www.adamek-edu.sk\/#organization\",\"name\":\"Mgr. Ivan Ad\u00e1mek\",\"url\":\"https:\/\/www.adamek-edu.sk\/\",\"logo\":{\"@type\":\"ImageObject\",\"inLanguage\":\"sk-SK\",\"@id\":\"https:\/\/www.adamek-edu.sk\/#\/schema\/logo\/image\/\",\"url\":\"https:\/\/www.adamek-edu.sk\/wp-content\/uploads\/2026\/02\/cropped-logo1.png\",\"contentUrl\":\"https:\/\/www.adamek-edu.sk\/wp-content\/uploads\/2026\/02\/cropped-logo1.png\",\"width\":290,\"height\":248,\"caption\":\"Mgr. Ivan Ad\u00e1mek\"},\"image\":{\"@id\":\"https:\/\/www.adamek-edu.sk\/#\/schema\/logo\/image\/\"},\"sameAs\":[\"https:\/\/www.facebook.com\/Man\u017eelsk\u00fd-poradca-Mgr-Ivan-Ad\u00e1mek-245208902698654\"]}]}<\/script>\n<!-- \/ Yoast SEO plugin. -->","yoast_head_json":{"title":"\u010casto kladen\u00e9 ot\u00e1zky (FAQ) - Mgr. Ivan Ad\u00e1mek","robots":{"index":"index","follow":"follow","max-snippet":"max-snippet:-1","max-image-preview":"max-image-preview:large","max-video-preview":"max-video-preview:-1"},"canonical":"https:\/\/www.adamek-edu.sk\/?page_id=337","og_locale":"sk_SK","og_type":"article","og_title":"\u010casto kladen\u00e9 ot\u00e1zky (FAQ) - Mgr. Ivan Ad\u00e1mek","og_description":"&nbsp; \u010casto kladen\u00e9 ot\u00e1zky: &nbsp; Ako \u010dasto by sme mali nav\u0161tevova\u0165 porad\u0148u? Najefekt\u00edvnej\u0161\u00ed poradensk\u00fd proces je pri sedeniach raz za t\u00fd\u017ede\u0148. Po \u00favodnej intenz\u00edvnej \u010dasti to postupne m\u00f4\u017ee prejs\u0165 na raz za dva t\u00fd\u017edne\/1 za mesiac, k\u00fdm sa nenau\u010d\u00edte fungova\u0165 v nov\u00fdch zvykoch a pravidl\u00e1ch sami aj bez mojej podpory. Ak nie je mo\u017en\u00e9 nav\u0161tevova\u0165 porad\u0148u ka\u017ed\u00fd t\u00fd\u017ede\u0148, (ak jeden z p\u00e1ru pracuje v zahrani\u010d\u00ed) aj menej \u010dasto je lep\u0161ie&hellip;","og_url":"https:\/\/www.adamek-edu.sk\/?page_id=337","og_site_name":"Mgr. Ivan Ad\u00e1mek","article_publisher":"https:\/\/www.facebook.com\/Man%c5%beelsk%c3%bd-poradca-Mgr-Ivan-Ad%c3%a1mek-245208902698654","article_modified_time":"2024-03-04T16:50:03+00:00","twitter_card":"summary_large_image","twitter_misc":{"Predpokladan\u00fd \u010das \u010d\u00edtania":"4 min\u00faty"},"schema":{"@context":"https:\/\/schema.org","@graph":[{"@type":"WebPage","@id":"https:\/\/www.adamek-edu.sk\/?page_id=337","url":"https:\/\/www.adamek-edu.sk\/?page_id=337","name":"\u010casto kladen\u00e9 ot\u00e1zky (FAQ) - Mgr. Ivan Ad\u00e1mek","isPartOf":{"@id":"https:\/\/www.adamek-edu.sk\/#website"},"datePublished":"2023-03-09T15:01:39+00:00","dateModified":"2024-03-04T16:50:03+00:00","breadcrumb":{"@id":"https:\/\/www.adamek-edu.sk\/?page_id=337#breadcrumb"},"inLanguage":"sk-SK","potentialAction":[{"@type":"ReadAction","target":["https:\/\/www.adamek-edu.sk\/?page_id=337"]}]},{"@type":"BreadcrumbList","@id":"https:\/\/www.adamek-edu.sk\/?page_id=337#breadcrumb","itemListElement":[{"@type":"ListItem","position":1,"name":"Home","item":"https:\/\/www.adamek-edu.sk\/"},{"@type":"ListItem","position":2,"name":"\u010casto kladen\u00e9 ot\u00e1zky (FAQ)"}]},{"@type":"WebSite","@id":"https:\/\/www.adamek-edu.sk\/#website","url":"https:\/\/www.adamek-edu.sk\/","name":"Mgr. Ivan Ad\u00e1mek","description":"Man\u017eelsk\u00e1, p\u00e1rov\u00e1 a individu\u00e1lna porad\u0148a","publisher":{"@id":"https:\/\/www.adamek-edu.sk\/#organization"},"potentialAction":[{"@type":"SearchAction","target":{"@type":"EntryPoint","urlTemplate":"https:\/\/www.adamek-edu.sk\/?s={search_term_string}"},"query-input":{"@type":"PropertyValueSpecification","valueRequired":true,"valueName":"search_term_string"}}],"inLanguage":"sk-SK"},{"@type":"Organization","@id":"https:\/\/www.adamek-edu.sk\/#organization","name":"Mgr. Ivan Ad\u00e1mek","url":"https:\/\/www.adamek-edu.sk\/","logo":{"@type":"ImageObject","inLanguage":"sk-SK","@id":"https:\/\/www.adamek-edu.sk\/#\/schema\/logo\/image\/","url":"https:\/\/www.adamek-edu.sk\/wp-content\/uploads\/2026\/02\/cropped-logo1.png","contentUrl":"https:\/\/www.adamek-edu.sk\/wp-content\/uploads\/2026\/02\/cropped-logo1.png","width":290,"height":248,"caption":"Mgr. Ivan Ad\u00e1mek"},"image":{"@id":"https:\/\/www.adamek-edu.sk\/#\/schema\/logo\/image\/"},"sameAs":["https:\/\/www.facebook.com\/Man\u017eelsk\u00fd-poradca-Mgr-Ivan-Ad\u00e1mek-245208902698654"]}]}},"jetpack_sharing_enabled":true,"_links":{"self":[{"href":"https:\/\/www.adamek-edu.sk\/index.php?rest_route=\/wp\/v2\/pages\/337","targetHints":{"allow":["GET"]}}],"collection":[{"href":"https:\/\/www.adamek-edu.sk\/index.php?rest_route=\/wp\/v2\/pages"}],"about":[{"href":"https:\/\/www.adamek-edu.sk\/index.php?rest_route=\/wp\/v2\/types\/page"}],"author":[{"embeddable":true,"href":"https:\/\/www.adamek-edu.sk\/index.php?rest_route=\/wp\/v2\/users\/2"}],"replies":[{"embeddable":true,"href":"https:\/\/www.adamek-edu.sk\/index.php?rest_route=%2Fwp%2Fv2%2Fcomments&post=337"}],"version-history":[{"count":22,"href":"https:\/\/www.adamek-edu.sk\/index.php?rest_route=\/wp\/v2\/pages\/337\/revisions"}],"predecessor-version":[{"id":798,"href":"https:\/\/www.adamek-edu.sk\/index.php?rest_route=\/wp\/v2\/pages\/337\/revisions\/798"}],"wp:attachment":[{"href":"https:\/\/www.adamek-edu.sk\/index.php?rest_route=%2Fwp%2Fv2%2Fmedia&parent=337"}],"curies":[{"name":"wp","href":"https:\/\/api.w.org\/{rel}","templated":true}]}}