{"id":325,"date":"2023-03-04T19:42:54","date_gmt":"2023-03-04T18:42:54","guid":{"rendered":"https:\/\/www.adamek-edu.sk\/?page_id=325"},"modified":"2023-05-31T14:39:06","modified_gmt":"2023-05-31T13:39:06","slug":"sluzby","status":"publish","type":"page","link":"https:\/\/www.adamek-edu.sk\/?page_id=325","title":{"rendered":"Slu\u017eby"},"content":{"rendered":"<p>K\u00fapi\u0165 sedenie m\u00f4\u017eete <a href=\"https:\/\/www.adamek-edu.sk\/?post_type=product\">TU<\/a><\/p>\n<p><strong>Man\u017eelsk\u00e9 poradenstvo<\/strong><\/p>\n<ul>\n<li>Ur\u010den\u00e9 pre man\u017eelov alebo spolu \u017eij\u00face p\u00e1ry, ktor\u00e9 maj\u00fa pretrv\u00e1vaj\u00face alebo opakuj\u00face sa probl\u00e9my.<\/li>\n<li>Obsahuje: predstavenie n\u00e1zorov na vz\u0165ah a jeho aktu\u00e1lny stav, vz\u0165ahov\u00fa diagnostiku, pochopenie vz\u0165ahov\u00fdch princ\u00edpov a nespr\u00e1vnych vzorcov spr\u00e1vania, postupn\u00fd proces u\u010deniu sa nov\u00fdch vzorcov, upev\u0148ovanie nov\u00fdch vzorcov spr\u00e1vania a kontinu\u00e1lna podpora z vonka.<\/li>\n<li>Cie\u013e: Nau\u010di\u0165 sa a upevni\u0165 funguj\u00face vzorce spr\u00e1vania, ktor\u00e9 bud\u00fa v\u00e1\u0161 vz\u0165ah nap\u013a\u0148a\u0165 pochopen\u00edm a rados\u0165ou aj potom, \u010do ukon\u010d\u00edme poradensk\u00fd proces.<\/li>\n<li>Pre viac inform\u00e1ci\u00ed o man\u017eelskom poradenstve kliknite <a href=\"https:\/\/www.adamek-edu.sk\/?page_id=230\">TU<\/a>.<\/li>\n<li>Pre viac inform\u00e1cii o priebehu poradensk\u00e9ho procesu kliknite <a href=\"https:\/\/www.adamek-edu.sk\/?page_id=9\">TU<\/a>.<\/li>\n<\/ul>\n<p><strong>Individu\u00e1lne poradenstvo<\/strong><\/p>\n<ul>\n<li>Ur\u010den\u00e9 pre ka\u017ed\u00e9ho, kto potrebuje vypo\u010du\u0165, poradi\u0165, alebo sa len vyrozpr\u00e1va\u0165 na uvo\u013enenie nap\u00e4tia.<\/li>\n<li>Obsah: z\u00e1vis\u00ed od potrieb klienta.<\/li>\n<li>Cie\u013e : z\u00e1vis\u00ed od potrieb klienta.<\/li>\n<li>Pre viac inform\u00e1ci\u00ed kliknite <a href=\"https:\/\/www.adamek-edu.sk\/?page_id=309\">TU<\/a>.<\/li>\n<\/ul>\n<p><strong>Man\u017eelsk\u00e1 prevent\u00edvka<\/strong><\/p>\n<ul>\n<li>Ur\u010den\u00e9 pre man\u017eelov alebo spolu \u017eij\u00face p\u00e1ry (Ide\u00e1lne raz ro\u010dne)<\/li>\n<li>Obsahuje: predstavenie n\u00e1zorov na vz\u0165ah a jeho aktu\u00e1lny stav, vz\u0165ahov\u00fa diagnostiku, odpor\u00fa\u010danie \u010di je potrebn\u00e9 pokra\u010dova\u0165 na rie\u0161en\u00ed zisten\u00fdch probl\u00e9mov v man\u017eelskom poradenstve alebo to nie je potrebn\u00e9.<\/li>\n<li>Cie\u013e: Objekt\u00edvne pos\u00fadenie aktu\u00e1lneho stavu man\u017eelstva\/vz\u0165ahu a odpor\u00fa\u010danie \u010di pokra\u010dova\u0165 alebo nepokra\u010dova\u0165 \u010falej man\u017eelsk\u00fdm poradenstvom.<\/li>\n<li>Pre viac inform\u00e1ci\u00ed kliknite <a href=\"https:\/\/www.adamek-edu.sk\/?page_id=296\">TU<\/a>.<\/li>\n<\/ul>\n<p><strong>Predn\u00e1\u0161ky<\/strong><\/p>\n<ul>\n<li>Ur\u010den\u00e9 pre \u0161koly, osvetov\u00e9 centr\u00e1, centr\u00e1 vo\u013en\u00e9ho \u010dasu, ml\u00e1de\u017e aj dospel\u00fdch<\/li>\n<li>Obsahuje: pod\u013ea dohody t\u00e9my.<\/li>\n<li>Cie\u013e: Vzdel\u00e1vanie v oblasti man\u017eelstva a rodi\u010dovstva.<\/li>\n<li>Pre viac inform\u00e1ci\u00ed ma kontaktujte telefonicky alebo e-mailom.<\/li>\n<\/ul>\n<p><strong>H\u013abkov\u00e1 anal\u00fdza osobnost\u00ed vo vz\u0165ahu<\/strong><\/p>\n<ul>\n<li>Ur\u010den\u00e9 pre man\u017eelov alebo spolu \u017eij\u00face p\u00e1ry<\/li>\n<li>Obsahuje: Diagnostick\u00fd dotazn\u00edk a 90 min\u00fatov\u00fa konzult\u00e1ciu pre doplnenie inform\u00e1ci\u00ed a interpret\u00e1ciu v\u00fdsledkov, vyhodnotenia dotazn\u00edka. Obsahuje tie\u017e rady pre optimaliz\u00e1ciu v\u00e1\u0161ho vz\u0165ahu.<\/li>\n<li>Cie\u013e: sebapoznanie, lep\u0161ie poznanie a pochopenie partnera\/partnerky, optimaliz\u00e1cia vz\u0165ahu.<\/li>\n<li>Pre viac inform\u00e1ci\u00ed kliknite <a href=\"https:\/\/www.adamek-edu.sk\/?page_id=307\">TU<\/a><\/li>\n<\/ul>\n<p><strong>Gottmanov bal\u00ed\u010dek na posilnenie vz\u0165ahu<\/strong><\/p>\n<ul>\n<li>Ur\u010den\u00e9 pre man\u017eelov alebo spolu \u017eij\u00face p\u00e1ry<\/li>\n<li>Obsahuje: 9 hod\u00edn poradensk\u00e9ho procesu v priebehu 3 mesiacov, kde budete postupne do vz\u0165ahu prid\u00e1va\u0165 jednotliv\u00e9 vzorce spr\u00e1vania, ktor\u00e9 pom\u00f4\u017eu pri budovan\u00ed v\u00e1\u0161ho vz\u0165ahu.<\/li>\n<li>Cie\u013e: V\u00fdrazn\u00e9 a trval\u00e9 zlep\u0161enie kvality v\u00e1\u0161ho vz\u0165ahu pomocou met\u00f3dy Gottman sound relationship house<\/li>\n<\/ul>\n<p>K\u00fapi\u0165 sedenie m\u00f4\u017eete <a href=\"https:\/\/www.adamek-edu.sk\/?post_type=product\">TU<\/a><\/p>\n","protected":false},"excerpt":{"rendered":"<p>K\u00fapi\u0165 sedenie m\u00f4\u017eete TU Man\u017eelsk\u00e9 poradenstvo Ur\u010den\u00e9 pre man\u017eelov alebo spolu \u017eij\u00face p\u00e1ry, ktor\u00e9 maj\u00fa pretrv\u00e1vaj\u00face alebo opakuj\u00face sa probl\u00e9my. Obsahuje: predstavenie n\u00e1zorov na vz\u0165ah a jeho aktu\u00e1lny stav, vz\u0165ahov\u00fa diagnostiku, pochopenie vz\u0165ahov\u00fdch princ\u00edpov a nespr\u00e1vnych vzorcov spr\u00e1vania, postupn\u00fd proces u\u010deniu sa nov\u00fdch vzorcov, upev\u0148ovanie nov\u00fdch vzorcov spr\u00e1vania a kontinu\u00e1lna podpora z vonka. Cie\u013e: Nau\u010di\u0165 sa a upevni\u0165 funguj\u00face vzorce spr\u00e1vania, ktor\u00e9 bud\u00fa v\u00e1\u0161 vz\u0165ah nap\u013a\u0148a\u0165 pochopen\u00edm a rados\u0165ou aj&hellip;<\/p>\n","protected":false},"author":2,"featured_media":0,"parent":0,"menu_order":0,"comment_status":"closed","ping_status":"closed","template":"","meta":{"_glsr_average":0,"_glsr_ranking":0,"_glsr_reviews":0,"footnotes":""},"class_list":["post-325","page","type-page","status-publish","hentry"],"yoast_head":"<!-- This site is optimized with the Yoast SEO plugin v26.7 - https:\/\/yoast.com\/wordpress\/plugins\/seo\/ -->\n<title>Slu\u017eby - Mgr. Ivan Ad\u00e1mek<\/title>\n<meta name=\"robots\" content=\"index, follow, max-snippet:-1, max-image-preview:large, max-video-preview:-1\" \/>\n<link rel=\"canonical\" href=\"https:\/\/www.adamek-edu.sk\/?page_id=325\" \/>\n<meta property=\"og:locale\" content=\"sk_SK\" \/>\n<meta property=\"og:type\" content=\"article\" \/>\n<meta property=\"og:title\" content=\"Slu\u017eby - Mgr. Ivan Ad\u00e1mek\" \/>\n<meta property=\"og:description\" content=\"K\u00fapi\u0165 sedenie m\u00f4\u017eete TU Man\u017eelsk\u00e9 poradenstvo Ur\u010den\u00e9 pre man\u017eelov alebo spolu \u017eij\u00face p\u00e1ry, ktor\u00e9 maj\u00fa pretrv\u00e1vaj\u00face alebo opakuj\u00face sa probl\u00e9my. Obsahuje: predstavenie n\u00e1zorov na vz\u0165ah a jeho aktu\u00e1lny stav, vz\u0165ahov\u00fa diagnostiku, pochopenie vz\u0165ahov\u00fdch princ\u00edpov a nespr\u00e1vnych vzorcov spr\u00e1vania, postupn\u00fd proces u\u010deniu sa nov\u00fdch vzorcov, upev\u0148ovanie nov\u00fdch vzorcov spr\u00e1vania a kontinu\u00e1lna podpora z vonka. Cie\u013e: Nau\u010di\u0165 sa a upevni\u0165 funguj\u00face vzorce spr\u00e1vania, ktor\u00e9 bud\u00fa v\u00e1\u0161 vz\u0165ah nap\u013a\u0148a\u0165 pochopen\u00edm a rados\u0165ou aj&hellip;\" \/>\n<meta property=\"og:url\" content=\"https:\/\/www.adamek-edu.sk\/?page_id=325\" \/>\n<meta property=\"og:site_name\" content=\"Mgr. Ivan Ad\u00e1mek\" \/>\n<meta property=\"article:publisher\" content=\"https:\/\/www.facebook.com\/Man%c5%beelsk%c3%bd-poradca-Mgr-Ivan-Ad%c3%a1mek-245208902698654\" \/>\n<meta property=\"article:modified_time\" content=\"2023-05-31T13:39:06+00:00\" \/>\n<meta name=\"twitter:card\" content=\"summary_large_image\" \/>\n<meta name=\"twitter:label1\" content=\"Predpokladan\u00fd \u010das \u010d\u00edtania\" \/>\n\t<meta name=\"twitter:data1\" content=\"2 min\u00faty\" \/>\n<script type=\"application\/ld+json\" class=\"yoast-schema-graph\">{\"@context\":\"https:\/\/schema.org\",\"@graph\":[{\"@type\":\"WebPage\",\"@id\":\"https:\/\/www.adamek-edu.sk\/?page_id=325\",\"url\":\"https:\/\/www.adamek-edu.sk\/?page_id=325\",\"name\":\"Slu\u017eby - Mgr. Ivan Ad\u00e1mek\",\"isPartOf\":{\"@id\":\"https:\/\/www.adamek-edu.sk\/#website\"},\"datePublished\":\"2023-03-04T18:42:54+00:00\",\"dateModified\":\"2023-05-31T13:39:06+00:00\",\"breadcrumb\":{\"@id\":\"https:\/\/www.adamek-edu.sk\/?page_id=325#breadcrumb\"},\"inLanguage\":\"sk-SK\",\"potentialAction\":[{\"@type\":\"ReadAction\",\"target\":[\"https:\/\/www.adamek-edu.sk\/?page_id=325\"]}]},{\"@type\":\"BreadcrumbList\",\"@id\":\"https:\/\/www.adamek-edu.sk\/?page_id=325#breadcrumb\",\"itemListElement\":[{\"@type\":\"ListItem\",\"position\":1,\"name\":\"Home\",\"item\":\"https:\/\/www.adamek-edu.sk\/\"},{\"@type\":\"ListItem\",\"position\":2,\"name\":\"Slu\u017eby\"}]},{\"@type\":\"WebSite\",\"@id\":\"https:\/\/www.adamek-edu.sk\/#website\",\"url\":\"https:\/\/www.adamek-edu.sk\/\",\"name\":\"Mgr. Ivan Ad\u00e1mek\",\"description\":\"Man\u017eelsk\u00e1, p\u00e1rov\u00e1 a individu\u00e1lna porad\u0148a\",\"publisher\":{\"@id\":\"https:\/\/www.adamek-edu.sk\/#organization\"},\"potentialAction\":[{\"@type\":\"SearchAction\",\"target\":{\"@type\":\"EntryPoint\",\"urlTemplate\":\"https:\/\/www.adamek-edu.sk\/?s={search_term_string}\"},\"query-input\":{\"@type\":\"PropertyValueSpecification\",\"valueRequired\":true,\"valueName\":\"search_term_string\"}}],\"inLanguage\":\"sk-SK\"},{\"@type\":\"Organization\",\"@id\":\"https:\/\/www.adamek-edu.sk\/#organization\",\"name\":\"Mgr. Ivan Ad\u00e1mek\",\"url\":\"https:\/\/www.adamek-edu.sk\/\",\"logo\":{\"@type\":\"ImageObject\",\"inLanguage\":\"sk-SK\",\"@id\":\"https:\/\/www.adamek-edu.sk\/#\/schema\/logo\/image\/\",\"url\":\"https:\/\/www.adamek-edu.sk\/wp-content\/uploads\/2026\/02\/cropped-logo1.png\",\"contentUrl\":\"https:\/\/www.adamek-edu.sk\/wp-content\/uploads\/2026\/02\/cropped-logo1.png\",\"width\":290,\"height\":248,\"caption\":\"Mgr. Ivan Ad\u00e1mek\"},\"image\":{\"@id\":\"https:\/\/www.adamek-edu.sk\/#\/schema\/logo\/image\/\"},\"sameAs\":[\"https:\/\/www.facebook.com\/Man\u017eelsk\u00fd-poradca-Mgr-Ivan-Ad\u00e1mek-245208902698654\"]}]}<\/script>\n<!-- \/ Yoast SEO plugin. -->","yoast_head_json":{"title":"Slu\u017eby - Mgr. Ivan Ad\u00e1mek","robots":{"index":"index","follow":"follow","max-snippet":"max-snippet:-1","max-image-preview":"max-image-preview:large","max-video-preview":"max-video-preview:-1"},"canonical":"https:\/\/www.adamek-edu.sk\/?page_id=325","og_locale":"sk_SK","og_type":"article","og_title":"Slu\u017eby - Mgr. Ivan Ad\u00e1mek","og_description":"K\u00fapi\u0165 sedenie m\u00f4\u017eete TU Man\u017eelsk\u00e9 poradenstvo Ur\u010den\u00e9 pre man\u017eelov alebo spolu \u017eij\u00face p\u00e1ry, ktor\u00e9 maj\u00fa pretrv\u00e1vaj\u00face alebo opakuj\u00face sa probl\u00e9my. Obsahuje: predstavenie n\u00e1zorov na vz\u0165ah a jeho aktu\u00e1lny stav, vz\u0165ahov\u00fa diagnostiku, pochopenie vz\u0165ahov\u00fdch princ\u00edpov a nespr\u00e1vnych vzorcov spr\u00e1vania, postupn\u00fd proces u\u010deniu sa nov\u00fdch vzorcov, upev\u0148ovanie nov\u00fdch vzorcov spr\u00e1vania a kontinu\u00e1lna podpora z vonka. Cie\u013e: Nau\u010di\u0165 sa a upevni\u0165 funguj\u00face vzorce spr\u00e1vania, ktor\u00e9 bud\u00fa v\u00e1\u0161 vz\u0165ah nap\u013a\u0148a\u0165 pochopen\u00edm a rados\u0165ou aj&hellip;","og_url":"https:\/\/www.adamek-edu.sk\/?page_id=325","og_site_name":"Mgr. Ivan Ad\u00e1mek","article_publisher":"https:\/\/www.facebook.com\/Man%c5%beelsk%c3%bd-poradca-Mgr-Ivan-Ad%c3%a1mek-245208902698654","article_modified_time":"2023-05-31T13:39:06+00:00","twitter_card":"summary_large_image","twitter_misc":{"Predpokladan\u00fd \u010das \u010d\u00edtania":"2 min\u00faty"},"schema":{"@context":"https:\/\/schema.org","@graph":[{"@type":"WebPage","@id":"https:\/\/www.adamek-edu.sk\/?page_id=325","url":"https:\/\/www.adamek-edu.sk\/?page_id=325","name":"Slu\u017eby - Mgr. Ivan Ad\u00e1mek","isPartOf":{"@id":"https:\/\/www.adamek-edu.sk\/#website"},"datePublished":"2023-03-04T18:42:54+00:00","dateModified":"2023-05-31T13:39:06+00:00","breadcrumb":{"@id":"https:\/\/www.adamek-edu.sk\/?page_id=325#breadcrumb"},"inLanguage":"sk-SK","potentialAction":[{"@type":"ReadAction","target":["https:\/\/www.adamek-edu.sk\/?page_id=325"]}]},{"@type":"BreadcrumbList","@id":"https:\/\/www.adamek-edu.sk\/?page_id=325#breadcrumb","itemListElement":[{"@type":"ListItem","position":1,"name":"Home","item":"https:\/\/www.adamek-edu.sk\/"},{"@type":"ListItem","position":2,"name":"Slu\u017eby"}]},{"@type":"WebSite","@id":"https:\/\/www.adamek-edu.sk\/#website","url":"https:\/\/www.adamek-edu.sk\/","name":"Mgr. Ivan Ad\u00e1mek","description":"Man\u017eelsk\u00e1, p\u00e1rov\u00e1 a individu\u00e1lna porad\u0148a","publisher":{"@id":"https:\/\/www.adamek-edu.sk\/#organization"},"potentialAction":[{"@type":"SearchAction","target":{"@type":"EntryPoint","urlTemplate":"https:\/\/www.adamek-edu.sk\/?s={search_term_string}"},"query-input":{"@type":"PropertyValueSpecification","valueRequired":true,"valueName":"search_term_string"}}],"inLanguage":"sk-SK"},{"@type":"Organization","@id":"https:\/\/www.adamek-edu.sk\/#organization","name":"Mgr. Ivan Ad\u00e1mek","url":"https:\/\/www.adamek-edu.sk\/","logo":{"@type":"ImageObject","inLanguage":"sk-SK","@id":"https:\/\/www.adamek-edu.sk\/#\/schema\/logo\/image\/","url":"https:\/\/www.adamek-edu.sk\/wp-content\/uploads\/2026\/02\/cropped-logo1.png","contentUrl":"https:\/\/www.adamek-edu.sk\/wp-content\/uploads\/2026\/02\/cropped-logo1.png","width":290,"height":248,"caption":"Mgr. Ivan Ad\u00e1mek"},"image":{"@id":"https:\/\/www.adamek-edu.sk\/#\/schema\/logo\/image\/"},"sameAs":["https:\/\/www.facebook.com\/Man\u017eelsk\u00fd-poradca-Mgr-Ivan-Ad\u00e1mek-245208902698654"]}]}},"jetpack_sharing_enabled":true,"_links":{"self":[{"href":"https:\/\/www.adamek-edu.sk\/index.php?rest_route=\/wp\/v2\/pages\/325","targetHints":{"allow":["GET"]}}],"collection":[{"href":"https:\/\/www.adamek-edu.sk\/index.php?rest_route=\/wp\/v2\/pages"}],"about":[{"href":"https:\/\/www.adamek-edu.sk\/index.php?rest_route=\/wp\/v2\/types\/page"}],"author":[{"embeddable":true,"href":"https:\/\/www.adamek-edu.sk\/index.php?rest_route=\/wp\/v2\/users\/2"}],"replies":[{"embeddable":true,"href":"https:\/\/www.adamek-edu.sk\/index.php?rest_route=%2Fwp%2Fv2%2Fcomments&post=325"}],"version-history":[{"count":5,"href":"https:\/\/www.adamek-edu.sk\/index.php?rest_route=\/wp\/v2\/pages\/325\/revisions"}],"predecessor-version":[{"id":529,"href":"https:\/\/www.adamek-edu.sk\/index.php?rest_route=\/wp\/v2\/pages\/325\/revisions\/529"}],"wp:attachment":[{"href":"https:\/\/www.adamek-edu.sk\/index.php?rest_route=%2Fwp%2Fv2%2Fmedia&parent=325"}],"curies":[{"name":"wp","href":"https:\/\/api.w.org\/{rel}","templated":true}]}}