{"id":309,"date":"2023-03-04T14:27:28","date_gmt":"2023-03-04T13:27:28","guid":{"rendered":"https:\/\/www.adamek-edu.sk\/?page_id=309"},"modified":"2024-03-18T14:18:18","modified_gmt":"2024-03-18T13:18:18","slug":"individualne-poradenstvo","status":"publish","type":"page","link":"https:\/\/www.adamek-edu.sk\/?page_id=309","title":{"rendered":"Individu\u00e1lne poradenstvo"},"content":{"rendered":"<p>Individu\u00e1lne poradenstvo, ktor\u00e9 poskytujem, prisp\u00f4sobujem pod\u013ea individu\u00e1lnej potreby klienta a m\u00f4\u017ee sl\u00fa\u017ei\u0165 na:<\/p>\n<ul>\n<li>Podporu pri n\u00e1ro\u010dn\u00fdch \u017eivotn\u00fdch situ\u00e1ci\u00e1ch<\/li>\n<li>Podporu pri rozhodovan\u00ed pri ve\u013ek\u00fdch \u017eivotn\u00fdch krokoch<\/li>\n<li>Lie\u010dbu traumy (strata bl\u00edzkej osoby, \u0165a\u017ek\u00fd rozchod\/rozvod, nevera, sexu\u00e1lny traumy, traumy z detstva a i.)<\/li>\n<li>Pomoc pri osobnostnom raste<\/li>\n<li>Pomoc pri sebapozn\u00e1van\u00ed<\/li>\n<li>Pomoc pri budovan\u00ed sebad\u00f4very<\/li>\n<li>Ke\u010f sa chcete porozpr\u00e1va\u0165 o va\u0161om vz\u0165ahu s odborn\u00edkom<\/li>\n<li>Ako doplnenie man\u017eelsk\u00fdch seden\u00ed. &#8211; V individualizovanej forme je v\u00e4\u010d\u0161\u00ed priestor iba pre v\u00e1s na adresnej\u0161ou podporou v procese man\u017eelsk\u00e9ho poradenstva<\/li>\n<li>Ke\u010f potrebujete vyventilova\u0165 nap\u00e4tie, utriedi\u0165 si my\u0161lienky a pocity alebo za\u017ei\u0165 pocit prijatia<\/li>\n<li>Ke\u010f sa potrebujete z nie\u010doho vyrozpr\u00e1va\u0165 bez toho, aby na v\u00e1s h\u00e1dzali opovrhuj\u00face a odsudzuj\u00face poh\u013eady a mali istotu, \u017ee to \u010do poviete ostane iba medzi nami<\/li>\n<\/ul>\n<p>V skuto\u010dnosti \u013eudia \u010dasto nepotrebuj\u00fa \u017eiadnu pomoc, pri rie\u0161en\u00ed nejak\u00e9ho probl\u00e9mu, potrebuj\u00fa v\u0161ak:<\/p>\n<ul>\n<li>c\u00edti\u0165 podporu, \u017ee je tu niekto pre nich<\/li>\n<li>c\u00edti\u0165 prijatie, \u017ee niekto ma prij\u00edma tak\u00e9ho ak\u00fd som\/tak\u00fa ak\u00e1 som<\/li>\n<li>c\u00edti\u0165 z\u00e1ujem, \u017ee ma niekto naozaj po\u010d\u00fava<\/li>\n<li>c\u00edti\u0165 porozumenie, \u017ee mi niekto rozumie ako sa asi c\u00edtim a \u010do pre\u017e\u00edvam<\/li>\n<li>sa iba vyrozpr\u00e1va\u0165, bez toho, aby ich niekto preru\u0161oval, opravoval, kritizoval, napravoval, pou\u010doval, odsudzoval, ignoroval, oso\u010doval alebo ohov\u00e1ral za chrbtom. Ak ste sa v tomto na\u0161li, potom je t\u00e1to slu\u017eba presne pre v\u00e1s<\/li>\n<\/ul>\n<p>Aktu\u00e1lne ceny slu\u017eieb n\u00e1jdete v <a href=\"https:\/\/www.adamek-edu.sk\/?page_id=2\">cenn\u00edku.<\/a><\/p>\n","protected":false},"excerpt":{"rendered":"<p>Individu\u00e1lne poradenstvo, ktor\u00e9 poskytujem, prisp\u00f4sobujem pod\u013ea individu\u00e1lnej potreby klienta a m\u00f4\u017ee sl\u00fa\u017ei\u0165 na: Podporu pri n\u00e1ro\u010dn\u00fdch \u017eivotn\u00fdch situ\u00e1ci\u00e1ch Podporu pri rozhodovan\u00ed pri ve\u013ek\u00fdch \u017eivotn\u00fdch krokoch Lie\u010dbu traumy (strata bl\u00edzkej osoby, \u0165a\u017ek\u00fd rozchod\/rozvod, nevera, sexu\u00e1lny traumy, traumy z detstva a i.) Pomoc pri osobnostnom raste Pomoc pri sebapozn\u00e1van\u00ed Pomoc pri budovan\u00ed sebad\u00f4very Ke\u010f sa chcete porozpr\u00e1va\u0165 o va\u0161om vz\u0165ahu s odborn\u00edkom Ako doplnenie man\u017eelsk\u00fdch seden\u00ed. &#8211; V individualizovanej forme je v\u00e4\u010d\u0161\u00ed&hellip;<\/p>\n","protected":false},"author":2,"featured_media":0,"parent":0,"menu_order":0,"comment_status":"closed","ping_status":"closed","template":"","meta":{"_glsr_average":0,"_glsr_ranking":0,"_glsr_reviews":0,"footnotes":""},"class_list":["post-309","page","type-page","status-publish","hentry"],"yoast_head":"<!-- This site is optimized with the Yoast SEO plugin v26.7 - https:\/\/yoast.com\/wordpress\/plugins\/seo\/ -->\n<title>Individu\u00e1lne poradenstvo - Mgr. Ivan Ad\u00e1mek<\/title>\n<meta name=\"robots\" content=\"index, follow, max-snippet:-1, max-image-preview:large, max-video-preview:-1\" \/>\n<link rel=\"canonical\" href=\"https:\/\/www.adamek-edu.sk\/?page_id=309\" \/>\n<meta property=\"og:locale\" content=\"sk_SK\" \/>\n<meta property=\"og:type\" content=\"article\" \/>\n<meta property=\"og:title\" content=\"Individu\u00e1lne poradenstvo - Mgr. Ivan Ad\u00e1mek\" \/>\n<meta property=\"og:description\" content=\"Individu\u00e1lne poradenstvo, ktor\u00e9 poskytujem, prisp\u00f4sobujem pod\u013ea individu\u00e1lnej potreby klienta a m\u00f4\u017ee sl\u00fa\u017ei\u0165 na: Podporu pri n\u00e1ro\u010dn\u00fdch \u017eivotn\u00fdch situ\u00e1ci\u00e1ch Podporu pri rozhodovan\u00ed pri ve\u013ek\u00fdch \u017eivotn\u00fdch krokoch Lie\u010dbu traumy (strata bl\u00edzkej osoby, \u0165a\u017ek\u00fd rozchod\/rozvod, nevera, sexu\u00e1lny traumy, traumy z detstva a i.) Pomoc pri osobnostnom raste Pomoc pri sebapozn\u00e1van\u00ed Pomoc pri budovan\u00ed sebad\u00f4very Ke\u010f sa chcete porozpr\u00e1va\u0165 o va\u0161om vz\u0165ahu s odborn\u00edkom Ako doplnenie man\u017eelsk\u00fdch seden\u00ed. &#8211; V individualizovanej forme je v\u00e4\u010d\u0161\u00ed&hellip;\" \/>\n<meta property=\"og:url\" content=\"https:\/\/www.adamek-edu.sk\/?page_id=309\" \/>\n<meta property=\"og:site_name\" content=\"Mgr. Ivan Ad\u00e1mek\" \/>\n<meta property=\"article:publisher\" content=\"https:\/\/www.facebook.com\/Man%c5%beelsk%c3%bd-poradca-Mgr-Ivan-Ad%c3%a1mek-245208902698654\" \/>\n<meta property=\"article:modified_time\" content=\"2024-03-18T13:18:18+00:00\" \/>\n<meta name=\"twitter:card\" content=\"summary_large_image\" \/>\n<meta name=\"twitter:label1\" content=\"Predpokladan\u00fd \u010das \u010d\u00edtania\" \/>\n\t<meta name=\"twitter:data1\" content=\"2 min\u00faty\" \/>\n<script type=\"application\/ld+json\" class=\"yoast-schema-graph\">{\"@context\":\"https:\/\/schema.org\",\"@graph\":[{\"@type\":\"WebPage\",\"@id\":\"https:\/\/www.adamek-edu.sk\/?page_id=309\",\"url\":\"https:\/\/www.adamek-edu.sk\/?page_id=309\",\"name\":\"Individu\u00e1lne poradenstvo - Mgr. Ivan Ad\u00e1mek\",\"isPartOf\":{\"@id\":\"https:\/\/www.adamek-edu.sk\/#website\"},\"datePublished\":\"2023-03-04T13:27:28+00:00\",\"dateModified\":\"2024-03-18T13:18:18+00:00\",\"breadcrumb\":{\"@id\":\"https:\/\/www.adamek-edu.sk\/?page_id=309#breadcrumb\"},\"inLanguage\":\"sk-SK\",\"potentialAction\":[{\"@type\":\"ReadAction\",\"target\":[\"https:\/\/www.adamek-edu.sk\/?page_id=309\"]}]},{\"@type\":\"BreadcrumbList\",\"@id\":\"https:\/\/www.adamek-edu.sk\/?page_id=309#breadcrumb\",\"itemListElement\":[{\"@type\":\"ListItem\",\"position\":1,\"name\":\"Home\",\"item\":\"https:\/\/www.adamek-edu.sk\/\"},{\"@type\":\"ListItem\",\"position\":2,\"name\":\"Individu\u00e1lne poradenstvo\"}]},{\"@type\":\"WebSite\",\"@id\":\"https:\/\/www.adamek-edu.sk\/#website\",\"url\":\"https:\/\/www.adamek-edu.sk\/\",\"name\":\"Mgr. Ivan Ad\u00e1mek\",\"description\":\"Man\u017eelsk\u00e1, p\u00e1rov\u00e1 a individu\u00e1lna porad\u0148a\",\"publisher\":{\"@id\":\"https:\/\/www.adamek-edu.sk\/#organization\"},\"potentialAction\":[{\"@type\":\"SearchAction\",\"target\":{\"@type\":\"EntryPoint\",\"urlTemplate\":\"https:\/\/www.adamek-edu.sk\/?s={search_term_string}\"},\"query-input\":{\"@type\":\"PropertyValueSpecification\",\"valueRequired\":true,\"valueName\":\"search_term_string\"}}],\"inLanguage\":\"sk-SK\"},{\"@type\":\"Organization\",\"@id\":\"https:\/\/www.adamek-edu.sk\/#organization\",\"name\":\"Mgr. Ivan Ad\u00e1mek\",\"url\":\"https:\/\/www.adamek-edu.sk\/\",\"logo\":{\"@type\":\"ImageObject\",\"inLanguage\":\"sk-SK\",\"@id\":\"https:\/\/www.adamek-edu.sk\/#\/schema\/logo\/image\/\",\"url\":\"https:\/\/www.adamek-edu.sk\/wp-content\/uploads\/2026\/02\/cropped-logo1.png\",\"contentUrl\":\"https:\/\/www.adamek-edu.sk\/wp-content\/uploads\/2026\/02\/cropped-logo1.png\",\"width\":290,\"height\":248,\"caption\":\"Mgr. Ivan Ad\u00e1mek\"},\"image\":{\"@id\":\"https:\/\/www.adamek-edu.sk\/#\/schema\/logo\/image\/\"},\"sameAs\":[\"https:\/\/www.facebook.com\/Man\u017eelsk\u00fd-poradca-Mgr-Ivan-Ad\u00e1mek-245208902698654\"]}]}<\/script>\n<!-- \/ Yoast SEO plugin. -->","yoast_head_json":{"title":"Individu\u00e1lne poradenstvo - Mgr. Ivan Ad\u00e1mek","robots":{"index":"index","follow":"follow","max-snippet":"max-snippet:-1","max-image-preview":"max-image-preview:large","max-video-preview":"max-video-preview:-1"},"canonical":"https:\/\/www.adamek-edu.sk\/?page_id=309","og_locale":"sk_SK","og_type":"article","og_title":"Individu\u00e1lne poradenstvo - Mgr. Ivan Ad\u00e1mek","og_description":"Individu\u00e1lne poradenstvo, ktor\u00e9 poskytujem, prisp\u00f4sobujem pod\u013ea individu\u00e1lnej potreby klienta a m\u00f4\u017ee sl\u00fa\u017ei\u0165 na: Podporu pri n\u00e1ro\u010dn\u00fdch \u017eivotn\u00fdch situ\u00e1ci\u00e1ch Podporu pri rozhodovan\u00ed pri ve\u013ek\u00fdch \u017eivotn\u00fdch krokoch Lie\u010dbu traumy (strata bl\u00edzkej osoby, \u0165a\u017ek\u00fd rozchod\/rozvod, nevera, sexu\u00e1lny traumy, traumy z detstva a i.) Pomoc pri osobnostnom raste Pomoc pri sebapozn\u00e1van\u00ed Pomoc pri budovan\u00ed sebad\u00f4very Ke\u010f sa chcete porozpr\u00e1va\u0165 o va\u0161om vz\u0165ahu s odborn\u00edkom Ako doplnenie man\u017eelsk\u00fdch seden\u00ed. &#8211; V individualizovanej forme je v\u00e4\u010d\u0161\u00ed&hellip;","og_url":"https:\/\/www.adamek-edu.sk\/?page_id=309","og_site_name":"Mgr. Ivan Ad\u00e1mek","article_publisher":"https:\/\/www.facebook.com\/Man%c5%beelsk%c3%bd-poradca-Mgr-Ivan-Ad%c3%a1mek-245208902698654","article_modified_time":"2024-03-18T13:18:18+00:00","twitter_card":"summary_large_image","twitter_misc":{"Predpokladan\u00fd \u010das \u010d\u00edtania":"2 min\u00faty"},"schema":{"@context":"https:\/\/schema.org","@graph":[{"@type":"WebPage","@id":"https:\/\/www.adamek-edu.sk\/?page_id=309","url":"https:\/\/www.adamek-edu.sk\/?page_id=309","name":"Individu\u00e1lne poradenstvo - Mgr. Ivan Ad\u00e1mek","isPartOf":{"@id":"https:\/\/www.adamek-edu.sk\/#website"},"datePublished":"2023-03-04T13:27:28+00:00","dateModified":"2024-03-18T13:18:18+00:00","breadcrumb":{"@id":"https:\/\/www.adamek-edu.sk\/?page_id=309#breadcrumb"},"inLanguage":"sk-SK","potentialAction":[{"@type":"ReadAction","target":["https:\/\/www.adamek-edu.sk\/?page_id=309"]}]},{"@type":"BreadcrumbList","@id":"https:\/\/www.adamek-edu.sk\/?page_id=309#breadcrumb","itemListElement":[{"@type":"ListItem","position":1,"name":"Home","item":"https:\/\/www.adamek-edu.sk\/"},{"@type":"ListItem","position":2,"name":"Individu\u00e1lne poradenstvo"}]},{"@type":"WebSite","@id":"https:\/\/www.adamek-edu.sk\/#website","url":"https:\/\/www.adamek-edu.sk\/","name":"Mgr. Ivan Ad\u00e1mek","description":"Man\u017eelsk\u00e1, p\u00e1rov\u00e1 a individu\u00e1lna porad\u0148a","publisher":{"@id":"https:\/\/www.adamek-edu.sk\/#organization"},"potentialAction":[{"@type":"SearchAction","target":{"@type":"EntryPoint","urlTemplate":"https:\/\/www.adamek-edu.sk\/?s={search_term_string}"},"query-input":{"@type":"PropertyValueSpecification","valueRequired":true,"valueName":"search_term_string"}}],"inLanguage":"sk-SK"},{"@type":"Organization","@id":"https:\/\/www.adamek-edu.sk\/#organization","name":"Mgr. Ivan Ad\u00e1mek","url":"https:\/\/www.adamek-edu.sk\/","logo":{"@type":"ImageObject","inLanguage":"sk-SK","@id":"https:\/\/www.adamek-edu.sk\/#\/schema\/logo\/image\/","url":"https:\/\/www.adamek-edu.sk\/wp-content\/uploads\/2026\/02\/cropped-logo1.png","contentUrl":"https:\/\/www.adamek-edu.sk\/wp-content\/uploads\/2026\/02\/cropped-logo1.png","width":290,"height":248,"caption":"Mgr. Ivan Ad\u00e1mek"},"image":{"@id":"https:\/\/www.adamek-edu.sk\/#\/schema\/logo\/image\/"},"sameAs":["https:\/\/www.facebook.com\/Man\u017eelsk\u00fd-poradca-Mgr-Ivan-Ad\u00e1mek-245208902698654"]}]}},"jetpack_sharing_enabled":true,"_links":{"self":[{"href":"https:\/\/www.adamek-edu.sk\/index.php?rest_route=\/wp\/v2\/pages\/309","targetHints":{"allow":["GET"]}}],"collection":[{"href":"https:\/\/www.adamek-edu.sk\/index.php?rest_route=\/wp\/v2\/pages"}],"about":[{"href":"https:\/\/www.adamek-edu.sk\/index.php?rest_route=\/wp\/v2\/types\/page"}],"author":[{"embeddable":true,"href":"https:\/\/www.adamek-edu.sk\/index.php?rest_route=\/wp\/v2\/users\/2"}],"replies":[{"embeddable":true,"href":"https:\/\/www.adamek-edu.sk\/index.php?rest_route=%2Fwp%2Fv2%2Fcomments&post=309"}],"version-history":[{"count":7,"href":"https:\/\/www.adamek-edu.sk\/index.php?rest_route=\/wp\/v2\/pages\/309\/revisions"}],"predecessor-version":[{"id":820,"href":"https:\/\/www.adamek-edu.sk\/index.php?rest_route=\/wp\/v2\/pages\/309\/revisions\/820"}],"wp:attachment":[{"href":"https:\/\/www.adamek-edu.sk\/index.php?rest_route=%2Fwp%2Fv2%2Fmedia&parent=309"}],"curies":[{"name":"wp","href":"https:\/\/api.w.org\/{rel}","templated":true}]}}