{"id":307,"date":"2023-03-03T19:40:00","date_gmt":"2023-03-03T18:40:00","guid":{"rendered":"https:\/\/www.adamek-edu.sk\/?page_id=307"},"modified":"2024-03-18T14:30:10","modified_gmt":"2024-03-18T13:30:10","slug":"hlbkova-analyza-osobnosti-v-pare","status":"publish","type":"page","link":"https:\/\/www.adamek-edu.sk\/?page_id=307","title":{"rendered":"H\u013abkov\u00e1 anal\u00fdza osobnost\u00ed v p\u00e1re"},"content":{"rendered":"<p>H\u013abkov\u00e1 anal\u00fdza osobnost\u00ed v p\u00e1re sl\u00fa\u017ei na hlb\u0161ie spoznanie seba i partnera\/partnerky. Pre\u010do by ste si mali tak\u00fato anal\u00fdzu spravi\u0165?<\/p>\n<p>1. Pom\u00e1ha pri \u010dastom emocion\u00e1lnom pre\u0165a\u017een\u00ed vypl\u00fdvaj\u00facom zo vz\u0165ahu<br \/>\n2. Pom\u00e1ha pri pochopen\u00ed seba sam\u00e9ho a lep\u0161om uchopen\u00ed na\u0161ich potrieb<br \/>\n3. Pom\u00e1ha pri trieden\u00ed my\u0161lienok a em\u00f3ci\u00ed<br \/>\n4. Pom\u00e1ha pri pochopen\u00ed partnera\/partnerky, jeho\/jej potrieb a vn\u00fatorn\u00e9ho sveta a nau\u010d\u00ed v\u00e1s lep\u0161ie reagova\u0165<br \/>\n5. V\u00fdrazne redukuje mno\u017estvo h\u00e1dok a neporozumen\u00ed vo vz\u0165ahu<\/p>\n<p>Aplikovan\u00e9 zmeny na z\u00e1klade h\u013abkovej anal\u00fdzy osobnost\u00ed vo vz\u0165ahu:<\/p>\n<ul>\n<li>v\u00fdrazne zlep\u0161uj\u00fa kvalitu \u010dasu str\u00e1ven\u00e9ho spolu<\/li>\n<li>zvy\u0161uj\u00fa celkov\u00fa spokojnos\u0165 vo vz\u0165ahu<\/li>\n<li>zlep\u0161uj\u00fa sexu\u00e1lny \u017eivot<\/li>\n<li>zlep\u0161uj\u00fa komunik\u00e1ciu vo vz\u0165ahu<\/li>\n<\/ul>\n<hr \/>\n<p><strong>Ak ste spolu iba kr\u00e1tko a chcete sa lep\u0161ie spozna\u0165, toto v\u00e1m pom\u00f4\u017ee objekt\u00edvnej\u0161ie si vybra\u0165 \u017eivotn\u00e9ho partnera.<\/strong><\/p>\n<hr \/>\n<p>T\u00e1to slu\u017eba obsahuje 1x h\u013abkov\u00fd dotazn\u00edk pre mu\u017ea, 1x h\u013abkov\u00fd dotazn\u00edk pre \u017eenu a 1x vyhodnotenie dotazn\u00edkov.<\/p>\n","protected":false},"excerpt":{"rendered":"<p>H\u013abkov\u00e1 anal\u00fdza osobnost\u00ed v p\u00e1re sl\u00fa\u017ei na hlb\u0161ie spoznanie seba i partnera\/partnerky. Pre\u010do by ste si mali tak\u00fato anal\u00fdzu spravi\u0165? 1. Pom\u00e1ha pri \u010dastom emocion\u00e1lnom pre\u0165a\u017een\u00ed vypl\u00fdvaj\u00facom zo vz\u0165ahu 2. Pom\u00e1ha pri pochopen\u00ed seba sam\u00e9ho a lep\u0161om uchopen\u00ed na\u0161ich potrieb 3. Pom\u00e1ha pri trieden\u00ed my\u0161lienok a em\u00f3ci\u00ed 4. Pom\u00e1ha pri pochopen\u00ed partnera\/partnerky, jeho\/jej potrieb a vn\u00fatorn\u00e9ho sveta a nau\u010d\u00ed v\u00e1s lep\u0161ie reagova\u0165 5. V\u00fdrazne redukuje mno\u017estvo h\u00e1dok a neporozumen\u00ed vo&hellip;<\/p>\n","protected":false},"author":2,"featured_media":0,"parent":0,"menu_order":0,"comment_status":"closed","ping_status":"closed","template":"","meta":{"_glsr_average":0,"_glsr_ranking":0,"_glsr_reviews":0,"footnotes":""},"class_list":["post-307","page","type-page","status-publish","hentry"],"yoast_head":"<!-- This site is optimized with the Yoast SEO plugin v26.7 - https:\/\/yoast.com\/wordpress\/plugins\/seo\/ -->\n<title>H\u013abkov\u00e1 anal\u00fdza osobnost\u00ed v p\u00e1re - Mgr. Ivan Ad\u00e1mek<\/title>\n<meta name=\"robots\" content=\"index, follow, max-snippet:-1, max-image-preview:large, max-video-preview:-1\" \/>\n<link rel=\"canonical\" href=\"https:\/\/www.adamek-edu.sk\/?page_id=307\" \/>\n<meta property=\"og:locale\" content=\"sk_SK\" \/>\n<meta property=\"og:type\" content=\"article\" \/>\n<meta property=\"og:title\" content=\"H\u013abkov\u00e1 anal\u00fdza osobnost\u00ed v p\u00e1re - Mgr. Ivan Ad\u00e1mek\" \/>\n<meta property=\"og:description\" content=\"H\u013abkov\u00e1 anal\u00fdza osobnost\u00ed v p\u00e1re sl\u00fa\u017ei na hlb\u0161ie spoznanie seba i partnera\/partnerky. Pre\u010do by ste si mali tak\u00fato anal\u00fdzu spravi\u0165? 1. Pom\u00e1ha pri \u010dastom emocion\u00e1lnom pre\u0165a\u017een\u00ed vypl\u00fdvaj\u00facom zo vz\u0165ahu 2. Pom\u00e1ha pri pochopen\u00ed seba sam\u00e9ho a lep\u0161om uchopen\u00ed na\u0161ich potrieb 3. Pom\u00e1ha pri trieden\u00ed my\u0161lienok a em\u00f3ci\u00ed 4. Pom\u00e1ha pri pochopen\u00ed partnera\/partnerky, jeho\/jej potrieb a vn\u00fatorn\u00e9ho sveta a nau\u010d\u00ed v\u00e1s lep\u0161ie reagova\u0165 5. V\u00fdrazne redukuje mno\u017estvo h\u00e1dok a neporozumen\u00ed vo&hellip;\" \/>\n<meta property=\"og:url\" content=\"https:\/\/www.adamek-edu.sk\/?page_id=307\" \/>\n<meta property=\"og:site_name\" content=\"Mgr. Ivan Ad\u00e1mek\" \/>\n<meta property=\"article:publisher\" content=\"https:\/\/www.facebook.com\/Man%c5%beelsk%c3%bd-poradca-Mgr-Ivan-Ad%c3%a1mek-245208902698654\" \/>\n<meta property=\"article:modified_time\" content=\"2024-03-18T13:30:10+00:00\" \/>\n<meta name=\"twitter:card\" content=\"summary_large_image\" \/>\n<meta name=\"twitter:label1\" content=\"Predpokladan\u00fd \u010das \u010d\u00edtania\" \/>\n\t<meta name=\"twitter:data1\" content=\"1 min\u00fata\" \/>\n<script type=\"application\/ld+json\" class=\"yoast-schema-graph\">{\"@context\":\"https:\/\/schema.org\",\"@graph\":[{\"@type\":\"WebPage\",\"@id\":\"https:\/\/www.adamek-edu.sk\/?page_id=307\",\"url\":\"https:\/\/www.adamek-edu.sk\/?page_id=307\",\"name\":\"H\u013abkov\u00e1 anal\u00fdza osobnost\u00ed v p\u00e1re - Mgr. Ivan Ad\u00e1mek\",\"isPartOf\":{\"@id\":\"https:\/\/www.adamek-edu.sk\/#website\"},\"datePublished\":\"2023-03-03T18:40:00+00:00\",\"dateModified\":\"2024-03-18T13:30:10+00:00\",\"breadcrumb\":{\"@id\":\"https:\/\/www.adamek-edu.sk\/?page_id=307#breadcrumb\"},\"inLanguage\":\"sk-SK\",\"potentialAction\":[{\"@type\":\"ReadAction\",\"target\":[\"https:\/\/www.adamek-edu.sk\/?page_id=307\"]}]},{\"@type\":\"BreadcrumbList\",\"@id\":\"https:\/\/www.adamek-edu.sk\/?page_id=307#breadcrumb\",\"itemListElement\":[{\"@type\":\"ListItem\",\"position\":1,\"name\":\"Home\",\"item\":\"https:\/\/www.adamek-edu.sk\/\"},{\"@type\":\"ListItem\",\"position\":2,\"name\":\"H\u013abkov\u00e1 anal\u00fdza osobnost\u00ed v p\u00e1re\"}]},{\"@type\":\"WebSite\",\"@id\":\"https:\/\/www.adamek-edu.sk\/#website\",\"url\":\"https:\/\/www.adamek-edu.sk\/\",\"name\":\"Mgr. Ivan Ad\u00e1mek\",\"description\":\"Man\u017eelsk\u00e1, p\u00e1rov\u00e1 a individu\u00e1lna porad\u0148a\",\"publisher\":{\"@id\":\"https:\/\/www.adamek-edu.sk\/#organization\"},\"potentialAction\":[{\"@type\":\"SearchAction\",\"target\":{\"@type\":\"EntryPoint\",\"urlTemplate\":\"https:\/\/www.adamek-edu.sk\/?s={search_term_string}\"},\"query-input\":{\"@type\":\"PropertyValueSpecification\",\"valueRequired\":true,\"valueName\":\"search_term_string\"}}],\"inLanguage\":\"sk-SK\"},{\"@type\":\"Organization\",\"@id\":\"https:\/\/www.adamek-edu.sk\/#organization\",\"name\":\"Mgr. Ivan Ad\u00e1mek\",\"url\":\"https:\/\/www.adamek-edu.sk\/\",\"logo\":{\"@type\":\"ImageObject\",\"inLanguage\":\"sk-SK\",\"@id\":\"https:\/\/www.adamek-edu.sk\/#\/schema\/logo\/image\/\",\"url\":\"https:\/\/www.adamek-edu.sk\/wp-content\/uploads\/2026\/02\/cropped-logo1.png\",\"contentUrl\":\"https:\/\/www.adamek-edu.sk\/wp-content\/uploads\/2026\/02\/cropped-logo1.png\",\"width\":290,\"height\":248,\"caption\":\"Mgr. Ivan Ad\u00e1mek\"},\"image\":{\"@id\":\"https:\/\/www.adamek-edu.sk\/#\/schema\/logo\/image\/\"},\"sameAs\":[\"https:\/\/www.facebook.com\/Man\u017eelsk\u00fd-poradca-Mgr-Ivan-Ad\u00e1mek-245208902698654\"]}]}<\/script>\n<!-- \/ Yoast SEO plugin. -->","yoast_head_json":{"title":"H\u013abkov\u00e1 anal\u00fdza osobnost\u00ed v p\u00e1re - Mgr. Ivan Ad\u00e1mek","robots":{"index":"index","follow":"follow","max-snippet":"max-snippet:-1","max-image-preview":"max-image-preview:large","max-video-preview":"max-video-preview:-1"},"canonical":"https:\/\/www.adamek-edu.sk\/?page_id=307","og_locale":"sk_SK","og_type":"article","og_title":"H\u013abkov\u00e1 anal\u00fdza osobnost\u00ed v p\u00e1re - Mgr. Ivan Ad\u00e1mek","og_description":"H\u013abkov\u00e1 anal\u00fdza osobnost\u00ed v p\u00e1re sl\u00fa\u017ei na hlb\u0161ie spoznanie seba i partnera\/partnerky. Pre\u010do by ste si mali tak\u00fato anal\u00fdzu spravi\u0165? 1. Pom\u00e1ha pri \u010dastom emocion\u00e1lnom pre\u0165a\u017een\u00ed vypl\u00fdvaj\u00facom zo vz\u0165ahu 2. Pom\u00e1ha pri pochopen\u00ed seba sam\u00e9ho a lep\u0161om uchopen\u00ed na\u0161ich potrieb 3. Pom\u00e1ha pri trieden\u00ed my\u0161lienok a em\u00f3ci\u00ed 4. Pom\u00e1ha pri pochopen\u00ed partnera\/partnerky, jeho\/jej potrieb a vn\u00fatorn\u00e9ho sveta a nau\u010d\u00ed v\u00e1s lep\u0161ie reagova\u0165 5. V\u00fdrazne redukuje mno\u017estvo h\u00e1dok a neporozumen\u00ed vo&hellip;","og_url":"https:\/\/www.adamek-edu.sk\/?page_id=307","og_site_name":"Mgr. Ivan Ad\u00e1mek","article_publisher":"https:\/\/www.facebook.com\/Man%c5%beelsk%c3%bd-poradca-Mgr-Ivan-Ad%c3%a1mek-245208902698654","article_modified_time":"2024-03-18T13:30:10+00:00","twitter_card":"summary_large_image","twitter_misc":{"Predpokladan\u00fd \u010das \u010d\u00edtania":"1 min\u00fata"},"schema":{"@context":"https:\/\/schema.org","@graph":[{"@type":"WebPage","@id":"https:\/\/www.adamek-edu.sk\/?page_id=307","url":"https:\/\/www.adamek-edu.sk\/?page_id=307","name":"H\u013abkov\u00e1 anal\u00fdza osobnost\u00ed v p\u00e1re - Mgr. Ivan Ad\u00e1mek","isPartOf":{"@id":"https:\/\/www.adamek-edu.sk\/#website"},"datePublished":"2023-03-03T18:40:00+00:00","dateModified":"2024-03-18T13:30:10+00:00","breadcrumb":{"@id":"https:\/\/www.adamek-edu.sk\/?page_id=307#breadcrumb"},"inLanguage":"sk-SK","potentialAction":[{"@type":"ReadAction","target":["https:\/\/www.adamek-edu.sk\/?page_id=307"]}]},{"@type":"BreadcrumbList","@id":"https:\/\/www.adamek-edu.sk\/?page_id=307#breadcrumb","itemListElement":[{"@type":"ListItem","position":1,"name":"Home","item":"https:\/\/www.adamek-edu.sk\/"},{"@type":"ListItem","position":2,"name":"H\u013abkov\u00e1 anal\u00fdza osobnost\u00ed v p\u00e1re"}]},{"@type":"WebSite","@id":"https:\/\/www.adamek-edu.sk\/#website","url":"https:\/\/www.adamek-edu.sk\/","name":"Mgr. Ivan Ad\u00e1mek","description":"Man\u017eelsk\u00e1, p\u00e1rov\u00e1 a individu\u00e1lna porad\u0148a","publisher":{"@id":"https:\/\/www.adamek-edu.sk\/#organization"},"potentialAction":[{"@type":"SearchAction","target":{"@type":"EntryPoint","urlTemplate":"https:\/\/www.adamek-edu.sk\/?s={search_term_string}"},"query-input":{"@type":"PropertyValueSpecification","valueRequired":true,"valueName":"search_term_string"}}],"inLanguage":"sk-SK"},{"@type":"Organization","@id":"https:\/\/www.adamek-edu.sk\/#organization","name":"Mgr. Ivan Ad\u00e1mek","url":"https:\/\/www.adamek-edu.sk\/","logo":{"@type":"ImageObject","inLanguage":"sk-SK","@id":"https:\/\/www.adamek-edu.sk\/#\/schema\/logo\/image\/","url":"https:\/\/www.adamek-edu.sk\/wp-content\/uploads\/2026\/02\/cropped-logo1.png","contentUrl":"https:\/\/www.adamek-edu.sk\/wp-content\/uploads\/2026\/02\/cropped-logo1.png","width":290,"height":248,"caption":"Mgr. Ivan Ad\u00e1mek"},"image":{"@id":"https:\/\/www.adamek-edu.sk\/#\/schema\/logo\/image\/"},"sameAs":["https:\/\/www.facebook.com\/Man\u017eelsk\u00fd-poradca-Mgr-Ivan-Ad\u00e1mek-245208902698654"]}]}},"jetpack_sharing_enabled":true,"_links":{"self":[{"href":"https:\/\/www.adamek-edu.sk\/index.php?rest_route=\/wp\/v2\/pages\/307","targetHints":{"allow":["GET"]}}],"collection":[{"href":"https:\/\/www.adamek-edu.sk\/index.php?rest_route=\/wp\/v2\/pages"}],"about":[{"href":"https:\/\/www.adamek-edu.sk\/index.php?rest_route=\/wp\/v2\/types\/page"}],"author":[{"embeddable":true,"href":"https:\/\/www.adamek-edu.sk\/index.php?rest_route=\/wp\/v2\/users\/2"}],"replies":[{"embeddable":true,"href":"https:\/\/www.adamek-edu.sk\/index.php?rest_route=%2Fwp%2Fv2%2Fcomments&post=307"}],"version-history":[{"count":7,"href":"https:\/\/www.adamek-edu.sk\/index.php?rest_route=\/wp\/v2\/pages\/307\/revisions"}],"predecessor-version":[{"id":821,"href":"https:\/\/www.adamek-edu.sk\/index.php?rest_route=\/wp\/v2\/pages\/307\/revisions\/821"}],"wp:attachment":[{"href":"https:\/\/www.adamek-edu.sk\/index.php?rest_route=%2Fwp%2Fv2%2Fmedia&parent=307"}],"curies":[{"name":"wp","href":"https:\/\/api.w.org\/{rel}","templated":true}]}}