{"id":296,"date":"2023-02-27T19:22:15","date_gmt":"2023-02-27T18:22:15","guid":{"rendered":"https:\/\/www.adamek-edu.sk\/?page_id=296"},"modified":"2023-03-08T17:50:07","modified_gmt":"2023-03-08T16:50:07","slug":"co-je-manzelska-preventivka","status":"publish","type":"page","link":"https:\/\/www.adamek-edu.sk\/?page_id=296","title":{"rendered":"Man\u017eelsk\u00e1 prevent\u00edvka"},"content":{"rendered":"<p>Man\u017eelsk\u00e1 prevent\u00edvka je konzult\u00e1cia, ktor\u00e1 v\u00e1m pom\u00f4\u017ee objekt\u00edvnej\u0161ie zhodnoti\u0165 v\u00e1\u0161 vz\u0165ah a probl\u00e9my vo va\u0161om vz\u0165ahu. P\u00e1ry \u017eia\u013e a\u017e pr\u00edli\u0161 \u010dasto podce\u0148uj\u00fa sympt\u00f3my vz\u0165ahovej patol\u00f3gie, ktor\u00e9 sa v ich vz\u0165ahu neust\u00e1le objavuj\u00fa. Tieto probl\u00e9my je nutn\u00e9 rie\u0161i\u0165, no p\u00e1ry \u010dasto nevedia ak\u00fdm sp\u00f4sobom sa maj\u00fa tieto probl\u00e9my spr\u00e1vne rie\u0161i\u0165 a n\u00e1sledne dlh\u00fa dobu zotrv\u00e1vaj\u00fa vo vz\u0165ahovej patol\u00f3gi\u00ed, ktor\u00e1 neust\u00e1le nar\u00fa\u0161a a ni\u010d\u00ed ich vz\u0165ah.<\/p>\n<p>P\u00e1ry ma nav\u0161tevuj\u00fa v dvoch pr\u00edpadoch.<\/p>\n<ol>\n<li>O 5 min\u00fat 12 &#8211; Vz\u0165ah je v dlhodobej obrovskej kr\u00edze, z ktor\u00e9ho sa man\u017eelsk\u00fd p\u00e1r mnoho mesiacov, \u010di nieko\u013eko rokov (zd\u00f4raz\u0148ujem \u010dastej\u0161ie rokov) nedok\u00e1\u017ee vyhraba\u0165. Man\u017eelia s\u00fa vysilen\u00fd, vy\u010derpan\u00fd, ale maj\u00fa ochotu min\u00fa\u0165 posledn\u00e9 zbytky s\u00edl na pretvorenie vz\u0165ahu pomocou poradenstva.<\/li>\n<li>5 min\u00fat po 12 &#8211; Plat\u00ed to ist\u00e9 \u010do v prvom bode, av\u0161ak minim\u00e1lne jeden z p\u00e1ru u\u017e nem\u00e1 v\u00f4\u013eu, chu\u0165 a potrebn\u00e9 odhodlanie na zmenu vz\u0165ahu. Preto pr\u00eddu na jedno sedenie, aby si mohli poveda\u0165, \u017ee u\u017e sk\u00fasili v\u0161etko a m\u00f4\u017eu sa v k\u013eude rozvies\u0165. (Pozn\u00e1mka autora: pr\u00eds\u0165 na jedno sedenie, ke\u010f je stav v\u00e1\u017eny je ako da\u0165 pol deci vody \u010dloveku, ktor\u00fd umiera od sm\u00e4du.)<\/li>\n<\/ol>\n<p>Ani jeden z t\u00fdchto dvoch pr\u00edstupov nie je dobr\u00fd. P\u00e1r m\u00e1 vyh\u013eada\u0165 pomoc vtedy, ke\u010f:<br \/>\n1. Je to v\u00e1\u017eny probl\u00e9m &#8211; nav\u0161t\u00edvi\u0165 porad\u0148u \u010do najsk\u00f4r<br \/>\n2. Probl\u00e9m trv\u00e1 aspo\u0148 mesiac &#8211;<\/p>\n<hr \/>\n<p><em><strong>!!! Sta\u010d\u00ed ak probl\u00e9m vid\u00ed iba jeden z p\u00e1ru. Ke\u010f ho druh\u00e1 strana ignoruje alebo neberie v\u00e1\u017ene to neznamen\u00e1 \u017ee probl\u00e9m NIE JE !!!<\/strong><\/em><\/p>\n<hr \/>\n<p>Ke\u010f n\u00e1s bol\u00ed zub, ideme k zub\u00e1rovi nech n\u00e1s tej neznesite\u013enej bolesti zbav\u00ed. \u017dia\u013e ke\u010f n\u00e1s ,,bol\u00ed srdce&#8221; zo vz\u0165ahu, preto\u017ee v \u0148om u\u017e mesiace \u010di roky za\u017e\u00edvame neust\u00e1lu boles\u0165, nevyh\u013ead\u00e1me pomoc odborn\u00edka a v polovici pr\u00edpadov to skon\u010d\u00ed rozvodom. Pritom sa jedn\u00e1 \u010dasto o tie ist\u00e9 probl\u00e9my, ktor\u00e9 nie je v\u00f4bec n\u00e1ro\u010dn\u00e9 odstr\u00e1ni\u0165. Ke\u010f je konflikt v za\u010diatkoch, m\u00e1me ve\u013ea s\u00edl na \u00falohy, ktor\u00e9 je potrebn\u00e9 vykona\u0165. \u00dalohy sa zdaj\u00fa by\u0165 omnoho jednoduch\u0161ie, ako v pr\u00edpadoch kde konflikt trv\u00e1 roky a obe strany s\u00fa neskuto\u010dne vy\u010derpan\u00e9.<\/p>\n<p>Porozpr\u00e1va\u0165 sa s odborn\u00edkom o va\u0161om vz\u0165ahu m\u00f4\u017ee by\u0165 pre v\u00e1s oslobodzuj\u00face v zmysle, \u017ee budete objekt\u00edvnej\u0161ie vedie\u0165 v akom stave sa v\u00e1\u0161 vz\u0165ah nach\u00e1dza, pr\u00edpadne ko\u013eko e\u0161te zvl\u00e1dne, k\u00fdm sa to preval\u00ed, alebo \u010di by ste mali urgentne za\u010da\u0165 rie\u0161i\u0165 va\u0161e vz\u0165ahov\u00e9 probl\u00e9my, aby ste v\u010das predi\u0161li rozvodu.<\/p>\n<hr \/>\n<p><em><strong>,,Ak si mysl\u00edte, \u017ee dvaja rozumn\u00ed dospel\u00ed \u013eudia musia vedie\u0165 vyrie\u0161i\u0165 ka\u017ed\u00fd man\u017eelsk\u00fd probl\u00e9m sami, tak ste prepadli obrovsk\u00e9mu omylu.&#8221;<\/strong><\/em><\/p>\n<hr \/>\n<p>Je to ako myslie\u0165 si, \u017ee ka\u017ed\u00fd rozumn\u00fd dospel\u00fd \u010dlovek sa dok\u00e1\u017ee z ka\u017edej choroby vylie\u010di\u0165 \u00faplne s\u00e1m bez pomoci lek\u00e1ra. Jednoducho ak viem iba pop\u00edsa\u0165 sympt\u00f3my, ale nepozn\u00e1m lie\u010dbu, tak sa s\u00e1m zo v\u0161etk\u00e9ho nevylie\u010dim. Rovnako je to aj s man\u017eelsk\u00fdm poradenstvom. Mo\u017eno viete pop\u00edsa\u0165 v \u010dom je probl\u00e9m, to ale neznamen\u00e1, \u017ee nepotrebujete odborn\u00edka, ktor\u00fd v\u00e1m povie ako to m\u00f4\u017eete vylie\u010di\u0165.<\/p>\n<p>Preto odpor\u00fa\u010dam raz ro\u010dne skontrolova\u0165 si vz\u0165ah jednou konzult\u00e1ciou. M\u00f4\u017ee v\u00e1m to zachr\u00e1ni\u0165 v\u00e1\u0161 vz\u0165ah a u\u0161etri\u0165 ve\u013ea tr\u00e1penia.<\/p>\n","protected":false},"excerpt":{"rendered":"<p>Man\u017eelsk\u00e1 prevent\u00edvka je konzult\u00e1cia, ktor\u00e1 v\u00e1m pom\u00f4\u017ee objekt\u00edvnej\u0161ie zhodnoti\u0165 v\u00e1\u0161 vz\u0165ah a probl\u00e9my vo va\u0161om vz\u0165ahu. P\u00e1ry \u017eia\u013e a\u017e pr\u00edli\u0161 \u010dasto podce\u0148uj\u00fa sympt\u00f3my vz\u0165ahovej patol\u00f3gie, ktor\u00e9 sa v ich vz\u0165ahu neust\u00e1le objavuj\u00fa. Tieto probl\u00e9my je nutn\u00e9 rie\u0161i\u0165, no p\u00e1ry \u010dasto nevedia ak\u00fdm sp\u00f4sobom sa maj\u00fa tieto probl\u00e9my spr\u00e1vne rie\u0161i\u0165 a n\u00e1sledne dlh\u00fa dobu zotrv\u00e1vaj\u00fa vo vz\u0165ahovej patol\u00f3gi\u00ed, ktor\u00e1 neust\u00e1le nar\u00fa\u0161a a ni\u010d\u00ed ich vz\u0165ah. P\u00e1ry ma nav\u0161tevuj\u00fa v dvoch pr\u00edpadoch.&hellip;<\/p>\n","protected":false},"author":2,"featured_media":0,"parent":0,"menu_order":0,"comment_status":"closed","ping_status":"closed","template":"","meta":{"_glsr_average":0,"_glsr_ranking":0,"_glsr_reviews":0,"footnotes":""},"class_list":["post-296","page","type-page","status-publish","hentry"],"yoast_head":"<!-- This site is optimized with the Yoast SEO plugin v26.7 - https:\/\/yoast.com\/wordpress\/plugins\/seo\/ -->\n<title>Man\u017eelsk\u00e1 prevent\u00edvka - Mgr. Ivan Ad\u00e1mek<\/title>\n<meta name=\"robots\" content=\"index, follow, max-snippet:-1, max-image-preview:large, max-video-preview:-1\" \/>\n<link rel=\"canonical\" href=\"https:\/\/www.adamek-edu.sk\/?page_id=296\" \/>\n<meta property=\"og:locale\" content=\"sk_SK\" \/>\n<meta property=\"og:type\" content=\"article\" \/>\n<meta property=\"og:title\" content=\"Man\u017eelsk\u00e1 prevent\u00edvka - Mgr. Ivan Ad\u00e1mek\" \/>\n<meta property=\"og:description\" content=\"Man\u017eelsk\u00e1 prevent\u00edvka je konzult\u00e1cia, ktor\u00e1 v\u00e1m pom\u00f4\u017ee objekt\u00edvnej\u0161ie zhodnoti\u0165 v\u00e1\u0161 vz\u0165ah a probl\u00e9my vo va\u0161om vz\u0165ahu. P\u00e1ry \u017eia\u013e a\u017e pr\u00edli\u0161 \u010dasto podce\u0148uj\u00fa sympt\u00f3my vz\u0165ahovej patol\u00f3gie, ktor\u00e9 sa v ich vz\u0165ahu neust\u00e1le objavuj\u00fa. Tieto probl\u00e9my je nutn\u00e9 rie\u0161i\u0165, no p\u00e1ry \u010dasto nevedia ak\u00fdm sp\u00f4sobom sa maj\u00fa tieto probl\u00e9my spr\u00e1vne rie\u0161i\u0165 a n\u00e1sledne dlh\u00fa dobu zotrv\u00e1vaj\u00fa vo vz\u0165ahovej patol\u00f3gi\u00ed, ktor\u00e1 neust\u00e1le nar\u00fa\u0161a a ni\u010d\u00ed ich vz\u0165ah. P\u00e1ry ma nav\u0161tevuj\u00fa v dvoch pr\u00edpadoch.&hellip;\" \/>\n<meta property=\"og:url\" content=\"https:\/\/www.adamek-edu.sk\/?page_id=296\" \/>\n<meta property=\"og:site_name\" content=\"Mgr. Ivan Ad\u00e1mek\" \/>\n<meta property=\"article:publisher\" content=\"https:\/\/www.facebook.com\/Man%c5%beelsk%c3%bd-poradca-Mgr-Ivan-Ad%c3%a1mek-245208902698654\" \/>\n<meta property=\"article:modified_time\" content=\"2023-03-08T16:50:07+00:00\" \/>\n<meta name=\"twitter:card\" content=\"summary_large_image\" \/>\n<meta name=\"twitter:label1\" content=\"Predpokladan\u00fd \u010das \u010d\u00edtania\" \/>\n\t<meta name=\"twitter:data1\" content=\"3 min\u00faty\" \/>\n<script type=\"application\/ld+json\" class=\"yoast-schema-graph\">{\"@context\":\"https:\/\/schema.org\",\"@graph\":[{\"@type\":\"WebPage\",\"@id\":\"https:\/\/www.adamek-edu.sk\/?page_id=296\",\"url\":\"https:\/\/www.adamek-edu.sk\/?page_id=296\",\"name\":\"Man\u017eelsk\u00e1 prevent\u00edvka - Mgr. Ivan Ad\u00e1mek\",\"isPartOf\":{\"@id\":\"https:\/\/www.adamek-edu.sk\/#website\"},\"datePublished\":\"2023-02-27T18:22:15+00:00\",\"dateModified\":\"2023-03-08T16:50:07+00:00\",\"breadcrumb\":{\"@id\":\"https:\/\/www.adamek-edu.sk\/?page_id=296#breadcrumb\"},\"inLanguage\":\"sk-SK\",\"potentialAction\":[{\"@type\":\"ReadAction\",\"target\":[\"https:\/\/www.adamek-edu.sk\/?page_id=296\"]}]},{\"@type\":\"BreadcrumbList\",\"@id\":\"https:\/\/www.adamek-edu.sk\/?page_id=296#breadcrumb\",\"itemListElement\":[{\"@type\":\"ListItem\",\"position\":1,\"name\":\"Home\",\"item\":\"https:\/\/www.adamek-edu.sk\/\"},{\"@type\":\"ListItem\",\"position\":2,\"name\":\"Man\u017eelsk\u00e1 prevent\u00edvka\"}]},{\"@type\":\"WebSite\",\"@id\":\"https:\/\/www.adamek-edu.sk\/#website\",\"url\":\"https:\/\/www.adamek-edu.sk\/\",\"name\":\"Mgr. Ivan Ad\u00e1mek\",\"description\":\"Man\u017eelsk\u00e1, p\u00e1rov\u00e1 a individu\u00e1lna porad\u0148a\",\"publisher\":{\"@id\":\"https:\/\/www.adamek-edu.sk\/#organization\"},\"potentialAction\":[{\"@type\":\"SearchAction\",\"target\":{\"@type\":\"EntryPoint\",\"urlTemplate\":\"https:\/\/www.adamek-edu.sk\/?s={search_term_string}\"},\"query-input\":{\"@type\":\"PropertyValueSpecification\",\"valueRequired\":true,\"valueName\":\"search_term_string\"}}],\"inLanguage\":\"sk-SK\"},{\"@type\":\"Organization\",\"@id\":\"https:\/\/www.adamek-edu.sk\/#organization\",\"name\":\"Mgr. Ivan Ad\u00e1mek\",\"url\":\"https:\/\/www.adamek-edu.sk\/\",\"logo\":{\"@type\":\"ImageObject\",\"inLanguage\":\"sk-SK\",\"@id\":\"https:\/\/www.adamek-edu.sk\/#\/schema\/logo\/image\/\",\"url\":\"https:\/\/www.adamek-edu.sk\/wp-content\/uploads\/2026\/02\/cropped-logo1.png\",\"contentUrl\":\"https:\/\/www.adamek-edu.sk\/wp-content\/uploads\/2026\/02\/cropped-logo1.png\",\"width\":290,\"height\":248,\"caption\":\"Mgr. Ivan Ad\u00e1mek\"},\"image\":{\"@id\":\"https:\/\/www.adamek-edu.sk\/#\/schema\/logo\/image\/\"},\"sameAs\":[\"https:\/\/www.facebook.com\/Man\u017eelsk\u00fd-poradca-Mgr-Ivan-Ad\u00e1mek-245208902698654\"]}]}<\/script>\n<!-- \/ Yoast SEO plugin. -->","yoast_head_json":{"title":"Man\u017eelsk\u00e1 prevent\u00edvka - Mgr. Ivan Ad\u00e1mek","robots":{"index":"index","follow":"follow","max-snippet":"max-snippet:-1","max-image-preview":"max-image-preview:large","max-video-preview":"max-video-preview:-1"},"canonical":"https:\/\/www.adamek-edu.sk\/?page_id=296","og_locale":"sk_SK","og_type":"article","og_title":"Man\u017eelsk\u00e1 prevent\u00edvka - Mgr. Ivan Ad\u00e1mek","og_description":"Man\u017eelsk\u00e1 prevent\u00edvka je konzult\u00e1cia, ktor\u00e1 v\u00e1m pom\u00f4\u017ee objekt\u00edvnej\u0161ie zhodnoti\u0165 v\u00e1\u0161 vz\u0165ah a probl\u00e9my vo va\u0161om vz\u0165ahu. P\u00e1ry \u017eia\u013e a\u017e pr\u00edli\u0161 \u010dasto podce\u0148uj\u00fa sympt\u00f3my vz\u0165ahovej patol\u00f3gie, ktor\u00e9 sa v ich vz\u0165ahu neust\u00e1le objavuj\u00fa. Tieto probl\u00e9my je nutn\u00e9 rie\u0161i\u0165, no p\u00e1ry \u010dasto nevedia ak\u00fdm sp\u00f4sobom sa maj\u00fa tieto probl\u00e9my spr\u00e1vne rie\u0161i\u0165 a n\u00e1sledne dlh\u00fa dobu zotrv\u00e1vaj\u00fa vo vz\u0165ahovej patol\u00f3gi\u00ed, ktor\u00e1 neust\u00e1le nar\u00fa\u0161a a ni\u010d\u00ed ich vz\u0165ah. P\u00e1ry ma nav\u0161tevuj\u00fa v dvoch pr\u00edpadoch.&hellip;","og_url":"https:\/\/www.adamek-edu.sk\/?page_id=296","og_site_name":"Mgr. Ivan Ad\u00e1mek","article_publisher":"https:\/\/www.facebook.com\/Man%c5%beelsk%c3%bd-poradca-Mgr-Ivan-Ad%c3%a1mek-245208902698654","article_modified_time":"2023-03-08T16:50:07+00:00","twitter_card":"summary_large_image","twitter_misc":{"Predpokladan\u00fd \u010das \u010d\u00edtania":"3 min\u00faty"},"schema":{"@context":"https:\/\/schema.org","@graph":[{"@type":"WebPage","@id":"https:\/\/www.adamek-edu.sk\/?page_id=296","url":"https:\/\/www.adamek-edu.sk\/?page_id=296","name":"Man\u017eelsk\u00e1 prevent\u00edvka - Mgr. Ivan Ad\u00e1mek","isPartOf":{"@id":"https:\/\/www.adamek-edu.sk\/#website"},"datePublished":"2023-02-27T18:22:15+00:00","dateModified":"2023-03-08T16:50:07+00:00","breadcrumb":{"@id":"https:\/\/www.adamek-edu.sk\/?page_id=296#breadcrumb"},"inLanguage":"sk-SK","potentialAction":[{"@type":"ReadAction","target":["https:\/\/www.adamek-edu.sk\/?page_id=296"]}]},{"@type":"BreadcrumbList","@id":"https:\/\/www.adamek-edu.sk\/?page_id=296#breadcrumb","itemListElement":[{"@type":"ListItem","position":1,"name":"Home","item":"https:\/\/www.adamek-edu.sk\/"},{"@type":"ListItem","position":2,"name":"Man\u017eelsk\u00e1 prevent\u00edvka"}]},{"@type":"WebSite","@id":"https:\/\/www.adamek-edu.sk\/#website","url":"https:\/\/www.adamek-edu.sk\/","name":"Mgr. Ivan Ad\u00e1mek","description":"Man\u017eelsk\u00e1, p\u00e1rov\u00e1 a individu\u00e1lna porad\u0148a","publisher":{"@id":"https:\/\/www.adamek-edu.sk\/#organization"},"potentialAction":[{"@type":"SearchAction","target":{"@type":"EntryPoint","urlTemplate":"https:\/\/www.adamek-edu.sk\/?s={search_term_string}"},"query-input":{"@type":"PropertyValueSpecification","valueRequired":true,"valueName":"search_term_string"}}],"inLanguage":"sk-SK"},{"@type":"Organization","@id":"https:\/\/www.adamek-edu.sk\/#organization","name":"Mgr. Ivan Ad\u00e1mek","url":"https:\/\/www.adamek-edu.sk\/","logo":{"@type":"ImageObject","inLanguage":"sk-SK","@id":"https:\/\/www.adamek-edu.sk\/#\/schema\/logo\/image\/","url":"https:\/\/www.adamek-edu.sk\/wp-content\/uploads\/2026\/02\/cropped-logo1.png","contentUrl":"https:\/\/www.adamek-edu.sk\/wp-content\/uploads\/2026\/02\/cropped-logo1.png","width":290,"height":248,"caption":"Mgr. Ivan Ad\u00e1mek"},"image":{"@id":"https:\/\/www.adamek-edu.sk\/#\/schema\/logo\/image\/"},"sameAs":["https:\/\/www.facebook.com\/Man\u017eelsk\u00fd-poradca-Mgr-Ivan-Ad\u00e1mek-245208902698654"]}]}},"jetpack_sharing_enabled":true,"_links":{"self":[{"href":"https:\/\/www.adamek-edu.sk\/index.php?rest_route=\/wp\/v2\/pages\/296","targetHints":{"allow":["GET"]}}],"collection":[{"href":"https:\/\/www.adamek-edu.sk\/index.php?rest_route=\/wp\/v2\/pages"}],"about":[{"href":"https:\/\/www.adamek-edu.sk\/index.php?rest_route=\/wp\/v2\/types\/page"}],"author":[{"embeddable":true,"href":"https:\/\/www.adamek-edu.sk\/index.php?rest_route=\/wp\/v2\/users\/2"}],"replies":[{"embeddable":true,"href":"https:\/\/www.adamek-edu.sk\/index.php?rest_route=%2Fwp%2Fv2%2Fcomments&post=296"}],"version-history":[{"count":4,"href":"https:\/\/www.adamek-edu.sk\/index.php?rest_route=\/wp\/v2\/pages\/296\/revisions"}],"predecessor-version":[{"id":335,"href":"https:\/\/www.adamek-edu.sk\/index.php?rest_route=\/wp\/v2\/pages\/296\/revisions\/335"}],"wp:attachment":[{"href":"https:\/\/www.adamek-edu.sk\/index.php?rest_route=%2Fwp%2Fv2%2Fmedia&parent=296"}],"curies":[{"name":"wp","href":"https:\/\/api.w.org\/{rel}","templated":true}]}}