{"id":28,"date":"2018-06-25T16:05:11","date_gmt":"2018-06-25T16:05:11","guid":{"rendered":"http:\/\/www.adamek-edu.sk\/?page_id=28"},"modified":"2026-04-29T18:01:23","modified_gmt":"2026-04-29T17:01:23","slug":"domov","status":"publish","type":"page","link":"https:\/\/www.adamek-edu.sk\/","title":{"rendered":"Domov"},"content":{"rendered":"<p>Vitajte v man\u017eelskej a individu\u00e1lnej poradni<\/p>\n<h3><strong>Ako za\u010da\u0165 poradensk\u00fd proces?<\/strong><\/h3>\n<p>Vyberte si na titulnej str\u00e1nke o ak\u00fd typ poradenstva m\u00e1te z\u00e1ujem a postupujte pod\u013ea in\u0161trukcii na vybranej str\u00e1nke.<\/p>\n<p>Poskytnite \u00favodn\u00e9 inform\u00e1cie a zanechajte mi kontakt, ako sa s Vami m\u00f4\u017eem spoji\u0165.<\/p>\n<p>\u00davodn\u00e9 sedenie b\u00fdva spravidla diagnostick\u00e9 a informa\u010dn\u00e9, kde sa obozn\u00e1mim hlb\u0161ie s Va\u0161im probl\u00e9mom a vy s mojim pr\u00edstupom. M\u00f4\u017eete si taktie\u017e vybra\u0165 \u010di chcete konfronta\u010dnej\u0161\u00ed alebo podpornej\u0161\u00ed pr\u00edstup, pod\u013ea toho, \u010do viac vyhovuje V\u00e1m, pr\u00edpadne ich m\u00f4\u017eete vysk\u00fa\u0161a\u0165 aj oba.<\/p>\n<p>\u010eal\u0161ie sedenia s\u00fa cielen\u00e9 pod\u013ea potreby klienta na vyrie\u0161enie probl\u00e9mov.<\/p>\n<p>\u0160pecializujem sa na p\u00e1rov\u00e9 poradenstvo no m\u00e1m \u0161irok\u00fd z\u00e1ber aj v r\u00e1mci individu\u00e1lneho poradenstva. Ak chcete zisti\u0165 \u010di som pre V\u00e1s vhodn\u00fd, m\u00f4\u017eete si rezervova\u0165 jednorazovo kr\u00e1tku konzult\u00e1ciu bezplatne.<\/p>\n<p>&nbsp;<\/p>\n<hr \/>\n<p><strong>Pre\u010do vysk\u00fa\u0161a\u0165 man\u017eelsk\u00fa porad\u0148u pr\u00e1ve u m\u0148a?<\/strong><\/p>\n<p>Aj ke\u010f vo svete sa man\u017eelsk\u00e9mu poradenstvu venuj\u00fa r\u00f4zne pom\u00e1haj\u00face profesie, na Slovensku v\u00fdrazne dominuj\u00fa psychol\u00f3govia. Ja ako andrag\u00f3g vych\u00e1dzam z vied o v\u00fdchove. Z\u00e1kladn\u00fdm rozdielom medzi psychologick\u00fdm a andragogick\u00fdm poradenstvom s\u00fa v\u00fdchodisk\u00e1, z ktor\u00fdch \u010derp\u00e1me pri na\u0161ej pr\u00e1ci. Andragogika je veda o v\u00fdchove, vzdel\u00e1van\u00ed a poradenstve pre dospel\u00fdch. U\u010denie vn\u00edmam ako celo\u017eivotn\u00fd proces sebarozvoja a zdokona\u013eovania.<\/p>\n<p><strong>A\u017e 85% p\u00e1rov, ktor\u00e9 nav\u0161t\u00edvili moju porad\u0148u ozna\u010dili, \u017ee maj\u00fa probl\u00e9my v komunik\u00e1ci\u00ed vo vz\u0165ahu.<\/strong> Pri diagnostike sa v\u0161ak uk\u00e1zalo, \u017ee <strong>probl\u00e9mami v oblasti komunik\u00e1cie trpelo a\u017e 98% vz\u0165ahov<\/strong>. T\u00fdm, \u017ee u\u010d\u00edm klientov ako spr\u00e1vne spolo\u010dne komunikova\u0165, rie\u0161i\u0165 konflikty a ako zvl\u00e1da\u0165 z\u00e1\u0165a\u017eov\u00e9 situ\u00e1cie, sa ich komunik\u00e1cia v\u00fdrazne zlep\u0161uje a t\u00fdm aj v\u00fdznamn\u00fdm sp\u00f4sobom narast\u00e1 celkov\u00e1 spokojnos\u0165 a otvorenos\u0165 vo vz\u0165ahu.<\/p>\n<p>Mnoho z mojich klientov sa vyjadrilo, \u017ee o ko\u013eko jednoduch\u0161\u00ed \u017eivot by sme mali, ak by sme sa v\u0161etky veci, ktor\u00e9 sa nau\u010dili na sedeniach, u\u010dili v \u0161kol\u00e1ch s \u010d\u00edm sa stoto\u017e\u0148ujem aj ja osobne. pre\u017e\u00edvan\u00ed. Po\u010das seden\u00ed sa sna\u017e\u00edm vytvori\u0165 atmosf\u00e9ru, ktor\u00e1 je pr\u00edjemn\u00e1 na u\u010denie, otvorenie sa, zdie\u013eanie a komunikovanie pocitov, my\u0161lienok, postojov a\u00a0probl\u00e9mov, ktor\u00e9 chce klient rie\u0161i\u0165.<\/p>\n<p><strong>Vedeli ste, \u017ee a\u017e 70% \u017eien,<\/strong> ktor\u00e9 nav\u0161t\u00edvili moju porad\u0148u pri vstupe ozna\u010dilo, \u017ee <strong>maj\u00fa probl\u00e9my v oblasti intimity a sexuality?<\/strong> \u010casto pre\u017e\u00edvaj\u00fa pocity samoty, sklamania a nepochopenia. <strong>Dokonca 82% z \u017eien,<\/strong> ktor\u00e9 uviedlo probl\u00e9my v oblasti intimity a sexuality, <strong>by uv\u00edtalo sex \u010dastej\u0161ie<\/strong>, ne\u017e ho aktu\u00e1lne maj\u00fa. Taktie\u017e <strong>a\u017e 79% z t\u00fdchto \u017eien nebolo spokojn\u00fdch s kvalitou sexu\u00e1lneho \u017eivota<\/strong>. Aj kvalita n\u00e1\u0161ho sexu\u00e1lneho \u017eivota vo ve\u013ekej miere z\u00e1vis\u00ed od na\u0161ich sexu\u00e1lnych vedomost\u00ed a sk\u00fasenost\u00ed. <strong>P\u00e1ry, ktor\u00e9 pre\u0161li cel\u00fdm poradensk\u00fdm procesom u m\u0148a, vykazuj\u00fa v\u00fdrazn\u00e9 zlep\u0161enia v kvalite aj kvantite sexu a preh\u013abeniu vz\u00e1jomnej intimity<\/strong> v p\u00e1re a to dokonca aj u p\u00e1rov, ktor\u00e9 v \u00favode neozna\u010dili probl\u00e9my v tejto oblasti. \u010casto sa stret\u00e1vam s t\u00fdm, \u017ee p\u00e1ry si so sexom sp\u00e1jaj\u00fa intimitu, resp. tieto dve veci pova\u017euj\u00fa za identick\u00e9.<\/p>\n<p>Niekedy n\u00e1m niekto sadne viac a niekto menej, a tak by to malo by\u0165 aj pri v\u00fdbere poradcu. Mal by v\u00e1m sadn\u00fa\u0165 ako osobnostne tak pr\u00edstupom. Ak sa pri poradcovi nec\u00edtite komfortne, alebo sa v\u00e1m nep\u00e1\u010di pr\u00edstup, upozornite ho\/ju na to a ak to nezmen\u00ed, sk\u00faste h\u013eada\u0165 \u010falej, ur\u010dite je niekto pre v\u00e1s, kto v\u00e1m pom\u00f4\u017ee.<\/p>\n<p>Mgr. Ivan Ad\u00e1mek<\/p>\n<p style=\"text-align: justify;\"><img fetchpriority=\"high\" decoding=\"async\" class=\"alignnone size-medium wp-image-1126\" src=\"https:\/\/www.adamek-edu.sk\/wp-content\/uploads\/2026\/04\/IMG_20260203_120751-225x300.jpg\" alt=\"\" width=\"225\" height=\"300\" srcset=\"https:\/\/www.adamek-edu.sk\/wp-content\/uploads\/2026\/04\/IMG_20260203_120751-225x300.jpg 225w, https:\/\/www.adamek-edu.sk\/wp-content\/uploads\/2026\/04\/IMG_20260203_120751-768x1024.jpg 768w, https:\/\/www.adamek-edu.sk\/wp-content\/uploads\/2026\/04\/IMG_20260203_120751-1152x1536.jpg 1152w, https:\/\/www.adamek-edu.sk\/wp-content\/uploads\/2026\/04\/IMG_20260203_120751-1536x2048.jpg 1536w, https:\/\/www.adamek-edu.sk\/wp-content\/uploads\/2026\/04\/IMG_20260203_120751-600x800.jpg 600w, https:\/\/www.adamek-edu.sk\/wp-content\/uploads\/2026\/04\/IMG_20260203_120751-scaled.jpg 1920w\" sizes=\"(max-width: 225px) 100vw, 225px\" \/><\/p>\n<p><!-- Koalendar Popup Widget Start --><br \/>\n<script>window.Koalendar = window.Koalendar || function(){(Koalendar.props = Koalendar.props || []).push(arguments)};<\/script><br \/>\n<script async src=\"https:\/\/koalendar.com\/assets\/widget.js\"><\/script><br \/>\n<script>\n  Koalendar('widget', {\n    \"url\": \"https:\/\/koalendar.com\/e\/online-rezervacia-2\",\n    \"text\": \"Napl\u00e1nujte si stretnutie\",\n    \"shape\": \"rounded-full\",\n    \"backgroundColor\": \"#5145CD\",\n    \"textColor\": \"#FFFFFF\",\n    \"position\": \"bottom-right\",\n    \"icon\": \"calendar\"\n  });\n<\/script><br \/>\n<!-- Koalendar Popup Widget End --><\/p>\n","protected":false},"excerpt":{"rendered":"<p>Vitajte v man\u017eelskej a individu\u00e1lnej poradni Ako za\u010da\u0165 poradensk\u00fd proces? Vyberte si na titulnej str\u00e1nke o ak\u00fd typ poradenstva m\u00e1te z\u00e1ujem a postupujte pod\u013ea in\u0161trukcii na vybranej str\u00e1nke. Poskytnite \u00favodn\u00e9 inform\u00e1cie a zanechajte mi kontakt, ako sa s Vami m\u00f4\u017eem spoji\u0165. \u00davodn\u00e9 sedenie b\u00fdva spravidla diagnostick\u00e9 a informa\u010dn\u00e9, kde sa obozn\u00e1mim hlb\u0161ie s Va\u0161im probl\u00e9mom a vy s mojim pr\u00edstupom. M\u00f4\u017eete si taktie\u017e vybra\u0165 \u010di chcete konfronta\u010dnej\u0161\u00ed alebo podpornej\u0161\u00ed pr\u00edstup,&hellip;<\/p>\n","protected":false},"author":2,"featured_media":0,"parent":0,"menu_order":0,"comment_status":"closed","ping_status":"closed","template":"","meta":{"_glsr_average":0,"_glsr_ranking":0,"_glsr_reviews":0,"footnotes":""},"class_list":["post-28","page","type-page","status-publish","hentry"],"yoast_head":"<!-- This site is optimized with the Yoast SEO plugin v26.7 - https:\/\/yoast.com\/wordpress\/plugins\/seo\/ -->\n<title>Domov - Mgr. Ivan Ad\u00e1mek<\/title>\n<meta name=\"description\" content=\"M\u00e1te pocit, \u017ee v\u00e1\u0161 vz\u0165ah je st\u00e1le \u0165a\u017e\u0161\u00ed a prin\u00e1\u0161a m\u00e1lo radost\u00ed alebo probl\u00e9m s ktor\u00fdm potrebujete pom\u00f4c\u0165? Dohodnite si term\u00edn na 0950 728 516\" \/>\n<meta name=\"robots\" content=\"index, follow, max-snippet:-1, max-image-preview:large, max-video-preview:-1\" \/>\n<link rel=\"canonical\" href=\"https:\/\/www.adamek-edu.sk\/\" \/>\n<meta property=\"og:locale\" content=\"sk_SK\" \/>\n<meta property=\"og:type\" content=\"article\" \/>\n<meta property=\"og:title\" content=\"https:\/\/www.facebook.com\/adamekedu\" \/>\n<meta property=\"og:description\" content=\"M\u00e1te pocit, \u017ee v\u00e1\u0161 vz\u0165ah je st\u00e1le \u0165a\u017e\u0161\u00ed a prin\u00e1\u0161a m\u00e1lo radost\u00ed alebo probl\u00e9m s ktor\u00fdm potrebujete pom\u00f4c\u0165? Dohodnite si term\u00edn na 0950 728 516\" \/>\n<meta property=\"og:url\" content=\"https:\/\/www.adamek-edu.sk\/\" \/>\n<meta property=\"og:site_name\" content=\"Mgr. Ivan Ad\u00e1mek\" \/>\n<meta property=\"article:publisher\" content=\"https:\/\/www.facebook.com\/Man%c5%beelsk%c3%bd-poradca-Mgr-Ivan-Ad%c3%a1mek-245208902698654\" \/>\n<meta property=\"article:modified_time\" content=\"2026-04-29T17:01:23+00:00\" \/>\n<meta property=\"og:image\" content=\"https:\/\/www.adamek-edu.sk\/wp-content\/uploads\/2022\/09\/logo-mar.png\" \/>\n\t<meta property=\"og:image:width\" content=\"320\" \/>\n\t<meta property=\"og:image:height\" content=\"320\" \/>\n\t<meta property=\"og:image:type\" content=\"image\/png\" \/>\n<meta name=\"twitter:card\" content=\"summary_large_image\" \/>\n<meta name=\"twitter:label1\" content=\"Predpokladan\u00fd \u010das \u010d\u00edtania\" \/>\n\t<meta name=\"twitter:data1\" content=\"4 min\u00faty\" \/>\n<script type=\"application\/ld+json\" class=\"yoast-schema-graph\">{\"@context\":\"https:\/\/schema.org\",\"@graph\":[{\"@type\":\"WebPage\",\"@id\":\"https:\/\/www.adamek-edu.sk\/\",\"url\":\"https:\/\/www.adamek-edu.sk\/\",\"name\":\"Domov - Mgr. Ivan Ad\u00e1mek\",\"isPartOf\":{\"@id\":\"https:\/\/www.adamek-edu.sk\/#website\"},\"primaryImageOfPage\":{\"@id\":\"https:\/\/www.adamek-edu.sk\/#primaryimage\"},\"image\":{\"@id\":\"https:\/\/www.adamek-edu.sk\/#primaryimage\"},\"thumbnailUrl\":\"https:\/\/www.adamek-edu.sk\/wp-content\/uploads\/2026\/04\/IMG_20260203_120751-225x300.jpg\",\"datePublished\":\"2018-06-25T16:05:11+00:00\",\"dateModified\":\"2026-04-29T17:01:23+00:00\",\"description\":\"M\u00e1te pocit, \u017ee v\u00e1\u0161 vz\u0165ah je st\u00e1le \u0165a\u017e\u0161\u00ed a prin\u00e1\u0161a m\u00e1lo radost\u00ed alebo probl\u00e9m s ktor\u00fdm potrebujete pom\u00f4c\u0165? Dohodnite si term\u00edn na 0950 728 516\",\"breadcrumb\":{\"@id\":\"https:\/\/www.adamek-edu.sk\/#breadcrumb\"},\"inLanguage\":\"sk-SK\",\"potentialAction\":[{\"@type\":\"ReadAction\",\"target\":[\"https:\/\/www.adamek-edu.sk\/\"]}]},{\"@type\":\"ImageObject\",\"inLanguage\":\"sk-SK\",\"@id\":\"https:\/\/www.adamek-edu.sk\/#primaryimage\",\"url\":\"https:\/\/www.adamek-edu.sk\/wp-content\/uploads\/2026\/04\/IMG_20260203_120751-scaled.jpg\",\"contentUrl\":\"https:\/\/www.adamek-edu.sk\/wp-content\/uploads\/2026\/04\/IMG_20260203_120751-scaled.jpg\",\"width\":1920,\"height\":2560},{\"@type\":\"BreadcrumbList\",\"@id\":\"https:\/\/www.adamek-edu.sk\/#breadcrumb\",\"itemListElement\":[{\"@type\":\"ListItem\",\"position\":1,\"name\":\"Home\",\"item\":\"https:\/\/www.adamek-edu.sk\/\"},{\"@type\":\"ListItem\",\"position\":2,\"name\":\"Domov\"}]},{\"@type\":\"WebSite\",\"@id\":\"https:\/\/www.adamek-edu.sk\/#website\",\"url\":\"https:\/\/www.adamek-edu.sk\/\",\"name\":\"Mgr. Ivan Ad\u00e1mek\",\"description\":\"Man\u017eelsk\u00e1, p\u00e1rov\u00e1 a individu\u00e1lna porad\u0148a\",\"publisher\":{\"@id\":\"https:\/\/www.adamek-edu.sk\/#organization\"},\"potentialAction\":[{\"@type\":\"SearchAction\",\"target\":{\"@type\":\"EntryPoint\",\"urlTemplate\":\"https:\/\/www.adamek-edu.sk\/?s={search_term_string}\"},\"query-input\":{\"@type\":\"PropertyValueSpecification\",\"valueRequired\":true,\"valueName\":\"search_term_string\"}}],\"inLanguage\":\"sk-SK\"},{\"@type\":\"Organization\",\"@id\":\"https:\/\/www.adamek-edu.sk\/#organization\",\"name\":\"Mgr. Ivan Ad\u00e1mek\",\"url\":\"https:\/\/www.adamek-edu.sk\/\",\"logo\":{\"@type\":\"ImageObject\",\"inLanguage\":\"sk-SK\",\"@id\":\"https:\/\/www.adamek-edu.sk\/#\/schema\/logo\/image\/\",\"url\":\"https:\/\/www.adamek-edu.sk\/wp-content\/uploads\/2026\/02\/cropped-logo1.png\",\"contentUrl\":\"https:\/\/www.adamek-edu.sk\/wp-content\/uploads\/2026\/02\/cropped-logo1.png\",\"width\":290,\"height\":248,\"caption\":\"Mgr. Ivan Ad\u00e1mek\"},\"image\":{\"@id\":\"https:\/\/www.adamek-edu.sk\/#\/schema\/logo\/image\/\"},\"sameAs\":[\"https:\/\/www.facebook.com\/Man\u017eelsk\u00fd-poradca-Mgr-Ivan-Ad\u00e1mek-245208902698654\"]}]}<\/script>\n<!-- \/ Yoast SEO plugin. -->","yoast_head_json":{"title":"Domov - Mgr. Ivan Ad\u00e1mek","description":"M\u00e1te pocit, \u017ee v\u00e1\u0161 vz\u0165ah je st\u00e1le \u0165a\u017e\u0161\u00ed a prin\u00e1\u0161a m\u00e1lo radost\u00ed alebo probl\u00e9m s ktor\u00fdm potrebujete pom\u00f4c\u0165? Dohodnite si term\u00edn na 0950 728 516","robots":{"index":"index","follow":"follow","max-snippet":"max-snippet:-1","max-image-preview":"max-image-preview:large","max-video-preview":"max-video-preview:-1"},"canonical":"https:\/\/www.adamek-edu.sk\/","og_locale":"sk_SK","og_type":"article","og_title":"https:\/\/www.facebook.com\/adamekedu","og_description":"M\u00e1te pocit, \u017ee v\u00e1\u0161 vz\u0165ah je st\u00e1le \u0165a\u017e\u0161\u00ed a prin\u00e1\u0161a m\u00e1lo radost\u00ed alebo probl\u00e9m s ktor\u00fdm potrebujete pom\u00f4c\u0165? Dohodnite si term\u00edn na 0950 728 516","og_url":"https:\/\/www.adamek-edu.sk\/","og_site_name":"Mgr. Ivan Ad\u00e1mek","article_publisher":"https:\/\/www.facebook.com\/Man%c5%beelsk%c3%bd-poradca-Mgr-Ivan-Ad%c3%a1mek-245208902698654","article_modified_time":"2026-04-29T17:01:23+00:00","og_image":[{"width":320,"height":320,"url":"https:\/\/www.adamek-edu.sk\/wp-content\/uploads\/2022\/09\/logo-mar.png","type":"image\/png"}],"twitter_card":"summary_large_image","twitter_misc":{"Predpokladan\u00fd \u010das \u010d\u00edtania":"4 min\u00faty"},"schema":{"@context":"https:\/\/schema.org","@graph":[{"@type":"WebPage","@id":"https:\/\/www.adamek-edu.sk\/","url":"https:\/\/www.adamek-edu.sk\/","name":"Domov - Mgr. Ivan Ad\u00e1mek","isPartOf":{"@id":"https:\/\/www.adamek-edu.sk\/#website"},"primaryImageOfPage":{"@id":"https:\/\/www.adamek-edu.sk\/#primaryimage"},"image":{"@id":"https:\/\/www.adamek-edu.sk\/#primaryimage"},"thumbnailUrl":"https:\/\/www.adamek-edu.sk\/wp-content\/uploads\/2026\/04\/IMG_20260203_120751-225x300.jpg","datePublished":"2018-06-25T16:05:11+00:00","dateModified":"2026-04-29T17:01:23+00:00","description":"M\u00e1te pocit, \u017ee v\u00e1\u0161 vz\u0165ah je st\u00e1le \u0165a\u017e\u0161\u00ed a prin\u00e1\u0161a m\u00e1lo radost\u00ed alebo probl\u00e9m s ktor\u00fdm potrebujete pom\u00f4c\u0165? Dohodnite si term\u00edn na 0950 728 516","breadcrumb":{"@id":"https:\/\/www.adamek-edu.sk\/#breadcrumb"},"inLanguage":"sk-SK","potentialAction":[{"@type":"ReadAction","target":["https:\/\/www.adamek-edu.sk\/"]}]},{"@type":"ImageObject","inLanguage":"sk-SK","@id":"https:\/\/www.adamek-edu.sk\/#primaryimage","url":"https:\/\/www.adamek-edu.sk\/wp-content\/uploads\/2026\/04\/IMG_20260203_120751-scaled.jpg","contentUrl":"https:\/\/www.adamek-edu.sk\/wp-content\/uploads\/2026\/04\/IMG_20260203_120751-scaled.jpg","width":1920,"height":2560},{"@type":"BreadcrumbList","@id":"https:\/\/www.adamek-edu.sk\/#breadcrumb","itemListElement":[{"@type":"ListItem","position":1,"name":"Home","item":"https:\/\/www.adamek-edu.sk\/"},{"@type":"ListItem","position":2,"name":"Domov"}]},{"@type":"WebSite","@id":"https:\/\/www.adamek-edu.sk\/#website","url":"https:\/\/www.adamek-edu.sk\/","name":"Mgr. Ivan Ad\u00e1mek","description":"Man\u017eelsk\u00e1, p\u00e1rov\u00e1 a individu\u00e1lna porad\u0148a","publisher":{"@id":"https:\/\/www.adamek-edu.sk\/#organization"},"potentialAction":[{"@type":"SearchAction","target":{"@type":"EntryPoint","urlTemplate":"https:\/\/www.adamek-edu.sk\/?s={search_term_string}"},"query-input":{"@type":"PropertyValueSpecification","valueRequired":true,"valueName":"search_term_string"}}],"inLanguage":"sk-SK"},{"@type":"Organization","@id":"https:\/\/www.adamek-edu.sk\/#organization","name":"Mgr. Ivan Ad\u00e1mek","url":"https:\/\/www.adamek-edu.sk\/","logo":{"@type":"ImageObject","inLanguage":"sk-SK","@id":"https:\/\/www.adamek-edu.sk\/#\/schema\/logo\/image\/","url":"https:\/\/www.adamek-edu.sk\/wp-content\/uploads\/2026\/02\/cropped-logo1.png","contentUrl":"https:\/\/www.adamek-edu.sk\/wp-content\/uploads\/2026\/02\/cropped-logo1.png","width":290,"height":248,"caption":"Mgr. Ivan Ad\u00e1mek"},"image":{"@id":"https:\/\/www.adamek-edu.sk\/#\/schema\/logo\/image\/"},"sameAs":["https:\/\/www.facebook.com\/Man\u017eelsk\u00fd-poradca-Mgr-Ivan-Ad\u00e1mek-245208902698654"]}]}},"jetpack_sharing_enabled":true,"_links":{"self":[{"href":"https:\/\/www.adamek-edu.sk\/index.php?rest_route=\/wp\/v2\/pages\/28","targetHints":{"allow":["GET"]}}],"collection":[{"href":"https:\/\/www.adamek-edu.sk\/index.php?rest_route=\/wp\/v2\/pages"}],"about":[{"href":"https:\/\/www.adamek-edu.sk\/index.php?rest_route=\/wp\/v2\/types\/page"}],"author":[{"embeddable":true,"href":"https:\/\/www.adamek-edu.sk\/index.php?rest_route=\/wp\/v2\/users\/2"}],"replies":[{"embeddable":true,"href":"https:\/\/www.adamek-edu.sk\/index.php?rest_route=%2Fwp%2Fv2%2Fcomments&post=28"}],"version-history":[{"count":37,"href":"https:\/\/www.adamek-edu.sk\/index.php?rest_route=\/wp\/v2\/pages\/28\/revisions"}],"predecessor-version":[{"id":1127,"href":"https:\/\/www.adamek-edu.sk\/index.php?rest_route=\/wp\/v2\/pages\/28\/revisions\/1127"}],"wp:attachment":[{"href":"https:\/\/www.adamek-edu.sk\/index.php?rest_route=%2Fwp%2Fv2%2Fmedia&parent=28"}],"curies":[{"name":"wp","href":"https:\/\/api.w.org\/{rel}","templated":true}]}}