{"id":11,"date":"2018-06-25T15:11:20","date_gmt":"2018-06-25T15:11:20","guid":{"rendered":"http:\/\/www.adamek-edu.sk\/?page_id=11"},"modified":"2026-02-02T16:07:17","modified_gmt":"2026-02-02T15:07:17","slug":"kontakt","status":"publish","type":"page","link":"https:\/\/www.adamek-edu.sk\/?page_id=11","title":{"rendered":"Kontakt"},"content":{"rendered":"\t\t<div data-elementor-type=\"wp-page\" data-elementor-id=\"11\" class=\"elementor elementor-11\">\n\t\t\t\t\t\t<section class=\"elementor-section elementor-top-section elementor-element elementor-element-5df929e7 elementor-section-boxed elementor-section-height-default elementor-section-height-default\" data-id=\"5df929e7\" data-element_type=\"section\">\n\t\t\t\t\t\t<div class=\"elementor-container elementor-column-gap-default\">\n\t\t\t\t\t<div class=\"elementor-column elementor-col-100 elementor-top-column elementor-element elementor-element-515a41a9\" data-id=\"515a41a9\" data-element_type=\"column\">\n\t\t\t<div class=\"elementor-widget-wrap elementor-element-populated\">\n\t\t\t\t\t\t<div class=\"elementor-element elementor-element-50c17a20 elementor-widget elementor-widget-text-editor\" data-id=\"50c17a20\" data-element_type=\"widget\" data-widget_type=\"text-editor.default\">\n\t\t\t\t<div class=\"elementor-widget-container\">\n\t\t\t<style>\/*! elementor - v3.19.0 - 28-02-2024 *\/\n.elementor-widget-text-editor.elementor-drop-cap-view-stacked .elementor-drop-cap{background-color:#69727d;color:#fff}.elementor-widget-text-editor.elementor-drop-cap-view-framed .elementor-drop-cap{color:#69727d;border:3px solid;background-color:transparent}.elementor-widget-text-editor:not(.elementor-drop-cap-view-default) .elementor-drop-cap{margin-top:8px}.elementor-widget-text-editor:not(.elementor-drop-cap-view-default) .elementor-drop-cap-letter{width:1em;height:1em}.elementor-widget-text-editor .elementor-drop-cap{float:left;text-align:center;line-height:1;font-size:50px}.elementor-widget-text-editor .elementor-drop-cap-letter{display:inline-block}<\/style>\t\t\t\t<p><span style=\"color: #000000;\">Mgr. Ivan Ad\u00e1mek<br \/><\/span><span style=\"color: #000000;\">Adresa: Pek\u00e1rska 16, 972 51 Handlov\u00e1, alebo Online<br \/>e-mail: adamek.edu@gmail.com<\/span><br \/><span style=\"color: #9e7900;\"><a style=\"color: #9e7900;\" href=\"tel:+421950728516\">Tel. \u010d.: 0950 728 516<\/a><\/span><\/p><p><span style=\"color: #000000;\">Bankov\u00e9 spojenie IBAN: SK58 8360 5207 0042 0645 1657<\/span><\/p><p><a href=\"https:\/\/www.facebook.com\/adamekedu\/\" target=\"_blank\" rel=\"noopener noreferrer\"> \u00a0<\/a><a href=\"https:\/\/www.facebook.com\/Man%C5%BEelsk%C3%BD-poradca-Mgr-Ivan-Ad%C3%A1mek-245208902698654\/\" target=\"_blank\" rel=\"noopener noreferrer\"><img decoding=\"async\" class=\"alignnone\" src=\"https:\/\/kahanelaw.com\/wp-content\/uploads\/2014\/01\/facebook-icon.png\" alt=\"\" width=\"50\" height=\"50\" \/><\/a><a href=\"https:\/\/www.instagram.com\/adamek_edu\/\"><img decoding=\"async\" class=\"alignnone\" src=\"https:\/\/upload.wikimedia.org\/wikipedia\/commons\/thumb\/a\/a5\/Instagram_icon.png\/600px-Instagram_icon.png?20200512141346\" width=\"48\" height=\"48\" \/><\/a><\/p>\t\t\t\t\t\t<\/div>\n\t\t\t\t<\/div>\n\t\t\t\t\t<\/div>\n\t\t<\/div>\n\t\t\t\t\t<\/div>\n\t\t<\/section>\n\t\t\t\t<section class=\"elementor-section elementor-top-section elementor-element elementor-element-3142ec7 elementor-section-boxed elementor-section-height-default elementor-section-height-default\" data-id=\"3142ec7\" data-element_type=\"section\">\n\t\t\t\t\t\t<div class=\"elementor-container elementor-column-gap-default\">\n\t\t\t\t\t<div class=\"elementor-column elementor-col-100 elementor-top-column elementor-element elementor-element-b7bbf5a\" data-id=\"b7bbf5a\" data-element_type=\"column\">\n\t\t\t<div class=\"elementor-widget-wrap\">\n\t\t\t\t\t\t\t<\/div>\n\t\t<\/div>\n\t\t\t\t\t<\/div>\n\t\t<\/section>\n\t\t\t\t<\/div>\n\t\t","protected":false},"excerpt":{"rendered":"<p>Mgr. Ivan Ad\u00e1mekAdresa: Pek\u00e1rska 16, 972 51 Handlov\u00e1, alebo Onlinee-mail: adamek.edu@gmail.comTel. \u010d.: 0950 728 516 Bankov\u00e9 spojenie IBAN: SK58 8360 5207 0042 0645 1657 \u00a0 Kontaktujte maPlease enable JavaScript in your browser to complete this form.Meno *E-mail *Obsah spr\u00e1vy Odosla\u0165<\/p>\n","protected":false},"author":2,"featured_media":0,"parent":0,"menu_order":0,"comment_status":"closed","ping_status":"closed","template":"","meta":{"_glsr_average":0,"_glsr_ranking":0,"_glsr_reviews":0,"footnotes":""},"class_list":["post-11","page","type-page","status-publish","hentry"],"yoast_head":"<!-- This site is optimized with the Yoast SEO plugin v26.7 - https:\/\/yoast.com\/wordpress\/plugins\/seo\/ -->\n<title>Kontakt - Mgr. Ivan Ad\u00e1mek<\/title>\n<meta name=\"robots\" content=\"index, follow, max-snippet:-1, max-image-preview:large, max-video-preview:-1\" \/>\n<link rel=\"canonical\" href=\"https:\/\/www.adamek-edu.sk\/?page_id=11\" \/>\n<meta property=\"og:locale\" content=\"sk_SK\" \/>\n<meta property=\"og:type\" content=\"article\" \/>\n<meta property=\"og:title\" content=\"Kontakt - Mgr. Ivan Ad\u00e1mek\" \/>\n<meta property=\"og:description\" content=\"Mgr. Ivan Ad\u00e1mekAdresa: Pek\u00e1rska 16, 972 51 Handlov\u00e1, alebo Onlinee-mail: adamek.edu@gmail.comTel. \u010d.: 0950 728 516 Bankov\u00e9 spojenie IBAN: SK58 8360 5207 0042 0645 1657 \u00a0 Kontaktujte maPlease enable JavaScript in your browser to complete this form.Meno *E-mail *Obsah spr\u00e1vy Odosla\u0165\" \/>\n<meta property=\"og:url\" content=\"https:\/\/www.adamek-edu.sk\/?page_id=11\" \/>\n<meta property=\"og:site_name\" content=\"Mgr. Ivan Ad\u00e1mek\" \/>\n<meta property=\"article:publisher\" content=\"https:\/\/www.facebook.com\/Man%c5%beelsk%c3%bd-poradca-Mgr-Ivan-Ad%c3%a1mek-245208902698654\" \/>\n<meta property=\"article:modified_time\" content=\"2026-02-02T15:07:17+00:00\" \/>\n<meta property=\"og:image\" content=\"https:\/\/kahanelaw.com\/wp-content\/uploads\/2014\/01\/facebook-icon.png\" \/>\n<meta name=\"twitter:card\" content=\"summary_large_image\" \/>\n<meta name=\"twitter:label1\" content=\"Predpokladan\u00fd \u010das \u010d\u00edtania\" \/>\n\t<meta name=\"twitter:data1\" content=\"1 min\u00fata\" \/>\n<script type=\"application\/ld+json\" class=\"yoast-schema-graph\">{\"@context\":\"https:\/\/schema.org\",\"@graph\":[{\"@type\":\"WebPage\",\"@id\":\"https:\/\/www.adamek-edu.sk\/?page_id=11\",\"url\":\"https:\/\/www.adamek-edu.sk\/?page_id=11\",\"name\":\"Kontakt - Mgr. Ivan Ad\u00e1mek\",\"isPartOf\":{\"@id\":\"https:\/\/www.adamek-edu.sk\/#website\"},\"primaryImageOfPage\":{\"@id\":\"https:\/\/www.adamek-edu.sk\/?page_id=11#primaryimage\"},\"image\":{\"@id\":\"https:\/\/www.adamek-edu.sk\/?page_id=11#primaryimage\"},\"thumbnailUrl\":\"https:\/\/kahanelaw.com\/wp-content\/uploads\/2014\/01\/facebook-icon.png\",\"datePublished\":\"2018-06-25T15:11:20+00:00\",\"dateModified\":\"2026-02-02T15:07:17+00:00\",\"breadcrumb\":{\"@id\":\"https:\/\/www.adamek-edu.sk\/?page_id=11#breadcrumb\"},\"inLanguage\":\"sk-SK\",\"potentialAction\":[{\"@type\":\"ReadAction\",\"target\":[\"https:\/\/www.adamek-edu.sk\/?page_id=11\"]}]},{\"@type\":\"ImageObject\",\"inLanguage\":\"sk-SK\",\"@id\":\"https:\/\/www.adamek-edu.sk\/?page_id=11#primaryimage\",\"url\":\"https:\/\/kahanelaw.com\/wp-content\/uploads\/2014\/01\/facebook-icon.png\",\"contentUrl\":\"https:\/\/kahanelaw.com\/wp-content\/uploads\/2014\/01\/facebook-icon.png\"},{\"@type\":\"BreadcrumbList\",\"@id\":\"https:\/\/www.adamek-edu.sk\/?page_id=11#breadcrumb\",\"itemListElement\":[{\"@type\":\"ListItem\",\"position\":1,\"name\":\"Home\",\"item\":\"https:\/\/www.adamek-edu.sk\/\"},{\"@type\":\"ListItem\",\"position\":2,\"name\":\"Kontakt\"}]},{\"@type\":\"WebSite\",\"@id\":\"https:\/\/www.adamek-edu.sk\/#website\",\"url\":\"https:\/\/www.adamek-edu.sk\/\",\"name\":\"Mgr. Ivan Ad\u00e1mek\",\"description\":\"Man\u017eelsk\u00e1, p\u00e1rov\u00e1 a individu\u00e1lna porad\u0148a\",\"publisher\":{\"@id\":\"https:\/\/www.adamek-edu.sk\/#organization\"},\"potentialAction\":[{\"@type\":\"SearchAction\",\"target\":{\"@type\":\"EntryPoint\",\"urlTemplate\":\"https:\/\/www.adamek-edu.sk\/?s={search_term_string}\"},\"query-input\":{\"@type\":\"PropertyValueSpecification\",\"valueRequired\":true,\"valueName\":\"search_term_string\"}}],\"inLanguage\":\"sk-SK\"},{\"@type\":\"Organization\",\"@id\":\"https:\/\/www.adamek-edu.sk\/#organization\",\"name\":\"Mgr. Ivan Ad\u00e1mek\",\"url\":\"https:\/\/www.adamek-edu.sk\/\",\"logo\":{\"@type\":\"ImageObject\",\"inLanguage\":\"sk-SK\",\"@id\":\"https:\/\/www.adamek-edu.sk\/#\/schema\/logo\/image\/\",\"url\":\"https:\/\/www.adamek-edu.sk\/wp-content\/uploads\/2026\/02\/cropped-logo1.png\",\"contentUrl\":\"https:\/\/www.adamek-edu.sk\/wp-content\/uploads\/2026\/02\/cropped-logo1.png\",\"width\":290,\"height\":248,\"caption\":\"Mgr. Ivan Ad\u00e1mek\"},\"image\":{\"@id\":\"https:\/\/www.adamek-edu.sk\/#\/schema\/logo\/image\/\"},\"sameAs\":[\"https:\/\/www.facebook.com\/Man\u017eelsk\u00fd-poradca-Mgr-Ivan-Ad\u00e1mek-245208902698654\"]}]}<\/script>\n<!-- \/ Yoast SEO plugin. -->","yoast_head_json":{"title":"Kontakt - Mgr. Ivan Ad\u00e1mek","robots":{"index":"index","follow":"follow","max-snippet":"max-snippet:-1","max-image-preview":"max-image-preview:large","max-video-preview":"max-video-preview:-1"},"canonical":"https:\/\/www.adamek-edu.sk\/?page_id=11","og_locale":"sk_SK","og_type":"article","og_title":"Kontakt - Mgr. Ivan Ad\u00e1mek","og_description":"Mgr. Ivan Ad\u00e1mekAdresa: Pek\u00e1rska 16, 972 51 Handlov\u00e1, alebo Onlinee-mail: adamek.edu@gmail.comTel. \u010d.: 0950 728 516 Bankov\u00e9 spojenie IBAN: SK58 8360 5207 0042 0645 1657 \u00a0 Kontaktujte maPlease enable JavaScript in your browser to complete this form.Meno *E-mail *Obsah spr\u00e1vy Odosla\u0165","og_url":"https:\/\/www.adamek-edu.sk\/?page_id=11","og_site_name":"Mgr. Ivan Ad\u00e1mek","article_publisher":"https:\/\/www.facebook.com\/Man%c5%beelsk%c3%bd-poradca-Mgr-Ivan-Ad%c3%a1mek-245208902698654","article_modified_time":"2026-02-02T15:07:17+00:00","og_image":[{"url":"https:\/\/kahanelaw.com\/wp-content\/uploads\/2014\/01\/facebook-icon.png","type":"","width":"","height":""}],"twitter_card":"summary_large_image","twitter_misc":{"Predpokladan\u00fd \u010das \u010d\u00edtania":"1 min\u00fata"},"schema":{"@context":"https:\/\/schema.org","@graph":[{"@type":"WebPage","@id":"https:\/\/www.adamek-edu.sk\/?page_id=11","url":"https:\/\/www.adamek-edu.sk\/?page_id=11","name":"Kontakt - Mgr. Ivan Ad\u00e1mek","isPartOf":{"@id":"https:\/\/www.adamek-edu.sk\/#website"},"primaryImageOfPage":{"@id":"https:\/\/www.adamek-edu.sk\/?page_id=11#primaryimage"},"image":{"@id":"https:\/\/www.adamek-edu.sk\/?page_id=11#primaryimage"},"thumbnailUrl":"https:\/\/kahanelaw.com\/wp-content\/uploads\/2014\/01\/facebook-icon.png","datePublished":"2018-06-25T15:11:20+00:00","dateModified":"2026-02-02T15:07:17+00:00","breadcrumb":{"@id":"https:\/\/www.adamek-edu.sk\/?page_id=11#breadcrumb"},"inLanguage":"sk-SK","potentialAction":[{"@type":"ReadAction","target":["https:\/\/www.adamek-edu.sk\/?page_id=11"]}]},{"@type":"ImageObject","inLanguage":"sk-SK","@id":"https:\/\/www.adamek-edu.sk\/?page_id=11#primaryimage","url":"https:\/\/kahanelaw.com\/wp-content\/uploads\/2014\/01\/facebook-icon.png","contentUrl":"https:\/\/kahanelaw.com\/wp-content\/uploads\/2014\/01\/facebook-icon.png"},{"@type":"BreadcrumbList","@id":"https:\/\/www.adamek-edu.sk\/?page_id=11#breadcrumb","itemListElement":[{"@type":"ListItem","position":1,"name":"Home","item":"https:\/\/www.adamek-edu.sk\/"},{"@type":"ListItem","position":2,"name":"Kontakt"}]},{"@type":"WebSite","@id":"https:\/\/www.adamek-edu.sk\/#website","url":"https:\/\/www.adamek-edu.sk\/","name":"Mgr. Ivan Ad\u00e1mek","description":"Man\u017eelsk\u00e1, p\u00e1rov\u00e1 a individu\u00e1lna porad\u0148a","publisher":{"@id":"https:\/\/www.adamek-edu.sk\/#organization"},"potentialAction":[{"@type":"SearchAction","target":{"@type":"EntryPoint","urlTemplate":"https:\/\/www.adamek-edu.sk\/?s={search_term_string}"},"query-input":{"@type":"PropertyValueSpecification","valueRequired":true,"valueName":"search_term_string"}}],"inLanguage":"sk-SK"},{"@type":"Organization","@id":"https:\/\/www.adamek-edu.sk\/#organization","name":"Mgr. Ivan Ad\u00e1mek","url":"https:\/\/www.adamek-edu.sk\/","logo":{"@type":"ImageObject","inLanguage":"sk-SK","@id":"https:\/\/www.adamek-edu.sk\/#\/schema\/logo\/image\/","url":"https:\/\/www.adamek-edu.sk\/wp-content\/uploads\/2026\/02\/cropped-logo1.png","contentUrl":"https:\/\/www.adamek-edu.sk\/wp-content\/uploads\/2026\/02\/cropped-logo1.png","width":290,"height":248,"caption":"Mgr. Ivan Ad\u00e1mek"},"image":{"@id":"https:\/\/www.adamek-edu.sk\/#\/schema\/logo\/image\/"},"sameAs":["https:\/\/www.facebook.com\/Man\u017eelsk\u00fd-poradca-Mgr-Ivan-Ad\u00e1mek-245208902698654"]}]}},"jetpack_sharing_enabled":true,"_links":{"self":[{"href":"https:\/\/www.adamek-edu.sk\/index.php?rest_route=\/wp\/v2\/pages\/11","targetHints":{"allow":["GET"]}}],"collection":[{"href":"https:\/\/www.adamek-edu.sk\/index.php?rest_route=\/wp\/v2\/pages"}],"about":[{"href":"https:\/\/www.adamek-edu.sk\/index.php?rest_route=\/wp\/v2\/types\/page"}],"author":[{"embeddable":true,"href":"https:\/\/www.adamek-edu.sk\/index.php?rest_route=\/wp\/v2\/users\/2"}],"replies":[{"embeddable":true,"href":"https:\/\/www.adamek-edu.sk\/index.php?rest_route=%2Fwp%2Fv2%2Fcomments&post=11"}],"version-history":[{"count":29,"href":"https:\/\/www.adamek-edu.sk\/index.php?rest_route=\/wp\/v2\/pages\/11\/revisions"}],"predecessor-version":[{"id":1073,"href":"https:\/\/www.adamek-edu.sk\/index.php?rest_route=\/wp\/v2\/pages\/11\/revisions\/1073"}],"wp:attachment":[{"href":"https:\/\/www.adamek-edu.sk\/index.php?rest_route=%2Fwp%2Fv2%2Fmedia&parent=11"}],"curies":[{"name":"wp","href":"https:\/\/api.w.org\/{rel}","templated":true}]}}